{"id":932,"date":"2020-07-30T14:49:29","date_gmt":"2020-07-30T14:49:29","guid":{"rendered":"http:\/\/healthtourismcenterturkey.com\/?page_id=932"},"modified":"2022-03-24T18:16:51","modified_gmt":"2022-03-24T18:16:51","slug":"cene-estetigi","status":"publish","type":"page","link":"https:\/\/healthtourismcenterturkey.com\/de\/plastik-cerrahi\/yuz-estetigi\/cene-estetigi\/","title":{"rendered":"Kinn\u00e4sthetik"},"content":{"rendered":"<h1 class=\"vc_custom_heading font-weight-bold letter-spacing-1 vc_custom_1545653980923\">Fettinjektion in der Kinn\u00e4sthetik<\/h1>\n<p class=\"vc_custom_heading vc_custom_1545749589211\"><span style=\"font-size: 14pt;\">Zu den h\u00e4ufigsten Verfahren, die von \u00e4sthetischen Chirurgen durchgef\u00fchrt werden, geh\u00f6ren Filler-Anwendungen. Heutzutage hat dies zugenommen, da das Bewusstsein und die Nachfrage der Menschen in diesem Bereich gestiegen sind. So haben die erfolgreichen Ergebnisse von Gesichtsf\u00fcllern dazu gef\u00fchrt, dass nicht-invasive \u00e4sthetische Verfahren zunehmend an Bedeutung gewinnen. Kinnspitzenf\u00fcllung, Kinnwinkel-F\u00fcllung und Fettinjektion in die Kinn\u00e4sthetik geh\u00f6ren zu den auff\u00e4lligsten Anwendungen. Ein grundlegendes Element zur Erreichung von Gesichtssch\u00f6nheit und zur Schaffung eines ansprechenderen und attraktiveren Aussehens ist die Fettinjektion in den Gesichtsbereich. Besonders die Fettinjektionen im Zusammenhang mit der Kinn\u00e4sthetik sind von gro\u00dfer Bedeutung und Wert. Daher wird die Wichtigkeit der Kinnf\u00fcllung deutlicher.<\/span><\/p>\n<div class=\"wpb_single_image wpb_content_element vc_align_left vc_custom_1545654361839\">\n<figure class=\"wpb_wrapper vc_figure\">\n<div class=\"vc_single_image-wrapper vc_box_border_grey\"><img loading=\"lazy\" decoding=\"async\" class=\"alignnone size-full wp-image-2146\" src=\"https:\/\/healthtourismcenterturkey.com\/wp-content\/uploads\/2022\/03\/cene-estetigi.jpg\" alt=\"\" width=\"900\" height=\"400\" srcset=\"https:\/\/healthtourismcenterturkey.com\/wp-content\/uploads\/2022\/03\/cene-estetigi.jpg 900w, https:\/\/healthtourismcenterturkey.com\/wp-content\/uploads\/2022\/03\/cene-estetigi-300x133.jpg 300w, https:\/\/healthtourismcenterturkey.com\/wp-content\/uploads\/2022\/03\/cene-estetigi-768x341.jpg 768w\" sizes=\"(max-width: 900px) 100vw, 900px\" \/> -\u00fc\u00fc\u00fc<\/div>\n<\/figure>\n<\/div>\n<h2><\/h2>\n<h1 class=\"vc_custom_heading font-weight-bold letter-spacing-1 vc_custom_1545654449864\">Wie wird die Kinn\u00e4sthetik durchgef\u00fchrt?<\/h1>\n<p class=\"vc_custom_heading vc_custom_1545654400443\"><span style=\"font-size: 14pt;\">Zun\u00e4chst wird dem Patienten eine An\u00e4sthesie verabreicht. Bei diesen Verfahren wird in der Regel eine Allgemeinan\u00e4sthesie gew\u00e4hlt, um die sensibelsten Aspekte zu ber\u00fccksichtigen. Anschlie\u00dfend werden Schnitte im Mundraum gesetzt, um die Stellen f\u00fcr die Filler zu schaffen. Diese Schnitte erm\u00f6glichen den Zugang zur Kinnspitze. Dieser Eingriff ist auch wichtig, um sichtbare Narben zu vermeiden, da die Schnitte im Mundinnenraum liegen und somit kein sichtbarer Narben hinterlassen wird, wenn die Kinnspitze \u00fcber diese Schnitte erreicht wird.<\/span><\/p>\n<div class=\"rt-separator element-one\" data-separator-width=\"100%\" data-separator-color=\"#000000\" data-separator-background=\"#ffffff\" data-separator-direction=\"center\">\n<div class=\"block\">\n<div class=\"bar\"><\/div>\n<\/div>\n<\/div>\n<p>&nbsp;<\/p>\n<h1 class=\"vc_custom_heading font-weight-semibold vc_custom_1545654525272\">Vorbereitungsprozess vor der Fettinjektion in die Kinn\u00e4sthetik<\/h1>\n<p class=\"vc_custom_heading vc_custom_1545654505310\"><span style=\"font-size: 14pt;\">Es gibt einige Punkte, auf die Personen, die sich einer \u00e4sthetischen Operation unterziehen m\u00f6chten, im Allgemeinen achten sollten. Insbesondere sollten bei operativen Eingriffen blutverd\u00fcnnende Medikamente, Aspirin usw. vermieden werden. Der Patient sollte mindestens eine Stunde vor der Operation im \u00e4sthetischen Zentrum sein und es sollte darauf geachtet werden, dass kein Schmuck oder andere \u00fcberfl\u00fcssige Gegenst\u00e4nde am K\u00f6rper getragen werden.<\/span><br \/>\n<span style=\"font-size: 14pt;\">Dar\u00fcber hinaus ist es, da dieser \u00e4sthetische Eingriff im Rahmen einer Fettinjektion in die Kinn\u00e4sthetik durchgef\u00fchrt wird, sehr wichtig, welche Art von Kinnstruktur die Person w\u00fcnscht. Besonders in der Designphase, wenn die Erwartungen begeistert und in allen Feinheiten ge\u00e4u\u00dfert wurden, wird gew\u00fcnscht, dass die Fettinjektion in \u00dcbereinstimmung mit diesen Erwartungen abgeschlossen wird. Daher sollten vor der Operation alle Details im Gespr\u00e4ch mit den Experten gekl\u00e4rt und die gew\u00fcnschte Kinnform erstellt werden.<\/span><\/p>\n<p>&nbsp;<\/p>\n<div class=\"vc_row wpb_row vc_inner vc_row-fluid vc_custom_1545478509233\">\n<div class=\"wpb_column vc_column_container vc_col-sm-12 vc_col-has-fill\">\n<div class=\"vc_column-inner vc_custom_1545478117371\">\n<div class=\"wpb_wrapper\">\n<h1 class=\"vc_custom_heading vc_custom_1545654702767\">Haltbarkeit der Kinn\u00e4sthetik<\/h1>\n<p class=\"vc_custom_heading vc_custom_1545654716058\"><span style=\"font-size: 14pt;\">Durch Fettinjektionen, die ohne Operation oder chirurgischen Eingriff durchgef\u00fchrt werden, wird F\u00fclle im Kinn- und Halsbereich erreicht. Dadurch werden auch Erschlaffungen verhindert. Risse oder Falten werden mit diesen Methoden beseitigt. Im Verlauf nach der Fettinjektion kann der Effekt des Verfahrens je nach Haltbarkeit des Materials beobachtet werden. F\u00fcr dauerhaftere L\u00f6sungen k\u00f6nnen jedoch auch verschiedene Verfahren im Bereich der \u00e4sthetischen Chirurgie in Betracht gezogen werden.<\/span><\/p>\n<p>&nbsp;<\/p>\n<h1 class=\"vc_custom_heading vc_custom_1545654768058\">Wie lange dauert der Eingriff?<\/h1>\n<p class=\"vc_custom_heading vc_custom_1545661831399\"><span style=\"font-size: 14pt;\">Die Kinnf\u00fcllungen und Fettinjektionen, die in der Praxis durchgef\u00fchrt werden, sind schmerzfrei und unkompliziert. Nach einem etwa 10-min\u00fctigen Eingriff ist die Injektion abgeschlossen, und der Patient f\u00fchlt sich wohl.<\/span><\/p>\n<\/div>\n<\/div>\n<\/div>\n<\/div>\n<p>&nbsp;<\/p>","protected":false},"excerpt":{"rendered":"<p>\u00c7ene Esteti\u011fi Ya\u011f Enjeksiyonu Estetik cerrahlar\u0131n en s\u0131k uygulad\u0131klar\u0131 i\u015flemler aras\u0131nda dolgu uygulamalar\u0131 gelir. G\u00fcn\u00fcm\u00fczde bu durum daha da artm\u0131\u015ft\u0131r, \u00e7\u00fcnk\u00fc insanlar\u0131n bu konuya olan hassasiyetleri ve talepleri fazlala\u015fm\u0131\u015ft\u0131r. \u00d6yle ki y\u00fcz dolgular\u0131na dair ba\u015far\u0131l\u0131 sonu\u00e7lar\u0131n daha da artmas\u0131 ile ameliyats\u0131z estetik uygulamalar\u0131 kendini daha da \u00f6n plana \u00e7\u0131karmaktad\u0131r. \u00c7ene ucu dolgusu, \u00e7ene k\u00f6\u015fesi dolgusu [&hellip;]<\/p>","protected":false},"author":2,"featured_media":0,"parent":926,"menu_order":0,"comment_status":"closed","ping_status":"closed","template":"","meta":{"footnotes":""},"class_list":["post-932","page","type-page","status-publish","hentry"],"acf":[],"_links":{"self":[{"href":"https:\/\/healthtourismcenterturkey.com\/de\/wp-json\/wp\/v2\/pages\/932"}],"collection":[{"href":"https:\/\/healthtourismcenterturkey.com\/de\/wp-json\/wp\/v2\/pages"}],"about":[{"href":"https:\/\/healthtourismcenterturkey.com\/de\/wp-json\/wp\/v2\/types\/page"}],"author":[{"embeddable":true,"href":"https:\/\/healthtourismcenterturkey.com\/de\/wp-json\/wp\/v2\/users\/2"}],"replies":[{"embeddable":true,"href":"https:\/\/healthtourismcenterturkey.com\/de\/wp-json\/wp\/v2\/comments?post=932"}],"version-history":[{"count":14,"href":"https:\/\/healthtourismcenterturkey.com\/de\/wp-json\/wp\/v2\/pages\/932\/revisions"}],"predecessor-version":[{"id":2153,"href":"https:\/\/healthtourismcenterturkey.com\/de\/wp-json\/wp\/v2\/pages\/932\/revisions\/2153"}],"up":[{"embeddable":true,"href":"https:\/\/healthtourismcenterturkey.com\/de\/wp-json\/wp\/v2\/pages\/926"}],"wp:attachment":[{"href":"https:\/\/healthtourismcenterturkey.com\/de\/wp-json\/wp\/v2\/media?parent=932"}],"curies":[{"name":"wp","href":"https:\/\/api.w.org\/{rel}","templated":true}]}}