{"id":922,"date":"2020-07-30T14:34:21","date_gmt":"2020-07-30T14:34:21","guid":{"rendered":"http:\/\/healthtourismcenterturkey.com\/?page_id=922"},"modified":"2020-08-06T23:07:53","modified_gmt":"2020-08-06T23:07:53","slug":"burun-estetigi","status":"publish","type":"page","link":"https:\/\/healthtourismcenterturkey.com\/de\/plastik-cerrahi\/yuz-estetigi\/burun-estetigi\/","title":{"rendered":"Nasen\u00e4sthetik"},"content":{"rendered":"<h1 class=\"vc_custom_heading font-weight-bold letter-spacing-1 vc_custom_1545667538250\">Burun Esteti\u011fi Nedir? Nas\u0131l Yap\u0131l\u0131r?<\/h1>\n<p class=\"vc_custom_heading vc_custom_1545749414717\"><span style=\"font-size: 14pt; font-family: georgia, palatino, serif;\">Wenn verschiedene medizinische Probleme wie eine Abweichung des Nasenseptums festgestellt werden, wird die gesamte chirurgische Anwendung und Intervention zur Behebung dieser Probleme oder zur weiteren Verbesserung und Versch\u00f6nerung der Nasenmerkmale als Rhinoplastik (Nasen\u00e4sthetik) bezeichnet. Diese Eingriffe erfordern Pr\u00e4zision, und es muss in jedem Schritt Informationen mit dem Patienten geteilt werden.<\/span><br \/>\n<span style=\"font-size: 14pt; font-family: georgia, palatino, serif;\">Um das Aussehen der Nase \u00e4sthetisch ansprechender zu gestalten, wenden sich jedes Jahr Millionen von Menschen an plastische Chirurgen. Denn w\u00e4hrend das \u00e4u\u00dfere Erscheinungsbild haupts\u00e4chlich durch das Gesicht bestimmt wird, ist die Nase der Schl\u00fcsselpunkt des Gesichts. Besonders wenn man Konzepte wie die Goldene Proportion ber\u00fccksichtigt, wird deutlich, wie wichtig das Aussehen der Nase ist. Denn im Allgemeinen wird das Gef\u00fchl von Sch\u00f6nheit und \u00c4sthetik durch eine sch\u00f6ne Nase vermittelt.<\/span><\/p>\n<p><img loading=\"lazy\" decoding=\"async\" class=\"\" src=\"http:\/\/healthtourismcenterturkey.com\/wp-content\/uploads\/2020\/08\/burun-estetigi-resim1.jpg\" width=\"796\" height=\"432\" \/><\/p>\n<p><span style=\"font-size: 14pt;\">Bei Rhinoplastikanwendungen werden Eingriffe vorgenommen, um das aktuelle Aussehen und die Funktionen der Nase zu ver\u00e4ndern. Daher ist es notwendig, die Knochen und Knorpel neu zu formen. An diesem Punkt wird sichergestellt, dass die Eingriffe ohne Komplikationen und auf sehr sichere Weise fortgesetzt werden. Das Hauptziel besteht darin, die Nase entsprechend den Gesichtsz\u00fcgen korrekt zu formen und mit den geeignetsten Verfahren das sch\u00f6nste Erscheinungsbild in Harmonie zu erzielen.<\/span><\/p>\n<p>&nbsp;<\/p>\n<div class=\"vc_row wpb_row vc_inner vc_row-fluid vc_custom_1545478509233\">\n<div class=\"wpb_column vc_column_container vc_col-sm-12 vc_col-has-fill\">\n<div class=\"vc_column-inner vc_custom_1545478117371\">\n<div class=\"wpb_wrapper\">\n<h1 class=\"vc_custom_heading vc_custom_1545667884999\">Nasen- und Gesichtsharmonie<\/h1>\n<p class=\"vc_custom_heading vc_custom_1545667899890\"><span style=\"font-size: 14pt;\">Der Hauptpunkt der Nasen\u00e4sthetik ist die Gew\u00e4hrleistung der Harmonie zwischen Nase und Gesicht. Wenn die Nase eine st\u00f6rende W\u00f6lbung aufweist, an den Spitzen \u00fcberm\u00e4\u00dfiges Absacken zu beobachten ist oder die Nase zu dick oder zu d\u00fcnn ist, entsteht der Bedarf an Nasen\u00e4sthetik. Denn solche Nasen wirken sich direkt negativ auf das \u00e4u\u00dfere Erscheinungsbild aus. Sowohl die Unstimmigkeit mit dem Gesicht als auch das insgesamt unangenehme Aussehen wirken sich negativ auf die Person aus. All dies kann mit einer Rhinoplastik-Operation korrigiert werden. Es ist wichtig, ein \u00e4sthetisches und ansprechendes Erscheinungsbild zu erzielen.<\/span><\/p>\n<p class=\"vc_custom_heading vc_custom_1545667912790\"><span style=\"font-size: 14pt;\">Nach der Nasen\u00e4sthetik ist es von gro\u00dfer Bedeutung, dass die Nase in Form und Gestalt sch\u00f6n aussieht, um das Gesicht insgesamt zu verbessern. Die Position der Augen, die Winkel und Abst\u00e4nde zwischen Ohren und Lippen sind bei der Planung der Nasenoperation von gro\u00dfer Wichtigkeit. Daher sollte vor der Rhinoplastik eine sorgf\u00e4ltige Planung durchgef\u00fchrt werden.<\/span><\/p>\n<\/div>\n<\/div>\n<\/div>\n<\/div>\n<div class=\"block\"><\/div>\n<div>\n<h1 class=\"vc_custom_heading font-weight-semibold vc_custom_1545667968881\">Zustand der Schnitte und postoperative Phase<\/h1>\n<p class=\"vc_custom_heading vc_custom_1545668038980\"><span style=\"font-size: 14pt;\">W\u00e4hrend der Operation werden nach der Bildung der Schnitte chirurgische Eingriffe am Knochen- und Knorpelgewebe durchgef\u00fchrt. Deformierte Strukturen werden in diesem Stadium korrigiert. Falls erforderlich, wird das Knochen- und Knorpelgewebe neu geformt. Sowohl die \u00d6ffnung der inneren Nasenenge als auch die Korrektur des \u00e4u\u00dferen Erscheinungsbildes der Nase sind wichtig. Falls n\u00f6tig, werden Radiofrequenz- und andere chirurgische Eingriffe an vergr\u00f6\u00dfertem Nasenmuskelgewebe durchgef\u00fchrt. Die Nasenknocken werden mit Piezo- oder Mikromotorger\u00e4ten pr\u00e4zise geschnitten und neu geformt. Es ist von gro\u00dfer Bedeutung, dass am Ende der Operation keine Bluterg\u00fcsse an der Nase entstehen, das Gesicht nicht anschwillt und der Patient schnell zu seiner Arbeit zur\u00fcckkehren kann. Dies wird durch die Verwendung hochwertiger Materialien und Ger\u00e4te w\u00e4hrend der Operation erm\u00f6glicht. Wenn die Erfahrung des Arztes mit der Qualit\u00e4t der Ger\u00e4te und Materialien kombiniert wird, ist das Ergebnis hervorragend. Ebenso wichtig ist die Verwendung von Tampons, die die Nase nicht irritieren und leicht entfernt werden k\u00f6nnen. Die Verwendung von mit Salben beschichteten Mullbinden und langen Tampons geh\u00f6rt der Vergangenheit an. In den meisten Nasenoperationen werden nicht einmal Tampons eingesetzt. Die Verwendung von leichten thermoplastischen Schienen anstelle von Gips oder kleinen Gipsverb\u00e4nden erh\u00f6ht den Komfort des Patienten. Eine schnelle Genesung und die rasche R\u00fcckkehr des Patienten zum normalen Leben tragen zur Normalisierung seiner psychologischen Verfassung bei. Daher sollte der Patient nicht lange im Krankenhaus oder zu Hause bleiben, sondern schnell in sein normales Leben zur\u00fcckkehren. Bei Patienten, die lange im Krankenhaus bleiben, besteht das Risiko einer Krankenhausinfektion. Nach etwa einer Woche ist der Patient vollst\u00e4ndig genesen. Er wird von Binden, Schienen, Tampons und N\u00e4hten befreit. Nach der Operation kann es, wenn auch nicht bei jedem Patienten, gelegentlich zu leichten Bluterg\u00fcssen um die Augen kommen. Auch wenn Bluterg\u00fcsse und Schwellungen auftreten, verbessert sich der Zustand durch die Anwendung von Gel oder Cremes mit sanfter Massage in kurzer Zeit.<\/span><\/p>\n<p class=\"vc_custom_heading vc_custom_1545668072676\"><span style=\"font-size: 14pt;\">In den vier Wochen nach der Operation sollte man schwere Arbeiten vermeiden. In dieser Zeit gilt es, Gefahren zu vermeiden, die zu Verletzungen der Nase f\u00fchren k\u00f6nnten. Es sollten keine St\u00f6\u00dfe auf die Nase erfolgen, und wenn Brillen getragen werden, sollte dies so geschehen, dass sie kein Gewicht auf die Nase aus\u00fcben.<\/span><\/p>\n<\/div>\n<p>&nbsp;<\/p>\n<p>&nbsp;<\/p>\n<div class=\"wpb_column vc_column_container vc_col-sm-12 vc_col-has-fill\">\n<p class=\"vc_custom_heading vc_custom_1545667912790\" style=\"font-size: 15px; color: #ffffff; line-height: 23px; text-align: left;\">\n<\/div>","protected":false},"excerpt":{"rendered":"<p>Burun Esteti\u011fi Nedir? Nas\u0131l Yap\u0131l\u0131r? Burun septumundaki deviasyon benzeri \u00e7e\u015fitli t\u0131bbi sorunlar tespit edildi\u011finde, bu sorunlar\u0131n d\u00fczeltilmesi ya da yaln\u0131zca burun \u00f6zelliklerinin daha da iyile\u015ftirilip g\u00fczelle\u015ftirilmesi i\u00e7in yap\u0131lan cerrahi uygulama ve m\u00fcdahaleler b\u00fct\u00fcn\u00fcne rinoplasti (burun esteti\u011fi) ad\u0131 verilir. Bu uygulamalar hassasiyet gerektiren uygulamalard\u0131r ve her ad\u0131mda hasta ile bilgi payla\u015f\u0131m\u0131 yap\u0131lmas\u0131 gerekir. Burnun g\u00f6r\u00fcn\u00fcm itibari [&hellip;]<\/p>","protected":false},"author":2,"featured_media":0,"parent":926,"menu_order":0,"comment_status":"closed","ping_status":"closed","template":"","meta":{"footnotes":""},"class_list":["post-922","page","type-page","status-publish","hentry"],"acf":[],"_links":{"self":[{"href":"https:\/\/healthtourismcenterturkey.com\/de\/wp-json\/wp\/v2\/pages\/922"}],"collection":[{"href":"https:\/\/healthtourismcenterturkey.com\/de\/wp-json\/wp\/v2\/pages"}],"about":[{"href":"https:\/\/healthtourismcenterturkey.com\/de\/wp-json\/wp\/v2\/types\/page"}],"author":[{"embeddable":true,"href":"https:\/\/healthtourismcenterturkey.com\/de\/wp-json\/wp\/v2\/users\/2"}],"replies":[{"embeddable":true,"href":"https:\/\/healthtourismcenterturkey.com\/de\/wp-json\/wp\/v2\/comments?post=922"}],"version-history":[{"count":17,"href":"https:\/\/healthtourismcenterturkey.com\/de\/wp-json\/wp\/v2\/pages\/922\/revisions"}],"predecessor-version":[{"id":1228,"href":"https:\/\/healthtourismcenterturkey.com\/de\/wp-json\/wp\/v2\/pages\/922\/revisions\/1228"}],"up":[{"embeddable":true,"href":"https:\/\/healthtourismcenterturkey.com\/de\/wp-json\/wp\/v2\/pages\/926"}],"wp:attachment":[{"href":"https:\/\/healthtourismcenterturkey.com\/de\/wp-json\/wp\/v2\/media?parent=922"}],"curies":[{"name":"wp","href":"https:\/\/api.w.org\/{rel}","templated":true}]}}