{"id":721,"date":"2020-07-25T21:26:26","date_gmt":"2020-07-25T21:26:26","guid":{"rendered":"http:\/\/healthtourismcenterturkey.com\/?page_id=721"},"modified":"2020-12-14T17:13:59","modified_gmt":"2020-12-14T17:13:59","slug":"plastik-cerrahi","status":"publish","type":"page","link":"https:\/\/healthtourismcenterturkey.com\/de\/plastik-cerrahi\/","title":{"rendered":"Plastische Chirurgie"},"content":{"rendered":"<p><section class=\"fw-main-row\"   >\n\t<div class=\"fw-container-fluid no-padding\">\n\t\t<div class=\"fw-row\">\n\t\n<div class=\"fw-col-xs-12\" style=\"\">\n\t<section class=\"banner-block banner-block-69f545ee0834f fw-main-row\" style=\"height:450px;\">\n\t\t<div class=\"item\"  style=\"height:450px;background-image: url(\/\/healthtourismcenterturkey.com\/wp-content\/uploads\/2020\/09\/PLASTIK_CERRAHI_3-scaled.jpg);\">\n\t\t<div class=\"fw-container centered-container tac\">\n\t\t\t\t\t<\/div>\n\t<\/div>\n\t<\/section><\/div>\n<\/div>\n\n\t<\/div>\n<\/section><section class=\"fw-main-row\"  style=\"padding-top:40px;\" >\n\t<div class=\"fw-container\">\n\t\t<div class=\"fw-row\">\n\t\n<div class=\"fw-col-xs-12\" style=\"\">\n\t<h2 class='fw-special-title heading-decor tac' style='margin-bottom:55px;'>\n\t<span>Unsere Dienstleistungen<\/span>\n\t<\/h2><\/div>\n<\/div>\n\n<div class=\"fw-row\">\n\t\n<div class=\"fw-col-xs-12\" style=\"\">\n\t<div class=\"fw-row\">\n\t\t<div class=\"fw-col-sm-4\">\n\t\t<!-- Category item -->\n\t\t<div class=\"category-item\" style=\"background-image: url(\/\/healthtourismcenterturkey.com\/wp-content\/uploads\/2020\/09\/burun-estetigi.jpg)\">\n\t\t\t<div class=\"centered-container\">\n\t\t\t\t<a href=\"https:\/\/healthtourismcenterturkey.com\/de\/plastik-cerrahi\/yuz-estetigi\/\" class=\"button-style2 white big\"><span>Y\u00dcZ ESTET\u0130\u011e\u0130<\/span><\/a>\n\t\t\t<\/div>\n\t\t<\/div>\n\t\t<!-- END Category item -->\n\t<\/div>\n\t\t<div class=\"fw-col-sm-4\">\n\t\t<!-- Category item -->\n\t\t<div class=\"category-item\" style=\"background-image: url(\/\/healthtourismcenterturkey.com\/wp-content\/uploads\/2020\/09\/vucut-estetigi.jpg)\">\n\t\t\t<div class=\"centered-container\">\n\t\t\t\t<a href=\"https:\/\/healthtourismcenterturkey.com\/de\/plastik-cerrahi\/vucut-estetigi\/\" class=\"button-style2 white big\"><span>V\u00dcCUT ESTET\u0130\u011e\u0130<\/span><\/a>\n\t\t\t<\/div>\n\t\t<\/div>\n\t\t<!-- END Category item -->\n\t<\/div>\n\t\t<div class=\"fw-col-sm-4\">\n\t\t<!-- Category item -->\n\t\t<div class=\"category-item\" style=\"background-image: url(\/\/healthtourismcenterturkey.com\/wp-content\/uploads\/2020\/09\/meme-estetigi.jpg)\">\n\t\t\t<div class=\"centered-container\">\n\t\t\t\t<a href=\"https:\/\/healthtourismcenterturkey.com\/de\/plastik-cerrahi\/meme-estetigi\/\" class=\"button-style2 white big\"><span>MEME ESTET\u0130\u011e\u0130<\/span><\/a>\n\t\t\t<\/div>\n\t\t<\/div>\n\t\t<!-- END Category item -->\n\t<\/div>\n\t\t<div class=\"fw-col-sm-4\">\n\t\t<!-- Category item -->\n\t\t<div class=\"category-item\" style=\"background-image: url(\/\/healthtourismcenterturkey.com\/wp-content\/uploads\/2020\/08\/radyo-frekans-1024x683-1.jpg)\">\n\t\t\t<div class=\"centered-container\">\n\t\t\t\t<a href=\"https:\/\/healthtourismcenterturkey.com\/de\/plastik-cerrahi\/medikal-estetik\/\" class=\"button-style2 white big\"><span>MED\u0130KAL ESTET\u0130K<\/span><\/a>\n\t\t\t<\/div>\n\t\t<\/div>\n\t\t<!-- END Category item -->\n\t<\/div>\n\t<\/div><\/div>\n<\/div>\n\n\t<\/div>\n<\/section><\/p>","protected":false},"excerpt":{"rendered":"<p>Hizmetlerimiz Y\u00dcZ ESTET\u0130\u011e\u0130 V\u00dcCUT ESTET\u0130\u011e\u0130 MEME ESTET\u0130\u011e\u0130 MED\u0130KAL ESTET\u0130K<\/p>","protected":false},"author":2,"featured_media":0,"parent":0,"menu_order":0,"comment_status":"closed","ping_status":"closed","template":"","meta":{"footnotes":""},"class_list":["post-721","page","type-page","status-publish","hentry"],"acf":[],"_links":{"self":[{"href":"https:\/\/healthtourismcenterturkey.com\/de\/wp-json\/wp\/v2\/pages\/721"}],"collection":[{"href":"https:\/\/healthtourismcenterturkey.com\/de\/wp-json\/wp\/v2\/pages"}],"about":[{"href":"https:\/\/healthtourismcenterturkey.com\/de\/wp-json\/wp\/v2\/types\/page"}],"author":[{"embeddable":true,"href":"https:\/\/healthtourismcenterturkey.com\/de\/wp-json\/wp\/v2\/users\/2"}],"replies":[{"embeddable":true,"href":"https:\/\/healthtourismcenterturkey.com\/de\/wp-json\/wp\/v2\/comments?post=721"}],"version-history":[{"count":51,"href":"https:\/\/healthtourismcenterturkey.com\/de\/wp-json\/wp\/v2\/pages\/721\/revisions"}],"predecessor-version":[{"id":2091,"href":"https:\/\/healthtourismcenterturkey.com\/de\/wp-json\/wp\/v2\/pages\/721\/revisions\/2091"}],"wp:attachment":[{"href":"https:\/\/healthtourismcenterturkey.com\/de\/wp-json\/wp\/v2\/media?parent=721"}],"curies":[{"name":"wp","href":"https:\/\/api.w.org\/{rel}","templated":true}]}}