{"id":2255,"date":"2022-05-24T18:22:33","date_gmt":"2022-05-24T18:22:33","guid":{"rendered":"https:\/\/healthtourismcenterturkey.com\/?page_id=2255"},"modified":"2022-05-24T19:04:29","modified_gmt":"2022-05-24T19:04:29","slug":"hollywood-gulusu","status":"publish","type":"page","link":"https:\/\/healthtourismcenterturkey.com\/de\/dis-estetigi\/hollywood-gulusu\/","title":{"rendered":"Hollywood-L\u00e4cheln"},"content":{"rendered":"<p><span style=\"font-size: 14pt;\"><strong>Hollywood smile<\/strong> Das als Hollywood-L\u00e4cheln bezeichnete Verfahren ist in den letzten Jahren eine sehr h\u00e4ufig gew\u00e4hlte Gestaltung des L\u00e4chelns geworden. Im Alltag basiert die F\u00e4higkeit einer Person, sich korrekt, positiv und \u00e4sthetisch auszudr\u00fccken, ma\u00dfgeblich auf ihrem Gesicht, ihrem Mund und ihrem L\u00e4cheln. In diesem Sinne suchen Menschen, die mit der Anordnung ihrer Z\u00e4hne oder dem Aussehen ihres Zahnfleisches unzufrieden sind, kosmetische Zahnbehandlungen auf. Heutzutage k\u00f6nnen durch ein ganzheitlich geplantes Verfahren, das auf die individuellen Bed\u00fcrfnisse der Person abgestimmt ist, das Hollywood-L\u00e4cheln und damit das gew\u00fcnschte Aussehen erzielt werden.<\/span><br \/>\n<span style=\"font-size: 14pt;\">Das Verfahren zielt darauf ab, das L\u00e4cheln von Hollywood-Stars zu erreichen, wobei Lippen, Z\u00e4hne und Zahnfleisch insgesamt perfekt aussehen.<\/span><\/p>\n<p><img loading=\"lazy\" decoding=\"async\" class=\"alignnone size-full wp-image-2259\" src=\"https:\/\/healthtourismcenterturkey.com\/wp-content\/uploads\/2022\/05\/5e4a54d7d265a21ebcb7ae96.jpg\" alt=\"\" width=\"740\" height=\"416\" srcset=\"https:\/\/healthtourismcenterturkey.com\/wp-content\/uploads\/2022\/05\/5e4a54d7d265a21ebcb7ae96.jpg 740w, https:\/\/healthtourismcenterturkey.com\/wp-content\/uploads\/2022\/05\/5e4a54d7d265a21ebcb7ae96-300x169.jpg 300w, https:\/\/healthtourismcenterturkey.com\/wp-content\/uploads\/2022\/05\/5e4a54d7d265a21ebcb7ae96-18x10.jpg 18w\" sizes=\"(max-width: 740px) 100vw, 740px\" \/><\/p>\n<p>&nbsp;<\/p>\n<h2>Hollywood Smile L\u00e4chelnsgestaltung<\/h2>\n<p><span style=\"font-size: 14pt;\">Die Hollywood-Smile-L\u00e4chelnsgestaltung ist, wie bereits erw\u00e4hnt, eine Gesamtheit von Anwendungen, die auf die individuellen Bed\u00fcrfnisse der Person abgestimmt sind. Bei der Planung der Anwendung werden das Aussehen der Lippen, Z\u00e4hne und Zahnfleisch bewertet, um eine perfekte Erscheinung zu erzielen, die auf einer qualifizierten Planung basiert.<\/span><br \/>\n<span style=\"font-size: 14pt;\">Es werden Probleme identifiziert, wie z. B. unzureichende Zahnreihenfolge, gebrochene oder schiefe Z\u00e4hne, Zahnfleisch, das einen gro\u00dfen Teil der Z\u00e4hne verdeckt, oder zur\u00fcckgegangenes Zahnfleisch. Au\u00dferdem m\u00fcssen Infektionen im Mund, Karies und Zahnfleischkrankheiten unbedingt vor der Anwendung behandelt werden.<\/span><br \/>\n<span style=\"font-size: 14pt;\">Die im Rahmen der Hollywood-Smile-Anwendung durchgef\u00fchrten Verfahren k\u00f6nnen wie folgt aufgelistet werden:<\/span><br \/>\n<span style=\"font-size: 14pt;\">\u2022 Implantatbehandlung: wird zur Vollst\u00e4ndigung fehlender Z\u00e4hne durchgef\u00fchrt.<\/span><br \/>\n<span style=\"font-size: 14pt;\">\u2022 Porzellanveneers: eine Behandlung, bei der die Au\u00dfenfl\u00e4chen der Z\u00e4hne minimal abgetragen und mit Bl\u00e4ttern aus Porzellan bedeckt werden.<\/span><br \/>\n<span style=\"font-size: 14pt;\">\u2022 Zahnaufhellung: zur Beseitigung von Verf\u00e4rbungen und Flecken auf den Z\u00e4hnen.<\/span><br \/>\n<span style=\"font-size: 14pt;\">\u2022 Zahnfleisch\u00e4sthetik: wird durchgef\u00fchrt, um das Zahnfleisch in ein harmonisches Aussehen zu bringen, das mit den Z\u00e4hnen \u00fcbereinstimmt.<\/span><\/p>\n<p>&nbsp;<\/p>\n<h2>Hollywood Smile Istanbul Zentrum<\/h2>\n<p><span style=\"font-size: 14pt;\">Das Hollywood-Smile-Zentrum in Istanbul wird in letzter Zeit sehr h\u00e4ufig gesucht. Besonders wichtig ist die Auswahl von Zentren, in denen die Sterilisationsverfahren vollst\u00e4ndig durchgef\u00fchrt werden. Zudem ist es von gro\u00dfer Bedeutung, dass der Zahnarzt, der die Anwendung durchf\u00fchrt, \u00fcber Erfahrung in Hollywood-Smile-Anwendungen verf\u00fcgt. Wenn das richtige Hollywood-Smile-Zentrum ausgew\u00e4hlt wird:<\/span><br \/>\n<span style=\"font-size: 14pt;\">\u2022 Erh\u00e4lt man ein \u00e4sthetisches L\u00e4cheln.<\/span><br \/>\n<span style=\"font-size: 14pt;\">\u2022 Die Z\u00e4hne erhalten ein symmetrisches und wei\u00dfes Aussehen.<\/span><br \/>\n<span style=\"font-size: 14pt;\">\u2022 Die gesamte \u00c4sthetik von Z\u00e4hnen und Zahnfleisch wird optimiert.<\/span><br \/>\n<span style=\"font-size: 14pt;\">\u2022 Der Biss wird korrekt hergestellt.<\/span><br \/>\n<span style=\"font-size: 14pt;\">\u2022 Die Person erh\u00e4lt ein j\u00fcngeres und dynamischeres Aussehen.<\/span><br \/>\n<span style=\"font-size: 14pt;\">Hollywood Smile Beste \u00c4rzte Istanbul<\/span><br \/>\n<span style=\"font-size: 14pt;\">Bei der Suche nach den besten \u00c4rzten f\u00fcr die Hollywood-Smile-Anwendung in Istanbul kann es notwendig sein, eine Untersuchung durchzuf\u00fchren. Man sollte detaillierte Informationen \u00fcber die Behandlungsplanung einholen und sich ein Referenzbild anschauen. Wenn der Zahnarzt f\u00fcr das Hollywood-Smile ausgew\u00e4hlt ist, werden folgende Verfahren unter Ber\u00fccksichtigung des Behandlungsplans durchgef\u00fchrt:<\/span><br \/>\n<span style=\"font-size: 14pt;\">\u2022 Die Zahn- und Kieferstruktur der Person wird bewertet, und es wird ein Modell f\u00fcr die Z\u00e4hne erstellt.<\/span><br \/>\n<span style=\"font-size: 14pt;\">\u2022 Mit Hilfe von Technologie wird die ideale Zahnform gestaltet.<\/span><br \/>\n<span style=\"font-size: 14pt;\">\u2022 Zahnprototypen werden erstellt.<\/span><br \/>\n<span style=\"font-size: 14pt;\">\u2022 Die angefertigten Z\u00e4hne werden der Person eingesetzt.<\/span><\/p>","protected":false},"excerpt":{"rendered":"<p>Hollywood smile olarak adland\u0131r\u0131lan uygulama son y\u0131llarda olduk\u00e7a s\u0131k tercih edilen g\u00fcl\u00fc\u015f tasar\u0131m\u0131d\u0131r. G\u00fcnl\u00fck ya\u015famda ki\u015finin kendini do\u011fru, pozitif ve estetik bir \u015fekilde ifade etmesinin temelinde y\u00fcz\u00fc, a\u011fz\u0131 ve g\u00fcl\u00fc\u015f\u00fc etkilidir. Bu do\u011frultuda gerek di\u015f diziliminin gerekse de di\u015f etlerinin g\u00f6r\u00fcn\u00fcm\u00fcnden mutlu olmayan ki\u015filer di\u015f esteti\u011fi uygulamalar\u0131na ba\u015fvurmaktad\u0131r. G\u00fcn\u00fcm\u00fczde ise ki\u015finin ihtiyac\u0131na y\u00f6nelik \u015fekilde planlanan [&hellip;]<\/p>","protected":false},"author":2,"featured_media":0,"parent":2228,"menu_order":0,"comment_status":"closed","ping_status":"closed","template":"","meta":{"footnotes":""},"class_list":["post-2255","page","type-page","status-publish","hentry"],"acf":[],"_links":{"self":[{"href":"https:\/\/healthtourismcenterturkey.com\/de\/wp-json\/wp\/v2\/pages\/2255"}],"collection":[{"href":"https:\/\/healthtourismcenterturkey.com\/de\/wp-json\/wp\/v2\/pages"}],"about":[{"href":"https:\/\/healthtourismcenterturkey.com\/de\/wp-json\/wp\/v2\/types\/page"}],"author":[{"embeddable":true,"href":"https:\/\/healthtourismcenterturkey.com\/de\/wp-json\/wp\/v2\/users\/2"}],"replies":[{"embeddable":true,"href":"https:\/\/healthtourismcenterturkey.com\/de\/wp-json\/wp\/v2\/comments?post=2255"}],"version-history":[{"count":6,"href":"https:\/\/healthtourismcenterturkey.com\/de\/wp-json\/wp\/v2\/pages\/2255\/revisions"}],"predecessor-version":[{"id":2283,"href":"https:\/\/healthtourismcenterturkey.com\/de\/wp-json\/wp\/v2\/pages\/2255\/revisions\/2283"}],"up":[{"embeddable":true,"href":"https:\/\/healthtourismcenterturkey.com\/de\/wp-json\/wp\/v2\/pages\/2228"}],"wp:attachment":[{"href":"https:\/\/healthtourismcenterturkey.com\/de\/wp-json\/wp\/v2\/media?parent=2255"}],"curies":[{"name":"wp","href":"https:\/\/api.w.org\/{rel}","templated":true}]}}