{"id":2247,"date":"2022-05-24T18:17:51","date_gmt":"2022-05-24T18:17:51","guid":{"rendered":"https:\/\/healthtourismcenterturkey.com\/?page_id=2247"},"modified":"2022-05-24T18:21:17","modified_gmt":"2022-05-24T18:21:17","slug":"dis-implanti","status":"publish","type":"page","link":"https:\/\/healthtourismcenterturkey.com\/de\/dis-estetigi\/dis-implanti\/","title":{"rendered":"Zahnimplantat"},"content":{"rendered":"<h2>Was ist ein Implantat?<\/h2>\n<p><span style=\"font-size: 14pt;\">Ein Implantat sind Schrauben aus Titan, die zur Behandlung fehlender Z\u00e4hne verwendet werden und in den Kieferknochen eingesetzt werden. Auf diese Schrauben wird ein Zahnersatz gesetzt. Der Vorteil der Implantatbehandlung im Vergleich zu anderen Behandlungen besteht darin, dass die benachbarten Z\u00e4hne nicht besch\u00e4digt werden. Das bedeutet, dass die benachbarten Z\u00e4hne nicht bearbeitet werden m\u00fcssen. Das Implantat fungiert als Zahnwurzel, und Sie k\u00f6nnen bequem essen, sprechen und l\u00e4cheln, genau wie mit einem nat\u00fcrlichen Zahn.<\/span><\/p>\n<h2>Wer kann mit einer Implantatbehandlung behandelt werden?<\/h2>\n<p><span style=\"font-size: 14pt;\">Die Implantatbehandlung wird bei Personen ab 18 Jahren angewendet, die das Wachstum des Kiefers und des Gesichts abgeschlossen haben. Vor der Behandlung wird mit R\u00f6ntgenaufnahmen festgestellt, ob die Kieferstruktur f\u00fcr das Implantat geeignet ist. Bei Diabetikern muss die Krankheit vor der Behandlung stabilisiert sein. Bei Patienten, die blutverd\u00fcnnende Medikamente einnehmen, werden die Medikamente vor der Behandlung abgesetzt. Personen mit Osteoporose k\u00f6nnen nach geeigneter Behandlung eine Implantatbehandlung erhalten.<\/span><\/p>\n<p>&nbsp;<\/p>\n<p><img loading=\"lazy\" decoding=\"async\" class=\"wp-image-2251\" src=\"https:\/\/healthtourismcenterturkey.com\/wp-content\/uploads\/2022\/05\/dis-implanti-3.jpg\" alt=\"\" width=\"791\" height=\"593\" srcset=\"https:\/\/healthtourismcenterturkey.com\/wp-content\/uploads\/2022\/05\/dis-implanti-3.jpg 1440w, https:\/\/healthtourismcenterturkey.com\/wp-content\/uploads\/2022\/05\/dis-implanti-3-300x225.jpg 300w, https:\/\/healthtourismcenterturkey.com\/wp-content\/uploads\/2022\/05\/dis-implanti-3-1024x768.jpg 1024w, https:\/\/healthtourismcenterturkey.com\/wp-content\/uploads\/2022\/05\/dis-implanti-3-768x576.jpg 768w, https:\/\/healthtourismcenterturkey.com\/wp-content\/uploads\/2022\/05\/dis-implanti-3-16x12.jpg 16w\" sizes=\"(max-width: 791px) 100vw, 791px\" \/><\/p>\n<h2>Wie wird die Implantatbehandlung durchgef\u00fchrt?<\/h2>\n<p><span style=\"font-size: 14pt;\">Die Implantatbehandlung erfolgt unter leichter Sedierung des Patienten. Vor dem Eingriff sind eine detaillierte Untersuchung und R\u00f6ntgenaufnahmen erforderlich. Die Ma\u00dfe der Kieferknochen und der verbleibenden Z\u00e4hne werden genommen. Es gibt zwei Optionen f\u00fcr die Platzierung der Zahnimplantate. Bei der einstufigen Behandlung wird das Implantat eingesetzt und anschlie\u00dfend ein tempor\u00e4rer Abutment aufgesetzt. Bei der zweistufigen Behandlung wird das Zahnimplantat eingesetzt und dann mit dem Zahnfleisch bedeckt, um zu heilen. Die Prothesenkappen werden sp\u00e4ter aufgesetzt. In beiden F\u00e4llen wird eine tempor\u00e4re Br\u00fccke eingesetzt, und es wird eine Heilungszeit von drei Monaten f\u00fcr den Unterkiefer und sechs Monaten f\u00fcr den Oberkiefer abgewartet. Manchmal k\u00f6nnen die neu angefertigten Z\u00e4hne sofort auf die Zahnimplantate gesetzt werden. Mit dem Zahnimplantat kann der Patient sicher l\u00e4cheln und essen.<\/span><br \/>\n<span style=\"font-size: 14pt;\">Zirkonium-Implantate sind eine neue Generation von Implantaten, die zur Erh\u00f6hung der Widerstandsf\u00e4higkeit von Titanimplantaten entwickelt wurden. Sie werden insbesondere zur Verbesserung der Haltbarkeit bei schmalen Kieferknochen verwendet. Abgesehen von der Widerstandsf\u00e4higkeit gibt es keinen Unterschied zu Titan.<\/span><br \/>\n<span style=\"font-size: 14pt;\">Zirkonium wird auch bei Zahnkronen verwendet. Zirkonium hat eine nat\u00fcrliche, helle Farbe und reflektiert das Licht. Daher ist es nicht nur in Bezug auf die Haltbarkeit, sondern auch \u00e4sthetisch n\u00fctzlich. Es verursacht keine Abnutzung und hinterl\u00e4sst keinen metallischen Geschmack im Mund. Im Laufe der Zeit tritt keine Farbver\u00e4nderung auf. Es ist nicht sch\u00e4dlich f\u00fcr den K\u00f6rper.<\/span><\/p>\n<p><\/br><\/br><\/p>","protected":false},"excerpt":{"rendered":"<p>\u0130mplant nedir? \u0130mplant eksik di\u015flerin tedavisinde kullan\u0131lan ve \u00e7ene kemi\u011finin i\u00e7ine yerle\u015ftirilen titanyumdan yap\u0131lm\u0131\u015f vidalard\u0131r. Bu vidalar\u0131n \u00fczerine di\u015f protezi yerle\u015ftirilir. \u0130mplant tedavisinin di\u011fer tedavilere avantaj\u0131 kom\u015fu di\u015flere zarar verilmez. Yani kom\u015fu di\u015flerin kesilmesi gerekmez. \u0130mplant di\u015f k\u00f6k g\u00f6revi g\u00f6r\u00fcr ve do\u011fal di\u015f gibi rahatl\u0131kla yemek yiyebilir, konu\u015fabilir ve g\u00fclebilirsiniz. \u0130mplant tedavisi kimlere uygulanabilir? \u0130mplant [&hellip;]<\/p>","protected":false},"author":2,"featured_media":0,"parent":2228,"menu_order":0,"comment_status":"closed","ping_status":"closed","template":"","meta":{"footnotes":""},"class_list":["post-2247","page","type-page","status-publish","hentry"],"acf":[],"_links":{"self":[{"href":"https:\/\/healthtourismcenterturkey.com\/de\/wp-json\/wp\/v2\/pages\/2247"}],"collection":[{"href":"https:\/\/healthtourismcenterturkey.com\/de\/wp-json\/wp\/v2\/pages"}],"about":[{"href":"https:\/\/healthtourismcenterturkey.com\/de\/wp-json\/wp\/v2\/types\/page"}],"author":[{"embeddable":true,"href":"https:\/\/healthtourismcenterturkey.com\/de\/wp-json\/wp\/v2\/users\/2"}],"replies":[{"embeddable":true,"href":"https:\/\/healthtourismcenterturkey.com\/de\/wp-json\/wp\/v2\/comments?post=2247"}],"version-history":[{"count":5,"href":"https:\/\/healthtourismcenterturkey.com\/de\/wp-json\/wp\/v2\/pages\/2247\/revisions"}],"predecessor-version":[{"id":2250,"href":"https:\/\/healthtourismcenterturkey.com\/de\/wp-json\/wp\/v2\/pages\/2247\/revisions\/2250"}],"up":[{"embeddable":true,"href":"https:\/\/healthtourismcenterturkey.com\/de\/wp-json\/wp\/v2\/pages\/2228"}],"wp:attachment":[{"href":"https:\/\/healthtourismcenterturkey.com\/de\/wp-json\/wp\/v2\/media?parent=2247"}],"curies":[{"name":"wp","href":"https:\/\/api.w.org\/{rel}","templated":true}]}}