{"id":1451,"date":"2020-08-30T12:53:50","date_gmt":"2020-08-30T12:53:50","guid":{"rendered":"http:\/\/healthtourismcenterturkey.com\/?page_id=1451"},"modified":"2020-09-03T12:06:07","modified_gmt":"2020-09-03T12:06:07","slug":"lazer-presbyond","status":"publish","type":"page","link":"https:\/\/healthtourismcenterturkey.com\/de\/goz-ameliyatlari\/lazer-tedavileri\/lazer-presbyond\/","title":{"rendered":"Lazer Presbyond"},"content":{"rendered":"<div class=\"row pt-80\">\n<div class=\"col-12 col-lg-6\">\n<p class=\"brk-dark-font-color font__size-16 font__weight-normal line__height-26 mb-10\"><span style=\"font-size: 14pt;\">In den refraktiven Sehkorrekturanwendungen sind Excimer-Laser unverzichtbar. Excimer-Laser werden seit etwa 30 Jahren zur Behandlung von Myopie, Astigmatismus und Hyperopie eingesetzt. Die Mel 90 Excimer-Laser hat neben ihren technologischen Vorteilen eine einzigartige Funktion, die sie auszeichnet: die als \"Laser Presbyond\" patentierte Nahsehkorrekturanwendung. Das patentierte Laser Presbyond-Anwendungsprotokoll erm\u00f6glicht es uns, die einzigartige Technologie dieses Ger\u00e4ts zu nutzen.<\/span><\/p>\n<p class=\"brk-dark-font-color font__size-16 font__weight-normal line__height-26 mb-10\"><span style=\"font-size: 14pt;\">Die Nahsehkorrekturoperation mit dem Mel 90 kann bei jedem gesunden Menschen \u00fcber 40 Jahren durchgef\u00fchrt werden. Die Wirksamkeit der Anwendung h\u00e4lt ein Leben lang an. Nach der Laser Presbyond-Anwendung m\u00fcssen die Personen im Alltag keine Brillen oder Kontaktlinsen mehr f\u00fcr das Nahsehen tragen. Wenn sie im fortgeschrittenen Alter eine Kataraktoperation ben\u00f6tigen, bleibt ihr Nahsehen ungest\u00f6rt. Auch bei Patienten, bei denen bereits eine fr\u00fchere Kataraktoperation durchgef\u00fchrt wurde, kann Laser Presbyond angewendet werden. Auf diese Weise k\u00f6nnen die Patienten wieder nah sehen. In den letzten Jahren wurden viele erfolgreiche Anwendungen zur Nahsehkorrektur entwickelt, aber keine erzielt so nat\u00fcrliche Ergebnisse wie Laser Presbyond.<\/span><\/p>\n<h1 class=\"brk-dark-font-color font__size-16 font__weight-normal line__height-26\"><span class=\"font__weight-light\">KORNEAL INLAY (KAMRA)<\/span><\/h1>\n<p class=\"brk-dark-font-color font__size-16 font__weight-normal line__height-26 mb-10\"><span style=\"font-size: 14pt;\">Diese Nahsehkorrekturanwendung wird mit Femtolaser durchgef\u00fchrt und ist kostspielig. Ein permanenter Prothesen-Implantat wird in die durchsichtige Schicht des Auges (nur in einem Auge) eingesetzt. Es kann zu einem Verlust des weiten Sichtfeldes und einer dreidimensionalen (3D) Sehverschlechterung kommen. Diese Anwendung kann im sp\u00e4teren Verlauf die Notwendigkeit einer Kataraktoperation erschweren, weshalb der Prothesenapparat entfernt werden muss. Dies bringt zus\u00e4tzliche Kosten und Risiken mit sich.<\/span><\/p>\n<\/div>\n<\/div>\n<div class=\"col-12 col-lg-6\"><\/div>\n<div><img loading=\"lazy\" decoding=\"async\" class=\"alignnone size-full wp-image-1516\" src=\"http:\/\/healthtourismcenterturkey.com\/wp-content\/uploads\/2020\/09\/585x678_2-5.jpg\" alt=\"\" width=\"585\" height=\"678\" srcset=\"https:\/\/healthtourismcenterturkey.com\/wp-content\/uploads\/2020\/09\/585x678_2-5.jpg 585w, https:\/\/healthtourismcenterturkey.com\/wp-content\/uploads\/2020\/09\/585x678_2-5-259x300.jpg 259w\" sizes=\"(max-width: 585px) 100vw, 585px\" \/><\/div>\n<div><\/div>\n<p>&nbsp;<\/p>\n<h2>SUPRA CORE<\/h2>\n<p class=\"brk-dark-font-color font__size-16 font__weight-normal line__height-26 mb-10\"><span style=\"font-size: 14pt;\">Diese Behandlung erm\u00f6glicht eine Nahsehkorrektur von bis zu 1,5 Dioptrien, weshalb ihre Wirksamkeit begrenzt ist. Die Zufriedenheitsrate bei den Patienten ist niedrig. Nach dem Alter von 40-50 Jahren verliert sie an Effektivit\u00e4t.<\/span><\/p>\n<p><\/br><\/p>\n<h2>INTRA CORE<\/h2>\n<p class=\"brk-dark-font-color font__size-16 font__weight-normal line__height-26 mb-10\"><span style=\"font-size: 14pt;\">Diese Behandlung wird ebenfalls mit Femtolaser durchgef\u00fchrt und ist daher kostspielig. Ihre Wirksamkeit betr\u00e4gt bis zu 1,5 Dioptrien. Der Anwendungsbereich dieser Methode ist nicht weit verbreitet.<\/span><\/p>\n<p>&nbsp;<\/p>","protected":false},"excerpt":{"rendered":"<p>G\u00f6r\u00fc\u015f d\u00fczeltme (refraktif) uygulamalar\u0131nda kullan\u0131lan lazer cihazlar\u0131n\u0131n olmazsa olmaz\u0131 excimer lazerlerdir. Excimer lazerler miyop, astigmat ve hipermetrop tedavisinde yakla\u015f\u0131k 30 y\u0131ldan beri kullan\u0131lmaktad\u0131r. Mel 90 excimer lazer\u2019in teknolojik \u00fcst\u00fcnl\u00fckleri yan\u0131 s\u0131ra, onu e\u015fsiz k\u0131lan en \u00f6nemli \u00f6zelli\u011fi \u201cLaser Presbyond\u201d ad\u0131yla patentlenmi\u015f yak\u0131n g\u00f6r\u00fc\u015f d\u00fczeltme lazer uygulamas\u0131d\u0131r. Patentli Laser Presbyond uygulama prosed\u00fcr\u00fc bu cihaz\u0131n e\u015fsiz teknolojisinden [&hellip;]<\/p>","protected":false},"author":2,"featured_media":0,"parent":1290,"menu_order":0,"comment_status":"closed","ping_status":"closed","template":"","meta":{"footnotes":""},"class_list":["post-1451","page","type-page","status-publish","hentry"],"acf":[],"_links":{"self":[{"href":"https:\/\/healthtourismcenterturkey.com\/de\/wp-json\/wp\/v2\/pages\/1451"}],"collection":[{"href":"https:\/\/healthtourismcenterturkey.com\/de\/wp-json\/wp\/v2\/pages"}],"about":[{"href":"https:\/\/healthtourismcenterturkey.com\/de\/wp-json\/wp\/v2\/types\/page"}],"author":[{"embeddable":true,"href":"https:\/\/healthtourismcenterturkey.com\/de\/wp-json\/wp\/v2\/users\/2"}],"replies":[{"embeddable":true,"href":"https:\/\/healthtourismcenterturkey.com\/de\/wp-json\/wp\/v2\/comments?post=1451"}],"version-history":[{"count":7,"href":"https:\/\/healthtourismcenterturkey.com\/de\/wp-json\/wp\/v2\/pages\/1451\/revisions"}],"predecessor-version":[{"id":1662,"href":"https:\/\/healthtourismcenterturkey.com\/de\/wp-json\/wp\/v2\/pages\/1451\/revisions\/1662"}],"up":[{"embeddable":true,"href":"https:\/\/healthtourismcenterturkey.com\/de\/wp-json\/wp\/v2\/pages\/1290"}],"wp:attachment":[{"href":"https:\/\/healthtourismcenterturkey.com\/de\/wp-json\/wp\/v2\/media?parent=1451"}],"curies":[{"name":"wp","href":"https:\/\/api.w.org\/{rel}","templated":true}]}}