{"id":1431,"date":"2020-08-30T12:10:03","date_gmt":"2020-08-30T12:10:03","guid":{"rendered":"http:\/\/healthtourismcenterturkey.com\/?page_id=1431"},"modified":"2022-03-24T18:57:25","modified_gmt":"2022-03-24T18:57:25","slug":"goz-muayenesi-nasil-yapilir","status":"publish","type":"page","link":"https:\/\/healthtourismcenterturkey.com\/de\/goz-ameliyatlari\/goz-tetkikleri\/goz-muayenesi-nasil-yapilir\/","title":{"rendered":"Wie wird eine Augenuntersuchung durchgef\u00fchrt?"},"content":{"rendered":"<div class=\"row pt-80\">\n<div class=\"col-12 col-lg-6\">\n<h2 class=\"font__family-montserrat font__size-28 line__height-32 text-uppercase mb-35\"><\/h2>\n<p class=\"brk-dark-font-color font__size-16 font__weight-normal line__height-26 mb-10\"><span style=\"font-size: 14pt;\">Die grundlegende Augenuntersuchung wird sowohl aus sch\u00fctzerischen Gr\u00fcnden f\u00fcr die Augengesundheit als auch zur Diagnose von Krankheiten durchgef\u00fchrt. Sie zielt darauf ab, beide Augen sowohl funktional (betrieblich) als auch anatomisch zu bewerten. Die funktionale Bewertung der Augen umfasst Prozesse wie das Sehen, Augenbewegungen und die Ausrichtung der Augen, die nicht direkt mit dem Sehen zusammenh\u00e4ngen.<\/span><\/p>\n<h1 class=\"brk-dark-font-color font__size-16 font__weight-normal line__height-26\"><span class=\"font__weight-light\">Wie wird eine grundlegende Augenuntersuchung durchgef\u00fchrt?<\/span><\/h1>\n<p class=\"brk-dark-font-color font__size-16 font__weight-normal line__height-26 mb-10\"><span style=\"font-size: 14pt;\">Temel g\u00f6z muayenesi fiziksel muayene, refraksiyon, merkezi ve periferik g\u00f6rmenin test edilmesi, g\u00f6z bebeklerinin incelenmesi, g\u00f6zlerin hizalanmas\u0131 ve hareketlerini \u00f6l\u00e7\u00fcmlenmesi olan okuler motilite kontrol\u00fc, biyomikroskobik inceleme, tonometri ve g\u00f6z \u00e7evresi (g\u00f6z d\u0131\u015f\u0131) incelenmesinden olu\u015fmaktad\u0131r.<\/span><\/p>\n<p class=\"brk-dark-font-color font__size-16 font__weight-normal line__height-26 mb-10\"><span style=\"font-size: 14pt;\">Hastalar g\u00f6zleriyle ile ilgili belirttikleri esas \u015fikayetin bir par\u00e7as\u0131 olarak ifade etmeseler bile, yukar\u0131da belirtilen<\/span><\/p>\n<p class=\"brk-dark-font-color font__size-16 font__weight-normal line__height-26 mb-10\"><span style=\"font-size: 14pt;\">uygulamalar\u0131n yan\u0131 s\u0131ra temel g\u00f6z muayenesinde vital (ya\u015famsal) bulgular da de\u011ferlendirilmektedir. \u0130yi bir g\u00f6rme, n\u00f6rolojik (sinirsel) g\u00f6rme a\u011f\u0131n\u0131n b\u00fct\u00fcnl\u00fc\u011f\u00fc ile yap\u0131sal olarak sa\u011fl\u0131kl\u0131 bir g\u00f6z ile g\u00f6z\u00fcn uygun ve do\u011fru odaklamas\u0131n\u0131n t\u00fcm\u00fcyle ilgilidir. Bu kavram\u0131, \u00f6rnek olarak elimize ald\u0131\u011f\u0131m\u0131z bir video kameran\u0131n, televizyona ya da projeksiyona ba\u011fl\u0131 kablo ba\u011flant\u0131s\u0131, mekanik olarak sa\u011flam bir kamera g\u00f6vdesi ve uygun odak ayar\u0131na ihtiya\u00e7 duymas\u0131na benzetebiliriz.<\/span><\/p>\n<\/div>\n<div class=\"col-12 col-lg-6\"><img loading=\"lazy\" decoding=\"async\" class=\"alignnone size-full wp-image-2192\" src=\"https:\/\/healthtourismcenterturkey.com\/wp-content\/uploads\/2022\/03\/timthumb.png\" alt=\"\" width=\"720\" height=\"300\" srcset=\"https:\/\/healthtourismcenterturkey.com\/wp-content\/uploads\/2022\/03\/timthumb.png 720w, https:\/\/healthtourismcenterturkey.com\/wp-content\/uploads\/2022\/03\/timthumb-300x125.png 300w\" sizes=\"(max-width: 720px) 100vw, 720px\" \/><\/div>\n<\/div>\n<div class=\"overflow-hid position-static position-lg-relative pb-100\">\n<h1 class=\"brk-dark-font-color font__size-16 font__weight-normal line__height-26\"><span class=\"font__weight-light\">Grunduntersuchung der Ophthalmologie hinsichtlich Brechungsfehler<\/span><\/h1>\n<p class=\"brk-dark-font-color font__size-16 font__weight-normal line__height-26 mb-10\"><span style=\"font-size: 14pt;\">Die Entfernung des Brennpunkts des Auges, bevor eine Korrekturma\u00dfnahme durchgef\u00fchrt wird (unkorrigiert), variiert bei normalen Individuen je nach anatomischer Form des Augapfels und der Hornhaut. Ein als emetrop bezeichnetes Auge stellt den optimalen Fokus f\u00fcr das Sehen in der Ferne dar. Im Falle einer Ametropie, die auf Brechungsfehler wie Myopie, Hyperopie und Astigmatismus zur\u00fcckzuf\u00fchren ist, ben\u00f6tigt das Auge zur Erreichung eines geeigneten Fernfokus korrigierende Linsen oder Anwendungen. Ametrope Augen werden im Lateinischen als \"Refraktionsfehler\" bezeichnet.<\/span><\/p>\n<p class=\"brk-dark-font-color font__size-16 font__weight-normal line__height-26 mb-10\"><span style=\"font-size: 14pt;\">Die Refraktion bezieht sich auf die Charakterisierung eines Brechungsfehlers (welcher Brechungsfehler vorliegt) und die Messung des Grades des Brechungsfehlers. Bei der grundlegenden Augenuntersuchung wird die Refraktion durchgef\u00fchrt, um festzustellen, ob die Beschwerden des Patienten, wie z. B. verschwommenes Sehen, auf Brechungsfehler oder auf medizinische Anomalien des visuellen Systems zur\u00fcckzuf\u00fchren sind. Neben der korrigierenden Funktion von Brillen, Kontaktlinsen oder Laserverfahren hat die Refraktion auch eine diagnostische Funktion, um die Erkrankung zu benennen.<\/span><\/p>\n<p class=\"brk-dark-font-color font__size-16 font__weight-normal line__height-26 mb-10\"><span style=\"font-size: 14pt;\">Die Refraktion kann mit einem Ger\u00e4t namens Foropter gemessen werden. Dieses Ger\u00e4t enth\u00e4lt alle korrigierenden Linsenst\u00e4rken, die einfach vorw\u00e4rts und r\u00fcckw\u00e4rts gewechselt werden k\u00f6nnen, und erm\u00f6glicht es, verschiedene Linsenkombinationen zu verwenden, w\u00e4hrend der Patient auf einen Zielpunkt oder ein Objekt schaut. Dadurch wird eine subjektive Vergleichung und Bewertung des Brechungsfehlers erm\u00f6glicht, basierend auf den R\u00fcckmeldungen des Patienten.<\/span><\/p>\n<h1 class=\"brk-dark-font-color font__size-16 font__weight-normal line__height-26\"><span class=\"font__weight-light\">TESTEN DER SEHF\u00c4HIGKEIT<\/span><\/h1>\n<p class=\"brk-dark-font-color font__size-16 font__weight-normal line__height-26 mb-10\"><span style=\"font-size: 14pt;\">Im Folgenden der Abschnitt zur Bewertung der grundlegenden ophthalmologischen Untersuchung hinsichtlich Brechungsfehler wird die Untersuchung des zentralen und peripheren Sehens als Teil der grundlegenden Augenuntersuchung behandelt. F\u00fcr weitere Informationen lesen Sie bitte unseren n\u00e4chsten Beitrag mit dem Titel \u201eTesten der Sehf\u00e4higkeit\u201c.<\/span><\/p>\n<\/div>","protected":false},"excerpt":{"rendered":"<p>Temel g\u00f6z muayenesi, koruyucu g\u00f6z sa\u011fl\u0131\u011f\u0131 a\u00e7\u0131s\u0131ndan ve hastal\u0131klar\u0131n tan\u0131s\u0131 amac\u0131 ile, g\u00f6zlerimizin her ikisinin de hem fonksiyonel (i\u015flevsel) hemde anatomik olarak de\u011ferlendirilmesi amac\u0131 ile ger\u00e7ekle\u015ftirilmektedir. G\u00f6zlerin fonksiyonel (i\u015flevsel) olarak de\u011ferlendirilmesi, g\u00f6rme ve g\u00f6rme ile ilgili olmayan g\u00f6z hareketleri ve g\u00f6z hizalanmalar\u0131 vb. s\u00fcre\u00e7leri i\u00e7ermektedir. TEMEL G\u00d6Z MUAYENES\u0130 NASIL YAPILIR? Temel g\u00f6z muayenesi fiziksel muayene, [&hellip;]<\/p>","protected":false},"author":2,"featured_media":0,"parent":1299,"menu_order":0,"comment_status":"closed","ping_status":"closed","template":"","meta":{"footnotes":""},"class_list":["post-1431","page","type-page","status-publish","hentry"],"acf":[],"_links":{"self":[{"href":"https:\/\/healthtourismcenterturkey.com\/de\/wp-json\/wp\/v2\/pages\/1431"}],"collection":[{"href":"https:\/\/healthtourismcenterturkey.com\/de\/wp-json\/wp\/v2\/pages"}],"about":[{"href":"https:\/\/healthtourismcenterturkey.com\/de\/wp-json\/wp\/v2\/types\/page"}],"author":[{"embeddable":true,"href":"https:\/\/healthtourismcenterturkey.com\/de\/wp-json\/wp\/v2\/users\/2"}],"replies":[{"embeddable":true,"href":"https:\/\/healthtourismcenterturkey.com\/de\/wp-json\/wp\/v2\/comments?post=1431"}],"version-history":[{"count":5,"href":"https:\/\/healthtourismcenterturkey.com\/de\/wp-json\/wp\/v2\/pages\/1431\/revisions"}],"predecessor-version":[{"id":2193,"href":"https:\/\/healthtourismcenterturkey.com\/de\/wp-json\/wp\/v2\/pages\/1431\/revisions\/2193"}],"up":[{"embeddable":true,"href":"https:\/\/healthtourismcenterturkey.com\/de\/wp-json\/wp\/v2\/pages\/1299"}],"wp:attachment":[{"href":"https:\/\/healthtourismcenterturkey.com\/de\/wp-json\/wp\/v2\/media?parent=1431"}],"curies":[{"name":"wp","href":"https:\/\/api.w.org\/{rel}","templated":true}]}}