{"id":1429,"date":"2020-08-30T12:09:29","date_gmt":"2020-08-30T12:09:29","guid":{"rendered":"http:\/\/healthtourismcenterturkey.com\/?page_id=1429"},"modified":"2020-11-27T15:45:29","modified_gmt":"2020-11-27T15:45:29","slug":"bebeklerde-goz-muayenesi","status":"publish","type":"page","link":"https:\/\/healthtourismcenterturkey.com\/de\/goz-ameliyatlari\/goz-tetkikleri\/bebeklerde-goz-muayenesi\/","title":{"rendered":"Babymonitoring der Augenuntersuchung"},"content":{"rendered":"<div class=\"row pt-80\">\n<div class=\"col-12 col-lg-6\">\n<h2 class=\"font__family-montserrat font__size-28 line__height-32 text-uppercase mb-35\"><\/h2>\n<p class=\"brk-dark-font-color font__size-16 font__weight-normal line__height-26 mb-10\"><span style=\"font-size: 14pt;\">Die Augenuntersuchung bei Neugeborenen ist eine grundlegende Untersuchung, die notwendig ist, um angeborene (kongenitale) Probleme fr\u00fchzeitig zu erkennen und zu behandeln. Neben der Blutabnahme aus der Ferse zur fr\u00fchzeitigen Erkennung von Krankheiten und einem H\u00f6rtest zur Kontrolle des Geh\u00f6rs ist die Augenuntersuchung ebenfalls ein wichtiger Bestandteil der grundlegenden Kontrollen bei Neugeborenen.<\/span><\/p>\n<h2 class=\"brk-dark-font-color font__size-16 font__weight-normal line__height-26\"><span class=\"font__weight-light\">Wann sollte die Augenuntersuchung bei Neugeborenen durchgef\u00fchrt werden?<\/span><\/h2>\n<p class=\"brk-dark-font-color font__size-16 font__weight-normal line__height-26 mb-10\"><span style=\"font-size: 14pt;\">Die Augenuntersuchung bei Neugeborenen sollte innerhalb der ersten Monate nach der Geburt erfolgen. Es wird empfohlen, die Untersuchung innerhalb der ersten 6 Monate durchzuf\u00fchren, um eine fr\u00fchzeitige Diagnose und Behandlung von m\u00f6glichen Augenproblemen zu gew\u00e4hrleisten.<\/span><\/p>\n<h2 class=\"brk-dark-font-color font__size-16 font__weight-normal line__height-26\"><span class=\"font__weight-light\">Welche angeborenen und nach der Geburt auftretenden Augenkrankheiten k\u00f6nnen bei Neugeborenen auftreten?<\/span><\/h2>\n<p class=\"brk-dark-font-color font__size-16 font__weight-normal line__height-26\"><span style=\"font-size: 14pt;\">\u2022\tAngeborener (kongenitaler) Katarakt<\/span><\/p>\n<p class=\"brk-dark-font-color font__size-16 font__weight-normal line__height-26\"><span style=\"font-size: 14pt;\">\u2022\tSchielen<\/span><\/p>\n<p class=\"brk-dark-font-color font__size-16 font__weight-normal line__height-26\"><span style=\"font-size: 14pt;\">\u2022\tFehlbildungen der Augenlider<\/span><\/p>\n<p class=\"brk-dark-font-color font__size-16 font__weight-normal line__height-26\"><span style=\"font-size: 14pt;\">\u2022\tVerstopfung der Tr\u00e4nenkan\u00e4le<\/span><\/p>\n<p class=\"brk-dark-font-color font__size-16 font__weight-normal line__height-26\"><span style=\"font-size: 14pt;\">\u2022\tAugeninnendruck (Glaukom)<\/span><\/p>\n<p class=\"brk-dark-font-color font__size-16 font__weight-normal line__height-26 mb-20\"><span style=\"font-size: 14pt;\">\u2022\tSehschw\u00e4che (Amblyopie)<\/span><\/p>\n<p class=\"brk-dark-font-color font__size-16 font__weight-normal line__height-26 mb-10\"><span style=\"font-size: 14pt;\">Die Behandlung dieser Erkrankungen sollte in regelm\u00e4\u00dfigen Abst\u00e4nden und nach einem sorgf\u00e4ltig geplanten Programm durch einen Augenarzt erfolgen. Zudem ist es wichtig, bei Fr\u00fchgeborenen innerhalb der ersten 1-2 Monate eine Augenuntersuchung durchzuf\u00fchren, um m\u00f6gliche Fr\u00fchgeborenen-Retinopathien im Auge zu behalten.<\/span><\/p>\n<\/div>\n<div class=\"col-12 col-lg-6\"><img loading=\"lazy\" decoding=\"async\" class=\"alignnone size-full wp-image-1607\" src=\"http:\/\/healthtourismcenterturkey.com\/wp-content\/uploads\/2020\/09\/585x678_2-9-1.jpg\" alt=\"\" width=\"585\" height=\"678\" srcset=\"https:\/\/healthtourismcenterturkey.com\/wp-content\/uploads\/2020\/09\/585x678_2-9-1.jpg 585w, https:\/\/healthtourismcenterturkey.com\/wp-content\/uploads\/2020\/09\/585x678_2-9-1-259x300.jpg 259w\" sizes=\"(max-width: 585px) 100vw, 585px\" \/><\/div>\n<\/div>\n<div class=\"overflow-hid position-static position-lg-relative pb-100\">\n<p class=\"brk-dark-font-color font__size-16 font__weight-normal line__height-26 mb-10\"><span style=\"font-size: 14pt;\">Tr\u00e4nenkanalverstopfung ist eine h\u00e4ufige Erkrankung, die insbesondere bei S\u00e4uglingen auftritt. Sie kann zu Sekretbildung und Tr\u00e4nenfluss im Auge f\u00fchren. In der Regel l\u00f6st sich das Problem innerhalb des ersten Jahres von selbst. Gegebenenfalls kann der Augenarzt Augentropfen und warme Kompressen empfehlen. In einigen F\u00e4llen kann jedoch eine kleine Operation erforderlich sein.\nEs ist wichtig zu beachten, dass ein Anstieg des Augeninnendrucks ebenfalls zu Tr\u00e4nenfluss f\u00fchren kann. Ein erh\u00f6hter Augeninnendruck ist ein Notfall, der schnell behandelt werden sollte. Ein zeitnaher Besuch beim Augenarzt ist daher dringend erforderlich.<\/span><\/p>\n<h2 class=\"brk-dark-font-color font__size-16 font__weight-normal line__height-26\"><span class=\"font__weight-light\" style=\"font-size: 18pt;\">WENN SIE BEI IHREM BABY ODER KIND EINE DER FOLGENDEN AUGENBEDINGUNGEN BEOBACHTEN:<\/span><\/h2>\n<p class=\"brk-dark-font-color font__size-16 font__weight-normal line__height-26\"><span style=\"font-size: 14pt;\">\u2022\tBabys ab 4-5 Monaten k\u00f6nnen Objekte nicht mit den Augen verfolgen.<\/span><\/p>\n<p class=\"brk-dark-font-color font__size-16 font__weight-normal line__height-26\"><span style=\"font-size: 14pt;\">\u2022\tEine famili\u00e4re Vorgeschichte von Amblyopie oder Sehfehlern.<\/span><\/p>\n<p class=\"brk-dark-font-color font__size-16 font__weight-normal line__height-26\"><span style=\"font-size: 14pt;\">\u2022\tZittern der Augen wird beobachtet.<\/span><\/p>\n<p class=\"brk-dark-font-color font__size-16 font__weight-normal line__height-26\"><span style=\"font-size: 14pt;\">\u2022\tDie Pupille ist normalerweise dunkel, erscheint aber heller, tr\u00fcb-grau oder wei\u00df.<\/span><\/p>\n<p class=\"brk-dark-font-color font__size-16 font__weight-normal line__height-26\"><span style=\"font-size: 14pt;\">\u2022\tDas Baby reibt sich h\u00e4ufig die Augen, hat Augensekret oder tr\u00e4nende Augen.<\/span><\/p>\n<p class=\"brk-dark-font-color font__size-16 font__weight-normal line__height-26 mb-20\"><span style=\"font-size: 14pt;\">\u2022\tDas Baby schaut mit einem Auge weniger ge\u00f6ffnet, kneift oder schlie\u00dft es, oder neigt den Kopf zur Seite.<\/span><\/p>\n<p class=\"brk-dark-font-color font__size-16 font__weight-normal line__height-26 mb-10\"><span style=\"font-size: 14pt;\">Die Untersuchung auf Augenkrankheiten und chirurgische Eingriffe bei Fr\u00fchgeborenen spielt eine wichtige Rolle bei der fr\u00fchzeitigen Diagnose und dem Schutz der Gesundheit unserer zuk\u00fcnftigen Generationen. F\u00fcr die Augengesundheit Ihres Babys k\u00f6nnen Sie Kontakt mit Net G\u00f6z aufnehmen.<\/span><\/p>\n<\/div>","protected":false},"excerpt":{"rendered":"<p>Yenido\u011fan bebeklerde g\u00f6z muayenesi, erken te\u015fhis ve tedavi a\u00e7\u0131s\u0131ndan gerekli olan, bebekte do\u011fu\u015ftan (konjenital) olu\u015fabilecek sorunlar\u0131n \u00e7\u00f6z\u00fcm\u00fc i\u00e7in temel muayenelerden biridir. Yenido\u011fan bebekten topuk kan\u0131n\u0131n al\u0131nmas\u0131, i\u015fitme kontrol\u00fc i\u00e7in i\u015fitme testinin yap\u0131lmas\u0131 gibi g\u00f6z muayenesi de yap\u0131lmas\u0131 gereken temel kontrollerden biridir. YEN\u0130 DO\u011eAN BEBEKLERDE G\u00d6Z MUAYENES\u0130 NE ZAMAN YAPILMALIDIR? Yenido\u011fan bebeklerde g\u00f6z muayenesi do\u011fumdan itibaren [&hellip;]<\/p>","protected":false},"author":2,"featured_media":0,"parent":1299,"menu_order":0,"comment_status":"closed","ping_status":"closed","template":"","meta":{"footnotes":""},"class_list":["post-1429","page","type-page","status-publish","hentry"],"acf":[],"_links":{"self":[{"href":"https:\/\/healthtourismcenterturkey.com\/de\/wp-json\/wp\/v2\/pages\/1429"}],"collection":[{"href":"https:\/\/healthtourismcenterturkey.com\/de\/wp-json\/wp\/v2\/pages"}],"about":[{"href":"https:\/\/healthtourismcenterturkey.com\/de\/wp-json\/wp\/v2\/types\/page"}],"author":[{"embeddable":true,"href":"https:\/\/healthtourismcenterturkey.com\/de\/wp-json\/wp\/v2\/users\/2"}],"replies":[{"embeddable":true,"href":"https:\/\/healthtourismcenterturkey.com\/de\/wp-json\/wp\/v2\/comments?post=1429"}],"version-history":[{"count":5,"href":"https:\/\/healthtourismcenterturkey.com\/de\/wp-json\/wp\/v2\/pages\/1429\/revisions"}],"predecessor-version":[{"id":2067,"href":"https:\/\/healthtourismcenterturkey.com\/de\/wp-json\/wp\/v2\/pages\/1429\/revisions\/2067"}],"up":[{"embeddable":true,"href":"https:\/\/healthtourismcenterturkey.com\/de\/wp-json\/wp\/v2\/pages\/1299"}],"wp:attachment":[{"href":"https:\/\/healthtourismcenterturkey.com\/de\/wp-json\/wp\/v2\/media?parent=1429"}],"curies":[{"name":"wp","href":"https:\/\/api.w.org\/{rel}","templated":true}]}}