{"id":1423,"date":"2020-08-30T12:08:05","date_gmt":"2020-08-30T12:08:05","guid":{"rendered":"http:\/\/healthtourismcenterturkey.com\/?page_id=1423"},"modified":"2020-11-25T20:16:39","modified_gmt":"2020-11-25T20:16:39","slug":"korneal-topografi","status":"publish","type":"page","link":"https:\/\/healthtourismcenterturkey.com\/de\/goz-ameliyatlari\/goz-tetkikleri\/korneal-topografi\/","title":{"rendered":"Korneal Topografi"},"content":{"rendered":"<div class=\"brk-ic-left-slide__wrapper brk-ic-left-slide__wrapper_vertical-line\">\n<div class=\"col-12 col-lg-6\">\n<h2 class=\"font__family-montserrat font__size-28 line__height-32 text-uppercase mb-35\"><\/h2>\n<p class=\"brk-dark-font-color font__size-16 font__weight-normal line__height-26 mb-10\"><span style=\"font-size: 14pt;\">Die Korneale Topographie ist ein computergest\u00fctztes Ger\u00e4t zur Erstellung einer Karte der Vorderfl\u00e4che der Hornhaut. Sie spielt eine wichtige Rolle bei der Diagnose von Hornhauterkrankungen wie Keratokonus. Au\u00dferdem ist sie vor der Linsenuntersuchung und Laserchirurgie erforderlich.<\/span><\/p>\n<\/div>\n<div class=\"col-12 col-lg-6\"><img loading=\"lazy\" decoding=\"async\" class=\"alignnone size-full wp-image-1601\" src=\"http:\/\/healthtourismcenterturkey.com\/wp-content\/uploads\/2020\/09\/585x678_2-7-1.jpg\" alt=\"\" width=\"585\" height=\"678\" srcset=\"https:\/\/healthtourismcenterturkey.com\/wp-content\/uploads\/2020\/09\/585x678_2-7-1.jpg 585w, https:\/\/healthtourismcenterturkey.com\/wp-content\/uploads\/2020\/09\/585x678_2-7-1-259x300.jpg 259w\" sizes=\"(max-width: 585px) 100vw, 585px\" \/><\/div>\n<\/div>","protected":false},"excerpt":{"rendered":"<p>Die Korneale Topographie ist ein computergest\u00fctztes Ger\u00e4t zur Erstellung einer Karte der Vorderfl\u00e4che der Hornhaut. Sie spielt eine wichtige Rolle bei der Diagnose von Hornhauterkrankungen wie Keratokonus. Au\u00dferdem ist sie vor der Linsenuntersuchung und Laserchirurgie erforderlich.<\/p>","protected":false},"author":2,"featured_media":0,"parent":1299,"menu_order":0,"comment_status":"closed","ping_status":"closed","template":"","meta":{"footnotes":""},"class_list":["post-1423","page","type-page","status-publish","hentry"],"acf":[],"_links":{"self":[{"href":"https:\/\/healthtourismcenterturkey.com\/de\/wp-json\/wp\/v2\/pages\/1423"}],"collection":[{"href":"https:\/\/healthtourismcenterturkey.com\/de\/wp-json\/wp\/v2\/pages"}],"about":[{"href":"https:\/\/healthtourismcenterturkey.com\/de\/wp-json\/wp\/v2\/types\/page"}],"author":[{"embeddable":true,"href":"https:\/\/healthtourismcenterturkey.com\/de\/wp-json\/wp\/v2\/users\/2"}],"replies":[{"embeddable":true,"href":"https:\/\/healthtourismcenterturkey.com\/de\/wp-json\/wp\/v2\/comments?post=1423"}],"version-history":[{"count":3,"href":"https:\/\/healthtourismcenterturkey.com\/de\/wp-json\/wp\/v2\/pages\/1423\/revisions"}],"predecessor-version":[{"id":2062,"href":"https:\/\/healthtourismcenterturkey.com\/de\/wp-json\/wp\/v2\/pages\/1423\/revisions\/2062"}],"up":[{"embeddable":true,"href":"https:\/\/healthtourismcenterturkey.com\/de\/wp-json\/wp\/v2\/pages\/1299"}],"wp:attachment":[{"href":"https:\/\/healthtourismcenterturkey.com\/de\/wp-json\/wp\/v2\/media?parent=1423"}],"curies":[{"name":"wp","href":"https:\/\/api.w.org\/{rel}","templated":true}]}}