{"id":1421,"date":"2020-08-30T12:07:40","date_gmt":"2020-08-30T12:07:40","guid":{"rendered":"http:\/\/healthtourismcenterturkey.com\/?page_id=1421"},"modified":"2020-11-25T20:16:08","modified_gmt":"2020-11-25T20:16:08","slug":"ffa","status":"publish","type":"page","link":"https:\/\/healthtourismcenterturkey.com\/de\/goz-ameliyatlari\/goz-tetkikleri\/ffa\/","title":{"rendered":"FFA"},"content":{"rendered":"<div class=\"col-12 col-lg-6\">\n<h2 class=\"font__family-montserrat font__size-28 line__height-32 text-uppercase mb-35\"><span class=\"font__weight-light\">FFA (FUNDUS-FLORESCEIN-ANGIOGRAPHIE)<\/span><\/h2>\n<p class=\"brk-dark-font-color font__size-16 font__weight-normal line__height-26 mb-10\"><span style=\"font-size: 14pt;\">FFA (FUNDUS-FLORESCEIN-ANGIOGRAPHIE)<\/span><\/p>\n<p class=\"brk-dark-font-color font__size-16 font__weight-normal line__height-26 mb-10\"><span style=\"font-size: 14pt;\">Durchf\u00fchrung der Angiographie: Die Pupille wird mit Tropfen erweitert. Fluorescein wird intraven\u00f6s \u00fcber eine Vene am Arm oder Handr\u00fccken des Patienten injiziert. Dieses Medikament, das die Blutgef\u00e4\u00dfe erreicht, sorgt f\u00fcr deren Sichtbarkeit. Mit einer speziellen Kamera werden viele Bilder aufgenommen. Anhand dieser Bilder wird bewertet, ob es Probleme mit den Augenblutgef\u00e4\u00dfen gibt.<\/span><\/p>\n<p class=\"brk-dark-font-color font__size-16 font__weight-normal line__height-26 mb-10\"><span style=\"font-size: 14pt;\"><strong>Anwendungsbereiche der Fundus-Angiographie:<\/strong><\/span><br \/>\n<span style=\"font-size: 14pt;\">- Augeninnere Blutungen durch Diabetes<\/span><br \/>\n<span style=\"font-size: 14pt;\">- Retinale Gef\u00e4\u00dfverschluss<\/span><br \/>\n<span style=\"font-size: 14pt;\">- Altersbedingte Makuladegeneration (Altersbedingte Makulaerkrankung)<\/span><br \/>\n<span style=\"font-size: 14pt;\">- Augentumoren<\/span><\/p>\n<p class=\"brk-dark-font-color font__size-16 font__weight-normal line__height-26 mb-10\"><span style=\"font-size: 14pt;\"><strong>Nach der Angiographie:<\/strong><\/span><br \/>\n<span style=\"font-size: 14pt;\">- Die Tropfen, die zur Erweiterung des Auges verwendet werden, k\u00f6nnen vor\u00fcbergehend zu verschwommenem Sehen f\u00fchren.<\/span><br \/>\n<span style=\"font-size: 14pt;\">- Es k\u00f6nnen kurzfristige Farbver\u00e4nderungen in Haut, Zunge und Urin beobachtet werden.<\/span><\/p>\n<\/div>\n<div class=\"col-12 col-lg-6\"><img loading=\"lazy\" decoding=\"async\" class=\"alignnone size-full wp-image-1642\" src=\"http:\/\/healthtourismcenterturkey.com\/wp-content\/uploads\/2020\/09\/585x678_2-13-1.jpg\" alt=\"\" width=\"585\" height=\"678\" srcset=\"https:\/\/healthtourismcenterturkey.com\/wp-content\/uploads\/2020\/09\/585x678_2-13-1.jpg 585w, https:\/\/healthtourismcenterturkey.com\/wp-content\/uploads\/2020\/09\/585x678_2-13-1-259x300.jpg 259w\" sizes=\"(max-width: 585px) 100vw, 585px\" \/><\/div>","protected":false},"excerpt":{"rendered":"<p>FFA (FUNDUS FLORESE\u0130N ANJ\u0130OGRAF\u0130S\u0130) G\u00d6Z ANJ\u0130OGRAF\u0130S\u0130 Floresein adl\u0131 ila\u00e7 kullan\u0131larak g\u00f6z\u00fcn arka k\u0131sm\u0131ndaki damarlar\u0131n g\u00f6r\u00fcnt\u00fclemesini sa\u011flayan bir tan\u0131 y\u00f6ntemidir. Anjiografinin \u00e7ekili\u015fi: G\u00f6z bebe\u011fi damla ile b\u00fcy\u00fct\u00fcl\u00fcr. Hastan\u0131n kolundaki ya da elinin \u00fczerindeki damardan fl\u00f6resein ilac\u0131 enjekte edilir. G\u00f6z damarlar\u0131na ula\u015fan bu ila\u00e7 damarlar\u0131n g\u00f6r\u00fcn\u00fcrl\u00fc\u011f\u00fcn\u00fc sa\u011flar. \u00d6zel bir kamera ile \u00e7ok say\u0131da g\u00f6r\u00fcnt\u00fcs\u00fc al\u0131n\u0131r. Bu g\u00f6r\u00fcnt\u00fclere [&hellip;]<\/p>","protected":false},"author":2,"featured_media":0,"parent":1299,"menu_order":0,"comment_status":"closed","ping_status":"closed","template":"","meta":{"footnotes":""},"class_list":["post-1421","page","type-page","status-publish","hentry"],"acf":[],"_links":{"self":[{"href":"https:\/\/healthtourismcenterturkey.com\/de\/wp-json\/wp\/v2\/pages\/1421"}],"collection":[{"href":"https:\/\/healthtourismcenterturkey.com\/de\/wp-json\/wp\/v2\/pages"}],"about":[{"href":"https:\/\/healthtourismcenterturkey.com\/de\/wp-json\/wp\/v2\/types\/page"}],"author":[{"embeddable":true,"href":"https:\/\/healthtourismcenterturkey.com\/de\/wp-json\/wp\/v2\/users\/2"}],"replies":[{"embeddable":true,"href":"https:\/\/healthtourismcenterturkey.com\/de\/wp-json\/wp\/v2\/comments?post=1421"}],"version-history":[{"count":5,"href":"https:\/\/healthtourismcenterturkey.com\/de\/wp-json\/wp\/v2\/pages\/1421\/revisions"}],"predecessor-version":[{"id":2061,"href":"https:\/\/healthtourismcenterturkey.com\/de\/wp-json\/wp\/v2\/pages\/1421\/revisions\/2061"}],"up":[{"embeddable":true,"href":"https:\/\/healthtourismcenterturkey.com\/de\/wp-json\/wp\/v2\/pages\/1299"}],"wp:attachment":[{"href":"https:\/\/healthtourismcenterturkey.com\/de\/wp-json\/wp\/v2\/media?parent=1421"}],"curies":[{"name":"wp","href":"https:\/\/api.w.org\/{rel}","templated":true}]}}