{"id":1417,"date":"2020-08-30T12:06:39","date_gmt":"2020-08-30T12:06:39","guid":{"rendered":"http:\/\/healthtourismcenterturkey.com\/?page_id=1417"},"modified":"2020-11-25T20:08:21","modified_gmt":"2020-11-25T20:08:21","slug":"optik-kohorens-tomografi","status":"publish","type":"page","link":"https:\/\/healthtourismcenterturkey.com\/de\/optik-kohorens-tomografi\/","title":{"rendered":"Optische Koh\u00e4renztomografie (OCT)"},"content":{"rendered":"<div class=\"row pt-80\">\n<div class=\"col-12 col-lg-6\">\n<h2 class=\"font__family-montserrat font__size-28 line__height-32 text-uppercase mb-35\"><\/h2>\n<p class=\"brk-dark-font-color font__size-16 font__weight-normal line__height-26 mb-10\"><span style=\"font-size: 14pt;\">Die Optische Koh\u00e4renztomografie, kurz OCT, ist ein fortschrittliches Schnittbildverfahren zur Untersuchung und Messung der intraokularen Strukturen des Auges.<\/span><\/p>\n<p class=\"brk-dark-font-color font__size-16 font__weight-normal line__height-26 mb-10\"><span style=\"font-size: 14pt;\">Die Funktionsweise der Optischen Koh\u00e4renztomografie (OCT) \u00e4hnelt den in der Augenheilkunde verwendeten Ultraschallverfahren, jedoch wird im Gegensatz zu den Ultraschallanwendungen Licht mit einer Wellenl\u00e4nge von 820 Nanometern verwendet, anstatt Schallwellen.<\/span><\/p>\n<p class=\"brk-dark-font-color font__size-16 font__weight-normal line__height-26 mb-10\"><span style=\"font-size: 14pt;\">Da die Lichtgeschwindigkeit etwa 1 Million Mal schneller ist als die Schallgeschwindigkeit, erm\u00f6glicht die niedrigere Aufl\u00f6sung von 10 Nanometern bei OCT eine effizientere Ergebnisqualit\u00e4t im Vergleich zur Aufl\u00f6sung von 100 Nanometern bei Ultraschall.<\/span><\/p>\n<p class=\"brk-dark-font-color font__size-16 font__weight-normal line__height-26 mb-10\"><span style=\"font-size: 14pt;\">Im Gegensatz zur Ultraschalluntersuchung ben\u00f6tigt die Optische Koh\u00e4renztomografie keine Augentropfen und kann an einer nicht erweiterten Pupille durchgef\u00fchrt werden, ohne direkten Kontakt zum Auge zu haben.<\/span><\/p>\n<h2 class=\"brk-dark-font-color font__size-16 font__weight-normal line__height-26\"><span class=\"font__weight-light\">Messungen mit der Optischen Koh\u00e4renztomografie<\/span><\/h2>\n<p class=\"brk-dark-font-color font__size-16 font__weight-normal line__height-26 mb-10\"><span style=\"font-size: 14pt;\">Bei der Optischen Koh\u00e4renztomografie (OCT) werden die Verz\u00f6gerungszeiten der Lichtreflexionen gemessen, die vom Lichtzentrum ausgehen. Insbesondere erm\u00f6glicht sie eine detaillierte Analyse des Sehnervs, der Netzhautschichten und der Makula. Die OCT wird h\u00e4ufig zur Diagnose von Makula\u00f6demen eingesetzt, die als altersbedingte Erkrankungen sowie durch Diabetes und andere systemische Erkrankungen entstehen, und liefert wichtige Informationen \u00fcber den Zustand der Krankheit.<\/span><\/p>\n<\/div>\n<div class=\"col-12 col-lg-6\"><img loading=\"lazy\" decoding=\"async\" class=\"alignnone size-full wp-image-1639\" src=\"http:\/\/healthtourismcenterturkey.com\/wp-content\/uploads\/2020\/09\/585x678_2-12-1.jpg\" alt=\"\" width=\"585\" height=\"678\" srcset=\"https:\/\/healthtourismcenterturkey.com\/wp-content\/uploads\/2020\/09\/585x678_2-12-1.jpg 585w, https:\/\/healthtourismcenterturkey.com\/wp-content\/uploads\/2020\/09\/585x678_2-12-1-259x300.jpg 259w\" sizes=\"(max-width: 585px) 100vw, 585px\" \/><\/div>\n<\/div>\n<div class=\"overflow-hid position-static position-lg-relative pb-100\">\n<p class=\"brk-dark-font-color font__size-16 font__weight-normal line__height-26 mb-10\"><span style=\"font-size: 14pt;\">Wenn Sie m\u00f6chten, k\u00f6nnen Sie auch unseren Artikel \u00fcber altersbedingtes Makula\u00f6dem (sogenannte \u201eMakuladegeneration\u201c) in einer anderen Rubrik auf unserer Website lesen.<\/span><\/p>\n<\/div>","protected":false},"excerpt":{"rendered":"<p>K\u0131sa ad\u0131 ile OCT ile ifade edilen Optik Koherens Tomografisi, g\u00f6z i\u00e7i yap\u0131lar\u0131 muayene etmek ve \u00f6l\u00e7mek i\u00e7in kullan\u0131lan geli\u015fmi\u015f bir kesit g\u00f6r\u00fcnt\u00fcleme y\u00f6ntemidir. Optik Koherens Tomografisi (OCT) \u00e7al\u0131\u015fma prensibi, g\u00f6zde uygulanan ultrason uygulamalar\u0131na benzer olmakla birlikte, ultrasonda kullan\u0131lan ses dalgalar\u0131n\u0131n aksine OCT\u2019de 820 nanometre dalga boyutunda spektrofotmetrik \u0131\u015f\u0131k kullan\u0131lmaktad\u0131r. I\u015f\u0131k h\u0131z\u0131, ses h\u0131z\u0131ndan yakla\u015f\u0131k [&hellip;]<\/p>","protected":false},"author":2,"featured_media":0,"parent":0,"menu_order":0,"comment_status":"closed","ping_status":"closed","template":"","meta":{"footnotes":""},"class_list":["post-1417","page","type-page","status-publish","hentry"],"acf":[],"_links":{"self":[{"href":"https:\/\/healthtourismcenterturkey.com\/de\/wp-json\/wp\/v2\/pages\/1417"}],"collection":[{"href":"https:\/\/healthtourismcenterturkey.com\/de\/wp-json\/wp\/v2\/pages"}],"about":[{"href":"https:\/\/healthtourismcenterturkey.com\/de\/wp-json\/wp\/v2\/types\/page"}],"author":[{"embeddable":true,"href":"https:\/\/healthtourismcenterturkey.com\/de\/wp-json\/wp\/v2\/users\/2"}],"replies":[{"embeddable":true,"href":"https:\/\/healthtourismcenterturkey.com\/de\/wp-json\/wp\/v2\/comments?post=1417"}],"version-history":[{"count":3,"href":"https:\/\/healthtourismcenterturkey.com\/de\/wp-json\/wp\/v2\/pages\/1417\/revisions"}],"predecessor-version":[{"id":2059,"href":"https:\/\/healthtourismcenterturkey.com\/de\/wp-json\/wp\/v2\/pages\/1417\/revisions\/2059"}],"wp:attachment":[{"href":"https:\/\/healthtourismcenterturkey.com\/de\/wp-json\/wp\/v2\/media?parent=1417"}],"curies":[{"name":"wp","href":"https:\/\/api.w.org\/{rel}","templated":true}]}}