{"id":1415,"date":"2020-08-30T12:05:45","date_gmt":"2020-08-30T12:05:45","guid":{"rendered":"http:\/\/healthtourismcenterturkey.com\/?page_id=1415"},"modified":"2020-11-25T20:00:39","modified_gmt":"2020-11-25T20:00:39","slug":"micropulse-lazer","status":"publish","type":"page","link":"https:\/\/healthtourismcenterturkey.com\/de\/micropulse-lazer\/","title":{"rendered":"Mikropuls-Laser"},"content":{"rendered":"<div class=\"row pt-80\">\n<div class=\"col-12 col-lg-12\">\n<h2 class=\"font__family-montserrat font__size-28 line__height-32 text-uppercase mb-35\"><\/h2>\n<p class=\"brk-dark-font-color font__size-16 font__weight-normal line__height-26 mb-10\"><span style=\"font-size: 14pt;\">Der Mikropuls-Laser ist eine neue Technologie f\u00fcr Laserbehandlungen der Netzhaut, die entwickelt wurde, um Gewebesch\u00e4den auf ein Minimum zu reduzieren. Das Arbeitsprinzip dieser neuen Laseranwendung besteht darin, dass der Laser in sehr kurzen Impulsen auf das Zielgebiet angewendet wird. Dadurch wird erreicht, dass das Gewebe in den kurzen Pausen zwischen den Laserimpulsen abk\u00fchlen kann. Im Vergleich zu herk\u00f6mmlichen Lasern erm\u00f6glicht diese Methode durch die kurzen Intervalle eine geringere Gewebesch\u00e4digung, da das Gewebe Zeit hat, sich abzuk\u00fchlen. Bei herk\u00f6mmlichen Lasern gelangt die Energie w\u00e4hrend eines Laserimpulses kontinuierlich ins Gewebe, w\u00e4hrend beim Mikropuls- oder Subliminal-Laser die Energie in Paketen (mit offenen und geschlossenen Zeitabschnitten) gesendet wird.<\/span><\/p>\n<h2 class=\"brk-dark-font-color font__size-16 font__weight-normal line__height-26\"><span class=\"font__weight-bold\">KONVENTIONELLE (TRADITIONELLE) THERMAL LASER UND IHRE WIRKUNGEN<\/span><\/h2>\n<p class=\"brk-dark-font-color font__size-16 font__weight-normal line__height-26 mb-10\"><span style=\"font-size: 14pt;\">Konventionelle oder traditionelle thermale (w\u00e4rmewirkende) Laser werden seit vielen Jahren sicher und effektiv bei vaskul\u00e4ren Erkrankungen der Netzhaut, der Schicht, in der sich die Sehzellen (Fotorezeptoren) befinden, eingesetzt. Zu den wichtigsten Netzhauterkrankungen, bei denen die Laserbehandlung angewendet wird, geh\u00f6ren:<\/span><\/p>\n<p class=\"brk-dark-font-color font__size-16 font__weight-normal line__height-26\"><span style=\"font-size: 14pt;\">- Diabetische Retinopathie (Netzhautblutungen und -verstopfungen, die durch Diabetes verursacht werden)<\/span><\/p>\n<p class=\"brk-dark-font-color font__size-16 font__weight-normal line__height-26\"><span style=\"font-size: 14pt;\">\u2013 Hypertensive Retinopathie<\/span><\/p>\n<p class=\"brk-dark-font-color font__size-16 font__weight-normal line__height-26\"><span style=\"font-size: 14pt;\">- Retinale Gef\u00e4\u00dfverschluss<\/span><\/p>\n<p class=\"brk-dark-font-color font__size-16 font__weight-normal line__height-26\"><span style=\"font-size: 14pt;\">\u2013 Retinale Makroaneurysmen (Aussackungen in den Blutgef\u00e4\u00dfen)<\/span><\/p>\n<p class=\"brk-dark-font-color font__size-16 font__weight-normal line__height-26 mb-20\"><span style=\"font-size: 14pt;\">\u2013 Zentrale ser\u00f6se Retinopathie<\/span><\/p>\n<\/div>\n<div class=\"col-12 col-lg-12 mb-20\"><img loading=\"lazy\" decoding=\"async\" class=\"alignnone size-full wp-image-1637\" src=\"http:\/\/healthtourismcenterturkey.com\/wp-content\/uploads\/2020\/09\/micropulse-laser-treatment.jpg\" alt=\"\" width=\"1058\" height=\"802\" srcset=\"https:\/\/healthtourismcenterturkey.com\/wp-content\/uploads\/2020\/09\/micropulse-laser-treatment.jpg 1058w, https:\/\/healthtourismcenterturkey.com\/wp-content\/uploads\/2020\/09\/micropulse-laser-treatment-300x227.jpg 300w, https:\/\/healthtourismcenterturkey.com\/wp-content\/uploads\/2020\/09\/micropulse-laser-treatment-1024x776.jpg 1024w, https:\/\/healthtourismcenterturkey.com\/wp-content\/uploads\/2020\/09\/micropulse-laser-treatment-768x582.jpg 768w\" sizes=\"(max-width: 1058px) 100vw, 1058px\" \/><\/div>\n<\/div>\n<div class=\"overflow-hid position-static position-lg-relative pb-100\">\n<p class=\"brk-dark-font-color font__size-16 font__weight-normal line__height-26 mb-10\"><span style=\"font-size: 14pt;\">Allerdings treten neben den positiven Effekten traditioneller thermischer Laser auch einige Nebenwirkungen auf, die durch die Ausdehnung oder Vertiefung von hitzebedingten Verbrennungen verursacht werden (Abbildung 2). Dazu geh\u00f6ren:<\/span><\/p>\n<p class=\"brk-dark-font-color font__size-16 font__weight-normal line__height-26\"><span style=\"font-size: 14pt;\">\u2013 Gesichtsfelddefekte (Abbildung 3)<\/span><\/p>\n<p class=\"brk-dark-font-color font__size-16 font__weight-normal line__height-26\"><span style=\"font-size: 14pt;\">\u2013 Abnahme der Farbsehsch\u00e4rfe<\/span><\/p>\n<p class=\"brk-dark-font-color font__size-16 font__weight-normal line__height-26\"><span style=\"font-size: 14pt;\">\u2013 Abnahme der Kontrastempfindlichkeit (Sch\u00e4rfe)<\/span><\/p>\n<p class=\"brk-dark-font-color font__size-16 font__weight-normal line__height-26\"><span style=\"font-size: 14pt;\">\u2013 Neubildung von Blutgef\u00e4\u00dfen in tiefen Schichten (choroidale Neovaskularisation) und damit verbundene Blutungen<\/span><\/p>\n<p class=\"brk-dark-font-color font__size-16 font__weight-normal line__height-26\"><span style=\"font-size: 14pt;\">\u2013 Wundheilung (epiretinale Fibrose), die zu Falten und Runzeln auf der Netzhautoberfl\u00e4che f\u00fchren kann, sowie damit verbundene verzerrte Sicht<\/span><\/p>\n<p class=\"brk-dark-font-color font__size-16 font__weight-normal line__height-26\"><span style=\"font-size: 14pt;\">\u2013 Ansammlung von Fl\u00fcssigkeit unter der Netzhaut (ser\u00f6se Netzhautabl\u00f6sung) bei \u00fcberm\u00e4\u00dfiger Laserbehandlung<\/span><\/p>\n<p class=\"brk-dark-font-color font__size-16 font__weight-normal line__height-26 mb-30\"><span style=\"font-size: 14pt;\">Um diese Nebenwirkungen zu minimieren und um Patienten w\u00e4hrend der Behandlung durch den Anstieg der Temperatur Schmerzen zu ersparen, wurden kurzzeitige Laserimpulse entwickelt, die die Gewebe nicht verbrennen. Subliminale oder Mikropuls-Laser sind Namen f\u00fcr eine Art von Untergrenze-Laser.<\/span><\/p>\n<h2 class=\"brk-dark-font-color font__size-16 font__weight-normal line__height-26\"><span class=\"font__weight-bold\">Funktionsprinzipien und Anwendungsbereiche von Mikropuls-Subliminallasern<\/span><\/h2>\n<p class=\"brk-dark-font-color font__size-16 font__weight-normal line__height-26 mb-30\"><span style=\"font-size: 14pt;\">Mikropuls- und subliminale Laser arbeiten nach einem Prinzip, das ihnen erm\u00f6glicht, die behandelten Bereiche mit sehr kurzen Impulsen zu bestrahlen und gleichzeitig den Geweben ausreichend Zeit zum Abk\u00fchlen zu geben. Diese Laser werden auch als \u201eintermittierend gepulste\u201c Laser bezeichnet, da im Gegensatz zu herk\u00f6mmlichen Lasern, bei denen die Energie w\u00e4hrend eines einzigen Laserimpulses kontinuierlich auf das Gewebe einwirkt, Mikropuls- oder subliminale Laser die Energie in Paketen (mit offenen und geschlossenen Zeitabschnitten) abgeben (Abbildung 4).\nDies erm\u00f6glicht die Stimulation der Retinapigmentepithelzellen (RPE), die sich direkt unter der sehr empfindlichen Netzhaut befinden, ohne eine Erh\u00f6hung der Temperatur im retinale Gewebe zu verursachen (Abbildung 5). Durch diese Stimulation werden auf zellul\u00e4rer Ebene spezielle Substanzen freigesetzt, die helfen, Leckagen, Blutungen und \u00e4hnliche Probleme im erkrankten Bereich zu beheben. Dieser Effekt wird als \u201eBiostimulation\u201c bezeichnet (Abbildung 6).<\/span><\/p>\n<h2 class=\"brk-dark-font-color font__size-16 font__weight-normal line__height-26\"><span class=\"font__weight-bold\">Vorteile von Mikropuls- und subliminalen Lasern:<\/span><\/h2>\n<p class=\"brk-dark-font-color font__size-16 font__weight-normal line__height-26\"><span style=\"font-size: 14pt;\">Anwendung ohne Gewebesch\u00e4digung in der Netzhaut: Kaltlaser verursachen im Gegensatz zu klassischen Argon- und Diodenlasern keine Sch\u00e4den an der Netzhaut.<\/span><\/p>\n<p class=\"brk-dark-font-color font__size-16 font__weight-normal line__height-26\"><span style=\"font-size: 14pt;\">Wiederholbare Anwendung am selben Behandlungsbereich: Da Mikropuls- und subliminale Laser keine sichtbaren Sch\u00e4den im Netzgewebe hinterlassen, k\u00f6nnen sie sicher und mehrfach am gleichen Bereich angewendet werden. Dadurch wird die Behandlungseffektivit\u00e4t erh\u00f6ht.<\/span><\/p>\n<p class=\"brk-dark-font-color font__size-16 font__weight-normal line__height-26\"><span style=\"font-size: 14pt;\">Wirksam bei allen Arten von vaskul\u00e4ren Netzhauterkrankungen: Sie k\u00f6nnen effektiv und zuverl\u00e4ssig bei vielen vaskul\u00e4ren Erkrankungen der Netzhaut eingesetzt werden (z.B. Diabetes, retinalen Gef\u00e4\u00dfverschluss, Abl\u00f6sungen der Netzhautschichten (SSR), retinalen Aneurysmen).<\/span><\/p>\n<p class=\"brk-dark-font-color font__size-16 font__weight-normal line__height-26\"><span style=\"font-size: 14pt;\">Kombinierbarkeit mit intravitrealen Injektionen: Die Anwendung von Kaltlasern in Kombination mit intravitrealen Medikamenteninjektionen, die heutzutage bei vielen Netzhauterkrankungen eingesetzt werden, steigert die Behandlungseffektivit\u00e4t und erm\u00f6glicht bessere visuelle Ergebnisse.<\/span><\/p>\n<\/div>","protected":false},"excerpt":{"rendered":"<p>Retina tabakas\u0131na uygulanan lazer tedavileri a\u00e7\u0131s\u0131ndan yeni bir teknoloji olan Micropulse Laser doku hasarlar\u0131n\u0131n minimum seviyede olmas\u0131n\u0131 sa\u011flamak i\u00e7in geli\u015ftirilmi\u015ftir. Bu yeni lazer uygulamas\u0131n\u0131n \u00e7al\u0131\u015fma prensibi, lazer uygulanan b\u00f6lgeye \u00e7ok k\u0131sa at\u0131mlar ile lazer uygulanmas\u0131d\u0131r. Bu sayede olu\u015fan k\u0131sa aral\u0131klarda dokunun so\u011fumas\u0131 ama\u00e7lanmaktad\u0131r. Geleneksel lazerlere oranla daha az doku hasar\u0131 dokunun so\u011fumas\u0131na izin veren bu [&hellip;]<\/p>","protected":false},"author":2,"featured_media":0,"parent":0,"menu_order":0,"comment_status":"closed","ping_status":"closed","template":"","meta":{"footnotes":""},"class_list":["post-1415","page","type-page","status-publish","hentry"],"acf":[],"_links":{"self":[{"href":"https:\/\/healthtourismcenterturkey.com\/de\/wp-json\/wp\/v2\/pages\/1415"}],"collection":[{"href":"https:\/\/healthtourismcenterturkey.com\/de\/wp-json\/wp\/v2\/pages"}],"about":[{"href":"https:\/\/healthtourismcenterturkey.com\/de\/wp-json\/wp\/v2\/types\/page"}],"author":[{"embeddable":true,"href":"https:\/\/healthtourismcenterturkey.com\/de\/wp-json\/wp\/v2\/users\/2"}],"replies":[{"embeddable":true,"href":"https:\/\/healthtourismcenterturkey.com\/de\/wp-json\/wp\/v2\/comments?post=1415"}],"version-history":[{"count":5,"href":"https:\/\/healthtourismcenterturkey.com\/de\/wp-json\/wp\/v2\/pages\/1415\/revisions"}],"predecessor-version":[{"id":2058,"href":"https:\/\/healthtourismcenterturkey.com\/de\/wp-json\/wp\/v2\/pages\/1415\/revisions\/2058"}],"wp:attachment":[{"href":"https:\/\/healthtourismcenterturkey.com\/de\/wp-json\/wp\/v2\/media?parent=1415"}],"curies":[{"name":"wp","href":"https:\/\/api.w.org\/{rel}","templated":true}]}}