{"id":1411,"date":"2020-08-30T12:04:44","date_gmt":"2020-08-30T12:04:44","guid":{"rendered":"http:\/\/healthtourismcenterturkey.com\/?page_id=1411"},"modified":"2022-03-24T18:15:27","modified_gmt":"2022-03-24T18:15:27","slug":"goz-kapagi-estetigi","status":"publish","type":"page","link":"https:\/\/healthtourismcenterturkey.com\/de\/goz-ameliyatlari\/goz-cevresi-estetigi\/goz-kapagi-estetigi\/","title":{"rendered":"Augenlid\u00e4sthetik"},"content":{"rendered":"<h1 class=\"vc_custom_heading font-weight-bold letter-spacing-1 vc_custom_1545671933691\">Was ist eine Augenlid\u00e4sthetik?<\/h1>\n<p class=\"vc_custom_heading vc_custom_1545671918843\"><span style=\"font-size: 14pt;\">Einige Menschen haben von Geburt an oder sp\u00e4ter verschiedene Probleme mit ihren Augenlidern. Zu den h\u00e4ufigsten und am leichtesten erkennbaren Beschwerden geh\u00f6rt das ungleiche \u00d6ffnen der Augenlider, wobei eines h\u00f6her oder niedriger ist als das andere. Es kann auch angenommen werden, dass beide Augenlider betroffen sind. All diese Probleme k\u00f6nnen durch \u00e4sthetische Eingriffe behandelt werden. Insbesondere mit \u00e4sthetischen Augenlidoperationen k\u00f6nnen die besten Ergebnisse in k\u00fcrzester Zeit erzielt werden.<\/span><\/p>\n<div class=\"wpb_single_image wpb_content_element vc_align_left vc_custom_1545672052281\">\n<figure class=\"wpb_wrapper vc_figure\">\n<div class=\"vc_single_image-wrapper vc_box_border_grey\"><\/div>\n<\/figure>\n<\/div>\n<p class=\"vc_custom_heading vc_custom_1545672064689\"><span style=\"font-size: 14pt;\">Ein wichtiges Indiz f\u00fcr den Erfolg der Augenlidoperation ist, dass beide Augenlider nach dem Eingriff gleich gro\u00df, gleich volumig und gleich funktionsf\u00e4hig sind. Besonders wenn es eine auff\u00e4llige Unregelm\u00e4\u00dfigkeit bei den Augenlidern gibt, k\u00f6nnen durch sehr pr\u00e4zise Eingriffe sch\u00f6ne Ergebnisse erzielt werden.<\/span><\/p>\n<div class=\"rt-separator element-one\" data-separator-width=\"100%\" data-separator-color=\"#000000\" data-separator-background=\"#ffffff\" data-separator-direction=\"center\">\n<div class=\"block\">\n<div class=\"gap\"><\/div>\n<div class=\"bar\"><img loading=\"lazy\" decoding=\"async\" class=\"alignnone size-full wp-image-2151\" src=\"https:\/\/healthtourismcenterturkey.com\/wp-content\/uploads\/2022\/03\/gozkapag.jpg\" alt=\"\" width=\"900\" height=\"400\" srcset=\"https:\/\/healthtourismcenterturkey.com\/wp-content\/uploads\/2022\/03\/gozkapag.jpg 900w, https:\/\/healthtourismcenterturkey.com\/wp-content\/uploads\/2022\/03\/gozkapag-300x133.jpg 300w, https:\/\/healthtourismcenterturkey.com\/wp-content\/uploads\/2022\/03\/gozkapag-768x341.jpg 768w\" sizes=\"(max-width: 900px) 100vw, 900px\" \/><\/div>\n<\/div>\n<\/div>\n<p>&nbsp;<\/p>\n<h1 class=\"vc_custom_heading vc_custom_1545672258751\">F\u00fcr welche Altersgruppe ist eine Augenlid\u00e4sthetik-Operation geeignet?<\/h1>\n<p class=\"vc_custom_heading vc_custom_1545672095991\"><span style=\"font-size: 14pt;\">H\u00e4ngende Augenlider, die das Sichtfeld beeintr\u00e4chtigen und das Sehen erschweren, treten meist mit zunehmendem Alter auf. Nat\u00fcrlich k\u00f6nnen in einigen F\u00e4llen auch Umweltfaktoren oder genetische Veranlagungen eine Rolle spielen. Die sich im Laufe der Zeit entwickelnden Augenliderschlaffungen deuten darauf hin, dass dieser \u00e4sthetische Eingriff h\u00e4ufig in fortgeschrittenem Alter durchgef\u00fchrt wird. Statistisch gesehen sind es insbesondere Personen \u00fcber 35 bis 40 Jahren, die sich f\u00fcr eine Augenlid\u00e4sthetik-Operation entscheiden.<\/span><\/p>\n<div class=\"vc_row wpb_row vc_inner vc_row-fluid vc_custom_1545478509233\">\n<div class=\"wpb_column vc_column_container vc_col-sm-12 vc_col-has-fill\">\n<div class=\"vc_column-inner vc_custom_1545478117371\">\n<div class=\"wpb_wrapper\">\n<p>&nbsp;<\/p>\n<h1 class=\"vc_custom_heading vc_custom_1545672258751\">Wichtige Hinweise zur Augenlid\u00e4sthetik-Operation<\/h1>\n<p class=\"vc_custom_heading vc_custom_1545672213914\"><span style=\"font-size: 14pt;\">Es ist bekannt, dass verschiedene Faktoren f\u00fcr die Augenlid\u00e4sthetik-Operation von Bedeutung sind. Die folgenden Punkte zeigen allgemein, was bekannt sein sollte:<\/span><\/p>\n<p class=\"vc_custom_heading vc_custom_1545672227755\"><span style=\"font-size: 14pt;\">\u2022 W\u00e4hrend der Operation wird eine lokale An\u00e4sthesie angewendet, das hei\u00dft, der Patient schl\u00e4ft nicht und bleibt bei vollem Bewusstsein.<\/span><br \/>\n<span style=\"font-size: 14pt;\">\u2022 Obwohl eine lokale An\u00e4sthesie durchgef\u00fchrt wird, versp\u00fcrt der Patient keinerlei Schmerzen.<\/span><br \/>\n<span style=\"font-size: 14pt;\">\u2022 Die Augenlid\u00e4sthetik-Operation dauert in der Regel etwa 2 Stunden.<\/span><br \/>\n<span style=\"font-size: 14pt;\">\u2022 Die Schnitte, die w\u00e4hrend der Operation gemacht werden, verlaufen entlang nat\u00fcrlicher Linien.<\/span><br \/>\n<span style=\"font-size: 14pt;\">\u2022 Wenn ein Schnitt am Unterlid gesetzt wird, erfolgt dies direkt unterhalb der Wimpern.<\/span><br \/>\n<span style=\"font-size: 14pt;\">\u2022 W\u00e4hrend des Eingriffs wird das hervorstehende Fettgewebe korrigiert, und \u00fcbersch\u00fcssiges Gewebe sowie andere Elemente werden vom Augenlid entfernt.<\/span><br \/>\n<span style=\"font-size: 14pt;\">\u2022 Obwohl das Hauptziel darin besteht, das Fettgewebe zu erhalten, kann es bei einigen Patienten aufgrund von \u00fcberm\u00e4\u00dfiger Ersch\u00f6pfung und Vertiefungen in diesen Bereichen notwendig sein, dieses Gewebe zu entfernen.<\/span><\/p>\n<\/div>\n<\/div>\n<\/div>\n<\/div>\n<div class=\"rt-separator element-one\" data-separator-width=\"100%\" data-separator-color=\"#000000\" data-separator-background=\"#ffffff\" data-separator-direction=\"center\">\n<div class=\"block\">\n<h1 class=\"bar\"><\/h1>\n<\/div>\n<\/div>\n<p>&nbsp;<\/p>\n<h1 class=\"vc_custom_heading font-weight-semibold vc_custom_1545672401332\">Nach der Augenlid\u00e4sthetik-Operation<\/h1>\n<p class=\"vc_custom_heading vc_custom_1545672427116\"><span style=\"font-size: 14pt;\">Da es sich um einen chirurgischen Eingriff handelt, sollten zun\u00e4chst eine sorgf\u00e4ltige Planung, ein geeignetes Design und allgemeine Prozessanalysen dem Patienten vermittelt werden. Anschlie\u00dfend erfolgt die vollst\u00e4ndige Sammlung und Bewertung aller Befunde bez\u00fcglich der Augenlider und des umliegenden Bereichs, gefolgt von den notwendigen Eingriffen. Da es sich um chirurgische Anwendungen handelt, k\u00f6nnen gelegentlich chirurgische Instrumente verwendet werden, w\u00e4hrend ein sehr kleiner Schnitt auf der R\u00fcckseite des Augenlids die Bedeutung der Pflege unterstreicht.<\/span><\/p>\n<p class=\"vc_custom_heading vc_custom_1545672318701\"><span style=\"font-size: 14pt;\">Es ist v\u00f6llig normal, dass die Augen in den ersten zwei Tagen nach der Operation anschwellen. Diese Schwellungen nehmen bis zum f\u00fcnften Tag erheblich ab, und innerhalb von zwei Wochen sind alle Schwellungen verschwunden und der Bereich um die Augen ist vollst\u00e4ndig normalisiert. Auch die Bluterg\u00fcsse nehmen in gleicher Weise ab und verschwinden.<\/span><\/p>\n<p class=\"vc_custom_heading vc_custom_1545672332664\"><span style=\"font-size: 14pt;\">Nach der Operation ist ein Aufenthalt im Krankenhaus nicht erforderlich, und der Heilungsprozess kann durch h\u00e4usliche Pflege und vorsichtiges Verhalten geleitet werden.<\/span><\/p>\n<p class=\"vc_custom_heading vc_custom_1545672342217\"><span style=\"font-size: 14pt;\">F\u00fcr diese \u00e4sthetische Operation, die weltweit mit verschiedenen Techniken durchgef\u00fchrt wird, k\u00f6nnen auch Sie jetzt aktiv werden.<\/span><\/p>\n<p>&nbsp;<\/p>","protected":false},"excerpt":{"rendered":"<p>G\u00f6z Kapa\u011f\u0131 Esteti\u011fi Nedir? Kimi insanlar do\u011fu\u015ftan, kimi insanlar ise sonradan olmak kayd\u0131 ile g\u00f6z kapaklar\u0131na dair \u00e7e\u015fitli s\u0131k\u0131nt\u0131lara sahip olabilirler. En \u00e7ok g\u00f6r\u00fclen ve yayg\u0131n \u015fekilde de fark edilebilen rahats\u0131zl\u0131klar aras\u0131nda ise bir g\u00f6z kapa\u011f\u0131n\u0131n di\u011ferinden daha az ya da daha \u00e7ok a\u00e7\u0131lmas\u0131 say\u0131labilir. Ya da her iki g\u00f6z kapa\u011f\u0131n\u0131n da problemli oldu\u011fu varsay\u0131m [&hellip;]<\/p>","protected":false},"author":2,"featured_media":0,"parent":1294,"menu_order":0,"comment_status":"closed","ping_status":"closed","template":"","meta":{"footnotes":""},"class_list":["post-1411","page","type-page","status-publish","hentry"],"acf":[],"_links":{"self":[{"href":"https:\/\/healthtourismcenterturkey.com\/de\/wp-json\/wp\/v2\/pages\/1411"}],"collection":[{"href":"https:\/\/healthtourismcenterturkey.com\/de\/wp-json\/wp\/v2\/pages"}],"about":[{"href":"https:\/\/healthtourismcenterturkey.com\/de\/wp-json\/wp\/v2\/types\/page"}],"author":[{"embeddable":true,"href":"https:\/\/healthtourismcenterturkey.com\/de\/wp-json\/wp\/v2\/users\/2"}],"replies":[{"embeddable":true,"href":"https:\/\/healthtourismcenterturkey.com\/de\/wp-json\/wp\/v2\/comments?post=1411"}],"version-history":[{"count":4,"href":"https:\/\/healthtourismcenterturkey.com\/de\/wp-json\/wp\/v2\/pages\/1411\/revisions"}],"predecessor-version":[{"id":2152,"href":"https:\/\/healthtourismcenterturkey.com\/de\/wp-json\/wp\/v2\/pages\/1411\/revisions\/2152"}],"up":[{"embeddable":true,"href":"https:\/\/healthtourismcenterturkey.com\/de\/wp-json\/wp\/v2\/pages\/1294"}],"wp:attachment":[{"href":"https:\/\/healthtourismcenterturkey.com\/de\/wp-json\/wp\/v2\/media?parent=1411"}],"curies":[{"name":"wp","href":"https:\/\/api.w.org\/{rel}","templated":true}]}}