{"id":1409,"date":"2020-08-30T12:04:21","date_gmt":"2020-08-30T12:04:21","guid":{"rendered":"http:\/\/healthtourismcenterturkey.com\/?page_id=1409"},"modified":"2020-11-25T19:47:35","modified_gmt":"2020-11-25T19:47:35","slug":"goz-cevresi-uygulamalari","status":"publish","type":"page","link":"https:\/\/healthtourismcenterturkey.com\/de\/goz-ameliyatlari\/goz-cevresi-estetigi\/goz-cevresi-uygulamalari\/","title":{"rendered":"Augenbereichsanwendungen"},"content":{"rendered":"<div class=\"row pt-80\">\n<div class=\"col-12 col-lg-6\">\n<p class=\"brk-dark-font-color font__size-16 font__weight-normal line__height-26 mb-10\"><span style=\"font-size: 14pt;\">Unsere Augen sind eines der wichtigsten Sinnesorgane, da sie f\u00fcr die Sehfunktion verantwortlich sind. Neben der F\u00e4higkeit, die Welt klar zu sehen, spielt auch die Sch\u00f6nheit der Augen eine wichtige Rolle. Wenn von der Sch\u00f6nheit der Augen die Rede ist, umfasst dies nicht nur das Innere des Auges, sondern auch die Augenlider, die umliegenden Bereiche und die \u00e4u\u00dfere Kontur des Auges. Besonders durch medizinische Anwendungen im Augenbereich k\u00f6nnen bestehende Linien und Falten erheblich reduziert und auf ein kaum wahrnehmbares Ma\u00df verringert werden.<\/span><\/p>\n<h1 class=\"brk-dark-font-color font__size-16 font__weight-normal line__height-26\"><span class=\"font__weight-light\">\u00c4STHETISCHE ANWENDUNGEN IM AUGENBEREICH SOLLTEN VON AUGENFACH\u00c4RZTEN DURCHGEF\u00dcHRT WERDEN<\/span><\/h1>\n<p class=\"brk-dark-font-color font__size-16 font__weight-normal line__height-26 mb-10\"><span style=\"font-size: 14pt;\">Die eingesetzten Medikamente sind eigentlich Toxine, die von anaeroben (sauerstoffunabh\u00e4ngigen) Bakterien produziert werden und die Nerven\u00fcbertragung in den Muskeln blockieren. Eine falsche Dosierung kann ernsthafte gesundheitliche Probleme verursachen. Daher sollten die Augen\u00e4rzte, die das anatomische, nervale und vaskul\u00e4re System des Auges am besten kennen, die Anwendungen im Augenbereich durchf\u00fchren. Medikamente, die in der richtigen Dosis und von erfahrenen Fachleuten angewendet werden, gew\u00e4hrleisten den Erfolg bei der Beseitigung von Augenfalten.<\/span><\/p>\n<h1 class=\"brk-dark-font-color font__size-16 font__weight-normal line__height-26\"><span class=\"font__weight-light\">HABEN SIE EINEN SCH\u00d6NEN LOOK MIT \u00c4STHETISCHEN ANWENDUNGEN F\u00dcR DEN AUGENBEREICH<\/span><\/h1>\n<p class=\"brk-dark-font-color font__size-16 font__weight-normal line__height-26 mb-10\"><span style=\"font-size: 14pt;\">Besonders f\u00fcr die Faltenbildung an der \u00e4u\u00dferen Ecke des Auges, die einem Kr\u00e4henfu\u00df \u00e4hnelt, wird h\u00e4ufig auf Injektionen zur\u00fcckgegriffen. Diese Falten entstehen in der Regel durch altersbedingte Mimiknutzung, \u00fcberm\u00e4\u00dfige Anstrengung der Augenmuskeln oder durch Verletzungen. Dank \u00e4sthetischer Anwendungen kann dieses Faltenproblem an der \u00e4u\u00dferen Augenecke effektiv beseitigt werden.<\/span><\/p>\n<\/div>\n<\/div>\n<div class=\"col-12 col-lg-6\"><img loading=\"lazy\" decoding=\"async\" class=\"alignnone size-full wp-image-1597\" src=\"http:\/\/healthtourismcenterturkey.com\/wp-content\/uploads\/2020\/09\/585x678_2-5-1.jpg\" alt=\"\" width=\"585\" height=\"678\" srcset=\"https:\/\/healthtourismcenterturkey.com\/wp-content\/uploads\/2020\/09\/585x678_2-5-1.jpg 585w, https:\/\/healthtourismcenterturkey.com\/wp-content\/uploads\/2020\/09\/585x678_2-5-1-259x300.jpg 259w\" sizes=\"(max-width: 585px) 100vw, 585px\" \/><\/div>\n<div class=\"overflow-hid position-static position-lg-relative pb-100\">\n<p class=\"brk-dark-font-color font__size-16 font__weight-normal line__height-26 mb-10\">\n<\/div>","protected":false},"excerpt":{"rendered":"<p>G\u00f6zlerimiz kulland\u0131\u011f\u0131m\u0131z duyu organlar\u0131ndan g\u00f6rme i\u015flevi sebebi ile en \u00f6nemlilerinden bir tanesi. D\u00fcnyaya net bakabilmenin yan\u0131 s\u0131ra g\u00fczel bir g\u00f6z g\u00fczelli\u011fi de \u00f6nemli hususlardan. G\u00f6z g\u00fczelli\u011fi denildi\u011finde sadece g\u00f6z\u00fcn i\u00e7 k\u0131sm\u0131 de\u011fil, g\u00f6z\u00fcn kapaklar\u0131, \u00e7evre b\u00f6lgeleri, g\u00f6z\u00fcn d\u0131\u015f k\u0131sm\u0131n\u0131 da kapsamaktad\u0131r. \u00d6zellikle g\u00f6z \u00e7evresi ila\u00e7 uygulamalar\u0131 ile varolan \u00e7izgiler ve k\u0131r\u0131\u015f\u0131kl\u0131klardan b\u00fcy\u00fck oranda azalt\u0131lmakta ve [&hellip;]<\/p>","protected":false},"author":2,"featured_media":0,"parent":1294,"menu_order":0,"comment_status":"closed","ping_status":"closed","template":"","meta":{"footnotes":""},"class_list":["post-1409","page","type-page","status-publish","hentry"],"acf":[],"_links":{"self":[{"href":"https:\/\/healthtourismcenterturkey.com\/de\/wp-json\/wp\/v2\/pages\/1409"}],"collection":[{"href":"https:\/\/healthtourismcenterturkey.com\/de\/wp-json\/wp\/v2\/pages"}],"about":[{"href":"https:\/\/healthtourismcenterturkey.com\/de\/wp-json\/wp\/v2\/types\/page"}],"author":[{"embeddable":true,"href":"https:\/\/healthtourismcenterturkey.com\/de\/wp-json\/wp\/v2\/users\/2"}],"replies":[{"embeddable":true,"href":"https:\/\/healthtourismcenterturkey.com\/de\/wp-json\/wp\/v2\/comments?post=1409"}],"version-history":[{"count":4,"href":"https:\/\/healthtourismcenterturkey.com\/de\/wp-json\/wp\/v2\/pages\/1409\/revisions"}],"predecessor-version":[{"id":2051,"href":"https:\/\/healthtourismcenterturkey.com\/de\/wp-json\/wp\/v2\/pages\/1409\/revisions\/2051"}],"up":[{"embeddable":true,"href":"https:\/\/healthtourismcenterturkey.com\/de\/wp-json\/wp\/v2\/pages\/1294"}],"wp:attachment":[{"href":"https:\/\/healthtourismcenterturkey.com\/de\/wp-json\/wp\/v2\/media?parent=1409"}],"curies":[{"name":"wp","href":"https:\/\/api.w.org\/{rel}","templated":true}]}}