{"id":1407,"date":"2020-08-30T12:03:56","date_gmt":"2020-08-30T12:03:56","guid":{"rendered":"http:\/\/healthtourismcenterturkey.com\/?page_id=1407"},"modified":"2020-11-25T19:42:20","modified_gmt":"2020-11-25T19:42:20","slug":"goz-alti-morluklari","status":"publish","type":"page","link":"https:\/\/healthtourismcenterturkey.com\/de\/goz-ameliyatlari\/goz-cevresi-estetigi\/goz-alti-morluklari\/","title":{"rendered":"Dunkle Ringe unter den Augen"},"content":{"rendered":"<div class=\"row pt-80\">\n<div class=\"col-12 col-lg-6\">\n<h2 class=\"font__family-montserrat font__size-28 line__height-32 text-uppercase mb-35\"><\/h2>\n<p class=\"brk-dark-font-color font__size-16 font__weight-normal line__height-26 mb-10\"><span style=\"font-size: 14pt;\">Das Erscheinungsbild der Haut unter den Augen, das dunkler als gew\u00f6hnlich ist, wird als dunkle Ringe unter den Augen bezeichnet. Diese k\u00f6nnen durch erh\u00f6hte Pigmentierung (eine Zunahme der Farbstoffproduktion in den Hautzellen) und die D\u00fcnnheit der Haut unter den Augen entstehen. Dunkle Ringe unter den Augen k\u00f6nnen in jedem Alter auftreten und sind insbesondere bei Frauen h\u00e4ufig mit \u00e4sthetischen Sorgen verbunden. Sie k\u00f6nnen eine Person \u00e4lter, ungl\u00fccklich und weniger selbstbewusst erscheinen lassen.<\/span><\/p>\n<h1 class=\"brk-dark-font-color font__size-16 font__weight-normal line__height-26\"><span class=\"font__weight-light\">Diverse Ursachen f\u00fcr dunkle Ringe unter den Augen: Die h\u00e4ufigsten Ursachen<\/span><\/h1>\n<p class=\"brk-dark-font-color font__size-16 font__weight-normal line__height-26 mb-10\"><span style=\"font-size: 14pt;\">Erh\u00f6hte Hautpigmentierung: Ein Anstieg der Hautpigmentierung kann zu einem dunklen Erscheinungsbild f\u00fchren, insbesondere bei allergischen Reaktionen und atopischer Dermatitis. Bei Nasenverstopfung kann es aufgrund der Erweiterung der Blutgef\u00e4\u00dfe unter den Augen zu einer Zunahme der dunklen Ringe kommen. Bei Personen mit dunklerer Hautfarbe k\u00f6nnen dunkle Ringe st\u00e4rker auffallen. Auch Muttermale, die als \"Ota-Nevus\" bezeichnet werden, k\u00f6nnen eine Ursache f\u00fcr dunkle Ringe unter den Augen sein.<\/span><\/p>\n<p class=\"brk-dark-font-color font__size-16 font__weight-normal line__height-26 mb-10\"><span style=\"font-size: 14pt;\">Verd\u00fcnnung der Haut \u00fcber dem Muskelgewebe: Wenn die Haut, die \u00fcber dem Muskelgewebe liegt, d\u00fcnner wird und keine Fettschicht darunter vorhanden ist, k\u00f6nnen die Blutgef\u00e4\u00dfe im Muskelgewebe sichtbar werden, was zu dunklen Ringen unter den Augen f\u00fchrt. Besonders in F\u00e4llen von An\u00e4mie oder M\u00fcdigkeit k\u00f6nnen dunkle Ringe entstehen.<\/span><\/p>\n<p class=\"brk-dark-font-color font__size-16 font__weight-normal line__height-26 mb-10\"><span style=\"font-size: 14pt;\">H\u00e4ngende Haut: Der Verlust der Elastizit\u00e4t der Haut f\u00fchrt dazu, dass sie schlaff wird, was die dunklen Ringe unter den Augen verst\u00e4rken kann.<\/span><\/p>\n<\/div>\n<div class=\"col-12 col-lg-6\"><img loading=\"lazy\" decoding=\"async\" class=\"alignnone size-full wp-image-1595\" src=\"http:\/\/healthtourismcenterturkey.com\/wp-content\/uploads\/2020\/09\/585x678_2-4-1.jpg\" alt=\"\" width=\"585\" height=\"678\" srcset=\"https:\/\/healthtourismcenterturkey.com\/wp-content\/uploads\/2020\/09\/585x678_2-4-1.jpg 585w, https:\/\/healthtourismcenterturkey.com\/wp-content\/uploads\/2020\/09\/585x678_2-4-1-259x300.jpg 259w\" sizes=\"(max-width: 585px) 100vw, 585px\" \/><\/div>\n<\/div>\n<div class=\"overflow-hid position-static position-lg-relative pb-100\">\n<p class=\"brk-dark-font-color font__size-16 font__weight-normal line__height-26 mb-10\"><span style=\"font-size: 14pt;\">\u00dcberm\u00e4\u00dfige Sichtbarkeit der Tr\u00e4nenrinne: Dies ist ein Zustand, der altersbedingt auftreten kann. Mit der Zeit k\u00f6nnen die Gewebe unter der Haut um die Augen deformiert werden.<\/span><\/p>\n<h1 class=\"brk-dark-font-color font__size-16 font__weight-normal line__height-26\"><span class=\"font__weight-light\">WIE MAN DUNKLE RINGE UNTER DEN AUGEN BESEITIGT<\/span><\/h1>\n<p class=\"brk-dark-font-color font__size-16 font__weight-normal line__height-26 mb-10\"><span style=\"font-size: 14pt;\">Bei der Behandlung von dunklen Ringen unter den Augen kommen verschiedene Methoden zum Einsatz, darunter Lasertherapien, chemische Behandlungen, Filleranwendungen und chirurgische Eingriffe.<\/span><\/p>\n<p class=\"brk-dark-font-color font__size-16 font__weight-normal line__height-26 mb-10\"><span style=\"font-size: 14pt;\">Laseranwendungen: Durch den Einsatz von Lasern kann eine Reduzierung von Hautflecken erreicht werden. Zudem k\u00f6nnen diese Verfahren sichtbare Blutgef\u00e4\u00dfe verringern und die Kollagenstruktur der Haut st\u00e4rken.<\/span><\/p>\n<p class=\"brk-dark-font-color font__size-16 font__weight-normal line__height-26 mb-10\"><span style=\"font-size: 14pt;\">Chemische Behandlungen: Hierbei handelt es sich um farbkorrektive und hautverj\u00fcngende Anwendungen.<\/span><\/p>\n<p class=\"brk-dark-font-color font__size-16 font__weight-normal line__height-26 mb-10\"><span style=\"font-size: 14pt;\">Fillerbehandlungen: Am h\u00e4ufigsten wird Hyalurons\u00e4ure verwendet. Diese Therapie zielt darauf ab, das durch den Verlust von Fettgewebe unter den Augen entstandene Defizit auszugleichen.<\/span><\/p>\n<p class=\"brk-dark-font-color font__size-16 font__weight-normal line__height-26 mb-10\"><span style=\"font-size: 14pt;\">Chirurgische Eingriffe: Bei Schwellungen und Hauterschlaffung unter den Augen geh\u00f6ren chirurgische Anwendungen zu den Behandlungsmethoden f\u00fcr dunkle Ringe.\nWenn Sie an der Behandlung von dunklen Ringen unter den Augen interessiert sind, k\u00f6nnen Sie sich gerne an Net G\u00f6z wenden.<\/span><\/p>\n<\/div>","protected":false},"excerpt":{"rendered":"<p>G\u00f6z alt\u0131 derisinin normalden koyu g\u00f6r\u00fcnt\u00fc durumu isim olarak g\u00f6z alt\u0131 morlu\u011fu olarak ifade edilmektedir. G\u00f6z alt\u0131nda y\u00fckselen pigmentasyon (deride h\u00fccrelerin renk yap\u0131m\u0131n\u0131 art\u0131rmas\u0131) ve g\u00f6z alt\u0131 derisinin inceli\u011fi ile olu\u015fabilir. G\u00f6z alt\u0131 morlu\u011fu her ya\u015fta g\u00f6r\u00fclebilen, genel olarak kad\u0131nlarda estetik kayg\u0131 yaratabilen bir durumdur. Ki\u015fiyi ya\u015f\u0131ndan daha ileri ya\u015flarda, mutsuz ve \u00f6zg\u00fcvenden yoksunmu\u015f gibi [&hellip;]<\/p>","protected":false},"author":2,"featured_media":0,"parent":1294,"menu_order":0,"comment_status":"closed","ping_status":"closed","template":"","meta":{"footnotes":""},"class_list":["post-1407","page","type-page","status-publish","hentry"],"acf":[],"_links":{"self":[{"href":"https:\/\/healthtourismcenterturkey.com\/de\/wp-json\/wp\/v2\/pages\/1407"}],"collection":[{"href":"https:\/\/healthtourismcenterturkey.com\/de\/wp-json\/wp\/v2\/pages"}],"about":[{"href":"https:\/\/healthtourismcenterturkey.com\/de\/wp-json\/wp\/v2\/types\/page"}],"author":[{"embeddable":true,"href":"https:\/\/healthtourismcenterturkey.com\/de\/wp-json\/wp\/v2\/users\/2"}],"replies":[{"embeddable":true,"href":"https:\/\/healthtourismcenterturkey.com\/de\/wp-json\/wp\/v2\/comments?post=1407"}],"version-history":[{"count":4,"href":"https:\/\/healthtourismcenterturkey.com\/de\/wp-json\/wp\/v2\/pages\/1407\/revisions"}],"predecessor-version":[{"id":2049,"href":"https:\/\/healthtourismcenterturkey.com\/de\/wp-json\/wp\/v2\/pages\/1407\/revisions\/2049"}],"up":[{"embeddable":true,"href":"https:\/\/healthtourismcenterturkey.com\/de\/wp-json\/wp\/v2\/pages\/1294"}],"wp:attachment":[{"href":"https:\/\/healthtourismcenterturkey.com\/de\/wp-json\/wp\/v2\/media?parent=1407"}],"curies":[{"name":"wp","href":"https:\/\/api.w.org\/{rel}","templated":true}]}}