{"id":1405,"date":"2020-08-30T12:03:39","date_gmt":"2020-08-30T12:03:39","guid":{"rendered":"http:\/\/healthtourismcenterturkey.com\/?page_id=1405"},"modified":"2022-03-24T18:54:55","modified_gmt":"2022-03-24T18:54:55","slug":"ameliyatsiz-goz-cevresi-estetigi","status":"publish","type":"page","link":"https:\/\/healthtourismcenterturkey.com\/de\/goz-ameliyatlari\/goz-cevresi-estetigi\/ameliyatsiz-goz-cevresi-estetigi\/","title":{"rendered":"Nicht-invasive Augenbereich-\u00c4sthetik"},"content":{"rendered":"<div class=\"row pt-80\">\n<div class=\"col-12 col-lg-6\">\n<h2 class=\"font__family-montserrat font__size-28 line__height-32 text-uppercase mb-35\"><\/h2>\n<p class=\"brk-dark-font-color font__size-16 font__weight-normal line__height-26 mb-10\"><span style=\"font-size: 14pt;\">Unsere Augen sind zweifellos eines unserer wertvollsten Organe. Sie sind das Spiegelbild unserer Emotionen und unserer Gesundheit, und die Gesundheit der Haut um die Augen ist ebenso wichtig. Die Haut um die Augen ist d\u00fcnner und empfindlicher als die Haut in anderen Bereichen des Gesichts.<\/span><\/p>\n<p class=\"brk-dark-font-color font__size-16 font__weight-normal line__height-26 mb-10\"><span style=\"font-size: 14pt;\">Die Haut um die Augen ist anf\u00e4lliger f\u00fcr Falten und andere Anzeichen des Alterns. Bei der Auswahl von Cremes, Masken und anderen Hautpflegeprodukten muss besondere Vorsicht geboten sein, da einige Produkte der empfindlichen Haut um die Augen schaden k\u00f6nnen. Ein Produkt, das in anderen Gesichtspartien n\u00fctzlich ist, kann in der Augenregion unerw\u00fcnschte Auswirkungen haben. Daher sollten f\u00fcr den Augenbereich speziell formulierte Produkte bevorzugt werden.<\/span><\/p>\n<p class=\"brk-dark-font-color font__size-16 font__weight-normal line__height-26 mb-10\"><span style=\"font-size: 14pt;\">Das Altern, Gewohnheiten, die die Haut sch\u00e4digen, wie Rauchen und Alkoholkonsum, sowie Lebensstil und Stress sind Faktoren, die zur Faltenbildung der Haut um die Augen f\u00fchren. Mit zunehmendem Alter wird die Haut d\u00fcnner, verliert ihre Feuchtigkeit und damit auch ihre Elastizit\u00e4t, wodurch feine F\u00e4ltchen entstehen. Besonders die Falten, die beim L\u00e4cheln oder Lachen um die Augen auftreten, k\u00f6nnen im Laufe der Zeit dauerhaft werden. Der Hauptfaktor, der Falten verursacht, ist der Kollagenmangel; mit abnehmendem Kollagen werden die Falten deutlicher und bleibend.<\/span><\/p>\n<p class=\"brk-dark-font-color font__size-16 font__weight-normal line__height-26 mb-10\"><span style=\"font-size: 14pt;\">Bei der Reinigung des Make-ups, beim Abtrocknen der Haut, beim Peeling und bei der Anwendung von Masken sollte der Augenbereich besondere Aufmerksamkeit erhalten. Denn im Alterungsprozess wird die Augenpartie die erste Region sein, die der Schwerkraft nachgibt. Ist die Haut um die Augen einmal gesch\u00e4digt, ist es nahezu unm\u00f6glich, ihren alten straffen und frischen Zustand wiederherzustellen.<\/span><\/p>\n<\/div>\n<div class=\"col-12 col-lg-6\"><img loading=\"lazy\" decoding=\"async\" class=\"alignnone  wp-image-2189\" src=\"https:\/\/healthtourismcenterturkey.com\/wp-content\/uploads\/2022\/03\/giz-alti-torbasi-estetigi.jpg\" alt=\"\" width=\"1085\" height=\"723\" srcset=\"https:\/\/healthtourismcenterturkey.com\/wp-content\/uploads\/2022\/03\/giz-alti-torbasi-estetigi.jpg 1200w, https:\/\/healthtourismcenterturkey.com\/wp-content\/uploads\/2022\/03\/giz-alti-torbasi-estetigi-300x200.jpg 300w, https:\/\/healthtourismcenterturkey.com\/wp-content\/uploads\/2022\/03\/giz-alti-torbasi-estetigi-1024x683.jpg 1024w, https:\/\/healthtourismcenterturkey.com\/wp-content\/uploads\/2022\/03\/giz-alti-torbasi-estetigi-768x512.jpg 768w\" sizes=\"(max-width: 1085px) 100vw, 1085px\" \/><\/div>\n<\/div>\n<div class=\"overflow-hid position-static position-lg-relative pb-100\">\n<p class=\"brk-dark-font-color font__size-16 font__weight-normal line__height-26 mb-10\"><span style=\"font-size: 14pt;\">Bei der Reinigung des Make-ups, beim Abtrocknen der Haut, beim Peeling und bei der Anwendung von Masken sollte der Augenbereich besondere Aufmerksamkeit erhalten. Denn im Alterungsprozess wird die Augenpartie die erste Region sein, die der Schwerkraft nachgibt. Ist die Haut um die Augen einmal gesch\u00e4digt, ist es nahezu unm\u00f6glich, ihren alten straffen und frischen Zustand wiederherzustellen.<\/span><\/p>\n<h1 class=\"brk-dark-font-color font__size-16 font__weight-normal line__height-26\"><span class=\"font__weight-light\">\u00a0WIE MAN DUNKLE RINGE UNTER DEN AUGEN BESEITIGT<\/span><\/h1>\n<p class=\"brk-dark-font-color font__size-16 font__weight-normal line__height-26 mb-10\"><span style=\"font-size: 14pt;\">Um die Haut im Augenbereich feucht zu halten und spezielle Cremes f\u00fcr den Augenbereich zu verwenden, sind Grundvoraussetzungen f\u00fcr die Pflege der Augenpartie. Um Falten zu verlangsamen, bevor sie tiefer werden und dauerhaft erscheinen, sollten Sie ein gesundes Ern\u00e4hrungsprogramm befolgen und antioxidative frische Gem\u00fcse, Fr\u00fcchte und unterst\u00fctzende Nahrungsmittel regelm\u00e4\u00dfig konsumieren. Vitamine und Mineralstoffe tragen dazu bei, die Haut zu straffen und ihre Elastizit\u00e4t l\u00e4nger zu erhalten. Es ist unvermeidlich, das Altern und altersbedingte Deformationen zu erleben. Wichtig ist nicht, nicht zu altern, sondern sch\u00f6n zu altern. Durch regelm\u00e4\u00dfige \u00dcbungen f\u00fcr den Augenbereich k\u00f6nnen Sie Augenf\u00e4ltchen und Falten unter den Augen unter Kontrolle halten. Das Straffen der Muskeln ist die erste Voraussetzung, um die Kollagenstruktur der Haut straff und lebendig zu halten. Wenn Sie sp\u00e4t schlafen gehen, nicht genug schlafen und dadurch die Hormonaussch\u00fcttung verhindern, die die K\u00f6rperzellen \u00fcber Nacht erneuert; sollten Sie wissen, dass die Augenpartie die erste Region sein wird, die betroffen ist. Diese Situation wird sich nicht nur in Form von Falten um die Augen \u00e4u\u00dfern, sondern auch in Form von dunklen Ringen und Schwellungen unter den Augen. Das Waschen des Gesichts mit kaltem Wasser w\u00e4hrend des Tages hat ebenfalls eine porenverengende und erfrischende Wirkung. Um nicht nur Falten zu bek\u00e4mpfen, sondern auch die Gesundheit und Sch\u00f6nheit der Haut zu bewahren, sollten wir auf eine ausreichende Fl\u00fcssigkeitsaufnahme achten. Wenn die Haut nicht gen\u00fcgend Wasser erh\u00e4lt, verliert sie ihre Elastizit\u00e4t, wird trocken, die Poren erweitern sich und Falten bilden sich. Durch das Erlernen der richtigen Atmung und deren Integration in Ihren Lebensstil k\u00f6nnen Sie ausreichend Sauerstoff aufnehmen und Ihre Haut viele Jahre lang gesund und straff halten. Der gr\u00f6\u00dfte Faktor, der die Haut sch\u00e4digt, altert und Falten verursacht, sind eigentlich die Sonnenstrahlen. Der beste Weg, sich vor den Sonnenstrahlen zu sch\u00fctzen, die freie Radikale ausl\u00f6sen, besteht darin, m\u00f6glichst nicht in den Stunden, in denen die Strahlen senkrecht stehen, drau\u00dfen zu sein; wenn Sie in die Sonne gehen, sollten Sie Hut mit Schirm und Sonnenschutzmittel mit hohem Lichtschutzfaktor verwenden. Vergessen Sie nat\u00fcrlich nicht die Sonnenbrillen.<\/span><\/p>\n<h1 class=\"brk-dark-font-color font__size-16 font__weight-normal line__height-26\"><span class=\"font__weight-light\">Maske f\u00fcr den Augenbereich<\/span><\/h1>\n<p class=\"brk-dark-font-color font__size-16 font__weight-normal line__height-26 mb-10\"><span style=\"font-size: 14pt;\">Die Haut um die Augen ist sehr d\u00fcnn, sodass sie leicht gereizt wird und anf\u00e4llig f\u00fcr Falten ist. Da viele zu Hause zubereitete Hautmasken die Haut um die Augen sch\u00e4digen k\u00f6nnen, wird nicht empfohlen, sie in diesem Bereich zu verwenden. Zum Beispiel k\u00f6nnen Masken, die mit Zitrone zubereitet sind, beim Auftragen auf die Augenpartie durch die austrocknende und straffende Wirkung der Zitrone Unbehagen und Schaden verursachen, was die Bildung von Falten im Augenbereich beschleunigt. Um das Erscheinungsbild von Falten um die Augen zu reduzieren und das Auftreten neuer Falten zu verz\u00f6gern, k\u00f6nnen Sie spezielle nat\u00fcrliche Pflegemasken f\u00fcr diesen Bereich zubereiten. Unser Vorschlag ist die \u201eEiwei\u00dfmaske\u201c, die aufgrund ihres Kollagengehalts vorteilhaft ist. Sie kann auf das gesamte Gesicht aufgetragen werden und ist einfach zuzubereiten.<\/span><\/p>\n<p class=\"brk-dark-font-color font__size-16 font__weight-normal line__height-26 mb-10\"><span style=\"font-size: 14pt;\">Mischen Sie 1 Eiwei\u00df, 1 Essl\u00f6ffel fein geriebene Karotte (gesch\u00e4lt) und 1 Teel\u00f6ffel Aloe Vera-\u00d6l in einer Sch\u00fcssel. Tragen Sie die Mischung mit sanften Massagebewegungen auf die gereinigte Haut auf, lassen Sie sie 20-30 Minuten einwirken und waschen Sie Ihr Gesicht mit kaltem Wasser. Die Straffung, die Sie bereits nach der ersten Anwendung sp\u00fcren werden, wird Sie \u00fcberraschen. Sie k\u00f6nnen die Maske nicht nur um die Augenpartie, sondern auch auf dem gesamten Gesicht anwenden. Diese Maske kann 1-2 Mal pro Woche problemlos angewendet werden.<\/span><\/p>\n<\/div>","protected":false},"excerpt":{"rendered":"<p>G\u00f6zlerimiz en de\u011ferli organlar\u0131m\u0131zdan birisi \u015f\u00fcphesiz. Hem duygular\u0131n ve ruhun, hem de sa\u011fl\u0131kl\u0131 olu\u015fun aynas\u0131 olan g\u00f6zlerimizin sa\u011fl\u0131\u011f\u0131 kadar, g\u00f6z \u00e7evresindeki cilt de son derece \u00f6nemlidir. Zira g\u00f6z \u00e7evresindeki deri, y\u00fcz\u00fcn di\u011fer b\u00f6lgelerindeki deriden daha ince ve narindir. K\u0131r\u0131\u015f\u0131kl\u0131klara ve y\u0131pranmalara kar\u015f\u0131 daha dayan\u0131ks\u0131z olan g\u00f6z \u00e7evresine s\u00fcr\u00fclen krem, maske ve di\u011fer kar\u0131\u015f\u0131mlara son derece [&hellip;]<\/p>","protected":false},"author":2,"featured_media":0,"parent":1294,"menu_order":0,"comment_status":"closed","ping_status":"closed","template":"","meta":{"footnotes":""},"class_list":["post-1405","page","type-page","status-publish","hentry"],"acf":[],"_links":{"self":[{"href":"https:\/\/healthtourismcenterturkey.com\/de\/wp-json\/wp\/v2\/pages\/1405"}],"collection":[{"href":"https:\/\/healthtourismcenterturkey.com\/de\/wp-json\/wp\/v2\/pages"}],"about":[{"href":"https:\/\/healthtourismcenterturkey.com\/de\/wp-json\/wp\/v2\/types\/page"}],"author":[{"embeddable":true,"href":"https:\/\/healthtourismcenterturkey.com\/de\/wp-json\/wp\/v2\/users\/2"}],"replies":[{"embeddable":true,"href":"https:\/\/healthtourismcenterturkey.com\/de\/wp-json\/wp\/v2\/comments?post=1405"}],"version-history":[{"count":4,"href":"https:\/\/healthtourismcenterturkey.com\/de\/wp-json\/wp\/v2\/pages\/1405\/revisions"}],"predecessor-version":[{"id":2190,"href":"https:\/\/healthtourismcenterturkey.com\/de\/wp-json\/wp\/v2\/pages\/1405\/revisions\/2190"}],"up":[{"embeddable":true,"href":"https:\/\/healthtourismcenterturkey.com\/de\/wp-json\/wp\/v2\/pages\/1294"}],"wp:attachment":[{"href":"https:\/\/healthtourismcenterturkey.com\/de\/wp-json\/wp\/v2\/media?parent=1405"}],"curies":[{"name":"wp","href":"https:\/\/api.w.org\/{rel}","templated":true}]}}