{"id":1380,"date":"2020-08-30T11:02:34","date_gmt":"2020-08-30T11:02:34","guid":{"rendered":"http:\/\/healthtourismcenterturkey.com\/?page_id=1380"},"modified":"2020-11-25T19:28:49","modified_gmt":"2020-11-25T19:28:49","slug":"keratokonus","status":"publish","type":"page","link":"https:\/\/healthtourismcenterturkey.com\/de\/goz-ameliyatlari\/goz-hastaliklari\/keratokonus\/","title":{"rendered":"Keratokonus Behandlung"},"content":{"rendered":"<div class=\"row pt-80\">\n<div class=\"col-12 col-lg-6\">\n<p class=\"brk-dark-font-color font__size-16 font__weight-normal line__height-26 mb-10\"><span style=\"font-size: 14pt;\">In der Behandlung des Keratokonus werden fortgeschrittene Methoden eingesetzt, wenn Patienten nicht ausreichend von Kontaktlinsen profitieren. Zu diesen Methoden geh\u00f6ren die intrakornealen Ringe und die Hornhaut-Crosslinking-Technik. In diesem Artikel werden wir diese beiden fortschrittlichen Methoden zur Behandlung des Keratokonus n\u00e4her erl\u00e4utern.<\/span><\/p>\n<h1 class=\"brk-dark-font-color font__size-16 font__weight-normal line__height-26 mb-10\">Intrakorneale Ringmethode zur Behandlung des Keratokonus<\/h1>\n<\/div>\n<div><\/div>\n<div class=\"col-12 col-lg-6\">\n<p><span style=\"font-size: 14pt;\">Die zur Behandlung des Keratokonus verwendeten intrakornealen Ringe sind spezielle Systeme in Form von Halbmonde, die aus zwei Teilen bestehen. Sie werden in das Hornhautgewebe eingesetzt und haben sehr kleine Abmessungen. Diese Systeme k\u00f6nnen auch in unterschiedlichen Dicken verwendet werden, die individuell auf den Patienten abgestimmt sind, um Brechungsfehler zu korrigieren.<\/span><\/p>\n<p class=\"brk-dark-font-color font__size-16 font__weight-normal line__height-26 mb-10\"><span style=\"font-size: 14pt;\">Ein Vorteil der intrakornealen Ringe im Vergleich zu Kontaktlinsen besteht darin, dass sie nach der Anwendung kein Fremdk\u00f6rpergef\u00fchl wie Kontaktlinsen erzeugen und sich wie ein Teil des Auges anf\u00fchlen. Intrakorneale Ringe k\u00f6nnen auf Wunsch entfernt werden und hinterlassen keine bleibenden Spuren im Auge.<\/span><\/p>\n<p class=\"brk-dark-font-color font__size-16 font__weight-normal line__height-26 mb-10\"><span style=\"font-size: 14pt;\">Intrakorneale Ringe sind auch unter verschiedenen Namen bekannt, darunter Intacs, Ferrara-Ringe und Keraring. Sie reduzieren die W\u00f6lbung (Verengung) der Hornhautoberfl\u00e4che, indem sie wie eine Trommelspannung auf die Hornhaut wirken. Durch diese Spannung wird auch das Niveau der bestehenden Myopie beim Patienten verringert und ein klareres Sehen erm\u00f6glicht.<\/span><\/p>\n<h1 class=\"brk-dark-font-color font__size-16 font__weight-normal line__height-26\"><span class=\"font__weight-light\">Corneal Cross Linking Therapie zur Behandlung des Keratokonus<\/span><\/h1>\n<p class=\"brk-dark-font-color font__size-16 font__weight-normal line__height-26 mb-10\"><span style=\"font-size: 14pt;\">Die Corneal Cross Linking (CCL) Therapie ist eine weitere Methode, die in der Behandlung des Keratokonus angewendet wird.<\/span><\/p>\n<\/div>\n<\/div>\n<div class=\"col-12 col-lg-6\"><img loading=\"lazy\" decoding=\"async\" class=\"alignnone size-full wp-image-1591\" src=\"http:\/\/healthtourismcenterturkey.com\/wp-content\/uploads\/2020\/09\/585x678_2-2-1.jpg\" alt=\"\" width=\"585\" height=\"678\" srcset=\"https:\/\/healthtourismcenterturkey.com\/wp-content\/uploads\/2020\/09\/585x678_2-2-1.jpg 585w, https:\/\/healthtourismcenterturkey.com\/wp-content\/uploads\/2020\/09\/585x678_2-2-1-259x300.jpg 259w\" sizes=\"(max-width: 585px) 100vw, 585px\" \/><\/div>\n<div class=\"overflow-hid position-static position-lg-relative pb-100\">\n<p class=\"brk-dark-font-color font__size-16 font__weight-normal line__height-26 mb-10\"><span style=\"font-size: 14pt;\">Mit zunehmendem Alter verdickt sich das Kollagen in der Hornhaut und es tritt eine Tendenz zur Versteifung auf. Eine der Ursachen f\u00fcr das Stoppen der Fortschreitung des Keratokonus in den sp\u00e4ten 40er Jahren ist das Verdicken und Versteifen des Kollagens. \u00c4hnliche Symptome treten auch bei jungen Diabetikern auf (bei Patienten mit Diabetes mellitus in jungen Jahren), und bei diesen systemischen Erkrankungen ist der Fortschritt des Keratokonus oft verlangsamt oder tritt \u00fcberhaupt nicht auf.<\/span><\/p>\n<p class=\"brk-dark-font-color font__size-16 font__weight-normal line__height-26 mb-10\"><span style=\"font-size: 14pt;\">Die Corneal Cross Linking (CCL) Therapie wurde aus dieser \u00dcberlegung entwickelt. Bei einer Zunahme der Stabilit\u00e4t des hornhautspezifischen Kollagens steigt die Widerstandsf\u00e4higkeit der Hornhaut, und die Spitze sowie die W\u00f6lbung der Hornhaut werden verhindert. In der Therapie werden UV-A-Tropfen und Riboflavin verwendet, um das Kollagengewebe zu st\u00e4rken und der Hornhaut eine stabilere Struktur zu verleihen. Die Vorteile dieser Behandlung liegen darin, dass sie das Fortschreiten von Keratokonus-F\u00e4llen verlangsamt oder stoppt, die Sehqualit\u00e4t des Patienten verbessert und den Bedarf an Hornhauttransplantationen verringert.<\/span><\/p>\n<p class=\"brk-dark-font-color font__size-16 font__weight-normal line__height-26 mb-10\"><span style=\"font-size: 14pt;\">In F\u00e4llen, in denen der Patient mit der intrakornealen Ringmethode oder der Corneal Cross Linking Therapie unzufrieden ist, kann als letzte Option eine Keratoplastik (Hornhauttransplantation) durchgef\u00fchrt werden. Detaillierte Informationen zu dieser Therapie finden Sie in unserem Artikel zur Hornhauttransplantation.<\/span><\/p>\n<h1 class=\"brk-dark-font-color font__size-16 font__weight-normal line__height-26\"><span class=\"font__weight-light\">Keratokonus Tedavisinde Kullan\u0131lan Y\u00f6ntemler<\/span><\/h1>\n<p class=\"brk-dark-font-color font__size-16 font__weight-normal line__height-26 mb-10\"><span style=\"font-size: 14pt;\">Keratokonus tedavileri genel olarak hastal\u0131\u011f\u0131n ilerlemesini durdurmas\u0131 ile bilinen tedavi y\u00f6ntemleridir. Bu tedavi y\u00f6ntemlerinin ilki, kontakt lens uygulamalar\u0131d\u0131r. Hastal\u0131\u011f\u0131n erken evrelerinde kullan\u0131labilen bir y\u00f6ntemdir. \u0130kinci y\u00f6ntem olarak kornea i\u00e7i halka uygulanmas\u0131d\u0131r. Son d\u00f6nemde ise Corneal Cross Linking ad\u0131 verilen y\u00f6ntem daha \u00e7ok kullan\u0131lmaktad\u0131r. En son tercih edilebilen y\u00f6ntem ise uygun kornea don\u00f6r\u00fc (vericisi) bulundu\u011funda kornea transplantasyonu yani kornea naklidir.<\/span><\/p>\n<h1 class=\"brk-dark-font-color font__size-16 font__weight-normal line__height-26\"><span class=\"font__weight-light\">Methoden zur Behandlung von Keratokonus<\/span><\/h1>\n<p class=\"brk-dark-font-color font__size-16 font__weight-normal line__height-26 mb-10\"><span style=\"font-size: 14pt;\">Die Behandlungen des Keratokonus sind allgemein daf\u00fcr bekannt, dass sie das Fortschreiten der Krankheit stoppen. Die erste Methode dieser Behandlungen sind Kontaktlinsen, die in den fr\u00fchen Stadien der Erkrankung eingesetzt werden k\u00f6nnen. Die zweite Methode ist die Anwendung von intrakornealen Ringen. In letzter Zeit wird die Corneal Cross Linking Methode immer h\u00e4ufiger eingesetzt. Die zuletzt w\u00e4hlbare Methode ist die Hornhauttransplantation, wenn ein geeigneter Hornhautspender gefunden werden kann.<\/span><\/p>\n<h1 class=\"brk-dark-font-color font__size-16 font__weight-normal line__height-26\"><span class=\"font__weight-light\">Verwendung von Kontaktlinsen zur Behandlung von Keratokonus<\/span><\/h1>\n<p class=\"brk-dark-font-color font__size-16 font__weight-normal line__height-26\"><span style=\"font-size: 14pt;\">Gasdurchl\u00e4ssige Linsen<\/span><\/p>\n<p class=\"brk-dark-font-color font__size-16 font__weight-normal line__height-26\"><span style=\"font-size: 14pt;\">Piggy Back Linsen<\/span><\/p>\n<p class=\"brk-dark-font-color font__size-16 font__weight-normal line__height-26\"><span style=\"font-size: 14pt;\">Korneasklerale Linsen<\/span><\/p>\n<p class=\"brk-dark-font-color font__size-16 font__weight-normal line__height-26 mb-30\"><span style=\"font-size: 14pt;\">Softperm-Linsen<\/span><\/p>\n<h2 class=\"brk-dark-font-color font__size-16 font__weight-normal line__height-26\"><span class=\"font__weight-light\">1 - Gasdurchl\u00e4ssige Linsen<\/span><\/h2>\n<p class=\"brk-dark-font-color font__size-16 font__weight-normal line__height-26 mb-10\"><span style=\"font-size: 14pt;\">Bei Keratokonus k\u00f6nnen ma\u00dfgeschneiderte, auf die Struktur der verh\u00e4rteten Hornhaut abgestimmte Linsen eingesetzt werden. Diese Linsen haben eine hohe Vertr\u00e4glichkeit und erm\u00f6glichen eine qualitativ hochwertige, klare Sicht.<\/span><\/p>\n<h2 class=\"brk-dark-font-color font__size-16 font__weight-normal line__height-26\"><span class=\"font__weight-light\">2 \u2013 Korneasklerale Linsen<\/span><\/h2>\n<p class=\"brk-dark-font-color font__size-16 font__weight-normal line__height-26 mb-10\"><span style=\"font-size: 14pt;\">Dies ist ein Linsendesign mit einer gro\u00dfen Oberfl\u00e4che, die sowohl die Hornhaut als auch die Sklera abdeckt. Sie werden nicht h\u00e4ufig verwendet, sind aber bei Patienten, die Schwierigkeiten mit der Toleranz von normalen Keratokonus-Linsen haben, sowie bei jenen, bei denen eine Keratoplastik erforderlich ist, anwendbar.<\/span><\/p>\n<h2 class=\"brk-dark-font-color font__size-16 font__weight-normal line__height-26\"><span class=\"font__weight-light\">3 \u2013 Piggy Back Linsen<\/span><\/h2>\n<p class=\"brk-dark-font-color font__size-16 font__weight-normal line__height-26 mb-10\"><span style=\"font-size: 14pt;\">Einige Patienten mit Keratokonus berichten, dass sie mit gasdurchl\u00e4ssigen Linsen nicht gen\u00fcgend Komfort haben. In diesem Fall werden zwei Linsen kombiniert: eine weiche Linse und eine harte Linse, um die Vertr\u00e4glichkeit zu erh\u00f6hen.<\/span><\/p>\n<h2 class=\"brk-dark-font-color font__size-16 font__weight-normal line__height-26\"><span class=\"font__weight-light\">4 \u2013 Softperm-Linsen<\/span><\/h2>\n<p class=\"brk-dark-font-color font__size-16 font__weight-normal line__height-26 mb-30\"><span style=\"font-size: 14pt;\">Diese Linsen sind in der Mitte hart und an den R\u00e4ndern weicher und k\u00f6nnen in speziellen Keratokonus-F\u00e4llen eingesetzt werden.<\/span><\/p>\n<h2 class=\"brk-dark-font-color font__size-16 font__weight-normal line__height-26\"><span class=\"font__weight-light\">Andere Methoden zur Behandlung von Keratokonus<\/span><\/h2>\n<p class=\"brk-dark-font-color font__size-16 font__weight-normal line__height-26 mb-10\"><span style=\"font-size: 14pt;\">Die Verwendung von Kontaktlinsen zur Behandlung von Keratokonus spielt eine wichtige Rolle bei der Verbesserung der Sehqualit\u00e4t des Patienten. Allerdings kann die Verwendung von Kontaktlinsen das Fortschreiten der Erkrankung m\u00f6glicherweise nicht aufhalten. In solchen F\u00e4llen werden alternative Methoden zur Behandlung des Keratokonus eingesetzt. F\u00fcr weitere Informationen zu diesen Methoden k\u00f6nnen Sie unseren Artikel \u00fcber fortgeschrittene Methoden zur Behandlung von Keratokonus lesen.<\/span><\/p>\n<h1 class=\"brk-dark-font-color font__size-16 font__weight-normal line__height-26\"><span class=\"font__weight-light\">Keratokonus: Diagnose und Behandlung<\/span><\/h1>\n<p class=\"brk-dark-font-color font__size-16 font__weight-normal line__height-26 mb-10\"><span style=\"font-size: 14pt;\">Keratokonus ist eine Erkrankung, die durch eine Verd\u00fcnnung und Verformung der Hornhaut, die Teil der Transparenz des Auges ist, in Verbindung mit Brechungsfehlern wie Myopie und Astigmatismus entsteht. Die Krankheit beginnt typischerweise in der Pubert\u00e4t und wird bei Personen in den 20ern bei einer umfassenden augen\u00e4rztlichen Untersuchung festgestellt. Sie kann bis in die 40er Jahre fortschreiten und zeigt in der Regel nach den sp\u00e4ten 40ern einen stagnierenden Verlauf.<\/span><\/p>\n<p class=\"brk-dark-font-color font__size-16 font__weight-normal line__height-26 mb-10\"><span style=\"font-size: 14pt;\">Die Kenntnis der Hornhautstruktur ist wichtig f\u00fcr das Verst\u00e4ndnis der Behandlung und Operation des Keratokonus. Die Hornhaut ist ein wesentlicher Teil des Auges und das Licht trifft zuerst durch die Hornhaut auf das Auge. Aufgrund ihrer Struktur hat die Hornhaut die F\u00e4higkeit, Licht zu brechen und zu fokussieren, was es uns erm\u00f6glicht, Objekte klar zu sehen. Bei Keratokonus f\u00fchrt die Ver\u00e4nderung der anatomischen Struktur der Hornhaut zu Sehbeeintr\u00e4chtigungen. Keratokonus kann die Lebensqualit\u00e4t in vielerlei Hinsicht beeintr\u00e4chtigen (z. B. Schwierigkeiten beim Autofahren, beim Tippen am Computer oder beim Lesen).<\/span><\/p>\n<h1 class=\"brk-dark-font-color font__size-16 font__weight-normal line__height-26\"><span class=\"font__weight-light\">Wie wird Keratokonus diagnostiziert?<\/span><\/h1>\n<p class=\"brk-dark-font-color font__size-16 font__weight-normal line__height-26 mb-10\"><span style=\"font-size: 14pt;\">Keratokonusun belirtileri \u00e7o\u011funlukla ergenlik \u00e7a\u011f\u0131nda ortaya \u00e7\u0131kmaya ba\u015flar ve daha \u00f6nceki \u00e7ocukluk d\u00f6neminde te\u015fhisi olduk\u00e7a zordur. Bir\u00e7ok birey kendilerinde sadece miyom ve astigmat sorunlar\u0131n\u0131n oldu\u011funu zannedebilirler. Gen\u00e7 yeti\u015fkinlik d\u00f6neminde hastal\u0131k ilerleme g\u00f6sterir. Gen\u00e7 yeti\u015fkinlik d\u00f6neminde g\u00f6zl\u00fck numalaral\u0131 s\u0131k s\u0131k de\u011fi\u015fmeye ba\u015flayabilir ve ayr\u0131nt\u0131l\u0131 bir g\u00f6z muayenesi sonucu keratokonus varsa te\u015fhis konabilmektedir.<\/span><\/p>\n<p class=\"brk-dark-font-color font__size-16 font__weight-normal line__height-26 mb-10\"><span style=\"font-size: 14pt;\">Zu den Symptomen geh\u00f6ren: Verlust der Klarheit des Sehens, Verzerrtes Sehen, Verschwommenes Sehen, Doppeltes Sehen, Myopie und Astigmatismus, Lichtblitze im Auge, Augenm\u00fcdigkeit und Augenschmerzen, Lichtempfindlichkeit<\/span><\/p>\n<h1 class=\"brk-dark-font-color font__size-16 font__weight-normal line__height-26\"><span class=\"font__weight-light\">Untersuchungen vor der Behandlung von Keratokonus<\/span><\/h1>\n<p class=\"brk-dark-font-color font__size-16 font__weight-normal line__height-26 mb-10\"><span style=\"font-size: 14pt;\">Zu den Untersuchungen vor der Behandlung geh\u00f6ren die Analyse der refraktiven Fehler mit und ohne Tropfen, die Erstellung einer Hornhauttopografie, die Messung der Hornhautdicke, die Z\u00e4hlung der Endothelzellen und die Fundusuntersuchung.<\/span><\/p>\n<h1 class=\"brk-dark-font-color font__size-16 font__weight-normal line__height-26\"><span class=\"font__weight-light\">Behandlung und Operation bei Keratokonus<\/span><\/h1>\n<p class=\"brk-dark-font-color font__size-16 font__weight-normal line__height-26 mb-10\"><span style=\"font-size: 14pt;\">In den fr\u00fchen Stadien der Keratokonus-Erkrankung k\u00f6nnen spezielle harte Kontaktlinsen eingesetzt werden. Allerdings kann die Verwendung von Kontaktlinsen das Fortschreiten der Erkrankung m\u00f6glicherweise nicht aufhalten. Kontaktlinsen k\u00f6nnen die W\u00f6lbung der Hornhaut im Zentrum korrigieren und somit das Astigmatismus-Problem l\u00f6sen und eine klarere Sicht bieten. In fortgeschrittenen Stadien kann die Verwendung von Kontaktlinsen jedoch unzureichend sein. Eine alternative L\u00f6sung k\u00f6nnte die intrakorneale Ringmethode (INTACS) sein. Eine weitere Option sind Hornhauttransplantationen. Aufgrund des h\u00e4ufigen Mangels an Spenden und der hohen Rate an Absto\u00dfungen des transplantierten Hornhautgewebes sollte diese Methode jedoch als letzte Option in Betracht gezogen werden.<\/span><\/p>\n<p class=\"brk-dark-font-color font__size-16 font__weight-normal line__height-26 mb-10\"><span style=\"font-size: 14pt;\">In letzter Zeit hat die technologische Entwicklung die Corneal Cross Linking Behandlung erm\u00f6glicht, mit der das Fortschreiten der Erkrankung gestoppt werden kann. Dabei ist nicht nur die Behandelbarkeit der Erkrankung wichtig, sondern auch, dass das Fortschreiten der Erkrankung in ihrem aktuellen Zustand gestoppt wird. F\u00fcr detailliertere Informationen k\u00f6nnen Sie unseren n\u00e4chsten Artikel \u00fcber die Methoden zur Behandlung von Keratokonus lesen.<\/span><\/p>\n<\/div>","protected":false},"excerpt":{"rendered":"<p>Keratokonus tedavisinde hastalar\u0131n kontakt lenslerden yeterli fayday\u0131 sa\u011flayamad\u0131\u011f\u0131 durumlarda geli\u015fmi\u015f y\u00f6ntemlerden faydalan\u0131l\u0131r. Bu y\u00f6ntemler Kornea i\u00e7i halkalar ve Kornea Cross Linking y\u00f6ntemleridir. Keratokonus tedavisinde kullan\u0131lan geli\u015fmi\u015f y\u00f6ntemler yaz\u0131m\u0131zda bu iki y\u00f6ntemden bahsedece\u011fiz. Keratokonus Tedavisinde Kornea \u0130\u00e7i Halka Y\u00f6ntemi Keratokonus tedavisinde kullan\u0131lan korneal halkalar, yar\u0131m ay \u015feklinde olan ve iki k\u0131s\u0131mdan olu\u015fan \u00f6zel sistemlerdir. Kornea dokusu [&hellip;]<\/p>","protected":false},"author":2,"featured_media":0,"parent":1292,"menu_order":0,"comment_status":"closed","ping_status":"closed","template":"","meta":{"footnotes":""},"class_list":["post-1380","page","type-page","status-publish","hentry"],"acf":[],"_links":{"self":[{"href":"https:\/\/healthtourismcenterturkey.com\/de\/wp-json\/wp\/v2\/pages\/1380"}],"collection":[{"href":"https:\/\/healthtourismcenterturkey.com\/de\/wp-json\/wp\/v2\/pages"}],"about":[{"href":"https:\/\/healthtourismcenterturkey.com\/de\/wp-json\/wp\/v2\/types\/page"}],"author":[{"embeddable":true,"href":"https:\/\/healthtourismcenterturkey.com\/de\/wp-json\/wp\/v2\/users\/2"}],"replies":[{"embeddable":true,"href":"https:\/\/healthtourismcenterturkey.com\/de\/wp-json\/wp\/v2\/comments?post=1380"}],"version-history":[{"count":5,"href":"https:\/\/healthtourismcenterturkey.com\/de\/wp-json\/wp\/v2\/pages\/1380\/revisions"}],"predecessor-version":[{"id":2046,"href":"https:\/\/healthtourismcenterturkey.com\/de\/wp-json\/wp\/v2\/pages\/1380\/revisions\/2046"}],"up":[{"embeddable":true,"href":"https:\/\/healthtourismcenterturkey.com\/de\/wp-json\/wp\/v2\/pages\/1292"}],"wp:attachment":[{"href":"https:\/\/healthtourismcenterturkey.com\/de\/wp-json\/wp\/v2\/media?parent=1380"}],"curies":[{"name":"wp","href":"https:\/\/api.w.org\/{rel}","templated":true}]}}