{"id":1376,"date":"2020-08-30T11:01:36","date_gmt":"2020-08-30T11:01:36","guid":{"rendered":"http:\/\/healthtourismcenterturkey.com\/?page_id=1376"},"modified":"2020-11-25T19:01:51","modified_gmt":"2020-11-25T19:01:51","slug":"goz-tembelligi","status":"publish","type":"page","link":"https:\/\/healthtourismcenterturkey.com\/de\/goz-ameliyatlari\/goz-hastaliklari\/goz-tembelligi\/","title":{"rendered":"Schwachsichtigkeit"},"content":{"rendered":"<div class=\"col-12 col-lg-6\">\n<p><span style=\"font-size: 14pt;\">Die Schwachsichtigkeit ist eine Erkrankung, die zwar behandelbar ist, jedoch h\u00e4ufig zu dauerhaften Seeverlusten f\u00fchrt. Am h\u00e4ufigsten tritt sie bei genetisch bedingter angeborener Hyperopie auf. Ein entscheidender Faktor ist, dass regelm\u00e4\u00dfige Untersuchungen bis zum achten Lebensjahr des Kindes nicht durchgef\u00fchrt wurden. Idealerweise sollte nach der Geburt einmal, mit zwei Jahren einmal und erneut mit f\u00fcnf Jahren einmal eine Untersuchung stattfinden.<\/span><\/p>\n<p><span style=\"font-size: 14pt;\">Bei der Neugeborenenuntersuchung sollten m\u00f6gliche Ursachen f\u00fcr Schwachsichtigkeit wie angeborener Katarakt, angeborene Ptosis (H\u00e4ngendes Augenlid), angeborene Schielen usw. festgestellt und behandelt werden, um einer Schwachsichtigkeit vorzubeugen. Bei der Untersuchung im Alter von zwei Jahren sollte die Koordination der Bewegungen beider Augen einzeln und zusammen \u00fcberpr\u00fcft werden. Insbesondere das Innen- oder Schielen kann auf fortgeschrittene Hyperopie hinweisen. Eine Behandlung bringt in der Regel vollst\u00e4ndige Erfolge.<\/span><\/p>\n<p><span style=\"font-size: 14pt;\">Bei der Untersuchung mit f\u00fcnf Jahren kann das Kind an allen Arten von Augenuntersuchungen teilnehmen, sodass etwaige Refraktionsfehler (Kurzsichtigkeit, Weitsichtigkeit, Astigmatismus) umfassender erkannt werden k\u00f6nnen. Die Behandlung wird entsprechend angepasst, sodass das Kind auf die Vorschulerziehung vorbereitet ist. Denn Lernen wird zu 80 % \u00fcber unseren visuellen Sinn wahrgenommen. Nach dem achten Lebensjahr sind die Behandlungsm\u00f6glichkeiten f\u00fcr Schwachsichtigkeit sehr begrenzt, und Erfolge k\u00f6nnen nicht immer garantiert werden.<\/span><\/p>\n<p><\/br>\n<\/div>\n<div class=\"col-12 col-lg-6\"><img loading=\"lazy\" decoding=\"async\" class=\"alignnone size-full wp-image-1587\" src=\"http:\/\/healthtourismcenterturkey.com\/wp-content\/uploads\/2020\/09\/585x678_2-14.jpg\" alt=\"\" width=\"585\" height=\"678\" srcset=\"https:\/\/healthtourismcenterturkey.com\/wp-content\/uploads\/2020\/09\/585x678_2-14.jpg 585w, https:\/\/healthtourismcenterturkey.com\/wp-content\/uploads\/2020\/09\/585x678_2-14-259x300.jpg 259w\" sizes=\"(max-width: 585px) 100vw, 585px\" \/><\/div>\n<p><\/br><\/br><\/p>","protected":false},"excerpt":{"rendered":"<p>G\u00f6z tembelli\u011fi; tedavisi m\u00fcmk\u00fcn oldu\u011fu halde kal\u0131c\u0131 g\u00f6rme kay\u0131plar\u0131yla sonu\u00e7land\u0131\u011f\u0131n\u0131 g\u00f6rd\u00fc\u011f\u00fcm\u00fcz bir hastal\u0131kt\u0131r. En s\u0131k genetik olarak do\u011fumsal ileri hipermetropi durumunda g\u00f6r\u00fcl\u00fcr. \u00c7ocu\u011fun d\u00fczenli olarak muayenelerinin 8 ya\u015f\u0131na kadar yap\u0131lmam\u0131\u015f olmas\u0131 en b\u00fcy\u00fck etkendir. Do\u011fumdan sonra bir kez, 2 ya\u015f\u0131nda bir kez ve yine 5 ya\u015f\u0131nda bir kez muayene yap\u0131lmas\u0131 idealdir. Yeni do\u011fan muayenede g\u00f6z [&hellip;]<\/p>","protected":false},"author":2,"featured_media":0,"parent":1292,"menu_order":0,"comment_status":"closed","ping_status":"closed","template":"","meta":{"footnotes":""},"class_list":["post-1376","page","type-page","status-publish","hentry"],"acf":[],"_links":{"self":[{"href":"https:\/\/healthtourismcenterturkey.com\/de\/wp-json\/wp\/v2\/pages\/1376"}],"collection":[{"href":"https:\/\/healthtourismcenterturkey.com\/de\/wp-json\/wp\/v2\/pages"}],"about":[{"href":"https:\/\/healthtourismcenterturkey.com\/de\/wp-json\/wp\/v2\/types\/page"}],"author":[{"embeddable":true,"href":"https:\/\/healthtourismcenterturkey.com\/de\/wp-json\/wp\/v2\/users\/2"}],"replies":[{"embeddable":true,"href":"https:\/\/healthtourismcenterturkey.com\/de\/wp-json\/wp\/v2\/comments?post=1376"}],"version-history":[{"count":4,"href":"https:\/\/healthtourismcenterturkey.com\/de\/wp-json\/wp\/v2\/pages\/1376\/revisions"}],"predecessor-version":[{"id":2041,"href":"https:\/\/healthtourismcenterturkey.com\/de\/wp-json\/wp\/v2\/pages\/1376\/revisions\/2041"}],"up":[{"embeddable":true,"href":"https:\/\/healthtourismcenterturkey.com\/de\/wp-json\/wp\/v2\/pages\/1292"}],"wp:attachment":[{"href":"https:\/\/healthtourismcenterturkey.com\/de\/wp-json\/wp\/v2\/media?parent=1376"}],"curies":[{"name":"wp","href":"https:\/\/api.w.org\/{rel}","templated":true}]}}