{"id":1367,"date":"2020-08-30T10:54:25","date_gmt":"2020-08-30T10:54:25","guid":{"rendered":"http:\/\/healthtourismcenterturkey.com\/?page_id=1367"},"modified":"2020-09-12T17:06:50","modified_gmt":"2020-09-12T17:06:50","slug":"renk-korlugu","status":"publish","type":"page","link":"https:\/\/healthtourismcenterturkey.com\/de\/goz-ameliyatlari\/goz-hastaliklari\/renk-korlugu\/","title":{"rendered":"Farbenblindheit"},"content":{"rendered":"<div class=\"row pt-80\">\n<div class=\"col-12 col-lg-6\">\n<div class=\"row pt-80\">\n<div class=\"col-12 col-lg-6\">\n<h1 class=\"font__family-montserrat font__size-28 line__height-32 text-uppercase mb-35\"><span class=\"font__weight-light\">BEHANDLUNG DER FARBENBLINDHEIT<\/span><\/h1>\n<p class=\"brk-dark-font-color font__size-16 font__weight-normal line__height-26 mb-10\"><span style=\"font-size: 14pt;\">Der Farbenblindheitstest ist ein Test, der verwendet wird, um das Vorhandensein von Farbenblindheit bei Personen festzustellen. Der lateinische Begriff f\u00fcr Farbenblindheit ist Daltonismus, der im Bereich der Zapfenrezeptoren in der Netzhaut (Retina) des Auges auftritt.<\/span><\/p>\n<p class=\"brk-dark-font-color font__size-16 font__weight-normal line__height-26 mb-10\"><span style=\"font-size: 14pt;\">Der Test besteht aus Tafeln mit Zahlen und Objekten, die in verschiedenen Farben geschrieben sind, und wird als Farbenblindheitstest bezeichnet. Wenn Personen die Zahlen und Formen auf den Tafeln nicht lesen k\u00f6nnen, kann die Diagnose Farbenblindheit gestellt werden. Die am h\u00e4ufigsten verwendete Methode zur Diagnose von Farbenblindheit ist der oben genannte, physisch durchgef\u00fchrte Farbenblindheitstest.<\/span><\/p>\n<h1>Was sind die Ursachen f\u00fcr Farbenblindheit?<\/h1>\n<p class=\"brk-dark-font-color font__size-16 font__weight-normal line__height-26 mb-10\"><span style=\"font-size: 14pt;\">Es wird gesch\u00e4tzt, dass weltweit etwa 170-180 Millionen Menschen von Farbenblindheit betroffen sind. Diese Erkrankung wird durch das Fehlen oder die geringe Menge an Pigmentpartikeln in den Sehzellen des visuellen Zentrums verursacht. In diesen F\u00e4llen kann die betroffene Person eine oder mehrere Farben nicht unterscheiden. Farbenblindheit ist eine erblich bedingte, angeborene Erkrankung, die auf genetischen Faktoren beruht, die von den Eltern vererbt werden.<\/span><\/p>\n<h1>Welche Arten von Farbenblindheit gibt es?<\/h1>\n<h3>Die Farbenblindheit hat je nach betroffener Farbe unterschiedliche Bezeichnungen. Kurz gesagt:<\/h3>\n<ol>\n<li class=\"brk-dark-font-color font__size-16 font__weight-normal line__height-26\"><span class=\"font__weight-light\" style=\"font-size: 14pt;\">Die durch rote Zapfenrezeptoren bedingte Farbenblindheit wird als \u201eProtanopie\u201c bezeichnet.<\/span><\/li>\n<li class=\"brk-dark-font-color font__size-16 font__weight-normal line__height-26\"><span class=\"font__weight-light\" style=\"font-size: 14pt;\">Die durch gr\u00fcne Zapfenrezeptoren bedingte Farbenblindheit wird als \u201eDeuteranopie\u201c bezeichnet.<\/span><\/li>\n<li class=\"brk-dark-font-color font__size-16 font__weight-normal line__height-26\"><span class=\"font__weight-light\" style=\"font-size: 14pt;\">Die durch blaue Zapfenrezeptoren bedingte Farbenblindheit wird als \u201eTritanopie\u201c bezeichnet.<\/span><\/li>\n<\/ol>\n<\/div>\n<div class=\"col-12 col-lg-6\"><img loading=\"lazy\" decoding=\"async\" class=\"alignnone size-full wp-image-1558\" src=\"http:\/\/healthtourismcenterturkey.com\/wp-content\/uploads\/2020\/09\/585x678_2-19.jpg\" alt=\"\" width=\"585\" height=\"678\" srcset=\"https:\/\/healthtourismcenterturkey.com\/wp-content\/uploads\/2020\/09\/585x678_2-19.jpg 585w, https:\/\/healthtourismcenterturkey.com\/wp-content\/uploads\/2020\/09\/585x678_2-19-259x300.jpg 259w\" sizes=\"(max-width: 585px) 100vw, 585px\" \/><\/div>\n<\/div>\n<div class=\"overflow-hid position-static position-lg-relative pb-10\">\n<p class=\"brk-dark-font-color font__size-16 font__weight-normal line__height-26\"><span style=\"font-size: 14pt;\">Diese Farbblindheitsgruppen beziehen sich auf die partielle Farbblindheit. Bei F\u00e4llen von monochromatischer Farbblindheit kann jedoch von vollst\u00e4ndiger Farbblindheit gesprochen werden. Personen mit vollst\u00e4ndiger Farbblindheit k\u00f6nnen Farben unter keinen Umst\u00e4nden voneinander unterscheiden (au\u00dfer in Schwarz-Wei\u00df-Formen).<\/span><\/p>\n<\/div>\n<\/div>\n<p>&nbsp;<\/p>\n<\/div>","protected":false},"excerpt":{"rendered":"<p>RENK K\u00d6RL\u00dc\u011e\u00dc TEDAV\u0130S\u0130 Renk k\u00f6rl\u00fc\u011f\u00fc testi, bireylerde renk k\u00f6rl\u00fc\u011f\u00fc varl\u0131\u011f\u0131n\u0131n tespiti amac\u0131 ile kullan\u0131lan teste verilen isimdir. Latince ad\u0131 daltonizm olan Renk k\u00f6rl\u00fc\u011f\u00fc, g\u00f6z\u00fcn a\u011f tabakas\u0131 olan retinada konik resept\u00f6rlerde olu\u015fmaktad\u0131r. Farkl\u0131 renklerle yaz\u0131lm\u0131\u015f say\u0131 ve nesnelerden olu\u015fan levhalar\u0131 ki\u015filerin okumas\u0131n\u0131n yap\u0131ld\u0131\u011f\u0131 teste renk k\u00f6rl\u00fc\u011f\u00fc testi denmektedir. Bireyler levhalardaki say\u0131lar\u0131 ve \u015fekilleri okuyamad\u0131klar\u0131 takdirde renk [&hellip;]<\/p>","protected":false},"author":2,"featured_media":0,"parent":1292,"menu_order":0,"comment_status":"closed","ping_status":"closed","template":"","meta":{"footnotes":""},"class_list":["post-1367","page","type-page","status-publish","hentry"],"acf":[],"_links":{"self":[{"href":"https:\/\/healthtourismcenterturkey.com\/de\/wp-json\/wp\/v2\/pages\/1367"}],"collection":[{"href":"https:\/\/healthtourismcenterturkey.com\/de\/wp-json\/wp\/v2\/pages"}],"about":[{"href":"https:\/\/healthtourismcenterturkey.com\/de\/wp-json\/wp\/v2\/types\/page"}],"author":[{"embeddable":true,"href":"https:\/\/healthtourismcenterturkey.com\/de\/wp-json\/wp\/v2\/users\/2"}],"replies":[{"embeddable":true,"href":"https:\/\/healthtourismcenterturkey.com\/de\/wp-json\/wp\/v2\/comments?post=1367"}],"version-history":[{"count":13,"href":"https:\/\/healthtourismcenterturkey.com\/de\/wp-json\/wp\/v2\/pages\/1367\/revisions"}],"predecessor-version":[{"id":1861,"href":"https:\/\/healthtourismcenterturkey.com\/de\/wp-json\/wp\/v2\/pages\/1367\/revisions\/1861"}],"up":[{"embeddable":true,"href":"https:\/\/healthtourismcenterturkey.com\/de\/wp-json\/wp\/v2\/pages\/1292"}],"wp:attachment":[{"href":"https:\/\/healthtourismcenterturkey.com\/de\/wp-json\/wp\/v2\/media?parent=1367"}],"curies":[{"name":"wp","href":"https:\/\/api.w.org\/{rel}","templated":true}]}}