{"id":1363,"date":"2020-08-30T10:16:07","date_gmt":"2020-08-30T10:16:07","guid":{"rendered":"http:\/\/healthtourismcenterturkey.com\/?page_id=1363"},"modified":"2020-09-12T17:02:41","modified_gmt":"2020-09-12T17:02:41","slug":"pterjium","status":"publish","type":"page","link":"https:\/\/healthtourismcenterturkey.com\/de\/goz-ameliyatlari\/goz-hastaliklari\/pterjium\/","title":{"rendered":"Pterygium"},"content":{"rendered":"<div class=\"col-12 col-lg-6\">\n<h1 class=\"font__family-montserrat font__size-28 line__height-32 text-uppercase mb-35\"><span class=\"font__weight-light\">PTER\u0130J\u0130UM BEHANDLUNG<\/span><\/h1>\n<p class=\"brk-dark-font-color font__size-16 font__weight-normal line__height-26 mb-10\"><span style=\"font-size: 14pt;\">In unserem Land ist eine Erkrankung, die h\u00e4ufig als \"Engelsfl\u00fcgel\" bekannt ist, w\u00e4hrend sie im Ausland als \"Surferauge\" bezeichnet wird und in der Bev\u00f6lkerung als das Wachsen von Fleisch am Auge oder das Voranschreiten von Fleisch am Auge beschrieben wird, in Latein als Pterygium bekannt. Pterygium tritt h\u00e4ufiger bei M\u00e4nnern auf als bei Frauen und ist bei Personen, die im Freien arbeiten und ultravioletten Strahlen ausgesetzt sind, h\u00e4ufiger zu beobachten. Es handelt sich um eine Erkrankung, die in der durchsichtigen Schicht des Auges, der Hornhaut, auftritt.<\/span><\/p>\n<p><img loading=\"lazy\" decoding=\"async\" class=\"alignnone size-full wp-image-1552\" src=\"http:\/\/healthtourismcenterturkey.com\/wp-content\/uploads\/2020\/09\/585x678_2-17.jpg\" alt=\"\" width=\"585\" height=\"678\" srcset=\"https:\/\/healthtourismcenterturkey.com\/wp-content\/uploads\/2020\/09\/585x678_2-17.jpg 585w, https:\/\/healthtourismcenterturkey.com\/wp-content\/uploads\/2020\/09\/585x678_2-17-259x300.jpg 259w\" sizes=\"(max-width: 585px) 100vw, 585px\" \/><\/p>\n<h1>Was sind die Symptome des Wachsens von Gewebe am Auge?<\/h1>\n<p class=\"brk-dark-font-color font__size-16 font__weight-normal line__height-26 mb-10\"><span style=\"font-size: 14pt;\">Pterygium \u00e4u\u00dfert sich zun\u00e4chst durch Entz\u00fcndungen (\u00d6deme) im Nasenbereich des Auges. In diesem Bereich kann Schwellung auftreten. Patienten k\u00f6nnen in diesem Stadium mit Beschwerden wie Stechen, Brennen, verschwommenem Sehen und dem Gef\u00fchl eines Fremdk\u00f6rpers einen Augenarzt aufsuchen. In den fortgeschrittenen Stadien der Krankheit kann es zu Sehst\u00f6rungen kommen, da das Pterygium auf die Augenoberfl\u00e4che (auf der Hornhaut) w\u00e4chst.<\/span><\/p>\n<p>&nbsp;<\/p>\n<h1>Das Wachsen von Gewebe am Auge ist kein rein \u00e4sthetisches Problem<\/h1>\n<p class=\"brk-dark-font-color font__size-16 font__weight-normal line__height-26 mb-10\"><span style=\"font-size: 14pt;\">Das Wachsen von Gewebe am Auge sollte nicht nur als \u00e4sthetisches Problem betrachtet werden. Wenn Pterygium unbehandelt fortschreitet, kann es auf der Hornhaut haften und Deformationen verursachen. Dies kann zur Verschlechterung von Astigmatismus f\u00fchren, der durch verschwommenes Sehen gekennzeichnet ist.<\/span><\/p>\n<p>&nbsp;<\/p>\n<h1>Behandlung des Wachsens von Gewebe am Auge<\/h1>\n<p class=\"brk-dark-font-color font__size-16 font__weight-normal line__height-26\"><span style=\"font-size: 14pt;\">Pterygium, das h\u00e4ufig bei Personen auftritt, die viel im Freien arbeiten und einer hohen UV-Strahlung ausgesetzt sind, kann chirurgisch behandelt werden. Insbesondere bei fortgeschrittenen Pterygium-F\u00e4llen, die auf der Hornhaut sichtbar sind, sollte eine chirurgische Behandlung durchgef\u00fchrt werden.<\/span><\/p>\n<\/div>\n<div class=\"col-12 col-lg-6\"><\/div>\n<div><\/div>\n<p>&nbsp;<\/p>","protected":false},"excerpt":{"rendered":"<p>PTERJ\u0130UM TEDAV\u0130S\u0130 \u00dclkemizde yayg\u0131n olarak g\u00f6zlenen ve \u00fclkemizde \u201cmelek kanad\u0131\u201d, yurt d\u0131\u015f\u0131nda \u201cs\u00f6rf\u00e7\u00fc g\u00f6z\u00fc\u201d olarak bilinen ve halk aras\u0131nda g\u00f6zde et b\u00fcy\u00fcmesi ya da g\u00f6zde et y\u00fcr\u00fcmesi olarak ifade edilen hastal\u0131\u011f\u0131n latince ad\u0131 pterjium dur. Erkeklerde kad\u0131nlara g\u00f6re daha s\u0131kl\u0131kla g\u00f6r\u00fclebilen pterjium hastal\u0131\u011f\u0131, a\u00e7\u0131k havada \u00e7al\u0131\u015fan ve ultraviyole \u0131\u015f\u0131nlarla maruz kalan bireylerde daha s\u0131kl\u0131kla g\u00f6r\u00fclmektedir. [&hellip;]<\/p>","protected":false},"author":2,"featured_media":0,"parent":1292,"menu_order":0,"comment_status":"closed","ping_status":"closed","template":"","meta":{"footnotes":""},"class_list":["post-1363","page","type-page","status-publish","hentry"],"acf":[],"_links":{"self":[{"href":"https:\/\/healthtourismcenterturkey.com\/de\/wp-json\/wp\/v2\/pages\/1363"}],"collection":[{"href":"https:\/\/healthtourismcenterturkey.com\/de\/wp-json\/wp\/v2\/pages"}],"about":[{"href":"https:\/\/healthtourismcenterturkey.com\/de\/wp-json\/wp\/v2\/types\/page"}],"author":[{"embeddable":true,"href":"https:\/\/healthtourismcenterturkey.com\/de\/wp-json\/wp\/v2\/users\/2"}],"replies":[{"embeddable":true,"href":"https:\/\/healthtourismcenterturkey.com\/de\/wp-json\/wp\/v2\/comments?post=1363"}],"version-history":[{"count":8,"href":"https:\/\/healthtourismcenterturkey.com\/de\/wp-json\/wp\/v2\/pages\/1363\/revisions"}],"predecessor-version":[{"id":1858,"href":"https:\/\/healthtourismcenterturkey.com\/de\/wp-json\/wp\/v2\/pages\/1363\/revisions\/1858"}],"up":[{"embeddable":true,"href":"https:\/\/healthtourismcenterturkey.com\/de\/wp-json\/wp\/v2\/pages\/1292"}],"wp:attachment":[{"href":"https:\/\/healthtourismcenterturkey.com\/de\/wp-json\/wp\/v2\/media?parent=1363"}],"curies":[{"name":"wp","href":"https:\/\/api.w.org\/{rel}","templated":true}]}}