{"id":1355,"date":"2020-08-30T10:14:09","date_gmt":"2020-08-30T10:14:09","guid":{"rendered":"http:\/\/healthtourismcenterturkey.com\/?page_id=1355"},"modified":"2020-11-25T18:24:07","modified_gmt":"2020-11-25T18:24:07","slug":"goz-kurulugu","status":"publish","type":"page","link":"https:\/\/healthtourismcenterturkey.com\/de\/goz-ameliyatlari\/goz-hastaliklari\/goz-kurulugu\/","title":{"rendered":"TROCKENES AUGE"},"content":{"rendered":"<div class=\"row pt-80\">\n<div class=\"col-12 col-lg-6\">\n<h1 class=\"font__family-montserrat font__size-28 line__height-32 text-uppercase mb-35\"><span class=\"font__weight-light\">Behandlung von trockenem Auge<\/span><\/h1>\n<p class=\"brk-dark-font-color font__size-16 font__weight-normal line__height-26 mb-10\"><span style=\"font-size: 14pt;\">Das trockene Auge, auch bekannt als Syndrom des trockenen Auges, ist eine Erkrankung, die entsteht, wenn die Tr\u00e4nenfl\u00fcssigkeit nicht ausreichend produziert wird oder die Qualit\u00e4t der Tr\u00e4nen unzureichend ist, sodass sie keine ausreichende Schicht auf der Augenoberfl\u00e4che bilden kann. Die H\u00e4ufigkeit von trockenen Augen hat insbesondere mit der Entwicklung industrieller Gesellschaften zugenommen. Zur Diagnose und Behandlung der trockenen Augen ist eine Untersuchung durch einen Augenarzt erforderlich.<\/span><\/p>\n<h2 class=\"brk-dark-font-color font__size-16 font__weight-normal line__height-26\"><span class=\"font__weight-light\">TROCKENES AUGE UND TR\u00c4NENFL\u00dcSSIGKEIT<\/span><\/h2>\n<p class=\"brk-dark-font-color font__size-16 font__weight-normal line__height-26 mb-10\"><span style=\"font-size: 14pt;\">Die Tr\u00e4nenfl\u00fcssigkeit besteht zu 97,8 % aus Wasser, 0,9 % aus Natriumchlorid und 0,4 % aus Proteinen (z. B. Globuline, Albumin). Sie hat den gleichen osmotischen Druck wie andere K\u00f6rperfl\u00fcssigkeiten und sorgt f\u00fcr die Befeuchtung des Auges. Die Augen werden regelm\u00e4\u00dfig mit Tr\u00e4nenfl\u00fcssigkeit gewaschen. Dar\u00fcber hinaus hilft die Tr\u00e4nenfl\u00fcssigkeit, Infektionen der Augenoberfl\u00e4che zu verhindern und das Haften von Partikeln an der Augenoberfl\u00e4che durch Adh\u00e4sionskr\u00e4fte zu vermeiden.<\/span><\/p>\n<h2 class=\"brk-dark-font-color font__size-16 font__weight-normal line__height-26\"><span class=\"font__weight-light\">WIE ENTSTEHT TROCKENHEIT DER TR\u00c4NENFL\u00dcSSIGKEIT?<\/span><\/h2>\n<p class=\"brk-dark-font-color font__size-16 font__weight-normal line__height-26\"><span style=\"font-size: 14pt;\">In der heutigen Gesellschaft ist die Tr\u00e4nenproduktion aufgrund von Faktoren wie den Auswirkungen von Treibhausgasen, der Verschlechterung der Luftqualit\u00e4t und den ung\u00fcnstigen Gesundheitsbedingungen, die mit dem industriellen Lebensstil einhergehen, oft nicht ausreichend. Das Syndrom des trockenen Auges, auch allgemein als trockene Augen bezeichnet, tritt h\u00e4ufiger bei \u00e4lteren Menschen und bei Personen auf, die viel Zeit am Computer verbringen. Besonders nach der Menopause tritt es h\u00e4ufiger bei Frauen auf. In Entwicklungsl\u00e4ndern wurden F\u00e4lle von trockenem Auge aufgrund eines Vitamin-A-Mangels beobachtet.<\/span><\/p>\n<\/div>\n<\/div>\n<div class=\"col-12 col-lg-6\"><\/div>\n<div><img loading=\"lazy\" decoding=\"async\" class=\"alignnone size-full wp-image-1543\" src=\"http:\/\/healthtourismcenterturkey.com\/wp-content\/uploads\/2020\/09\/585x678_2-13.jpg\" alt=\"\" width=\"585\" height=\"678\" srcset=\"https:\/\/healthtourismcenterturkey.com\/wp-content\/uploads\/2020\/09\/585x678_2-13.jpg 585w, https:\/\/healthtourismcenterturkey.com\/wp-content\/uploads\/2020\/09\/585x678_2-13-259x300.jpg 259w\" sizes=\"(max-width: 585px) 100vw, 585px\" \/><\/div>\n<div><\/div>\n<div class=\"overflow-hid position-static position-lg-relative pb-100\">\n<p class=\"brk-dark-font-color font__size-16 font__weight-normal line__height-26 mb-30\"><span style=\"font-size: 14pt;\">Die Einnahme bestimmter Medikamentengruppen, darunter Antihistaminika, Betablocker und Diuretika, kann zur Entwicklung des trockenen Auges beitragen.<\/span><\/p>\n<h2 class=\"brk-dark-font-color font__size-16 font__weight-normal line__height-26\"><span class=\"font__weight-light\">Ursachen und Symptome des trockenen Auges<\/span><\/h2>\n<h3 class=\"brk-dark-font-color font__size-16 font__weight-normal line__height-26 mb-10\">Das Syndrom des trockenen Auges hat f\u00fcr die Betroffenen erkennbare Symptome:<\/h3>\n<ul>\n<li class=\"brk-dark-font-color font__size-16 font__weight-normal line__height-26\"><span class=\"font__weight-light\" style=\"font-size: 14pt;\">\u00a0Brennen und Fremdk\u00f6rpergef\u00fchl im Auge<\/span><\/li>\n<li class=\"brk-dark-font-color font__size-16 font__weight-normal line__height-26\"><span class=\"font__weight-light\" style=\"font-size: 14pt;\">\u00a0Viskose, dicke und fl\u00fcssige Sekrete im und um das Auge<\/span><\/li>\n<li class=\"brk-dark-font-color font__size-16 font__weight-normal line__height-26\"><span class=\"font__weight-light\" style=\"font-size: 14pt;\">\u00a0R\u00f6tung des Auges<\/span><\/li>\n<li class=\"brk-dark-font-color font__size-16 font__weight-normal line__height-26\"><span class=\"font__weight-light\" style=\"font-size: 14pt;\">\u00a0Verst\u00e4rktes Brennen beim Tragen von Kontaktlinsen<\/span><\/li>\n<li class=\"brk-dark-font-color font__size-16 font__weight-normal line__height-26 mb-10\"><span class=\"font__weight-light\" style=\"font-size: 14pt;\">\u00a0Gelegentlich \u00fcberm\u00e4\u00dfiges Tr\u00e4nen und M\u00fcdigkeitsgef\u00fchl<\/span><\/li>\n<\/ul>\n<p>&nbsp;<\/p>\n<p class=\"brk-dark-font-color font__size-16 font__weight-normal line__height-26 mb-10\"><span style=\"font-size: 14pt;\">Das trockene Auge wird \u00fcblicherweise durch den Schirmer-Test gemessen, der von einem Facharzt f\u00fcr Augenheilkunde durchgef\u00fchrt wird. Im Allgemeinen wird bei einem Ergebnis von 10 Millimetern oder mehr nicht von einem trockenen Auge ausgegangen, w\u00e4hrend Werte von 5 Millimetern oder weniger auf das Vorhandensein eines trockenen Auges hindeuten. F\u00fcr eine pr\u00e4zise Diagnose ist eine Untersuchung durch einen Augenarzt entscheidend. Eine weitere Methode zur Diagnose ist die Messung der Tr\u00e4nenfilm-Stabilit\u00e4t. Bei sofortiger deutlich sichtbarer Trockenheit nach der Anwendung eines Farbstoffs wird das Vorhandensein der Erkrankung positiv best\u00e4tigt.<\/span><\/p>\n<h2 class=\"brk-dark-font-color font__size-16 font__weight-normal line__height-26\"><span class=\"font__weight-light\">Kuru G\u00f6z &#8211; G\u00f6z Kurulu\u011fu Rahats\u0131zl\u0131\u011f\u0131n\u0131n Tedavisi<\/span><\/h2>\n<p class=\"brk-dark-font-color font__size-16 font__weight-normal line__height-26 mb-10\"><span style=\"font-size: 14pt;\">Die am h\u00e4ufigsten verwendete Methode zur Behandlung von trockenem Auge sind k\u00fcnstliche Tr\u00e4nenpr\u00e4parate. Diese Augentropfen haben denselben osmotischen Druck wie nat\u00fcrliche Tr\u00e4nen und imitieren deren Funktion. Dadurch wird die erforderliche Fl\u00fcssigkeitsdichte und eine feuchte Umgebung im Auge erreicht. Die Auswahl des k\u00fcnstlichen Tr\u00e4nenprodukts sollte individuell auf Ihre Bed\u00fcrfnisse und den Zustand Ihrer Erkrankung abgestimmt werden. Auch die H\u00e4ufigkeit und die Art der Anwendung sollten von Ihrem Augenarzt festgelegt werden.\nZu den weiteren Behandlungsmethoden geh\u00f6rt das Verstopfen der Tr\u00e4nenkan\u00e4le, um den Verlust von Tr\u00e4nenfl\u00fcssigkeit zu minimieren. Dar\u00fcber hinaus sollten Patienten mit trockenem Auge Umwelteinfl\u00fcsse wie Klimaanlagen, Heizungen und Zigarettenrauch meiden.\nF\u00fcr eine genaue Diagnose und Behandlung von trockenem Auge oder Tr\u00e4nenfl\u00fcssigkeitsmangel kontaktieren Sie uns bitte unter der Telefonnummer +90552 797 67 44.<\/span><\/p>\n<\/div>\n<p>&nbsp;<\/p>","protected":false},"excerpt":{"rendered":"<p>G\u00d6Z KURULU\u011eU TEDAV\u0130S\u0130 Kuru g\u00f6z sendromu ya da di\u011fer ad\u0131yla G\u00f6z kurulu\u011fu g\u00f6z ya\u015f\u0131n\u0131n yeterli \u00fcretilememesi, g\u00f6zya\u015f\u0131n\u0131n yeterli kalitede olmay\u0131\u015f\u0131 ile g\u00f6z \u00fczerinde nitelik bir tabaka olu\u015fturamay\u0131\u015f\u0131 sonucu olu\u015fan rahats\u0131zl\u0131\u011f\u0131n ad\u0131d\u0131r. Kuru g\u00f6z rahats\u0131zl\u0131\u011f\u0131 \u00f6zellikle end\u00fcstriyel toplumun geli\u015fimi ile birlikte insidans\u0131 (g\u00f6r\u00fclme s\u0131kl\u0131\u011f\u0131) artm\u0131\u015f olan bir rahats\u0131zl\u0131kt\u0131r. Kuru g\u00f6z hastal\u0131\u011f\u0131n\u0131n te\u015fhisi ve tedavisi i\u00e7in bir [&hellip;]<\/p>","protected":false},"author":2,"featured_media":0,"parent":1292,"menu_order":0,"comment_status":"closed","ping_status":"closed","template":"","meta":{"footnotes":""},"class_list":["post-1355","page","type-page","status-publish","hentry"],"acf":[],"_links":{"self":[{"href":"https:\/\/healthtourismcenterturkey.com\/de\/wp-json\/wp\/v2\/pages\/1355"}],"collection":[{"href":"https:\/\/healthtourismcenterturkey.com\/de\/wp-json\/wp\/v2\/pages"}],"about":[{"href":"https:\/\/healthtourismcenterturkey.com\/de\/wp-json\/wp\/v2\/types\/page"}],"author":[{"embeddable":true,"href":"https:\/\/healthtourismcenterturkey.com\/de\/wp-json\/wp\/v2\/users\/2"}],"replies":[{"embeddable":true,"href":"https:\/\/healthtourismcenterturkey.com\/de\/wp-json\/wp\/v2\/comments?post=1355"}],"version-history":[{"count":6,"href":"https:\/\/healthtourismcenterturkey.com\/de\/wp-json\/wp\/v2\/pages\/1355\/revisions"}],"predecessor-version":[{"id":2039,"href":"https:\/\/healthtourismcenterturkey.com\/de\/wp-json\/wp\/v2\/pages\/1355\/revisions\/2039"}],"up":[{"embeddable":true,"href":"https:\/\/healthtourismcenterturkey.com\/de\/wp-json\/wp\/v2\/pages\/1292"}],"wp:attachment":[{"href":"https:\/\/healthtourismcenterturkey.com\/de\/wp-json\/wp\/v2\/media?parent=1355"}],"curies":[{"name":"wp","href":"https:\/\/api.w.org\/{rel}","templated":true}]}}