{"id":1353,"date":"2020-08-30T10:13:50","date_gmt":"2020-08-30T10:13:50","guid":{"rendered":"http:\/\/healthtourismcenterturkey.com\/?page_id=1353"},"modified":"2022-03-24T18:49:22","modified_gmt":"2022-03-24T18:49:22","slug":"konjonktivit","status":"publish","type":"page","link":"https:\/\/healthtourismcenterturkey.com\/de\/goz-ameliyatlari\/goz-hastaliklari\/konjonktivit\/","title":{"rendered":"Konjonktivit"},"content":{"rendered":"<div class=\"row pt-80\">\n<div class=\"col-12 col-lg-6\">\n<h1 class=\"font__family-montserrat font__size-28 line__height-32 text-uppercase mb-35\"><span class=\"font__weight-light\">KONJUNKTIVIT BEHANDLUNG<\/span><\/h1>\n<p class=\"brk-dark-font-color font__size-16 font__weight-normal line__height-26 mb-10\"><span style=\"font-size: 14pt;\">Auge<\/span><span style=\"font-size: 14pt;\"> Konjunktiva ist eine d\u00fcnne Membran, die die Augenlider mit dem Augapfel verbindet und die R\u00fcckseite der Augenlider sowie die Vorderseite des Augapfels bedeckt. Die Entz\u00fcndung dieser d\u00fcnnen Membran aufgrund verschiedener Infektionen, Allergien usw. wird als Konjunktivitis bezeichnet. Die Konjunktiva geht an den freien R\u00e4ndern der Lider in die Haut \u00fcber.<\/span><\/p>\n<p class=\"brk-dark-font-color font__size-16 font__weight-normal line__height-26 mb-10\"><span style=\"font-size: 14pt;\">Die Konjunktiva, die an den freien R\u00e4ndern der Augenlider beginnt, erstreckt sich nach oben im oberen Lid und nach unten im unteren Lid, um die R\u00fcckseite der Lider zu bedecken.<\/span><\/p>\n<p class=\"brk-dark-font-color font__size-16 font__weight-normal line__height-26 mb-10\"><span style=\"font-size: 14pt;\">Die Schicht, die als wei\u00dfe Fl\u00e4che des Auges erscheint, wird Sklera genannt, und die Konjunktiva bedeckt die Sklera mit einer d\u00fcnnen Schicht.<\/span><\/p>\n<p class=\"brk-dark-font-color font__size-16 font__weight-normal line__height-26 mb-10\"><span style=\"font-size: 14pt;\">Eine der Hauptursachen f\u00fcr R\u00f6tungen im Auge ist die Entz\u00fcndung der Konjunktiva, also die Konjunktivitis.<\/span><\/p>\n<h2 class=\"brk-dark-font-color font__size-16 font__weight-normal line__height-26\"><span class=\"font__weight-light\">Ursachen der Konjunktivitis<\/span><\/h2>\n<p class=\"brk-dark-font-color font__size-16 font__weight-normal line__height-26 mb-10\"><span style=\"font-size: 14pt;\">Konjunktivitis kann in der Regel durch infekti\u00f6se Erreger wie Bakterien, Viren, durch Allergien oder durch schlechte Lebensbedingungen (Luftverschmutzung) verursacht werden. Aufgrund der d\u00fcnnen Schicht der Konjunktiva kann jede der oben genannten Ursachen R\u00f6tungen hervorrufen. Bei infekti\u00f6s bedingter Konjunktivitis kommt es normalerweise zu R\u00f6tungen der Augen und einer akuten (pl\u00f6tzlichen) Infektion, die eitrigen Ausfluss verursachen kann. In diesem Fall ist eine Untersuchung durch einen Facharzt f\u00fcr Augenheilkunde und Chirurgie notwendig, um das Fortschreiten der Erkrankung zu verhindern und mit der Behandlung zu beginnen.<\/span><\/p>\n<\/div>\n<\/div>\n<div><img loading=\"lazy\" decoding=\"async\" class=\"alignnone  wp-image-2183\" src=\"https:\/\/healthtourismcenterturkey.com\/wp-content\/uploads\/2022\/03\/konjonktivitler.jpg\" alt=\"\" width=\"480\" height=\"480\" srcset=\"https:\/\/healthtourismcenterturkey.com\/wp-content\/uploads\/2022\/03\/konjonktivitler.jpg 340w, https:\/\/healthtourismcenterturkey.com\/wp-content\/uploads\/2022\/03\/konjonktivitler-300x300.jpg 300w, https:\/\/healthtourismcenterturkey.com\/wp-content\/uploads\/2022\/03\/konjonktivitler-150x150.jpg 150w\" sizes=\"(max-width: 480px) 100vw, 480px\" \/><\/div>\n<div><\/div>\n<div class=\"overflow-hid position-static position-lg-relative pb-100\">\n<p class=\"brk-dark-font-color font__size-16 font__weight-normal line__height-26 mb-10\"><span style=\"font-size: 14pt;\">Einige virale Konjunktivitiden verursachen Symptome im Auge, w\u00e4hrend andere Symptome im Hals und in der Nase hervorrufen. Bei viralen Konjunktivitis tritt h\u00e4ufiger w\u00e4ssriger Ausfluss auf. Sowohl bakterielle als auch virale Konjunktivitiden k\u00f6nnen \u00fcber pers\u00f6nliche Gegenst\u00e4nde auf andere Menschen \u00fcbertragen werden. Allergiebedingte Konjunktivitis (z. B. bei Heuschnupfen) \u00e4u\u00dfert sich neben tr\u00e4nenden und ger\u00f6teten Augen auch in Juckreiz. Zigarettenrauch und Luftverschmutzung z\u00e4hlen ebenfalls zu den Ursachen f\u00fcr Konjunktivitis.<\/span><\/p>\n<p class=\"brk-dark-font-color font__size-16 font__weight-normal line__height-26 mb-30\"><span style=\"font-size: 14pt;\">Normalerweise wird die Konjunktiva, aufgrund ihrer Lage, vielen Umweltfaktoren ausgesetzt. Verschiedene Mechanismen des K\u00f6rpers sch\u00fctzen die Konjunktiva und die Augenoberfl\u00e4che. Der w\u00e4ssrige Teil des Tr\u00e4nenfilms verd\u00fcnnt die im Auge vorhandene Infektion, w\u00e4hrend durch die Pumpbewegung der Tr\u00e4nenkan\u00e4le eine kontinuierliche mechanische Reinigung in Richtung der Tr\u00e4nenkan\u00e4le erfolgt. Gleichzeitig erfolgt eine mikrobielle Reinigung durch Lysozym und Antik\u00f6rper (IgA und IgG) im Tr\u00e4nenfilm.<\/span><\/p>\n<h3 class=\"brk-dark-font-color font__size-16 font__weight-normal line__height-26\">Die allgemeinen Symptome von Konjunktivitis sind:<\/h3>\n<ul>\n<li class=\"brk-dark-font-color font__size-16 font__weight-normal line__height-26\"><span style=\"font-size: 14pt;\">\u00a0Gef\u00fchl einer Fremdk\u00f6rperpr\u00e4senz im Auge<\/span><\/li>\n<li class=\"brk-dark-font-color font__size-16 font__weight-normal line__height-26\"><span style=\"font-size: 14pt;\">\u00a0Bildung von Tr\u00e4nen und Brennen<\/span><\/li>\n<li class=\"brk-dark-font-color font__size-16 font__weight-normal line__height-26\"><span style=\"font-size: 14pt;\">\u00a0Gef\u00fchl von Schwellung rund um die Augen<\/span><\/li>\n<li class=\"brk-dark-font-color font__size-16 font__weight-normal line__height-26\"><span style=\"font-size: 14pt;\">\u00a0Juckreiz und Lichtempfindlichkeit: Diese Symptome sind ebenfalls ausgepr\u00e4gt.<\/span><\/li>\n<li class=\"brk-dark-font-color font__size-16 font__weight-normal line__height-26 mb-30\"><span style=\"font-size: 14pt;\">\u00a0W\u00e4ssriger oder eitriger Ausfluss: Tritt bei infekti\u00f6sen Konjunktivitis auf.<br \/>\n<\/span><\/li>\n<\/ul>\n<p><span style=\"font-size: 14pt;\">Einige unterscheidende Merkmale zwischen den verschiedenen Arten von Konjunktivitis:<\/span><\/p>\n<ul>\n<li class=\"brk-dark-font-color font__size-16 font__weight-normal line__height-26\"><span style=\"font-size: 14pt;\">\u00a0Juckreiz: Bei viralen, bakteriellen und chlamydialen Infektionen minimal, w\u00e4hrend er bei allergischer Konjunktivitis schwer ausgepr\u00e4gt ist.<\/span><\/li>\n<li class=\"brk-dark-font-color font__size-16 font__weight-normal line__height-26\"><span style=\"font-size: 14pt;\">\u00a0Tr\u00e4nenfluss: H\u00e4ufiger bei viraler Konjunktivitis, w\u00e4hrend er bei bakterieller und allergiebedingter Konjunktivitis von mittlerem Ausma\u00df ist.<\/span><\/li>\n<li class=\"brk-dark-font-color font__size-16 font__weight-normal line__height-26\"><span style=\"font-size: 14pt;\">\u00a0Halsweh und Fieber: Manchmal bei viraler und bakterieller Konjunktivitis, nicht jedoch bei allergischer Konjunktivitis.<\/span><\/li>\n<li class=\"brk-dark-font-color font__size-16 font__weight-normal line__height-26\"><span style=\"font-size: 14pt;\">\u00a0Juckreiz und Lichtempfindlichkeit: Diese Symptome sind ebenfalls ausgepr\u00e4gt.<\/span><\/li>\n<li class=\"brk-dark-font-color font__size-16 font__weight-normal line__height-26 mb-30\"><span style=\"font-size: 14pt;\">\u00a0W\u00e4ssriger oder eitriger Ausfluss: Tritt bei infekti\u00f6sen Konjunktivitis auf.<\/span><\/li>\n<\/ul>\n<h2 class=\"brk-dark-font-color font__size-16 font__weight-normal line__height-26\"><span class=\"font__weight-light\">BEHANDLUNG DER KONJUNKTIVITIS<\/span><\/h2>\n<p class=\"brk-dark-font-color font__size-16 font__weight-normal line__height-26 mb-10\"><span style=\"font-size: 14pt;\">Die Behandlung von Konjunktivitis wird je nach Ursache durch Augen\u00e4rzte unterschiedlich geplant. Bei bakteriellen Infektionen werden h\u00e4ufig lokale Augen-Tropfen bevorzugt. In F\u00e4llen fortgeschrittener bakterieller Konjunktivitis kann der Augenarzt jedoch ein systemisches orales oder parenterales Antibiotikum verschreiben. Bei allergiebedingter Konjunktivitis werden hingegen Antihistaminika oder Kortikosteroid-Augentropfen von \u00c4rzten bevorzugt.<\/span><\/p>\n<\/div>\n<p>&nbsp;<\/p>","protected":false},"excerpt":{"rendered":"<p>KONJONKT\u0130V\u0130T TEDAV\u0130S\u0130 G\u00f6z kapaklar\u0131n\u0131 g\u00f6z yuvarla\u011f\u0131na ba\u011flayan ve g\u00f6z kapaklar\u0131n\u0131n arka y\u00fcz\u00fc ile g\u00f6z yuvarla\u011f\u0131n\u0131n \u00f6n k\u0131sm\u0131n\u0131 \u00f6rten mukozadan ibaret ince zara latincede konjonktiva, bu ince zar\u0131n farkl\u0131 infeksiyon, alerji vb. sebeplerden iltihaplanmas\u0131na konjonktivit ad\u0131 verilmektedir. Konjonktiva, kapaklar\u0131n serbest kenar\u0131nda deri ile birle\u015fir. G\u00f6z kapaklar\u0131n\u0131n serbest kenar\u0131ndan ba\u015flayan konjonktiva, \u00fcst kapakta yukar\u0131ya ve alt kapakta [&hellip;]<\/p>","protected":false},"author":2,"featured_media":0,"parent":1292,"menu_order":0,"comment_status":"closed","ping_status":"closed","template":"","meta":{"footnotes":""},"class_list":["post-1353","page","type-page","status-publish","hentry"],"acf":[],"_links":{"self":[{"href":"https:\/\/healthtourismcenterturkey.com\/de\/wp-json\/wp\/v2\/pages\/1353"}],"collection":[{"href":"https:\/\/healthtourismcenterturkey.com\/de\/wp-json\/wp\/v2\/pages"}],"about":[{"href":"https:\/\/healthtourismcenterturkey.com\/de\/wp-json\/wp\/v2\/types\/page"}],"author":[{"embeddable":true,"href":"https:\/\/healthtourismcenterturkey.com\/de\/wp-json\/wp\/v2\/users\/2"}],"replies":[{"embeddable":true,"href":"https:\/\/healthtourismcenterturkey.com\/de\/wp-json\/wp\/v2\/comments?post=1353"}],"version-history":[{"count":9,"href":"https:\/\/healthtourismcenterturkey.com\/de\/wp-json\/wp\/v2\/pages\/1353\/revisions"}],"predecessor-version":[{"id":2185,"href":"https:\/\/healthtourismcenterturkey.com\/de\/wp-json\/wp\/v2\/pages\/1353\/revisions\/2185"}],"up":[{"embeddable":true,"href":"https:\/\/healthtourismcenterturkey.com\/de\/wp-json\/wp\/v2\/pages\/1292"}],"wp:attachment":[{"href":"https:\/\/healthtourismcenterturkey.com\/de\/wp-json\/wp\/v2\/media?parent=1353"}],"curies":[{"name":"wp","href":"https:\/\/api.w.org\/{rel}","templated":true}]}}