{"id":1351,"date":"2020-08-30T10:13:15","date_gmt":"2020-08-30T10:13:15","guid":{"rendered":"http:\/\/healthtourismcenterturkey.com\/?page_id=1351"},"modified":"2022-03-24T18:48:01","modified_gmt":"2022-03-24T18:48:01","slug":"glokom-hfds","status":"publish","type":"page","link":"https:\/\/healthtourismcenterturkey.com\/de\/goz-ameliyatlari\/goz-hastaliklari\/glokom-hfds\/","title":{"rendered":"Konjunktivitis"},"content":{"rendered":"<h3 class=\"font__family-montserrat font__size-28 line__height-32 text-uppercase mb-35\"><span class=\"font__weight-light\">Augeninnendruck \u2013 NEUE METHODE BEI DER GLAUKOMBEHANDLUNG:\u00a0<\/span><\/h3>\n<h3><span class=\"font__weight-bold\">HFDS (Hochfrequente Tiefe Sklerotomie)<\/span><\/h3>\n<p><span style=\"font-size: 14pt;\">Glaukom wird als progressive Sch\u00e4digung des Sehnervs aufgrund eines erh\u00f6hten intraokularen Drucks definiert, die unbehandelt zu Sehverlust und Blindheit f\u00fchren kann. Dies betont Dr. Mehmet Mercan, Facharzt f\u00fcr Augenheilkunde im Spezialisierten Net Augen-Chirurgie Medizinzentrum, der darauf hinweist, dass Glaukom in jeder Altersgruppe auftreten kann, jedoch bei Personen ab 40 Jahren h\u00e4ufiger vorkommt. Mit der HFDS-Methode, die in fortgeschrittenen Gesundheitszentren weltweit verwendet wird und in der T\u00fcrkei nur an wenigen Stellen verf\u00fcgbar ist, k\u00f6nnen sichere und komfortable Behandlungen durchgef\u00fchrt werden, die vielversprechende Ergebnisse liefern.<\/span><\/p>\n<p>&nbsp;<\/p>\n<p><img loading=\"lazy\" decoding=\"async\" class=\"alignnone size-full wp-image-2181\" src=\"https:\/\/healthtourismcenterturkey.com\/wp-content\/uploads\/2022\/03\/glokom.jpg\" alt=\"\" width=\"700\" height=\"425\" srcset=\"https:\/\/healthtourismcenterturkey.com\/wp-content\/uploads\/2022\/03\/glokom.jpg 700w, https:\/\/healthtourismcenterturkey.com\/wp-content\/uploads\/2022\/03\/glokom-300x182.jpg 300w\" sizes=\"(max-width: 700px) 100vw, 700px\" \/><\/p>\n<h3><span class=\"font__weight-bold\">EINE WICHTIGE KRANKHEIT<\/span><\/h3>\n<p><span style=\"font-size: 14pt;\">Op. Dr. Mercan weist darauf hin, dass Glaukom, das in der Bev\u00f6lkerung als Augeninnendruck bekannt ist, eine bedeutende Augenkrankheit ist, die zu Erblindung f\u00fchren kann. \u201eEin erh\u00f6hter Augeninnendruck sch\u00e4digt im Laufe der Zeit den Sehnerv, beeintr\u00e4chtigt das periphere Sehen der Patienten und f\u00fchrt unbehandelt zur Erblindung. Leider bemerken die Patienten diese Defekte im Gesichtsfeld bis zur sp\u00e4ten Phase nicht. Eine fr\u00fchzeitige Diagnose und Behandlung sind entscheidend f\u00fcr das Sehverm\u00f6gen und die Sehqualit\u00e4t der Patienten\u201c, sagt er.<\/span><\/p>\n<p>&nbsp;<\/p>\n<h3><span class=\"font__weight-bold\">KOMPLIKATIONSRISIKO<\/span><\/h3>\n<p><span style=\"font-size: 14pt;\">Dr. Mercan erkl\u00e4rt, dass die Behandlung des Augeninnendrucks zun\u00e4chst mit Augentropfen beginnt. \u201eMit der neu entwickelten Methode HFDS kann der intraokulare Druck effektiv gesenkt werden. Diese Methode reduziert die Abh\u00e4ngigkeit des Patienten von Augentropfen oder beseitigt sie vollst\u00e4ndig. Au\u00dferdem ist das Risiko von Komplikationen im Vergleich zu chirurgischen Eingriffen zur Senkung des Augeninnendrucks sehr gering; die Anwendung ist einfacher und dauert k\u00fcrzer\u201c, sagt er. Dr. Mercan betont, dass die Komplikationsrate dieser Methode im Vergleich zu anderen Eingriffen deutlich niedriger ist und ihre Wirksamkeit sehr stark ist, weshalb sie sowohl f\u00fcr Patienten als auch f\u00fcr Augen\u00e4rzte sehr vielversprechend ist. \u201eIn unserer Klinik wenden wir diese Behandlung bei geeigneten Patientengruppen an\u201c, f\u00fcgt er hinzu.<\/span><\/p>\n<p>&nbsp;<\/p>","protected":false},"excerpt":{"rendered":"<p>G\u00d6Z TANS\u0130YONU &#8211; GLOKOM TEDAV\u0130S\u0130NDE YEN\u0130 B\u0130R Y\u00d6NTEM :\u00a0 HFDS (High Frequency Deep Sklerotomy) Glokomun g\u00f6z i\u00e7i s\u0131v\u0131 bas\u0131n\u00e7 y\u00fcksekli\u011fini takiben g\u00f6rme sinirinde meydana gelen ilerleyici hasar olarak tan\u0131mland\u0131\u011f\u0131n\u0131, tedavi edilmedi\u011fi taktirde g\u00f6rme kayb\u0131 ve k\u00f6rl\u00fc\u011fe neden olabilice\u011fini s\u00f6yleyen \u00d6zel Net G\u00f6z Cerrahi T\u0131p Merkezi&#8217;nden G\u00f6z Hastal\u0131klar\u0131 Uzman\u0131 Op. Dr. Mehmet Mercan, her ya\u015fta g\u00f6r\u00fclebilen [&hellip;]<\/p>","protected":false},"author":2,"featured_media":0,"parent":1292,"menu_order":0,"comment_status":"closed","ping_status":"closed","template":"","meta":{"footnotes":""},"class_list":["post-1351","page","type-page","status-publish","hentry"],"acf":[],"_links":{"self":[{"href":"https:\/\/healthtourismcenterturkey.com\/de\/wp-json\/wp\/v2\/pages\/1351"}],"collection":[{"href":"https:\/\/healthtourismcenterturkey.com\/de\/wp-json\/wp\/v2\/pages"}],"about":[{"href":"https:\/\/healthtourismcenterturkey.com\/de\/wp-json\/wp\/v2\/types\/page"}],"author":[{"embeddable":true,"href":"https:\/\/healthtourismcenterturkey.com\/de\/wp-json\/wp\/v2\/users\/2"}],"replies":[{"embeddable":true,"href":"https:\/\/healthtourismcenterturkey.com\/de\/wp-json\/wp\/v2\/comments?post=1351"}],"version-history":[{"count":7,"href":"https:\/\/healthtourismcenterturkey.com\/de\/wp-json\/wp\/v2\/pages\/1351\/revisions"}],"predecessor-version":[{"id":2182,"href":"https:\/\/healthtourismcenterturkey.com\/de\/wp-json\/wp\/v2\/pages\/1351\/revisions\/2182"}],"up":[{"embeddable":true,"href":"https:\/\/healthtourismcenterturkey.com\/de\/wp-json\/wp\/v2\/pages\/1292"}],"wp:attachment":[{"href":"https:\/\/healthtourismcenterturkey.com\/de\/wp-json\/wp\/v2\/media?parent=1351"}],"curies":[{"name":"wp","href":"https:\/\/api.w.org\/{rel}","templated":true}]}}