{"id":1349,"date":"2020-08-30T10:12:27","date_gmt":"2020-08-30T10:12:27","guid":{"rendered":"http:\/\/healthtourismcenterturkey.com\/?page_id=1349"},"modified":"2020-09-04T22:24:17","modified_gmt":"2020-09-04T22:24:17","slug":"sari-nokta","status":"publish","type":"page","link":"https:\/\/healthtourismcenterturkey.com\/de\/goz-ameliyatlari\/goz-hastaliklari\/sari-nokta\/","title":{"rendered":"Gelber Fleck"},"content":{"rendered":"<div class=\"row pt-80\">\n<div class=\"col-12 col-lg-6\">\n<h1 class=\"font__family-montserrat font__size-28 line__height-32 text-uppercase mb-35\"><span class=\"font__weight-light\">GELBER FLECK KRANKHEIT<\/span><\/h1>\n<p class=\"brk-dark-font-color font__size-16 font__weight-normal line__height-26 mb-10\"><span style=\"font-size: 14pt;\">Die Gelber Fleck Krankheit wird in unserer Zeit immer wichtiger. Die Verl\u00e4ngerung der menschlichen Lebensdauer hat auch zu einer h\u00e4ufigeren Auftretens dieser Krankheit gef\u00fchrt. Wie der Name schon andeutet, handelt es sich um eine altersbedingte Erkrankung. Die Fortschritte bei den diagnostischen Ger\u00e4ten, die intravitrealen Anti-VEGF (intravitrealer vaskul\u00e4rer endothelialer Wachstumsfaktor) Injektionen und Entwicklungen in der Mikron\u00e4hrstofftherapie haben dazu gef\u00fchrt, dass wir Augen\u00e4rzte zunehmend mehr Zeit f\u00fcr diese Krankheit aufwenden m\u00fcssen.<\/span><\/p>\n<p class=\"brk-dark-font-color font__size-16 font__weight-normal line__height-26 mb-10\"><span style=\"font-size: 14pt;\">Bei der altersbedingten Makuladegeneration (AMD) sind genetische Faktoren wissenschaftlich nachgewiesen, wobei diese Erkrankung bei Patienten mit systemischen degenerativen Erkrankungen wie \u201eHypertonie\u201c und \u201eDiabetes (Zuckerkrankheit)\u201c h\u00e4ufiger und in j\u00fcngeren Altersgruppen auftritt. Die altersbedingte Makuladegeneration (Gelber Fleck Krankheit) kann in zwei Typen unterteilt werden, die miteinander \u00fcberlappen:<\/span><\/p>\n<h3 class=\"brk-dark-font-color font__size-16 font__weight-normal line__height-26\"><span class=\"font__weight-light\">1 - Trockene Form (AMD)<\/span><\/h3>\n<p class=\"brk-dark-font-color font__size-16 font__weight-normal line__height-26 mb-10\"><span style=\"font-size: 14pt;\">Diese Methode wird in entwickelten L\u00e4ndern weltweit am h\u00e4ufigsten verwendet. Sie basiert auf dem Prinzip, die Kataraktgewebe mit ultrasonischen Schallwellen zu verfl\u00fcssigen. Bei der FAKOemulsifikations-Technik wird ein etwa 2,5 mm gro\u00dfer Einschnitt in die Hornhaut gemacht, und es werden keine N\u00e4hte gesetzt. Dies ist eine Methode, die Erfahrung des Chirurgen erfordert.<\/span><\/p>\n<h3 class=\"brk-dark-font-color font__size-16 font__weight-normal line__height-26\"><span class=\"font__weight-light\">2 - Feuchte Form (AMD)<\/span><\/h3>\n<p class=\"brk-dark-font-color font__size-16 font__weight-normal line__height-26\"><span style=\"font-size: 14pt;\">Die feuchte Form der altersbedingten Makuladegeneration schreitet sehr schnell voran. Daher ist eine h\u00e4ufige \u00dcberwachung und Untersuchung wichtig. Wenn eine regelm\u00e4\u00dfige \u00dcberwachung und Behandlung nicht erfolgt, verschlechtert sich das Sehverm\u00f6gen schnell. In der Therapie reicht die Mikron\u00e4hrstoffversorgung nicht aus.<\/span><\/p>\n<\/div>\n<div class=\"col-12 col-lg-6\"><img decoding=\"async\" class=\"img-fluid mb-50 lazyloaded\" src=\"https:\/\/www.netgoz.net\/img\/tedaviler\/goz-hastaliklari\/sari-nokta\/585x678_2.jpg\" alt=\"Sar\u0131 Nokta Hastal\u0131\u011f\u0131 (Makula Dejenerasyonu)\" data-src=\"img\/tedaviler\/goz-hastaliklari\/sari-nokta\/585x678_2.jpg\" \/><\/div>\n<\/div>\n<div class=\"overflow-hid position-static position-lg-relative pb-100\">\n<p class=\"brk-dark-font-color font__size-16 font__weight-normal line__height-26 mb-10\"><span style=\"font-size: 14pt;\">Besonders sollten makul\u00e4re OCT-\u00dcberwachungen durchgef\u00fchrt und in aktiven Phasen Anti-VEGF-Injektionen angewendet werden. Die positiven Ergebnisse dieser intravitrealen Medikamentenbehandlungen k\u00f6nnen zu einer Wiedererh\u00f6hung des Sehverm\u00f6gens f\u00fchren. Um sicherzustellen, dass die Patienten an diesen \u00dcberwachungen und Behandlungen festhalten, sollte ihnen ihre Erkrankung sowie die durchgef\u00fchrten Eingriffe und Entwicklungen erkl\u00e4rt werden.<\/span><\/p>\n<\/div>\n<p><\/br><\/br><\/p>","protected":false},"excerpt":{"rendered":"<p>SARI NOKTA HASTALI\u011eI Sar\u0131 nokta hastal\u0131\u011f\u0131 \u00e7a\u011f\u0131m\u0131zda giderek daha fazla \u00f6nem arz etmektedir. \u0130nsan \u00f6mr\u00fcn\u00fcn uzamas\u0131, hastal\u0131\u011f\u0131n daha fazla g\u00f6r\u00fclmesini de beraberinde getirmi\u015ftir. Ad\u0131ndan da anla\u015f\u0131labilece\u011fi \u00fczere bu bir ya\u015flanma hastal\u0131\u011f\u0131d\u0131r. Tan\u0131da kullan\u0131lan cihazlar\u0131n geli\u015fmesi, \u0130ntra Vitreal ANT\u0130 VEGF (g\u00f6z i\u00e7i s\u0131v\u0131s\u0131na anti vask\u00fcler endotelyal b\u00fcy\u00fcme fakt\u00f6r\u00fc) enjeksiyonu ve mikron\u00fctrisyon tedavilerindeki geli\u015fmeler biz g\u00f6z hekimlerinin [&hellip;]<\/p>","protected":false},"author":2,"featured_media":0,"parent":1292,"menu_order":0,"comment_status":"closed","ping_status":"closed","template":"","meta":{"footnotes":""},"class_list":["post-1349","page","type-page","status-publish","hentry"],"acf":[],"_links":{"self":[{"href":"https:\/\/healthtourismcenterturkey.com\/de\/wp-json\/wp\/v2\/pages\/1349"}],"collection":[{"href":"https:\/\/healthtourismcenterturkey.com\/de\/wp-json\/wp\/v2\/pages"}],"about":[{"href":"https:\/\/healthtourismcenterturkey.com\/de\/wp-json\/wp\/v2\/types\/page"}],"author":[{"embeddable":true,"href":"https:\/\/healthtourismcenterturkey.com\/de\/wp-json\/wp\/v2\/users\/2"}],"replies":[{"embeddable":true,"href":"https:\/\/healthtourismcenterturkey.com\/de\/wp-json\/wp\/v2\/comments?post=1349"}],"version-history":[{"count":4,"href":"https:\/\/healthtourismcenterturkey.com\/de\/wp-json\/wp\/v2\/pages\/1349\/revisions"}],"predecessor-version":[{"id":1775,"href":"https:\/\/healthtourismcenterturkey.com\/de\/wp-json\/wp\/v2\/pages\/1349\/revisions\/1775"}],"up":[{"embeddable":true,"href":"https:\/\/healthtourismcenterturkey.com\/de\/wp-json\/wp\/v2\/pages\/1292"}],"wp:attachment":[{"href":"https:\/\/healthtourismcenterturkey.com\/de\/wp-json\/wp\/v2\/media?parent=1349"}],"curies":[{"name":"wp","href":"https:\/\/api.w.org\/{rel}","templated":true}]}}