{"id":1347,"date":"2020-08-30T10:11:55","date_gmt":"2020-08-30T10:11:55","guid":{"rendered":"http:\/\/healthtourismcenterturkey.com\/?page_id=1347"},"modified":"2020-09-04T22:22:40","modified_gmt":"2020-09-04T22:22:40","slug":"retina-cerrahisi-vitrektomi","status":"publish","type":"page","link":"https:\/\/healthtourismcenterturkey.com\/de\/goz-ameliyatlari\/goz-hastaliklari\/retina-cerrahisi-vitrektomi\/","title":{"rendered":"Retina Cerrahisi &#8211; Vitrektomi"},"content":{"rendered":"<div class=\"main-wrapper\">\n<p>&nbsp;<\/p>\n<div class=\"brk-bg-light-dark-2 bg-cover bg-norepeat bg-position_bottom-center pt-80 pb-80 lazyloaded\">\n<div class=\"container\">\n<div class=\"row pt-80\">\n<div class=\"col-12 col-lg-6\">\n<h1 class=\"font__family-montserrat font__size-28 line__height-32 text-uppercase mb-35\"><span class=\"font__weight-light\">Retina-Ablatio-Symptome<\/span><\/h1>\n<h2 class=\"brk-dark-font-color font__size-16 font__weight-normal line__height-26\"><span class=\"font__weight-bold\">\u00a0Hintere Glask\u00f6rperabhebung<\/span><\/h2>\n<p class=\"brk-dark-font-color font__size-16 font__weight-normal line__height-26 mb-10\"><span style=\"font-size: 14pt;\">Der Innenraum des Augapfels ist mit einer klaren gelartigen Fl\u00fcssigkeit gef\u00fcllt, die als \u201eVitreus\u201c bezeichnet wird. H\u00e4ufig verliert das Vitreus mit zunehmendem Alter seine gelartige Konsistenz und zieht sich zusammen. Mit dieser Kontraktion l\u00f6st sich der Vitreus von der hinteren Wand des Auges. Dieses Abtrennungsereignis wird als \u201ehintere Glask\u00f6rperabhebung\u201c bezeichnet. Eine hintere Glask\u00f6rperabhebung kann neben dem fortschreitenden Alter auch durch Augenverletzungen, hochgradige Myopie, bestimmte famili\u00e4re Erbkrankheiten und fr\u00fchere Augenoperationen fr\u00fcher auftreten.<\/span><\/p>\n<h2 class=\"brk-dark-font-color font__size-16 font__weight-normal line__height-26\"><span class=\"font__weight-bold\">Was sind die Symptome einer hinteren Glask\u00f6rperabhebung?<\/span><\/h2>\n<p class=\"brk-dark-font-color font__size-16 font__weight-normal line__height-26 mb-10\"><span style=\"font-size: 14pt;\">\u2022 Besonders auff\u00e4llige fliegende Punkte, Partikel und Spinnweben, die insbesondere beim Blick auf wei\u00dfe, helle Oberfl\u00e4chen bemerkt werden.<\/span><br \/>\n<span style=\"font-size: 14pt;\">Lichtblitze (sowohl im offenen als auch im geschlossenen Zustand des Auges sichtbar).<\/span><\/p>\n<p class=\"brk-dark-font-color font__size-16 font__weight-normal line__height-26 mb-10\"><span style=\"font-size: 14pt;\">Eine hintere Glask\u00f6rperabhebung ist nicht dasselbe wie eine Netzhautabl\u00f6sung, die durch die Bildung von Rissen im Auge verursacht wird und eine Behandlung erfordert. Allerdings steigt w\u00e4hrend und besonders in den ersten 12 Monaten nach der Entstehung einer hinteren Glask\u00f6rperabhebung das Risiko f\u00fcr die Bildung von Rissen und die Entwicklung einer Netzhautabl\u00f6sung. Daher sollte ein Patient, bei dem Symptome einer hinteren Glask\u00f6rperabhebung auftreten, unbedingt eine Netzhautuntersuchung durchf\u00fchren lassen.<\/span><\/p>\n<p class=\"brk-dark-font-color font__size-16 font__weight-normal line__height-26 mb-10\"><span style=\"font-size: 14pt;\">Wenn eine Netzhautabl\u00f6sung aufgetreten ist und nicht innerhalb kurzer Zeit behandelt wird, kann dies zu einem Sehverlust f\u00fchren. Daher ist es wichtig, auch die Symptome einer Netzhautabl\u00f6sung zu kennen. Diese Symptome sind folgende:<\/span><\/p>\n<\/div>\n<\/div>\n<\/div>\n<\/div>\n<p>&nbsp;<\/p>\n<\/div>\n<div class=\"col-12 col-lg-6\"><\/div>\n<div><img loading=\"lazy\" decoding=\"async\" class=\"alignnone size-full wp-image-1535\" src=\"http:\/\/healthtourismcenterturkey.com\/wp-content\/uploads\/2020\/09\/585x678_2-11.jpg\" alt=\"\" width=\"585\" height=\"678\" srcset=\"https:\/\/healthtourismcenterturkey.com\/wp-content\/uploads\/2020\/09\/585x678_2-11.jpg 585w, https:\/\/healthtourismcenterturkey.com\/wp-content\/uploads\/2020\/09\/585x678_2-11-259x300.jpg 259w\" sizes=\"(max-width: 585px) 100vw, 585px\" \/><\/div>\n<div><\/div>\n<div class=\"main-wrapper\">\n<p>&nbsp;<\/p>\n<div class=\"brk-bg-light-dark-2 bg-cover bg-norepeat bg-position_bottom-center pt-80 pb-80 lazyloaded\">\n<div class=\"container\">\n<div class=\"row pt-80\">\n<div class=\"col-12 col-lg-12\">\n<p class=\"brk-dark-font-color font__size-16 font__weight-normal line__height-26 mb-10\"><span style=\"font-size: 14pt;\">\u2022 Lichtblitze, die sowohl im offenen als auch im geschlossenen Zustand des Auges versp\u00fcrt werden (wie bei einer hinteren Glask\u00f6rperabhebung).<\/span><br \/>\n<span style=\"font-size: 14pt;\">\u2022 Pl\u00f6tzliches Auftreten einer gr\u00f6\u00dferen Anzahl fliegender Objekte.<\/span><br \/>\n<span style=\"font-size: 14pt;\">\u2022 Eine grau-schwarze Schleierbildung, die aus einer beliebigen Richtung im Gesichtsfeld auftritt.<\/span><br \/>\n<span style=\"font-size: 14pt;\">\u2022 Verschwommenes Sehen oder Sehverlust, der durch Blinzeln nicht behoben werden kann.<\/span><\/p>\n<p class=\"brk-dark-font-color font__size-16 font__weight-normal line__height-26 mb-10\"><span style=\"font-size: 14pt;\">Wenn eines oder mehrere der oben genannten Symptome vorhanden sind, sollte umgehend eine Netzhautuntersuchung durchgef\u00fchrt werden.<\/span><\/p>\n<h2 class=\"brk-dark-font-color font__size-16 font__weight-normal line__height-26\"><span class=\"font__weight-bold\">NETZHAUTABL\u00d6SUNG<\/span><\/h2>\n<p class=\"brk-dark-font-color font__size-16 font__weight-normal line__height-26 mb-10\"><span style=\"font-size: 14pt;\">Die Schrumpfung der vitreusfl\u00fcssigkeit, die das Innere des Auges f\u00fcllt, f\u00fchrt dazu, dass diese gelartige Fl\u00fcssigkeit sich von der hinteren Wand des Auges trennt. Dies wird als hintere Glask\u00f6rperabhebung bezeichnet. In einigen F\u00e4llen kann w\u00e4hrend der Entstehung einer hinteren Glask\u00f6rperabhebung ein Riss in der Netzhaut, dem lichtempfindlichen Gewebe, entstehen. Die Symptome eines Netzhautrisses sind fast identisch mit denen einer hinteren Glask\u00f6rperabhebung, die im vorherigen Abschnitt erw\u00e4hnt wurden. Nachdem ein Netzhautriss entstanden ist, gelangt die Augenfl\u00fcssigkeit durch diesen Riss zwischen die Netzhaut und die darunterliegende Wand und verursacht eine Erkrankung, die als Netzhautabl\u00f6sung bezeichnet wird.<\/span><\/p>\n<h2 class=\"brk-dark-font-color font__size-16 font__weight-normal line__height-26\"><span class=\"font__weight-bold\">Symptome einer Netzhautabl\u00f6sung<\/span><\/h2>\n<p class=\"brk-dark-font-color font__size-16 font__weight-normal line__height-26 mb-10\"><span style=\"font-size: 14pt;\">Die Netzhautabl\u00f6sung ist eine akute und dringende Erkrankung, die zu Sehverlust f\u00fchren kann. Daher sind die Symptome wichtig. Diese Symptome sind:<\/span><\/p>\n<p class=\"brk-dark-font-color font__size-16 font__weight-normal line__height-26 mb-10\"><span style=\"font-size: 14pt;\">\u2022 Lichtblitze, die sowohl im offenen als auch im geschlossenen Zustand des Auges versp\u00fcrt werden (wie bei einer hinteren Glask\u00f6rperabhebung).<\/span><br \/>\n<span style=\"font-size: 14pt;\">\u2022 Pl\u00f6tzliches Auftreten einer gr\u00f6\u00dferen Anzahl fliegender Objekte.<\/span><br \/>\n<span style=\"font-size: 14pt;\">\u2022 Eine grau-schwarze Schleierbildung, die aus einer beliebigen Richtung im Gesichtsfeld auftritt.<\/span><br \/>\n<span style=\"font-size: 14pt;\">\u2022 Verschwommenes Sehen oder Sehverlust, der durch Blinzeln nicht behoben werden kann.<\/span><\/p>\n<p class=\"brk-dark-font-color font__size-16 font__weight-normal line__height-26 mb-10\"><span style=\"font-size: 14pt;\">Wenn eines oder mehrere der oben genannten Symptome vorhanden sind, sollte umgehend eine Netzhautuntersuchung durchgef\u00fchrt werden.<\/span><\/p>\n<p class=\"brk-dark-font-color font__size-16 font__weight-normal line__height-26 mb-10\"><span style=\"font-size: 14pt;\">Die fr\u00fchzeitige Erkennung von Netzhautrissen und die Behandlung, bevor eine Netzhautabl\u00f6sung auftritt, sind von gr\u00f6\u00dfter Bedeutung. Die Symptome eines Netzhautrisses sind Lichtblitze und fliegende K\u00f6rper. Wenn diese Symptome auftreten, sollte so schnell wie m\u00f6glich eine Netzhautuntersuchung durchgef\u00fchrt werden.<\/span><\/p>\n<h2 class=\"brk-dark-font-color font__size-16 font__weight-normal line__height-26\"><span class=\"font__weight-bold\">Behandlung von Netzhautrissen<\/span><\/h2>\n<p class=\"brk-dark-font-color font__size-16 font__weight-normal line__height-26 mb-10\"><span style=\"font-size: 14pt;\">Wenn w\u00e4hrend der Untersuchung ein Netzhautriss festgestellt wird und der Verdacht besteht, dass dieser zu einer Netzhautabl\u00f6sung f\u00fchren k\u00f6nnte, ist eine Behandlung erforderlich. Der Riss wird mit Laser behandelt.<\/span><\/p>\n<h1 class=\"brk-dark-font-color font__size-16 font__weight-normal line__height-26\"><span class=\"font__weight-bold\">Behandlung eines Netzhautrisses mit Laser<\/span><\/h1>\n<h2 class=\"brk-dark-font-color font__size-16 font__weight-normal line__height-26\"><span class=\"font__weight-bold\">Behandlung der Netzhautabl\u00f6sung<\/span><\/h2>\n<p class=\"brk-dark-font-color font__size-16 font__weight-normal line__height-26 mb-10\"><span style=\"font-size: 14pt;\">Wenn eine Netzhautabl\u00f6sung aufgetreten ist, ist ein chirurgischer Eingriff, d.h. eine Operation, erforderlich. Die Operationsmethode kann je nach Anzahl, Gr\u00f6\u00dfe, Lage, Form des Netzhautrisses und der Dauer der Netzhautabl\u00f6sung variieren.<\/span><\/p>\n<h3 class=\"brk-dark-font-color font__size-16 font__weight-normal line__height-26\"><span class=\"font__weight-bold\" style=\"font-size: 14pt;\">Scleral Buckling<\/span><\/h3>\n<p><span style=\"font-size: 14pt;\">Dies ist die \u00e4lteste Methode, die bei der Behandlung von Abl\u00f6sungen eingesetzt wird. Ein St\u00fcck fester Silikon wird an der \u00e4u\u00dferen Wand des Auges platziert, um die Region des Netzhautrisses zu komprimieren, und dadurch wird der Riss von au\u00dfen geschlossen. Wenn der Netzhautriss durch diese \u00e4u\u00dfere Intervention geschlossen wird, wird die Fl\u00fcssigkeit unter der Netzhaut schnell vom Auge absorbiert, und die Heilung ist abgeschlossen.<\/span><\/p>\n<h2 class=\"brk-dark-font-color font__size-16 font__weight-normal line__height-26\"><span class=\"font__weight-bold\" style=\"font-size: 14pt;\">VITRECTOMIE<\/span><\/h2>\n<p class=\"brk-dark-font-color font__size-16 font__weight-normal line__height-26 mb-10\"><span style=\"font-size: 14pt;\">Wenn die Risse, die zur Netzhautabl\u00f6sung f\u00fchren, zahlreich, gro\u00df, an ungew\u00f6hnlichen Stellen oder nicht lokalisiert sind, andere begleitende Erkrankungen (wie innere Blutungen) vorhanden sind oder bereits Zeit vergangen ist, kann eine Vitrektomie erforderlich sein. Bei der Vitrektomie wird die Netzhautabl\u00f6sung von innen behandelt. Dazu werden kleine L\u00f6cher in den Augapfel gebohrt, und die vitreusfl\u00fcssigkeit wird mit Hilfe von schneidenden und absaugenden Sonden (Proben) sowie Lichtquellen gereinigt. Die Fl\u00fcssigkeit, die sich unter der Netzhaut angesammelt hat, wird abgesaugt, Risse werden verschlossen, und eine Laserbehandlung wird durchgef\u00fchrt. Am Ende der Operation muss ein Tamponade-Material in das Auge eingef\u00fchrt werden, um die Wirkung der Laserbehandlung an der Rissstelle aufrechtzuerhalten. Je nach Situation kann dieses Tamponade-Material Luft, andere Gase oder Silikon\u00f6l sein. Nach der Operation muss der Patient f\u00fcr eine gewisse Zeit sch\u00fctzende Augentropfen verwenden und in einer bestimmten Kopfposition liegen.<\/span><\/p>\n<\/div>\n<\/div>\n<div class=\"col-md-5\"><\/div>\n<\/div>\n<\/div>\n<p>&nbsp;<\/p>\n<\/div>\n<footer class=\"brk-footer position-relative brk-library-rendered\" data-brk-library=\"component__footer\">\n<div class=\"brk-footer__wrapper pt-50 rendered\"><\/div>\n<\/footer>","protected":false},"excerpt":{"rendered":"<p>&nbsp; V\u0130TREKTOM\u0130 &#8211; RET\u0130NA CERRAH\u0130S\u0130 \u00a0Arka Vitreus Dekolman\u0131 G\u00f6zk\u00fcresinin i\u00e7i, ad\u0131na \u201cvitreus\u201d denen saydam bir jel-s\u0131v\u0131 ile doludur. S\u0131kl\u0131kla, ya\u015f\u0131n ilerlemesi ile birlikte, vitreus s\u0131v\u0131s\u0131 jel k\u0131vam\u0131n\u0131 kaybeder ve b\u00fcz\u00fc\u015f\u00fcr. Bu b\u00fcz\u00fc\u015fmeyle birlikte vitreus, g\u00f6z\u00fcn arka duvar\u0131ndan ayr\u0131l\u0131r. Bu ayr\u0131lma olay\u0131na \u201carka vitreus dekolman\u0131\u201d ad\u0131 verilir. Arka vitreus dekolman\u0131, ilerleyen ya\u015f\u0131n yan\u0131 s\u0131ra, g\u00f6ze al\u0131nan [&hellip;]<\/p>","protected":false},"author":2,"featured_media":0,"parent":1292,"menu_order":0,"comment_status":"closed","ping_status":"closed","template":"","meta":{"footnotes":""},"class_list":["post-1347","page","type-page","status-publish","hentry"],"acf":[],"_links":{"self":[{"href":"https:\/\/healthtourismcenterturkey.com\/de\/wp-json\/wp\/v2\/pages\/1347"}],"collection":[{"href":"https:\/\/healthtourismcenterturkey.com\/de\/wp-json\/wp\/v2\/pages"}],"about":[{"href":"https:\/\/healthtourismcenterturkey.com\/de\/wp-json\/wp\/v2\/types\/page"}],"author":[{"embeddable":true,"href":"https:\/\/healthtourismcenterturkey.com\/de\/wp-json\/wp\/v2\/users\/2"}],"replies":[{"embeddable":true,"href":"https:\/\/healthtourismcenterturkey.com\/de\/wp-json\/wp\/v2\/comments?post=1347"}],"version-history":[{"count":5,"href":"https:\/\/healthtourismcenterturkey.com\/de\/wp-json\/wp\/v2\/pages\/1347\/revisions"}],"predecessor-version":[{"id":1773,"href":"https:\/\/healthtourismcenterturkey.com\/de\/wp-json\/wp\/v2\/pages\/1347\/revisions\/1773"}],"up":[{"embeddable":true,"href":"https:\/\/healthtourismcenterturkey.com\/de\/wp-json\/wp\/v2\/pages\/1292"}],"wp:attachment":[{"href":"https:\/\/healthtourismcenterturkey.com\/de\/wp-json\/wp\/v2\/media?parent=1347"}],"curies":[{"name":"wp","href":"https:\/\/api.w.org\/{rel}","templated":true}]}}