{"id":1343,"date":"2020-08-30T10:10:45","date_gmt":"2020-08-30T10:10:45","guid":{"rendered":"http:\/\/healthtourismcenterturkey.com\/?page_id=1343"},"modified":"2022-03-24T18:46:39","modified_gmt":"2022-03-24T18:46:39","slug":"presbiyopi","status":"publish","type":"page","link":"https:\/\/healthtourismcenterturkey.com\/de\/goz-ameliyatlari\/goz-hastaliklari\/presbiyopi\/","title":{"rendered":"Presbyopie"},"content":{"rendered":"<h1>Was ist Presbyopie?<\/h1>\n<p><span style=\"font-size: 14pt;\">Presbyopie ist ein Sehproblem, das bei Personen \u00fcber 40 Jahren altersbedingt auftritt und das Sehen in der N\u00e4he beeintr\u00e4chtigt. Die Linse in unseren Augen hat die F\u00e4higkeit, ihre Form zu ver\u00e4ndern. Dank dieser besonderen F\u00e4higkeit kann sich die Linse aufbl\u00e4hen und ihre Form ver\u00e4ndern, wenn sich Objekte n\u00e4her n\u00e4hern, wodurch die Sehqualit\u00e4t verbessert wird. So funktioniert das Sehen in der N\u00e4he. Nach dem 40. Lebensjahr beginnt das menschliche Auge, diese F\u00e4higkeit allm\u00e4hlich zu verlieren.<\/span><\/p>\n<p><img loading=\"lazy\" decoding=\"async\" class=\"alignnone size-full wp-image-2179\" src=\"https:\/\/healthtourismcenterturkey.com\/wp-content\/uploads\/2022\/03\/Presbiyopi-tedavisi.jpg\" alt=\"\" width=\"1400\" height=\"584\" srcset=\"https:\/\/healthtourismcenterturkey.com\/wp-content\/uploads\/2022\/03\/Presbiyopi-tedavisi.jpg 1400w, https:\/\/healthtourismcenterturkey.com\/wp-content\/uploads\/2022\/03\/Presbiyopi-tedavisi-300x125.jpg 300w, https:\/\/healthtourismcenterturkey.com\/wp-content\/uploads\/2022\/03\/Presbiyopi-tedavisi-1024x427.jpg 1024w, https:\/\/healthtourismcenterturkey.com\/wp-content\/uploads\/2022\/03\/Presbiyopi-tedavisi-768x320.jpg 768w\" sizes=\"(max-width: 1400px) 100vw, 1400px\" \/><\/p>\n<h1>Wie entsteht Presbyopie?<\/h1>\n<p><span style=\"font-size: 14pt;\">Wenn sich ein entferntes Objekt n\u00e4hert, wird die von ihm ausgehende Information vom Gehirn verarbeitet und an das Auge weitergeleitet. Dabei ziehen sich die Muskeln in dem Bereich des Auges, der als \u201eZiliark\u00f6rper\u201c bezeichnet wird, zusammen und entspannen sich entsprechend, wodurch die Fasern gedehnt oder entspannt werden. Diese Bewegung der Fasern f\u00fchrt dazu, dass sich die Linse verformt und ihre Brechkraft erh\u00f6ht, indem sie d\u00fcnner oder dicker wird. Das Auge verliert jedoch altersbedingt diese F\u00e4higkeit. Obwohl nicht endg\u00fcltig bewiesen, ist die am n\u00e4chsten liegende Theorie f\u00fcr den Verlust dieser F\u00e4higkeit die Theorie des Zellalterungsprozesses. Diese Theorie besagt, dass unsere Augenfasern, \u00e4hnlich wie das Ergrauen unserer Haare im Alter, diese F\u00e4higkeit verlieren. Daher wird das Problem nicht als pathologisches, sondern als physiologisches Alterungsph\u00e4nomen betrachtet. Presbyopie nimmt im Laufe der Jahre bei jedem Menschen in \u00e4u\u00dferst standardisierter Weise zu. Nach dem 40. Lebensjahr erh\u00f6ht sich die Sehst\u00e4rke alle zehn Jahre um +1 Dioptrie. Mit 50 Jahren betr\u00e4gt die Zunahme +2, und mit 60 Jahren +3 Dioptrien. Interessanterweise gibt es hierbei eine Besonderheit: Zum Beispiel, wenn Ihr Auge -2 Dioptrien hat, wird mit 40 Jahren +1 hinzugef\u00fcgt. In diesem Fall ben\u00f6tigen Sie f\u00fcr das Sehen in der N\u00e4he -1 Dioptrien. Mit 50 Jahren ben\u00f6tigen Sie f\u00fcr das Sehen in der Ferne -2 Dioptrien, w\u00e4hrend Sie f\u00fcr das Sehen in der N\u00e4he keine Brille mehr ben\u00f6tigen. Deshalb ist es f\u00fcr Patienten, die kurzsichtig sind und sagen \u201eIch sehe in der N\u00e4he sehr gut\u201c, erkl\u00e4rlich, dass die Kombination beider St\u00f6rungen einen ausgleichenden Effekt hat und die Sehschw\u00e4che reduziert.<\/span><\/p>\n<h1>Was sind die Symptome der Presbyopie?<\/h1>\n<p><span style=\"font-size: 14pt;\">Patienten mit Presbyopie haben Schwierigkeiten, Objekte zu sehen, wenn diese n\u00e4her als 50 cm gebracht werden. Aus diesem Grund k\u00f6nnen sie Objekte besser sehen, indem sie sie von ihren Augen wegbewegen.<\/span><\/p>\n<h1>Wie wird Presbyopie behandelt?<\/h1>\n<p><span style=\"font-size: 14pt;\">Zur Behandlung von Presbyopie werden weltweit verschiedene Methoden angewendet, darunter Operationen mit trifokalen Intraokularlinsen und presbyopische Laserbehandlungen.<\/span><\/p>\n<p>&nbsp;<\/p>","protected":false},"excerpt":{"rendered":"<p>Presbiyopi Nedir? Presbiyopi, 40 ya\u015f\u0131n\u00fczerindeki ki\u015filerde ya\u015fa ba\u011fl\u0131 olarak olu\u015fan yak\u0131n\u0131 g\u00f6rememe sorunudur. G\u00f6zlerimizin i\u00e7indeki mercek \u015fekil de\u011fi\u015ftirebilen bir yap\u0131ya sahiptir. Bu mercek, \u00f6zel yetene\u011fi sayesinde cisimler yak\u0131na geldi\u011finde \u015fi\u015ferek \u015feklini de\u011fi\u015ftirebilir ve g\u00f6rme kalitesini artt\u0131r\u0131r. Yak\u0131n\u0131 g\u00f6rme bu \u015fekilde ger\u00e7ekle\u015fmektedir. \u0130nsan g\u00f6z\u00fc, 40 ya\u015f\u0131ndan sonra bu yetene\u011fini yava\u015f yava\u015f kaybetmeye ba\u015flamaktad\u0131r. Presbiyopi Neden Olu\u015fur? [&hellip;]<\/p>","protected":false},"author":2,"featured_media":0,"parent":1292,"menu_order":0,"comment_status":"closed","ping_status":"closed","template":"","meta":{"footnotes":""},"class_list":["post-1343","page","type-page","status-publish","hentry"],"acf":[],"_links":{"self":[{"href":"https:\/\/healthtourismcenterturkey.com\/de\/wp-json\/wp\/v2\/pages\/1343"}],"collection":[{"href":"https:\/\/healthtourismcenterturkey.com\/de\/wp-json\/wp\/v2\/pages"}],"about":[{"href":"https:\/\/healthtourismcenterturkey.com\/de\/wp-json\/wp\/v2\/types\/page"}],"author":[{"embeddable":true,"href":"https:\/\/healthtourismcenterturkey.com\/de\/wp-json\/wp\/v2\/users\/2"}],"replies":[{"embeddable":true,"href":"https:\/\/healthtourismcenterturkey.com\/de\/wp-json\/wp\/v2\/comments?post=1343"}],"version-history":[{"count":6,"href":"https:\/\/healthtourismcenterturkey.com\/de\/wp-json\/wp\/v2\/pages\/1343\/revisions"}],"predecessor-version":[{"id":2180,"href":"https:\/\/healthtourismcenterturkey.com\/de\/wp-json\/wp\/v2\/pages\/1343\/revisions\/2180"}],"up":[{"embeddable":true,"href":"https:\/\/healthtourismcenterturkey.com\/de\/wp-json\/wp\/v2\/pages\/1292"}],"wp:attachment":[{"href":"https:\/\/healthtourismcenterturkey.com\/de\/wp-json\/wp\/v2\/media?parent=1343"}],"curies":[{"name":"wp","href":"https:\/\/api.w.org\/{rel}","templated":true}]}}