{"id":1340,"date":"2020-08-30T10:09:56","date_gmt":"2020-08-30T10:09:56","guid":{"rendered":"http:\/\/healthtourismcenterturkey.com\/?page_id=1340"},"modified":"2020-09-04T21:53:55","modified_gmt":"2020-09-04T21:53:55","slug":"astigmat","status":"publish","type":"page","link":"https:\/\/healthtourismcenterturkey.com\/de\/goz-ameliyatlari\/goz-hastaliklari\/astigmat\/","title":{"rendered":"Astigmatismus"},"content":{"rendered":"<div class=\"row pt-80\">\n<div class=\"col-12 col-lg-6\">\n<h1 class=\"font__family-montserrat font__size-28 line__height-32 text-uppercase mb-35\"><span class=\"font__weight-light\">ASTIGMATBEHANDLUNG<\/span><\/h1>\n<p class=\"brk-dark-font-color font__size-16 font__weight-normal line__height-26 mb-10\"><span style=\"font-size: 14pt;\">Astigmatismus ist der Zustand, in dem die vordere transparente Schicht des Auges (Hornhaut) ellipsoid ist. Bei nicht astigmatischen Augen ist diese Schicht (Hornhaut) kugelf\u00f6rmig. Bei astigmatischen Augen f\u00e4llt das Bild des betrachteten Objekts nicht auf die Makula (gelber Fleck). Ein Teil des Bildes f\u00e4llt hinter die Makula, der andere Teil vor die Makula. Daher entsteht ein verschwommenes, unscharfes Sehen.<\/span><\/p>\n<p class=\"brk-dark-font-color font__size-16 font__weight-normal line__height-26 mb-10\"><span style=\"font-size: 14pt;\">Bei nicht astigmatischen Augen gibt es nur einen Brennpunkt. Bei astigmatischen Augen gibt es mehrere Brennpunkte. Daher verschwimmt das Bild und wird unscharf. Bei nicht astigmatischen Augen f\u00e4llt das Bild des betrachteten Objekts vollst\u00e4ndig auf die Makula, was zu klarem Sehen f\u00fchrt. Die Entstehung von Astigmatismus ist angeboren. Genetische Faktoren stehen im Vordergrund. Obwohl es normalerweise im Entwicklungsprozess Fortschritte zeigt, ver\u00e4ndert es sich nach dem 18. Lebensjahr nicht mehr.<\/span><\/p>\n<p class=\"brk-dark-font-color font__size-16 font__weight-normal line__height-26 mb-10\"><span style=\"font-size: 14pt;\">Selten verursachende Ursachen f\u00fcr Astigmatismus: Traumatische Verletzungen der Hornhaut (transparente Schicht), Ptosis (Herabh\u00e4ngendes Augenlid), virale Augeninfektionen, Pterygium (Wachstum der wei\u00dfen Bindehaut auf dem Auge, umgangssprachlich \u201eHundeellenbogen-Krankheit\u201c), chirurgische Eingriffe am Auge.<\/span><\/p>\n<h2 class=\"brk-dark-font-color font__size-16 font__weight-normal line__height-26\"><span class=\"font__weight-light\">\u00a0Wichtige Hinweise<\/span><\/h2>\n<p class=\"brk-dark-font-color font__size-16 font__weight-normal line__height-26 mb-10\"><span style=\"font-size: 14pt;\">Wenn bei Kindern mit schwerem Astigmatismus die Behandlung nicht zwischen dem 5. und 8. Lebensjahr beginnt, kann dies zu einer dauerhaften Sehschw\u00e4che (Amblyopie) f\u00fchren. Aus demselben Grund kann auch Schielen (Strabismus) auftreten. In der Regel sollte bei Jugendlichen und jungen Erwachsenen die Entwicklung von Keratokonus (Konisierung der Hornhaut) bei astigmatischen Patienten nicht ignoriert werden. Wenn die Keratokonus-Erkrankung nicht behandelt wird, kann dies zu einem erheblichen Verlust der Sehkraft f\u00fchren.<\/span><\/p>\n<\/div>\n<div class=\"col-12 col-lg-6\"><img loading=\"lazy\" decoding=\"async\" class=\"alignnone size-full wp-image-1529\" src=\"http:\/\/healthtourismcenterturkey.com\/wp-content\/uploads\/2020\/09\/585x678_2-9.jpg\" alt=\"\" width=\"585\" height=\"678\" srcset=\"https:\/\/healthtourismcenterturkey.com\/wp-content\/uploads\/2020\/09\/585x678_2-9.jpg 585w, https:\/\/healthtourismcenterturkey.com\/wp-content\/uploads\/2020\/09\/585x678_2-9-259x300.jpg 259w\" sizes=\"(max-width: 585px) 100vw, 585px\" \/><\/div>\n<\/div>\n<p><\/br><\/br><\/p>\n<div class=\"overflow-hid position-static position-lg-relative pb-100\">\n<p class=\"brk-dark-font-color font__size-16 font__weight-normal line__height-26 mb-10\"><span style=\"font-size: 14pt;\">Bei Personen mit Astigmatismus treten vor der Behandlung oder bei unzureichender Behandlung eine Reihe von Symptomen auf:<\/span><\/p>\n<ul>\n<li class=\"brk-dark-font-color font__size-16 font__weight-normal line__height-26\"><span class=\"font__weight-light\" style=\"font-size: 14pt;\">\u00a0Verschwommenes Sehen. Sowohl das Sehen in der Ferne als auch in der N\u00e4he ist beeintr\u00e4chtigt.<\/span><\/li>\n<li class=\"brk-dark-font-color font__size-16 font__weight-normal line__height-26\"><span class=\"font__weight-light\" style=\"font-size: 14pt;\">\u00a0Zeilen\u00fcberspringen beim Lesen.<\/span><\/li>\n<li class=\"brk-dark-font-color font__size-16 font__weight-normal line__height-26\"><span class=\"font__weight-light\" style=\"font-size: 14pt;\">\u00a0Schielen der Augen beim Sehen.<\/span><\/li>\n<li class=\"brk-dark-font-color font__size-16 font__weight-normal line__height-26\"><span class=\"font__weight-light\" style=\"font-size: 14pt;\">\u00a0Bed\u00fcrfnis, sich beim Fernsehen, Lesen oder Arbeiten am Computer n\u00e4her zu bewegen.<\/span><\/li>\n<li class=\"brk-dark-font-color font__size-16 font__weight-normal line__height-26\"><span class=\"font__weight-light\" style=\"font-size: 14pt;\">\u00a0Nachtsicht ist schlechter als Tagsicht.<\/span><\/li>\n<\/ul>\n<\/div>\n<p>&nbsp;<\/p>","protected":false},"excerpt":{"rendered":"<p>AST\u0130GMAT TEDAV\u0130S\u0130 Astigmat; g\u00f6z\u00fcn \u00f6n saydam tabakas\u0131 (kornea)\u2019n\u0131n ehipzoid olmas\u0131 halidir. Astigmat olmayan g\u00f6zlerde bu tabaka (kornea) k\u00fcreseldir. Astigmatl\u0131 g\u00f6zlerde bak\u0131lan objenin g\u00f6r\u00fcnt\u00fcs\u00fc makulaya (sar\u0131 nokta) d\u00fc\u015fmez. Objenin g\u00f6r\u00fcnt\u00fcs\u00fcn\u00fcn bir k\u0131sm\u0131 makula arkas\u0131na, bir di\u011fer k\u0131sm\u0131 ise makula \u00f6n\u00fcne d\u00fc\u015fer. Bu nedenle bulan\u0131k, flu g\u00f6r\u00fc\u015f olur. Astigmat olmayan g\u00f6zlerde odak noktas\u0131 bir tanedir. Astigmatl\u0131 g\u00f6zlerde [&hellip;]<\/p>","protected":false},"author":2,"featured_media":0,"parent":1292,"menu_order":0,"comment_status":"closed","ping_status":"closed","template":"","meta":{"footnotes":""},"class_list":["post-1340","page","type-page","status-publish","hentry"],"acf":[],"_links":{"self":[{"href":"https:\/\/healthtourismcenterturkey.com\/de\/wp-json\/wp\/v2\/pages\/1340"}],"collection":[{"href":"https:\/\/healthtourismcenterturkey.com\/de\/wp-json\/wp\/v2\/pages"}],"about":[{"href":"https:\/\/healthtourismcenterturkey.com\/de\/wp-json\/wp\/v2\/types\/page"}],"author":[{"embeddable":true,"href":"https:\/\/healthtourismcenterturkey.com\/de\/wp-json\/wp\/v2\/users\/2"}],"replies":[{"embeddable":true,"href":"https:\/\/healthtourismcenterturkey.com\/de\/wp-json\/wp\/v2\/comments?post=1340"}],"version-history":[{"count":8,"href":"https:\/\/healthtourismcenterturkey.com\/de\/wp-json\/wp\/v2\/pages\/1340\/revisions"}],"predecessor-version":[{"id":1763,"href":"https:\/\/healthtourismcenterturkey.com\/de\/wp-json\/wp\/v2\/pages\/1340\/revisions\/1763"}],"up":[{"embeddable":true,"href":"https:\/\/healthtourismcenterturkey.com\/de\/wp-json\/wp\/v2\/pages\/1292"}],"wp:attachment":[{"href":"https:\/\/healthtourismcenterturkey.com\/de\/wp-json\/wp\/v2\/media?parent=1340"}],"curies":[{"name":"wp","href":"https:\/\/api.w.org\/{rel}","templated":true}]}}