{"id":1337,"date":"2020-08-30T10:09:15","date_gmt":"2020-08-30T10:09:15","guid":{"rendered":"http:\/\/healthtourismcenterturkey.com\/?page_id=1337"},"modified":"2022-03-24T18:45:24","modified_gmt":"2022-03-24T18:45:24","slug":"hipermetrop","status":"publish","type":"page","link":"https:\/\/healthtourismcenterturkey.com\/de\/goz-ameliyatlari\/goz-hastaliklari\/hipermetrop\/","title":{"rendered":"Hyperopie"},"content":{"rendered":"<div class=\"row pt-80\">\n<div class=\"col-12 col-lg-6\">\n<h1 class=\"font__family-montserrat font__size-28 line__height-32 text-uppercase mb-35\"><span class=\"font__weight-light\">HYPERMETROPIE BEHANDLUNG<\/span><\/h1>\n<p class=\"brk-dark-font-color font__size-16 font__weight-normal line__height-26 mb-10\"><span style=\"font-size: 14pt;\">Hyperopie ist einer der Brechungsfehler des Auges und bezeichnet einen Brechungsfehler, bei dem sich die Lichtstrahlen, die auf die optische Achse des Auges treffen, hinter der Netzhaut fokussieren. Da der Fokus hinter der Netzhaut liegt und auf der Netzhaut nur ein Verteilungskreis entsteht, ist das Bild unscharf. Wenn Sie \u00fcber Suchanfragen wie \u201eWas ist Hyperopie?\u201c oder \u201eWelche Arten von Hyperopie gibt es?\u201c auf unsere Website gelangt sind, k\u00f6nnen Sie in diesem Artikel detaillierte Informationen zur Hyperopie erhalten.<\/span><\/p>\n<h2 class=\"brk-dark-font-color font__size-16 font__weight-normal line__height-26\"><span class=\"font__weight-light\">\u00a0Welche Arten von Hyperopie gibt es?<\/span><\/h2>\n<p class=\"brk-dark-font-color font__size-16 font__weight-normal line__height-26 mb-10\"><span style=\"font-size: 14pt;\">Allgemein l\u00e4sst sich die Hyperopie in drei klinische Typen klassifizieren: Achsenhyperopie, Kr\u00fcmmungshyperopie und Brechungshyperopie.<\/span><\/p>\n<h3 class=\"brk-dark-font-color font__size-16 font__weight-normal line__height-26\"><span class=\"font__weight-light\">1 - Achsenhyperopie<\/span><\/h3>\n<p class=\"brk-dark-font-color font__size-16 font__weight-normal line__height-26 mb-10\"><span style=\"font-size: 14pt;\">Die Achsenhyperopie ist die h\u00e4ufigste Form der Hyperopie, bei der die vordere-hintere Achse des Auges im Vergleich zur Norm kleiner ist. Eine Verk\u00fcrzung der vorderen-hinteren Achse um 1 Millimeter kann ungef\u00e4hr 3 Dioptrien Hyperopie verursachen.<\/span><\/p>\n<p class=\"brk-dark-font-color font__size-16 font__weight-normal line__height-26 mb-10\"><span style=\"font-size: 14pt;\">Bei der Geburt betr\u00e4gt die vordere-hintere Achse der Augen von Jungen 17,9-18 mm und bei M\u00e4dchen 17,7-17,8 mm. Mit 3 Jahren erreicht die vordere-hintere Achse bei Jungen 23,2 mm und bei M\u00e4dchen 22,5 mm. Danach zeigt die vordere-hintere Achse bis zum 15. Lebensjahr eine viel geringere Zunahme als in den ersten Lebensjahren und das Wachstum stoppt in der Regel auch aufgrund des Entwicklungsstands der Personen, der k\u00f6rperlichen Entwicklung usw. Offensichtlich w\u00e4chst der Augapfel in den ersten Lebensjahren nach der Geburt viel schneller.<\/span><\/p>\n<p class=\"brk-dark-font-color font__size-16 font__weight-normal line__height-26 mb-10\"><span style=\"font-size: 14pt;\">Bei einigen Personen kann die Verl\u00e4ngerung des Augapfels aufgrund genetischer Veranlagung nicht so ausgepr\u00e4gt sein wie bei normalen Individuen. In diesen F\u00e4llen wird ebenfalls Achsenhyperopie beobachtet.<\/span><\/p>\n<\/div>\n<\/div>\n<div class=\"col-12 col-lg-6\"><\/div>\n<div><img loading=\"lazy\" decoding=\"async\" class=\"alignnone size-full wp-image-2177\" src=\"https:\/\/healthtourismcenterturkey.com\/wp-content\/uploads\/2022\/03\/hipermetrop.jpg\" alt=\"\" width=\"900\" height=\"451\" srcset=\"https:\/\/healthtourismcenterturkey.com\/wp-content\/uploads\/2022\/03\/hipermetrop.jpg 900w, https:\/\/healthtourismcenterturkey.com\/wp-content\/uploads\/2022\/03\/hipermetrop-300x150.jpg 300w, https:\/\/healthtourismcenterturkey.com\/wp-content\/uploads\/2022\/03\/hipermetrop-768x385.jpg 768w\" sizes=\"(max-width: 900px) 100vw, 900px\" \/><\/div>\n<p>&nbsp;<\/p>\n<div class=\"overflow-hid position-static position-lg-relative pb-100\">\n<h3 class=\"brk-dark-font-color font__size-16 font__weight-normal line__height-26\"><span class=\"font__weight-light\">2 - Kr\u00fcmmungshyperopie<\/span><\/h3>\n<p class=\"brk-dark-font-color font__size-16 font__weight-normal line__height-26 mb-10\"><span style=\"font-size: 14pt;\">Bei der Krankheit, die als \u201ePlana\u201c bezeichnet wird, verringert sich die Kr\u00fcmmung der Hornhaut, was bei den Patienten zur Hyperopie f\u00fchrt. Diese Art von Hyperopie wird als Kr\u00fcmmungshyperopie bezeichnet. Ein Millimeter zus\u00e4tzlicher Radius der Hornhaut f\u00fchrt zu ungef\u00e4hr 6 Dioptrien Hyperopie.<\/span><\/p>\n<h3 class=\"brk-dark-font-color font__size-16 font__weight-normal line__height-26\"><span class=\"font__weight-light\">3 - Brechungshyperopie<\/span><\/h3>\n<p class=\"brk-dark-font-color font__size-16 font__weight-normal line__height-26 mb-10\"><span style=\"font-size: 14pt;\">Eine Abnahme der Brechung des Augenlinsens kann als eine der Ursachen f\u00fcr Hyperopie genannt werden. Betrachtet man die Entwicklung der Augenlinse (nat\u00fcrliche Linse) allgemein, so wiegt die Linse bei der Geburt 65 Milligramm, im Alter von einem Jahr ist das Gewicht doppelt so hoch, und bei einer Person im Alter von 80 Jahren betr\u00e4gt das Gewicht etwa das Dreifache des Geburtsgewichts. Die Augenlinse eines Neugeborenen hat eine kugelf\u00f6rmige Form und eine Brechkraft von etwa 42,7 Dioptrien. Wenn das Neugeborene ein Jahr alt wird, wird die Linse flacher und ihre Brechkraft verringert sich. Bei \u00e4lteren Menschen f\u00fchrt das physiologische Abflachen der Linse dazu, dass die Neigung zur Brechungshyperopie zunimmt. Au\u00dferdem wird bei Personen mit systemischen Erkrankungen wie Diabetes mellitus ebenfalls Hyperopie beobachtet, bedingt durch die verminderte Brechung der Linse.<\/span><\/p>\n<\/div>\n<p>&nbsp;<\/p>","protected":false},"excerpt":{"rendered":"<p>H\u0130PERMETROP TEDAV\u0130S\u0130 G\u00f6z\u00fcn k\u0131r\u0131lma kusurlar\u0131ndan biri olan hipermetrop, g\u00f6z\u00fcn optik eksenine gelen \u0131\u015f\u0131nlar\u0131n retinan\u0131n arkas\u0131nda odakla\u015fmas\u0131yla olu\u015fan k\u0131r\u0131lma kusurunun ismidir. Odakla\u015fma arkada oldu\u011fundan ve retina \u00fczerinde ancak da\u011f\u0131l\u0131m \u00e7emberi olu\u015ftu\u011fundan g\u00f6r\u00fcnt\u00fc bulan\u0131kt\u0131r. Sizlerde hipermetrop nedir, hipermetrop t\u00fcrleri nelerdir gibi aramalarla sitemize ula\u015ft\u0131ysan\u0131z bu yaz\u0131m\u0131z ile hipermetrop ile ilgili ayr\u0131nt\u0131l\u0131 bilgi edinebilirsiniz. \u00a0Hipermetrop T\u00fcrleri Nelerdir? Hipermetropinin [&hellip;]<\/p>","protected":false},"author":2,"featured_media":0,"parent":1292,"menu_order":0,"comment_status":"closed","ping_status":"closed","template":"","meta":{"footnotes":""},"class_list":["post-1337","page","type-page","status-publish","hentry"],"acf":[],"_links":{"self":[{"href":"https:\/\/healthtourismcenterturkey.com\/de\/wp-json\/wp\/v2\/pages\/1337"}],"collection":[{"href":"https:\/\/healthtourismcenterturkey.com\/de\/wp-json\/wp\/v2\/pages"}],"about":[{"href":"https:\/\/healthtourismcenterturkey.com\/de\/wp-json\/wp\/v2\/types\/page"}],"author":[{"embeddable":true,"href":"https:\/\/healthtourismcenterturkey.com\/de\/wp-json\/wp\/v2\/users\/2"}],"replies":[{"embeddable":true,"href":"https:\/\/healthtourismcenterturkey.com\/de\/wp-json\/wp\/v2\/comments?post=1337"}],"version-history":[{"count":6,"href":"https:\/\/healthtourismcenterturkey.com\/de\/wp-json\/wp\/v2\/pages\/1337\/revisions"}],"predecessor-version":[{"id":2178,"href":"https:\/\/healthtourismcenterturkey.com\/de\/wp-json\/wp\/v2\/pages\/1337\/revisions\/2178"}],"up":[{"embeddable":true,"href":"https:\/\/healthtourismcenterturkey.com\/de\/wp-json\/wp\/v2\/pages\/1292"}],"wp:attachment":[{"href":"https:\/\/healthtourismcenterturkey.com\/de\/wp-json\/wp\/v2\/media?parent=1337"}],"curies":[{"name":"wp","href":"https:\/\/api.w.org\/{rel}","templated":true}]}}