{"id":1331,"date":"2020-08-30T10:07:41","date_gmt":"2020-08-30T10:07:41","guid":{"rendered":"http:\/\/healthtourismcenterturkey.com\/?page_id=1331"},"modified":"2020-11-25T16:41:18","modified_gmt":"2020-11-25T16:41:18","slug":"katarakt","status":"publish","type":"page","link":"https:\/\/healthtourismcenterturkey.com\/de\/goz-ameliyatlari\/goz-hastaliklari\/katarakt\/","title":{"rendered":"Grauer Star"},"content":{"rendered":"<div class=\"row pt-80\">\n<div class=\"col-12 col-lg-6\">\n<h1 class=\"font__family-montserrat font__size-28 line__height-32 text-uppercase mb-35\"><span class=\"font__weight-light\">KATARAKT-CHIRURGIE<\/span>\u00a0<span class=\"font__weight-bold\">KATARAKT-THERAPIE<\/span><\/h1>\n<p class=\"brk-dark-font-color font__size-16 font__weight-normal line__height-26 mb-10\"><span style=\"font-size: 14pt;\">Katarakt ist der Verlust der Transparenz der nat\u00fcrlichen Linse (Lens) des Auges. Er kann in jedem Alter auftreten. Die h\u00e4ufigste Art ist der altersbedingte Katarakt, der nach dem 55. Lebensjahr auftritt. Da die Kataraktbehandlung nicht mit Medikamenten m\u00f6glich ist, sind chirurgische (FAKOemulsifikation) oder Laseroperationen (Femtosekundenlaser) erforderlich.<\/span><\/p>\n<p class=\"brk-dark-font-color font__size-16 font__weight-normal line__height-26 mb-10\"><span style=\"font-size: 14pt;\">Unscharfes Sehen, verschwommenes Sehen, das Gef\u00fchl, durch ein schmutziges Glas zu schauen, die Notwendigkeit, eine Brille zu tragen, die M\u00f6glichkeit, dass eine Person, die in der N\u00e4he nicht sehen kann, ohne Brille nahe sehen kann (zweiter Fr\u00fchling), Lichtempfindlichkeit. Au\u00dferdem k\u00f6nnen einige Kataraktarten zu einem Anstieg des Augeninnendrucks f\u00fchren und somit die Entwicklung von Glaukom beg\u00fcnstigen.<\/span><\/p>\n<p class=\"brk-dark-font-color font__size-16 font__weight-normal line__height-26 mb-10\"><span style=\"font-size: 14pt;\">Heutzutage stehen in der Kataraktchirurgie zwei technologiegest\u00fctzte Methoden im Vordergrund:<\/span><\/p>\n<h2 class=\"brk-dark-font-color font__size-16 font__weight-normal line__height-26\"><span class=\"font__weight-light\">\u00a0FAKOemulsifikation<\/span><\/h2>\n<p class=\"brk-dark-font-color font__size-16 font__weight-normal line__height-26 mb-10\"><span style=\"font-size: 14pt;\">Diese Methode wird in entwickelten L\u00e4ndern weltweit am h\u00e4ufigsten verwendet. Sie basiert auf dem Prinzip, die Kataraktgewebe mit ultrasonischen Schallwellen zu verfl\u00fcssigen. Bei der FAKOemulsifikations-Technik wird ein etwa 2,5 mm gro\u00dfer Einschnitt in die Hornhaut gemacht, und es werden keine N\u00e4hte gesetzt. Dies ist eine Methode, die Erfahrung des Chirurgen erfordert.<\/span><\/p>\n<h2 class=\"brk-dark-font-color font__size-16 font__weight-normal line__height-26\"><span class=\"font__weight-light\">\u00a0Femtosekundenlaser<\/span><\/h2>\n<p class=\"brk-dark-font-color font__size-16 font__weight-normal line__height-26\"><span style=\"font-size: 14pt;\">Da es sich um eine neue technologische Entwicklung handelt, ist er in entwickelten L\u00e4ndern weniger verbreitet. Technologische Fortschritte und die Erfahrung der \u00c4rzte zeigen jedoch, dass der Femtosekundenlaser in der Kataraktbehandlung zunehmend an Bedeutung gewinnen wird.<\/span><\/p>\n<\/div>\n<\/div>\n<div class=\"col-12 col-lg-6\"><\/div>\n<div><img loading=\"lazy\" decoding=\"async\" class=\"alignnone size-full wp-image-1523\" src=\"http:\/\/healthtourismcenterturkey.com\/wp-content\/uploads\/2020\/09\/585x678_2-7.jpg\" alt=\"\" width=\"585\" height=\"678\" srcset=\"https:\/\/healthtourismcenterturkey.com\/wp-content\/uploads\/2020\/09\/585x678_2-7.jpg 585w, https:\/\/healthtourismcenterturkey.com\/wp-content\/uploads\/2020\/09\/585x678_2-7-259x300.jpg 259w\" sizes=\"(max-width: 585px) 100vw, 585px\" \/><\/div>\n<div class=\"overflow-hid position-static position-lg-relative pb-100\">\n<p class=\"brk-dark-font-color font__size-16 font__weight-normal line__height-26 mb-10\"><span style=\"font-size: 14pt;\">Femtosekundenlaser hat einige Unterschiede zu anderen Techniken. Bei dieser Technik wird ein Laserschnitt anstelle eines Messerschnitts durchgef\u00fchrt. Der Chirurg muss die Kataraktkapsel nicht \u00f6ffnen. Die Kapsel wird gleichm\u00e4\u00dfig mit dem Laser ge\u00f6ffnet (Kapsulorexis). Das Kataraktgewebe wird ebenfalls mit dem Laser in Fragmente zerlegt (Fragmantierung). Da keine Ultraschallenergie verwendet wird, gibt es kein Risiko von Gewebesch\u00e4den. Der Nachteil dieser Technik ist, dass sie nicht f\u00fcr jede Augenstruktur geeignet ist und nicht bei jedem Kataraktgrad angewendet werden kann.<\/span><\/p>\n<p class=\"brk-dark-font-color font__size-16 font__weight-normal line__height-26 mb-10\"><span style=\"font-size: 14pt;\">Ein weiterer wichtiger Aspekt, der bei Kataraktoperationen ber\u00fccksichtigt werden muss, ist die Auswahl der k\u00fcnstlichen Linse, die anstelle der aus dem Auge entfernten Linse eingesetzt wird.<\/span><\/p>\n<p class=\"brk-dark-font-color font__size-16 font__weight-normal line__height-26 mb-10\"><span style=\"font-size: 14pt;\">Im HealthTourismCenterTurkey wurden in den letzten 10 Jahren \u00fcber 20.000 Kataraktoperationen durchgef\u00fchrt. Alle von uns verwendeten Linsen sind von der FDA zugelassen und tragen das CE-Zeichen.<\/span><\/p>\n<p class=\"brk-dark-font-color font__size-16 font__weight-normal line__height-26 mb-10\"><span style=\"font-size: 14pt;\">Das Hauptziel der Kataraktchirurgie ist die Wiederherstellung der Gesundheit des Patienten. Dar\u00fcber hinaus muss die Linse in \u00dcbereinstimmung mit den beruflichen und sozialen Aktivit\u00e4ten des Patienten sowie seinen Hobbys ausgew\u00e4hlt werden. Durch die Verwendung von Mehrfokal- (bifokalen, trifokalen, multifokalen) Linsen kann das Sehen in der Ferne und N\u00e4he ohne Brille erm\u00f6glicht werden.<\/span><\/p>\n<p class=\"brk-dark-font-color font__size-16 font__weight-normal line__height-26 mb-10\"><span style=\"font-size: 14pt;\">Bei der Auswahl der Linse k\u00f6nnen Entscheidungen getroffen werden, die den Alltag erleichtern. Beispielsweise sind Linsen, die die Nachtsichtqualit\u00e4t verbessern, insbesondere bei Patienten, die h\u00e4ufig nachts Auto fahren, besonders beliebt. F\u00fcr Patienten, die den Gro\u00dfteil des Tages im Freien verbringen und der Sonne ausgesetzt sind, werden UV-Filter besonders empfohlen. In B\u00fcroumgebungen gewinnen Antireflexfilter an Bedeutung, insbesondere bei der Nutzung von Beleuchtung und Computern.<\/span><\/p>\n<p class=\"brk-dark-font-color font__size-16 font__weight-normal line__height-26 mb-30\"><span style=\"font-size: 14pt;\">Da diese Linsen im Auge platziert werden, wird der Entscheidungsprozess, der die Erwartungen des Patienten ber\u00fccksichtigt, sogar vorrangig vor der Operation.<\/span><\/p>\n<h2 class=\"brk-dark-font-color font__size-16 font__weight-normal line__height-26\"><span class=\"font__weight-bold\">KATARAKT-OPERATIONEN: FAKOEMULSIFIKATION UND FEMTOSEKUNDENLASER-VERFAHREN<\/span><\/h2>\n<p class=\"brk-dark-font-color font__size-16 font__weight-normal line__height-26 mb-10\"><span style=\"font-size: 14pt;\">Heute geh\u00f6ren Kataraktoperationen zweifellos zu den am h\u00e4ufigsten durchgef\u00fchrten chirurgischen Verfahren. Mit den fortschreitenden technologischen M\u00f6glichkeiten sind zwei Methoden, die als nadellos und nahtlos bezeichnet werden, weit verbreitet in der Kataraktchirurgie.<\/span><\/p>\n<h2 class=\"brk-dark-font-color font__size-16 font__weight-normal line__height-26\"><span class=\"font__weight-light\">FAKOEMULSIFIKATIONSVERFAHREN<\/span><\/h2>\n<p class=\"brk-dark-font-color font__size-16 font__weight-normal line__height-26 mb-10\"><span style=\"font-size: 14pt;\">Das Verfahren basiert auf dem Prinzip, dass der verh\u00e4rtete Katarakt mit Ultraschallwellen (Schall) zerkleinert und mit Fl\u00fcssigkeit aus dem Auge entfernt wird. Es ist wichtig, dass dies von \u00c4rzten durchgef\u00fchrt wird, die sich auf fortgeschrittene Fakoemulsifikations-Techniken spezialisiert haben. Das Verfahren erfordert keine N\u00e4hte, aber es werden chirurgische Schnitte von 2,5 mm mit einem Messer gemacht.<\/span><\/p>\n<h2 class=\"brk-dark-font-color font__size-16 font__weight-normal line__height-26\"><span class=\"font__weight-light\">LASER-KATARAKT<\/span><\/h2>\n<p class=\"brk-dark-font-color font__size-16 font__weight-normal line__height-26 mb-10\"><span style=\"font-size: 14pt;\">Im HealthTourismCenterTurkey werden Laser-Kataraktoperationen unter Ber\u00fccksichtigung der Patientensicherheit und des Komforts durchgef\u00fchrt. Femtosekunden-Laserger\u00e4te sind computerunterst\u00fctzte Systeme mit OCT (Ocular Coherence Tomography).<\/span><\/p>\n<p class=\"brk-dark-font-color font__size-16 font__weight-normal line__height-26 mb-10\"><span style=\"font-size: 14pt;\">Kornealschnitte und das Schneiden der Linsenkapsel werden mit dem Lasersystem durchgef\u00fchrt. Die Fragmentierung der Linse erfolgt durch Laserschnitte. Dadurch werden die Patienten nicht den Ultraschallschwingungen ausgesetzt, und die Strukturen des Auges au\u00dferhalb des Katarakts werden durch den Eingriff nicht negativ beeinflusst. Es sind keine Gewebesch\u00e4den zu beobachten.<\/span><\/p>\n<h2 class=\"brk-dark-font-color font__size-16 font__weight-normal line__height-26\"><span class=\"font__weight-light\">WELCHE LINSEN WERDEN BEI DER KATARAKT-OPERATION VERWENDET?<\/span><\/h2>\n<p class=\"brk-dark-font-color font__size-16 font__weight-normal line__height-26 mb-10\"><span style=\"font-size: 14pt;\">Bei sowohl der Fakoemulsifikation als auch der Femtosekundenlaser-Anwendung wird die funktionsunf\u00e4hige nat\u00fcrliche Linse aus dem Auge entfernt und durch eine k\u00fcnstliche intraokulare Linse ersetzt.<\/span><\/p>\n<p class=\"brk-dark-font-color font__size-16 font__weight-normal line__height-26 mb-10\"><span style=\"font-size: 14pt;\">Linsen, die nur das Sehen in der Ferne erm\u00f6glichen, werden als monofokale Linsen (eine Brennweite) bezeichnet, w\u00e4hrend Linsen, die das Sehen in der Ferne und N\u00e4he erm\u00f6glichen, bifokale (zwei Brennweiten) Linsen sind. Linsen, die das Sehen in der Ferne, in der N\u00e4he und in mittlerer Distanz erm\u00f6glichen, werden trifokale (drei Brennweiten) Linsen genannt. Bifokale und trifokale Linsen erm\u00f6glichen ein Leben ohne Brille.<\/span><\/p>\n<p class=\"brk-dark-font-color font__size-16 font__weight-normal line__height-26 mb-10\"><span style=\"font-size: 14pt;\">Die Entscheidung, welche Art von Linse verwendet werden soll, wird je nach Augenstruktur und Lebensstil der Patienten getroffen.<\/span><\/p>\n<p class=\"brk-dark-font-color font__size-16 font__weight-normal line__height-26\"><span class=\"font__weight-bold\" style=\"font-size: 14pt;\">HealthTourismCenterTurkey MEDIZINISCHES ZENTRUM - KATARAKT-CHIRURGIE und REFRAKTIVE CHIRURGIE (Befreiung von Brillen) verwendete INTRAOKULARLINSEN.<\/span><\/p>\n<p class=\"brk-dark-font-color font__size-16 font__weight-normal line__height-26\"><span style=\"font-size: 14pt;\">ZEISS CT-ASPHINA 603P MONOFOKAL<\/span><\/p>\n<p class=\"brk-dark-font-color font__size-16 font__weight-normal line__height-26\"><span style=\"font-size: 14pt;\">ZEISS CT-LUCIA 201P MONOFOKAL<\/span><\/p>\n<p class=\"brk-dark-font-color font__size-16 font__weight-normal line__height-26\"><span style=\"font-size: 14pt;\">ZEISS CT-ASPHINA 409MV MONOFOKAL COLORMATIC<\/span><\/p>\n<p class=\"brk-dark-font-color font__size-16 font__weight-normal line__height-26\"><span style=\"font-size: 14pt;\">ZEISS CT-LUCIA 601 PY MONOFOKAL COLORMATIK<\/span><\/p>\n<p class=\"brk-dark-font-color font__size-16 font__weight-normal line__height-26\"><span style=\"font-size: 14pt;\">ZEISS AT LISA 809 MP BIFOKAL<\/span><\/p>\n<p class=\"brk-dark-font-color font__size-16 font__weight-normal line__height-26\"><span style=\"font-size: 14pt;\">ZEISS AT LISA TRI 839 MP TRIFOKAL<\/span><\/p>\n<p class=\"brk-dark-font-color font__size-16 font__weight-normal line__height-26 mb-30\"><span style=\"font-size: 14pt;\">ZEIS AT TORBI BI-TORIC 709 MP BIFOKAL TORIC<\/span><\/p>\n<p class=\"brk-dark-font-color font__size-16 font__weight-normal line__height-26\"><span style=\"font-size: 14pt;\">ABBOTT SENSAR1 A1300 H\u0130DROFOBIK MONOBLOK<\/span><\/p>\n<p class=\"brk-dark-font-color font__size-16 font__weight-normal line__height-26\"><span style=\"font-size: 14pt;\">ABBOTT TECNIS1 ZCB00 HIDROFOBIK MONOBLOK<\/span><\/p>\n<p class=\"brk-dark-font-color font__size-16 font__weight-normal line__height-26\"><span style=\"font-size: 14pt;\">ABBOTT TECNIS ZMBOO MULTIFOKAL ACRYLIC<\/span><\/p>\n<p class=\"brk-dark-font-color font__size-16 font__weight-normal line__height-26\"><span style=\"font-size: 14pt;\">ABBOTT TECNIS ZMTOO MULTIFOKAL TORIC ACRYLIC<\/span><\/p>\n<p class=\"brk-dark-font-color font__size-16 font__weight-normal line__height-26 mb-30\"><span style=\"font-size: 14pt;\">ABBOTT TECNIS ZCT150 MONOFOKAL ASPHERIC TORIC<\/span><\/p>\n<p class=\"brk-dark-font-color font__size-16 font__weight-normal line__height-26\"><span style=\"font-size: 14pt;\">ALCON SN60NF ACRYSOF IQ MONOFOKAL<\/span><\/p>\n<p class=\"brk-dark-font-color font__size-16 font__weight-normal line__height-26\"><span style=\"font-size: 14pt;\">ALCON SN6AD1 ACRYSOF IQ MULTIFOKAL RESTOR<\/span><\/p>\n<p class=\"brk-dark-font-color font__size-16 font__weight-normal line__height-26 mb-30\"><span style=\"font-size: 14pt;\">ALCON SND1TX ACRYSOF IQ MULTIFOKAL RESTOR TORIC<\/span><\/p>\n<p class=\"brk-dark-font-color font__size-16 font__weight-normal line__height-26\"><span style=\"font-size: 14pt;\">ACRIVAup REVIOL MFM611 MULTIFOKAL<\/span><\/p>\n<p class=\"brk-dark-font-color font__size-16 font__weight-normal line__height-26\"><span style=\"font-size: 14pt;\">ACRIVAUD REVIOL BBMFM611 MULTIFOKAL<\/span><\/p>\n<p class=\"brk-dark-font-color font__size-16 font__weight-normal line__height-26\"><span style=\"font-size: 14pt;\">ACRIVAUD UD613 MONOFOKAL<\/span><\/p>\n<p class=\"brk-dark-font-color font__size-16 font__weight-normal line__height-26 mb-30\"><span style=\"font-size: 14pt;\">ACRIVA BBUD613 MONOFOKAL<\/span><\/p>\n<p class=\"brk-dark-font-color font__size-16 font__weight-normal line__height-26\"><span style=\"font-size: 14pt;\">BIOTECH VISIONCARE EYECRYL DIHYS600ROH MULTIFOKAL<\/span><\/p>\n<p class=\"brk-dark-font-color font__size-16 font__weight-normal line__height-26\"><span style=\"font-size: 14pt;\">BIOTECH VISIONCARE EYECRYL ASHFY600 HYDROPHOBIC IOL<\/span><\/p>\n<p class=\"brk-dark-font-color font__size-16 font__weight-normal line__height-26\"><span style=\"font-size: 14pt;\">BIOTECH VISIONCARE EYECRYL PLUS600 HYDROPHILIC IOL<\/span><\/p>\n<\/div>\n<p>&nbsp;<\/p>","protected":false},"excerpt":{"rendered":"<p>KATARAKT CERRAH\u0130S\u0130\u00a0KATARAKT TEDAV\u0130S\u0130 Katarakt; g\u00f6z\u00fcm\u00fcz\u00fcn do\u011fal merce\u011finin (lens) saydaml\u0131\u011f\u0131n\u0131 yitirmesidir. Her ya\u015fta g\u00f6r\u00fclebilir. S\u0131kl\u0131kla g\u00f6r\u00fclen t\u00fcr\u00fc 55 ya\u015f\u0131ndan sonra ya\u015fa ba\u011fl\u0131 katarakt olarak kar\u015f\u0131m\u0131za \u00e7\u0131kar. Katarakt tedavisi ila\u00e7larla m\u00fcmk\u00fcn olmad\u0131\u011f\u0131ndan cerrahi (FAKOem\u00fclsifikason) operasyon veya Laser (Femtosecond Laser) operasyonu gereklidir. Bulan\u0131k g\u00f6rme, puslu g\u00f6rme, kirli bir cam\u0131n arkas\u0131ndan bak\u0131yormu\u015f hissi, G\u00f6zl\u00fck kullanma ihtiyac\u0131 olu\u015fmas\u0131, Yak\u0131n\u0131 g\u00f6remeyen [&hellip;]<\/p>","protected":false},"author":2,"featured_media":0,"parent":1292,"menu_order":0,"comment_status":"closed","ping_status":"closed","template":"","meta":{"footnotes":""},"class_list":["post-1331","page","type-page","status-publish","hentry"],"acf":[],"_links":{"self":[{"href":"https:\/\/healthtourismcenterturkey.com\/de\/wp-json\/wp\/v2\/pages\/1331"}],"collection":[{"href":"https:\/\/healthtourismcenterturkey.com\/de\/wp-json\/wp\/v2\/pages"}],"about":[{"href":"https:\/\/healthtourismcenterturkey.com\/de\/wp-json\/wp\/v2\/types\/page"}],"author":[{"embeddable":true,"href":"https:\/\/healthtourismcenterturkey.com\/de\/wp-json\/wp\/v2\/users\/2"}],"replies":[{"embeddable":true,"href":"https:\/\/healthtourismcenterturkey.com\/de\/wp-json\/wp\/v2\/comments?post=1331"}],"version-history":[{"count":8,"href":"https:\/\/healthtourismcenterturkey.com\/de\/wp-json\/wp\/v2\/pages\/1331\/revisions"}],"predecessor-version":[{"id":2036,"href":"https:\/\/healthtourismcenterturkey.com\/de\/wp-json\/wp\/v2\/pages\/1331\/revisions\/2036"}],"up":[{"embeddable":true,"href":"https:\/\/healthtourismcenterturkey.com\/de\/wp-json\/wp\/v2\/pages\/1292"}],"wp:attachment":[{"href":"https:\/\/healthtourismcenterturkey.com\/de\/wp-json\/wp\/v2\/media?parent=1331"}],"curies":[{"name":"wp","href":"https:\/\/api.w.org\/{rel}","templated":true}]}}