{"id":1324,"date":"2020-08-30T10:04:14","date_gmt":"2020-08-30T10:04:14","guid":{"rendered":"http:\/\/healthtourismcenterturkey.com\/?page_id=1324"},"modified":"2020-09-05T14:10:39","modified_gmt":"2020-09-05T14:10:39","slug":"femtolasik","status":"publish","type":"page","link":"https:\/\/healthtourismcenterturkey.com\/de\/goz-ameliyatlari\/lazer-tedavileri\/femtolasik\/","title":{"rendered":"Femtolasik"},"content":{"rendered":"<div class=\"row pt-80\">\n<div class=\"col-12 col-lg-6\">\n<h1 class=\"font__family-montserrat font__size-28 line__height-32 text-uppercase mb-35\"><span class=\"font__weight-light\">FEMTOLASIK ANWENDUNG<\/span><\/h1>\n<p class=\"brk-dark-font-color font__size-16 font__weight-normal line__height-26 mb-10\"><span style=\"font-size: 14pt;\">Bei der Femtolasik-Laseraugenoperation wird ein Klappst\u00fcck (Flap) aus dem Hornhautgewebe mit Laser entfernt. Es wird kein Messer verwendet. Der darunterliegende Gewebe wird mit Laser behandelt, und der Flap wird wieder geschlossen.<\/span><\/p>\n<p>&nbsp;<\/p>\n<h2>VORTEILE<\/h2>\n<ul>\n<li class=\"brk-dark-font-color font__size-16 font__weight-normal line__height-26\"><span style=\"font-size: 14pt;\">\u00a0Der Patient sieht sofort nach der Laserbehandlung ausreichend gut.<\/span><\/li>\n<li class=\"brk-dark-font-color font__size-16 font__weight-normal line__height-26\"><span style=\"font-size: 14pt;\">\u00a0Es treten keine oder nur sehr kurzfristige Schmerzen, Brennen oder Stechen auf.<\/span><\/li>\n<li class=\"brk-dark-font-color font__size-16 font__weight-normal line__height-26\"><span style=\"font-size: 14pt;\">\u00a0Es gibt keinen Arbeitsausfall.<\/span><\/li>\n<li class=\"brk-dark-font-color font__size-16 font__weight-normal line__height-26 mb-10\"><span style=\"font-size: 14pt;\">\u00a0Hohe Dioptrie-Korrekturen sind m\u00f6glich.<\/span><\/li>\n<\/ul>\n<h2>NACHTEILE<\/h2>\n<ul>\n<li class=\"brk-dark-font-color font__size-16 font__weight-normal line__height-26\"><span style=\"font-size: 14pt;\">\u00a0Kann nicht bei d\u00fcnnen Hornh\u00e4uten angewendet werden.<\/span><\/li>\n<li class=\"brk-dark-font-color font__size-16 font__weight-normal line__height-26\"><span style=\"font-size: 14pt;\">\u00a0Kann zu einer Empfindlichkeit f\u00fcr das trockene Auge f\u00fchren durch Sch\u00e4digung der Hornhautnerven.<\/span><\/li>\n<li class=\"brk-dark-font-color font__size-16 font__weight-normal line__height-26\"><span style=\"font-size: 14pt;\">\u00a0Ver\u00e4ndert die Biomechanik der Hornhaut.<\/span><\/li>\n<li class=\"brk-dark-font-color font__size-16 font__weight-normal line__height-26\"><span style=\"font-size: 14pt;\">\u00a0Verringert die Hornhautfestigkeit.<\/span><\/li>\n<li class=\"brk-dark-font-color font__size-16 font__weight-normal line__height-26 mb-10\"><span style=\"font-size: 14pt;\">\u00a0Kann vor\u00fcbergehend den Augeninnendruck erh\u00f6hen.<\/span><\/li>\n<\/ul>\n<p>&nbsp;<\/p>\n<h1 class=\"brk-dark-font-color font__size-16 font__weight-normal line__height-26\"><span class=\"font__weight-light\">KATARAKT-OPERATION MIT FEMTOSKUNDENLAZERN<\/span><\/h1>\n<\/div>\n<\/div>\n<div class=\"col-12 col-lg-6\"><img loading=\"lazy\" decoding=\"async\" class=\"alignnone size-full wp-image-1508\" src=\"http:\/\/healthtourismcenterturkey.com\/wp-content\/uploads\/2020\/09\/585x678_2-2.jpg\" alt=\"\" width=\"585\" height=\"678\" srcset=\"https:\/\/healthtourismcenterturkey.com\/wp-content\/uploads\/2020\/09\/585x678_2-2.jpg 585w, https:\/\/healthtourismcenterturkey.com\/wp-content\/uploads\/2020\/09\/585x678_2-2-259x300.jpg 259w\" sizes=\"(max-width: 585px) 100vw, 585px\" \/><\/div>\n<div><\/div>\n<p>&nbsp;<\/p>\n<div class=\"overflow-hid position-static position-lg-relative pb-100\">\n<p class=\"brk-dark-font-color font__size-16 font__weight-normal line__height-26 mb-10\"><span style=\"font-size: 14pt;\">Die Hornhautinschnitte und die Einschnitte der Linsenkapsel werden mit einem Lasersystem durchgef\u00fchrt. Die Zertr\u00fcmmerung der Linse erfolgt durch Laserinschnitte. Dadurch sind die Patienten nicht den Ultraschallvibrationen ausgesetzt, sodass die Strukturen des Auges au\u00dferhalb des Katarakts von dem Eingriff nicht negativ beeinflusst werden. Es treten keine Gewebesch\u00e4den auf. Es handelt sich um eine schnittfreie, nahtlose und schmerzfreie Methode.<\/span><\/p>\n<\/div>\n<p>&nbsp;<\/p>","protected":false},"excerpt":{"rendered":"<p>FEMTOLASIK UYGULAMASI Femtolasik ile lazer g\u00f6z ameliyat\u0131nda kornea dokusundan bir kapak\u00e7\u0131k (flap) lazer ile kald\u0131r\u0131l\u0131r. B\u0131\u00e7ak kullan\u0131lmaz. Kapak\u00e7\u0131\u011f\u0131n alt\u0131ndaki dokuya lazer uygulan\u0131r ve flap kapat\u0131l\u0131r. &nbsp; AVANTAJLARI \u00a0Laser uygulamas\u0131 biter bitmez hastan\u0131n yeterince iyi g\u00f6r\u00fcyor olmas\u0131. \u00a0A\u011fr\u0131, yanma batma g\u00f6r\u00fclmez veya \u00e7ok k\u0131sa s\u00fcrelidir. \u00a0\u0130\u015f g\u00fcc\u00fc kayb\u0131n\u0131n olmamas\u0131. \u00a0Y\u00fcksek dioptri d\u00fczeltmelere imkan vermesi. DEZAVANTAJLARI \u00a0\u0130nce [&hellip;]<\/p>","protected":false},"author":2,"featured_media":0,"parent":1290,"menu_order":0,"comment_status":"closed","ping_status":"closed","template":"","meta":{"footnotes":""},"class_list":["post-1324","page","type-page","status-publish","hentry"],"acf":[],"_links":{"self":[{"href":"https:\/\/healthtourismcenterturkey.com\/de\/wp-json\/wp\/v2\/pages\/1324"}],"collection":[{"href":"https:\/\/healthtourismcenterturkey.com\/de\/wp-json\/wp\/v2\/pages"}],"about":[{"href":"https:\/\/healthtourismcenterturkey.com\/de\/wp-json\/wp\/v2\/types\/page"}],"author":[{"embeddable":true,"href":"https:\/\/healthtourismcenterturkey.com\/de\/wp-json\/wp\/v2\/users\/2"}],"replies":[{"embeddable":true,"href":"https:\/\/healthtourismcenterturkey.com\/de\/wp-json\/wp\/v2\/comments?post=1324"}],"version-history":[{"count":9,"href":"https:\/\/healthtourismcenterturkey.com\/de\/wp-json\/wp\/v2\/pages\/1324\/revisions"}],"predecessor-version":[{"id":1796,"href":"https:\/\/healthtourismcenterturkey.com\/de\/wp-json\/wp\/v2\/pages\/1324\/revisions\/1796"}],"up":[{"embeddable":true,"href":"https:\/\/healthtourismcenterturkey.com\/de\/wp-json\/wp\/v2\/pages\/1290"}],"wp:attachment":[{"href":"https:\/\/healthtourismcenterturkey.com\/de\/wp-json\/wp\/v2\/media?parent=1324"}],"curies":[{"name":"wp","href":"https:\/\/api.w.org\/{rel}","templated":true}]}}