{"id":1322,"date":"2020-08-30T10:03:29","date_gmt":"2020-08-30T10:03:29","guid":{"rendered":"http:\/\/healthtourismcenterturkey.com\/?page_id=1322"},"modified":"2020-09-03T11:45:58","modified_gmt":"2020-09-03T11:45:58","slug":"no-touch","status":"publish","type":"page","link":"https:\/\/healthtourismcenterturkey.com\/de\/goz-ameliyatlari\/lazer-tedavileri\/no-touch\/","title":{"rendered":"No Touch"},"content":{"rendered":"<div class=\"col-12 col-lg-6\">\n<h1 class=\"font__family-montserrat font__size-28 line__height-32 text-uppercase mb-35\"><span class=\"font__weight-light\">NO TOUCH LASER ANWENDUNG<\/span><\/h1>\n<p class=\"brk-dark-font-color font__size-16 font__weight-normal line__height-26 mb-10\"><span style=\"font-size: 14pt;\">Es wird kein Schnitt in der Hornhaut gemacht. Der direkte Laser wird auf das Epithelgewebe aufgetragen, ohne dass das oberste Epithelgewebe der Hornhaut entfernt wird. Da die Dicke des Hornhautepithels bei jedem Patienten unterschiedlich verteilt ist, verringert sich die Genauigkeit bei der Korrektur der Sehsch\u00e4rfe erheblich.<\/span><\/p>\n<\/div>\n<p><img loading=\"lazy\" decoding=\"async\" class=\"alignnone size-full wp-image-1514\" src=\"http:\/\/healthtourismcenterturkey.com\/wp-content\/uploads\/2020\/09\/585x678_2-4.jpg\" alt=\"\" width=\"585\" height=\"678\" srcset=\"https:\/\/healthtourismcenterturkey.com\/wp-content\/uploads\/2020\/09\/585x678_2-4.jpg 585w, https:\/\/healthtourismcenterturkey.com\/wp-content\/uploads\/2020\/09\/585x678_2-4-259x300.jpg 259w\" sizes=\"(max-width: 585px) 100vw, 585px\" \/><\/p>\n<div class=\"col-12 col-lg-6\"><\/br><\/br><\/p>\n<h2 class=\"brk-dark-font-color font__size-16 font__weight-normal line__height-26\"><span class=\"font__weight-light\">\u00a0VORTEILE<\/span><\/h2>\n<ul>\n<li class=\"brk-dark-font-color font__size-16 font__weight-normal line__height-26\"><span style=\"font-size: 14pt;\">Niedrige Kosten.<\/span><\/li>\n<li class=\"brk-dark-font-color font__size-16 font__weight-normal line__height-26\"><span style=\"font-size: 14pt;\">Relativ d\u00fcnne Hornh\u00e4ute k\u00f6nnen behandelt werden.<\/span><\/li>\n<li class=\"brk-dark-font-color font__size-16 font__weight-normal line__height-26\"><span style=\"font-size: 14pt;\">Kein Risiko einer Erh\u00f6hung des Augeninnendrucks.<\/span><\/li>\n<li class=\"brk-dark-font-color font__size-16 font__weight-normal line__height-26\"><span style=\"font-size: 14pt;\">Keine Sch\u00e4digung der hornhautsensiblen Nerven.<\/span><\/li>\n<li class=\"brk-dark-font-color font__size-16 font__weight-normal line__height-26\"><span style=\"font-size: 14pt;\">Kein Risiko f\u00fcr trockene Augen.<\/span><\/li>\n<li class=\"brk-dark-font-color font__size-16 font__weight-normal line__height-26 mb-10\"><span style=\"font-size: 14pt;\">Erhaltung der biomechanischen Integrit\u00e4t der Hornhaut.<\/span><\/li>\n<li class=\"brk-dark-font-color font__size-16 font__weight-normal line__height-26\"><span class=\"font__weight-light\" style=\"font-size: 14pt;\">NACHTEILE<\/span><\/li>\n<li class=\"brk-dark-font-color font__size-16 font__weight-normal line__height-26\"><span style=\"font-size: 14pt;\">Obwohl die biomechanische Integrit\u00e4t erhalten bleibt, kann der Hornhautwiderstand abnehmen.<\/span><\/li>\n<li class=\"brk-dark-font-color font__size-16 font__weight-normal line__height-26\"><span style=\"font-size: 14pt;\">Nach der Laserbehandlung k\u00f6nnen 3-5 Tage lang Beschwerden wie Schmerzen, Brennen, Tr\u00e4nenfluss und Sehschw\u00e4che auftreten, was zu einem Verlust an Arbeitsf\u00e4higkeit f\u00fchrt und die R\u00fcckkehr ins soziale Leben verz\u00f6gert.<\/span><\/li>\n<li class=\"brk-dark-font-color font__size-16 font__weight-normal line__height-26\"><span style=\"font-size: 14pt;\">Bei Patienten mit niedriger Myopie ist die Zufriedenheit gering.<\/span><\/li>\n<li class=\"brk-dark-font-color font__size-16 font__weight-normal line__height-26\"><span style=\"font-size: 14pt;\">Risiko von Haze (Verschwommenheit der Hornhaut) bei Myopie \u00fcber 5.0 Dioptrien.<\/span><\/li>\n<li class=\"brk-dark-font-color font__size-16 font__weight-normal line__height-26\"><span style=\"font-size: 14pt;\">Nicht anwendbar bei Hyperopie und Astigmatismus gr\u00f6\u00dfer als 2 Dioptrien.<\/span><\/li>\n<li class=\"brk-dark-font-color font__size-16 font__weight-normal line__height-26\"><span style=\"font-size: 14pt;\">Hohes Risiko einer Infektion.<\/span><\/li>\n<li class=\"brk-dark-font-color font__size-16 font__weight-normal line__height-26 mb-10\"><span style=\"font-size: 14pt;\">Es kann 3-4 Wochen dauern, um ein klares Sehverm\u00f6gen zu erreichen.<\/span><\/li>\n<\/ul>\n<\/div>\n<div class=\"col-12 col-lg-6\"><\/div>\n<p><\/br><\/br><\/br><\/p>","protected":false},"excerpt":{"rendered":"<p>NO TOUCH LASER UYGULAMASI Korneada herhangi bir kesi olu\u015fturulmaz. Kornean\u0131n en \u00fcst\u00fcndeki epitel doku kald\u0131r\u0131lmadan direk lazer uygulan\u0131r. Her hastada kornea epitelinin kal\u0131nl\u0131k da\u011f\u0131l\u0131m\u0131 ayn\u0131 olmad\u0131\u011f\u0131 i\u00e7in numara d\u00fczeltlmesinde hassasiyet \u00f6nemli d\u00fczeyde d\u00fc\u015f\u00fcrmektedir. \u00a0AVANTAJLARI &#8211; Maliyetinin d\u00fc\u015f\u00fck olmas\u0131. &#8211; Nispeten ince kornealara uygulanabilmesi. &#8211; G\u00f6z i\u00e7i bas\u0131nc\u0131n\u0131 artt\u0131rma riski olmamas\u0131. &#8211; Korneal duyu sinirlerine zarar [&hellip;]<\/p>","protected":false},"author":2,"featured_media":0,"parent":1290,"menu_order":0,"comment_status":"closed","ping_status":"closed","template":"","meta":{"footnotes":""},"class_list":["post-1322","page","type-page","status-publish","hentry"],"acf":[],"_links":{"self":[{"href":"https:\/\/healthtourismcenterturkey.com\/de\/wp-json\/wp\/v2\/pages\/1322"}],"collection":[{"href":"https:\/\/healthtourismcenterturkey.com\/de\/wp-json\/wp\/v2\/pages"}],"about":[{"href":"https:\/\/healthtourismcenterturkey.com\/de\/wp-json\/wp\/v2\/types\/page"}],"author":[{"embeddable":true,"href":"https:\/\/healthtourismcenterturkey.com\/de\/wp-json\/wp\/v2\/users\/2"}],"replies":[{"embeddable":true,"href":"https:\/\/healthtourismcenterturkey.com\/de\/wp-json\/wp\/v2\/comments?post=1322"}],"version-history":[{"count":5,"href":"https:\/\/healthtourismcenterturkey.com\/de\/wp-json\/wp\/v2\/pages\/1322\/revisions"}],"predecessor-version":[{"id":1657,"href":"https:\/\/healthtourismcenterturkey.com\/de\/wp-json\/wp\/v2\/pages\/1322\/revisions\/1657"}],"up":[{"embeddable":true,"href":"https:\/\/healthtourismcenterturkey.com\/de\/wp-json\/wp\/v2\/pages\/1290"}],"wp:attachment":[{"href":"https:\/\/healthtourismcenterturkey.com\/de\/wp-json\/wp\/v2\/media?parent=1322"}],"curies":[{"name":"wp","href":"https:\/\/api.w.org\/{rel}","templated":true}]}}