{"id":1315,"date":"2020-08-30T10:01:16","date_gmt":"2020-08-30T10:01:16","guid":{"rendered":"http:\/\/healthtourismcenterturkey.com\/?page_id=1315"},"modified":"2020-09-04T15:12:32","modified_gmt":"2020-09-04T15:12:32","slug":"excimer-lazer","status":"publish","type":"page","link":"https:\/\/healthtourismcenterturkey.com\/de\/goz-ameliyatlari\/lazer-tedavileri\/excimer-lazer\/","title":{"rendered":"Excimer Laser"},"content":{"rendered":"<div class=\"row pt-80\">\n<div class=\"col-12 col-lg-6\">\n<h1 class=\"font__family-montserrat font__size-28 line__height-32 text-uppercase mb-35\"><span class=\"font__weight-light\">EXCIMER LASERBEHANDLUNG<\/span><\/h1>\n<p class=\"brk-dark-font-color font__size-16 font__weight-normal line__height-26 mb-10\"><span style=\"font-size: 14pt;\">Der Excimer-Laser ist eine Lasertechnologie, die entwickelt wurde, um Brechungsfehler wie Myopie, Hyperopie und Astigmatismus \u00fcber die \u00e4u\u00dferste Schicht des Auges (Hornhaut) zu korrigieren. Die Excimer-Laserbehandlung ist auch als Augenlasern bekannt. Bei Personen, die f\u00fcr die Excimer-Laserbehandlung nicht geeignet sind, sind alternative Methoden wie die Implantation von Intraokularlinsen verf\u00fcgbar.<\/span><\/p>\n<h2 class=\"brk-dark-font-color font__size-16 font__weight-normal line__height-26\"><span class=\"font__weight-light\" style=\"font-size: 14pt;\">WEN KANN DIE EXCIMER-LASEROPERATION ANWENDEN?<\/span><\/h2>\n<p class=\"brk-dark-font-color font__size-16 font__weight-normal line__height-26 mb-10\"><span style=\"font-size: 14pt;\">Geeignete Kandidaten f\u00fcr die Excimer-Laseroperation sind Personen ab 18 Jahren, deren Brillengrad sich im letzten Jahr nicht um mehr als 0,5 Dioptrien ver\u00e4ndert hat, die bis zu 12 Dioptrien (Nummer) Myopie, bis zu 6 Dioptrien (Nummer) Astigmatismus und bis zu 6 Dioptrien (Nummer) Hyperopie haben und deren Hornstruktur aufgrund der durchgef\u00fchrten Untersuchung und Tests f\u00fcr die Operation geeignet ist.<\/span><\/p>\n<h2 class=\"brk-dark-font-color font__size-16 font__weight-normal line__height-26\"><span class=\"font__weight-light\" style=\"font-size: 14pt;\">UNTERSUCHUNGEN VOR DER EXCIMER-LASEROPERATION<\/span><\/h2>\n<p class=\"brk-dark-font-color font__size-16 font__weight-normal line__height-26 mb-10\"><span style=\"font-size: 14pt;\">Vor der Excimer-Laseroperation m\u00fcssen bestimmte Untersuchungen und Messungen durchgef\u00fchrt werden. Die Sehst\u00e4rke mit Brille und Kontaktlinsen wird gemessen. Zur genauen Bestimmung der Sehwerte erfolgt eine computergest\u00fctzte Augenmessung. Biomikroskopie: Das Auge wird mithilfe eines Mikroskops detailliert untersucht. Eine Kornea-Topographie wird durchgef\u00fchrt, um die Hornhautkarte zu \u00fcberpr\u00fcfen und die Hornhautdicke zu messen. Mit der Wavefront-Analyse wird die Menge an \"Aberrationen\" festgestellt, die die Sehqualit\u00e4t beeintr\u00e4chtigen. Nach der Messung des Augeninnendrucks und der Pupillenweite erfolgt eine tropfenbasierte Fundusuntersuchung, bei der die Netzhautschicht des Auges eingehend betrachtet wird. Schlie\u00dflich werden die Tr\u00e4nenfl\u00fcssigkeitstests durchgef\u00fchrt, und die Person wird von einem Facharzt bewertet, um die Eignung f\u00fcr die Excimer-Laseroperation zu best\u00e4tigen, bevor mit dem Operationsprozess fortgefahren wird.<\/span><\/p>\n<\/div>\n<\/div>\n<div class=\"col-12 col-lg-6\"><\/div>\n<div><img loading=\"lazy\" decoding=\"async\" class=\"alignnone wp-image-1505\" src=\"http:\/\/healthtourismcenterturkey.com\/wp-content\/uploads\/2020\/09\/585x678_2-1.jpg\" alt=\"\" width=\"519\" height=\"601\" srcset=\"https:\/\/healthtourismcenterturkey.com\/wp-content\/uploads\/2020\/09\/585x678_2-1.jpg 585w, https:\/\/healthtourismcenterturkey.com\/wp-content\/uploads\/2020\/09\/585x678_2-1-259x300.jpg 259w\" sizes=\"(max-width: 519px) 100vw, 519px\" \/><\/div>\n<div><\/div>\n<div class=\"overflow-hid position-static position-lg-relative pb-100\">\n<p>&nbsp;<\/p>\n<h1 class=\"brk-dark-font-color font__size-16 font__weight-normal line__height-26\"><span class=\"font__weight-light\">WAS IST NACH DER EXCIMER-LASEROPERATION ZU BEACHTEN?<\/span><\/h1>\n<p class=\"brk-dark-font-color font__size-16 font__weight-normal line__height-26 mb-10\"><span style=\"font-size: 14pt;\">Es ist wichtig, die vom Arzt verordneten Medikamente rechtzeitig und in der empfohlenen Dosis einzunehmen. Nach der Excimer-Laseroperation ist kein Verband erforderlich. Es reicht aus, die von Ihnen angegebene Schutzbrille f\u00fcr den angegebenen Zeitraum zu tragen (in der Regel 1 Tag). Nach der Excimer-Laseroperation sollten Sie w\u00e4hrend der vom Facharzt festgelegten Zeit auf Make-up verzichten und Aktivit\u00e4ten wie Schwimmen, Sauna, Solarium und \u00e4hnliche Behandlungen vermeiden.<\/span><\/p>\n<\/div>\n<p>&nbsp;<\/p>","protected":false},"excerpt":{"rendered":"<p>EXCIMER LAZER TEDAV\u0130S\u0130 Excimer Lazer G\u00f6z\u00fcn en d\u0131\u015f tabakas\u0131 (kornea) \u00fczerinden miyop, hipermetrop, astigmat k\u0131rma kusurlar\u0131n\u0131n giderilmesi i\u00e7in geli\u015ftirilen lazer teknolojileridir. Excimer Lazer G\u00f6z \u00e7izdirme ameliyat\u0131 olarak bilinmektedir. Excimer Lazer tedavisine uygun bulunmayan ki\u015filerde alternatif y\u00f6ntem G\u00f6z \u0130\u00e7i Mercek uygulamalar\u0131d\u0131r. EXC\u0130MER LAZER AMEL\u0130YATI K\u0130MLERE UYGULANAB\u0130L\u0130R? 18 ya\u015f ve \u00fczeri, G\u00f6zl\u00fck dereceleri son 1 y\u0131lda 0,5 [&hellip;]<\/p>","protected":false},"author":2,"featured_media":0,"parent":1290,"menu_order":0,"comment_status":"closed","ping_status":"closed","template":"","meta":{"footnotes":""},"class_list":["post-1315","page","type-page","status-publish","hentry"],"acf":[],"_links":{"self":[{"href":"https:\/\/healthtourismcenterturkey.com\/de\/wp-json\/wp\/v2\/pages\/1315"}],"collection":[{"href":"https:\/\/healthtourismcenterturkey.com\/de\/wp-json\/wp\/v2\/pages"}],"about":[{"href":"https:\/\/healthtourismcenterturkey.com\/de\/wp-json\/wp\/v2\/types\/page"}],"author":[{"embeddable":true,"href":"https:\/\/healthtourismcenterturkey.com\/de\/wp-json\/wp\/v2\/users\/2"}],"replies":[{"embeddable":true,"href":"https:\/\/healthtourismcenterturkey.com\/de\/wp-json\/wp\/v2\/comments?post=1315"}],"version-history":[{"count":7,"href":"https:\/\/healthtourismcenterturkey.com\/de\/wp-json\/wp\/v2\/pages\/1315\/revisions"}],"predecessor-version":[{"id":1728,"href":"https:\/\/healthtourismcenterturkey.com\/de\/wp-json\/wp\/v2\/pages\/1315\/revisions\/1728"}],"up":[{"embeddable":true,"href":"https:\/\/healthtourismcenterturkey.com\/de\/wp-json\/wp\/v2\/pages\/1290"}],"wp:attachment":[{"href":"https:\/\/healthtourismcenterturkey.com\/de\/wp-json\/wp\/v2\/media?parent=1315"}],"curies":[{"name":"wp","href":"https:\/\/api.w.org\/{rel}","templated":true}]}}