{"id":1294,"date":"2020-08-30T09:40:51","date_gmt":"2020-08-30T09:40:51","guid":{"rendered":"http:\/\/healthtourismcenterturkey.com\/?page_id=1294"},"modified":"2020-09-20T20:01:36","modified_gmt":"2020-09-20T20:01:36","slug":"goz-cevresi-estetigi","status":"publish","type":"page","link":"https:\/\/healthtourismcenterturkey.com\/de\/goz-ameliyatlari\/goz-cevresi-estetigi\/","title":{"rendered":"\u00c4sthetik der Augenpartie"},"content":{"rendered":"<p><section class=\"fw-main-row\"   >\n\t<div class=\"fw-container-fluid no-padding\">\n\t\t<div class=\"fw-row\">\n\t\n<div class=\"fw-col-xs-12\" style=\"\">\n\t<section class=\"banner-block banner-block-69f545e9b2e47 fw-main-row\" style=\"height:450px;\">\n\t\t<div class=\"item\"  style=\"height:450px;background-image: url(\/\/healthtourismcenterturkey.com\/wp-content\/uploads\/2020\/09\/GOZ_CEVRESI_ESNETIGI-scaled.jpg);\">\n\t\t<div class=\"fw-container centered-container tac\">\n\t\t\t\t\t<\/div>\n\t<\/div>\n\t<\/section><\/div>\n<\/div>\n\n\t<\/div>\n<\/section><section class=\"fw-main-row\"  style=\"padding-top:40px;\" >\n\t<div class=\"fw-container\">\n\t\t<div class=\"fw-row\">\n\t\n<div class=\"fw-col-xs-12\" style=\"\">\n\t<h2 class='fw-special-title heading-decor tac' style='margin-bottom:55px;'>\n\t<span>Unsere Dienstleistungen<\/span>\n\t<\/h2><\/div>\n<\/div>\n\n<div class=\"fw-row\">\n\t\n<div class=\"fw-col-xs-12\" style=\"\">\n\t<div class=\"fw-row\">\n\t\t<div class=\"fw-col-sm-4\">\n\t\t<!-- Category item -->\n\t\t<div class=\"category-item\" style=\"background-image: url(\/\/healthtourismcenterturkey.com\/wp-content\/uploads\/2020\/09\/Goz-Cevresi-Uygulamalari.jpg)\">\n\t\t\t<div class=\"centered-container\">\n\t\t\t\t<a href=\"http:\/\/healthtourismcenterturkey.com\/de\/goz-ameliyatlari\/goz-cevresi-estetigi\/ameliyatsiz-goz-cevresi-estetigi\/\" class=\"button-style2 white big\"><span>\u00c4sthetik der Augenpartie<\/span><\/a>\n\t\t\t<\/div>\n\t\t<\/div>\n\t\t<!-- END Category item -->\n\t<\/div>\n\t\t<div class=\"fw-col-sm-4\">\n\t\t<!-- Category item -->\n\t\t<div class=\"category-item\" style=\"background-image: url(\/\/healthtourismcenterturkey.com\/wp-content\/uploads\/2020\/09\/Goz-Alti-Morluklari.jpg)\">\n\t\t\t<div class=\"centered-container\">\n\t\t\t\t<a href=\"http:\/\/healthtourismcenterturkey.com\/de\/goz-ameliyatlari\/goz-cevresi-estetigi\/goz-alti-morluklari\/\" class=\"button-style2 white big\"><span>Dunkle Ringe unter den Augen<\/span><\/a>\n\t\t\t<\/div>\n\t\t<\/div>\n\t\t<!-- END Category item -->\n\t<\/div>\n\t\t<div class=\"fw-col-sm-4\">\n\t\t<!-- Category item -->\n\t\t<div class=\"category-item\" style=\"background-image: url(\/\/healthtourismcenterturkey.com\/wp-content\/uploads\/2020\/09\/585x678_2-20.jpg)\">\n\t\t\t<div class=\"centered-container\">\n\t\t\t\t<a href=\"http:\/\/healthtourismcenterturkey.com\/de\/goz-ameliyatlari\/goz-cevresi-estetigi\/goz-cevresi-uygulamalari\/\" class=\"button-style2 white big\"><span>Augenbereichsanwendungen<\/span><\/a>\n\t\t\t<\/div>\n\t\t<\/div>\n\t\t<!-- END Category item -->\n\t<\/div>\n\t\t<div class=\"fw-col-sm-4\">\n\t\t<!-- Category item -->\n\t\t<div class=\"category-item\" style=\"background-image: url(\/\/healthtourismcenterturkey.com\/wp-content\/uploads\/2020\/09\/Goz-Kapagi-Estetigi.jpg)\">\n\t\t\t<div class=\"centered-container\">\n\t\t\t\t<a href=\"http:\/\/healthtourismcenterturkey.com\/de\/plastik-cerrahi\/yuz-estetigi\/goz-kapagi-estetigi\/\" class=\"button-style2 white big\"><span>Augenlid\u00e4sthetik<\/span><\/a>\n\t\t\t<\/div>\n\t\t<\/div>\n\t\t<!-- END Category item -->\n\t<\/div>\n\t\t<div class=\"fw-col-sm-4\">\n\t\t<!-- Category item -->\n\t\t<div class=\"category-item\" style=\"background-image: url(\/\/healthtourismcenterturkey.com\/wp-content\/uploads\/2020\/09\/Isik-Dolgusu.jpg)\">\n\t\t\t<div class=\"centered-container\">\n\t\t\t\t<a href=\"http:\/\/healthtourismcenterturkey.com\/de\/goz-ameliyatlari\/goz-cevresi-estetigi\/isik-dolgusu\/\" class=\"button-style2 white big\"><span>Lichtf\u00fcllung<\/span><\/a>\n\t\t\t<\/div>\n\t\t<\/div>\n\t\t<!-- END Category item -->\n\t<\/div>\n\t<\/div><\/div>\n<\/div>\n\n\t<\/div>\n<\/section><\/p>","protected":false},"excerpt":{"rendered":"<p>Hizmetlerimiz G\u00f6z \u00c7evresi Esteti\u011fi G\u00f6z Alt\u0131 Morluklar\u0131 G\u00f6z \u00c7evresi Uygulamalar\u0131 G\u00f6z Kapa\u011f\u0131 Esteti\u011fi I\u015f\u0131k Dolgusu<\/p>","protected":false},"author":2,"featured_media":0,"parent":1030,"menu_order":0,"comment_status":"closed","ping_status":"closed","template":"","meta":{"footnotes":""},"class_list":["post-1294","page","type-page","status-publish","hentry"],"acf":[],"_links":{"self":[{"href":"https:\/\/healthtourismcenterturkey.com\/de\/wp-json\/wp\/v2\/pages\/1294"}],"collection":[{"href":"https:\/\/healthtourismcenterturkey.com\/de\/wp-json\/wp\/v2\/pages"}],"about":[{"href":"https:\/\/healthtourismcenterturkey.com\/de\/wp-json\/wp\/v2\/types\/page"}],"author":[{"embeddable":true,"href":"https:\/\/healthtourismcenterturkey.com\/de\/wp-json\/wp\/v2\/users\/2"}],"replies":[{"embeddable":true,"href":"https:\/\/healthtourismcenterturkey.com\/de\/wp-json\/wp\/v2\/comments?post=1294"}],"version-history":[{"count":9,"href":"https:\/\/healthtourismcenterturkey.com\/de\/wp-json\/wp\/v2\/pages\/1294\/revisions"}],"predecessor-version":[{"id":2014,"href":"https:\/\/healthtourismcenterturkey.com\/de\/wp-json\/wp\/v2\/pages\/1294\/revisions\/2014"}],"up":[{"embeddable":true,"href":"https:\/\/healthtourismcenterturkey.com\/de\/wp-json\/wp\/v2\/pages\/1030"}],"wp:attachment":[{"href":"https:\/\/healthtourismcenterturkey.com\/de\/wp-json\/wp\/v2\/media?parent=1294"}],"curies":[{"name":"wp","href":"https:\/\/api.w.org\/{rel}","templated":true}]}}