{"id":1289,"date":"2020-08-30T10:00:55","date_gmt":"2020-08-30T10:00:55","guid":{"rendered":"http:\/\/healthtourismcenterturkey.com\/?page_id=1289"},"modified":"2020-09-03T11:32:11","modified_gmt":"2020-09-03T11:32:11","slug":"relex-smile","status":"publish","type":"page","link":"https:\/\/healthtourismcenterturkey.com\/de\/goz-ameliyatlari\/lazer-tedavileri\/relex-smile\/","title":{"rendered":"Relex Smile"},"content":{"rendered":"<h1 class=\"font__family-montserrat font__size-28 line__height-32 text-uppercase mb-35\"><span class=\"font__weight-bold\">SMILE<\/span>\u00a0<span class=\"font__weight-light\">BY ZEISS<\/span><\/h1>\n<p class=\"brk-dark-font-color font__size-16 font__weight-normal line__height-26 mb-30\"><span style=\"font-size: 14pt;\">Eine kurze Geschichte der Laser-Sehkorrektur: Die Hornhaut-Refraktionslaseroperation ist eine der am h\u00e4ufigsten verwendeten Methoden zur Behandlung von Sehfehlern, die sich in nur drei\u00dfig Jahren schnell entwickelt hat. Wie in anderen Bereichen des Lebens wurde auch in diesem Bereich der Fortschritt durch den st\u00e4ndigen Wunsch nach Entwicklung vorangetrieben. Die Branche wurde durch drei Generationen von Technologien gepr\u00e4gt: PRK, LASIK und SMILE.<\/span><\/p>\n<p class=\"brk-dark-font-color font__size-16 font__weight-normal line__height-26 mb-30\"><span style=\"font-size: 14pt;\">PRK ist die erste Generation der laserbasierten Sehkorrektur und ist bekannt f\u00fcr die Oberfl\u00e4chenablation der Hornhaut mit excimer Laser. Als wirtschaftliche L\u00f6sung wird dieses Verfahren weiterhin h\u00e4ufig angewendet. Die als zweite Generation der laserbasierten Sehkorrektur eingef\u00fchrte LASIK bietet die M\u00f6glichkeit, die Hornhaut mit excimer Laser neu zu formen. Dieses Verfahren erm\u00f6glicht eine schnelle Heilung des Sehverm\u00f6gens durch die Flap-Operation und ist daher heutzutage eine der am h\u00e4ufigsten gew\u00e4hlten Behandlungsmethoden.<\/span><\/p>\n<p class=\"brk-dark-font-color font__size-16 font__weight-normal line__height-26 mb-30\"><span style=\"font-size: 14pt;\">Die dritte Generation der laserbasierten Sehkorrektur, SMILE, ist eine Technik zur Entfernung von Lenticule durch einen kleinen Schnitt. Dieses Verfahren verwendet vollst\u00e4ndig Femtosekundenlaser und definiert refraktive Operationen mit der minimal-invasiven Technik ohne Flap neu. Es scheint, dass die laserbasierte Sehkorrektur nie so fortschrittlich, gewebeerhaltend und pr\u00e4zise war. Die Zukunft liegt in der minimal-invasiven Technik.<\/span><\/p>\n<p>&nbsp;<\/p>\n<p><img loading=\"lazy\" decoding=\"async\" class=\"alignnone size-full wp-image-1503\" src=\"http:\/\/healthtourismcenterturkey.com\/wp-content\/uploads\/2020\/09\/585x678_2.jpg\" alt=\"\" width=\"585\" height=\"678\" srcset=\"https:\/\/healthtourismcenterturkey.com\/wp-content\/uploads\/2020\/09\/585x678_2.jpg 585w, https:\/\/healthtourismcenterturkey.com\/wp-content\/uploads\/2020\/09\/585x678_2-259x300.jpg 259w\" sizes=\"(max-width: 585px) 100vw, 585px\" \/><\/p>\n<p>&nbsp;<\/p>\n<div class=\"col-12 col-sm-6 col-lg-4\">\n<div class=\"d-flex justify-content-center justify-content-sm-start align-items-center mt-15 mb-20 ml-1 ml-sm-3 ml-lg-4\">\n<p><span style=\"color: #3366ff;\"><strong><span style=\"font-size: 36pt;\">1.<\/span><\/strong><\/span><\/p>\n<h2 class=\"brk-dark-font-color font__family-montserrat font__size-14 text-uppercase line__height-24 letter-spacing-100\">GENERATION \u2013 PRK<br \/>\nOBERFL\u00c4CHENABLAATION<\/h2>\n<\/div>\n<p class=\"mb-15 text-center text-sm-left brk-dark-font-color opacity-80 font__family-roboto font__size-15 font__weight-light line__height-25 letter-spacing-20 ml-1 ml-sm-3 ml-lg-4\"><span style=\"font-size: 14pt;\">\u2022 Subepitheliale Ablation<\/span><br \/>\n<span style=\"font-size: 14pt;\">\u2022\tExcimer-Laserbehandlung<\/span><br \/>\n<span style=\"font-size: 14pt;\">\u2022\t\u00dcber einen l\u00e4ngeren Zeitraum verbesserte Sehf\u00e4higkeit<\/span><br \/>\n<span style=\"font-size: 14pt;\">\u2022 Unbehagen des Patienten<\/span><\/p>\n<\/div>\n<div class=\"col-12 col-sm-6 col-lg-4\">\n<div class=\"d-flex justify-content-center justify-content-sm-start align-items-center mt-15 mb-20 ml-1 ml-sm-3 ml-lg-4\">\n<p><span style=\"color: #3366ff;\"><strong><span style=\"font-size: 36pt;\">2.<\/span><\/strong><\/span><\/p>\n<h2 class=\"brk-dark-font-color font__family-montserrat font__size-14 text-uppercase line__height-24 letter-spacing-100\">GENERATION \u2013 LASIK<br \/>\nFLAP-OPERATION<\/h2>\n<\/div>\n<p class=\"mb-15 text-center text-sm-left brk-dark-font-color opacity-80 font__family-roboto font__size-15 font__weight-light line__height-25 letter-spacing-20 ml-1 ml-sm-3 ml-lg-4\"><span style=\"font-size: 14pt;\">\u2022 Stromale Ablation<\/span><br \/>\n<span style=\"font-size: 14pt;\">\u2022 In Kombination mit Excimer- oder Femtosekundenlaser<\/span><br \/>\n<span style=\"font-size: 14pt;\">\u2022 Schnelle Sehverbesserung<\/span><br \/>\n<span style=\"font-size: 14pt;\">\u2022 Risiko f\u00fcr einige Flap-Komplikationen<\/span><\/p>\n<\/div>\n<div class=\"col-12 col-sm-6 col-lg-4\">\n<div class=\"d-flex justify-content-center justify-content-sm-start align-items-center mt-15 mb-20 ml-1 ml-sm-3 ml-lg-4\">\n<p><span style=\"color: #3366ff;\"><strong><span style=\"font-size: 36pt;\">3.<\/span><\/strong><\/span><\/p>\n<h2 class=\"brk-dark-font-color font__family-montserrat font__size-14 text-uppercase line__height-24 letter-spacing-100\">GENERATION \u2013 SMILE<br \/>\nFLAPFREIE OPERATION<\/h2>\n<\/div>\n<p class=\"mb-15 text-center text-sm-left brk-dark-font-color opacity-80 font__family-roboto font__size-15 font__weight-light line__height-25 letter-spacing-20 ml-1 ml-sm-3 ml-lg-4\"><span style=\"font-size: 14pt;\">\u2022 Entfernung von Lenticule innerhalb des Stromas<\/span><br \/>\n<span style=\"font-size: 14pt;\">\u2022 Femtosekundenlaserbehandlung<\/span><br \/>\n<span style=\"font-size: 14pt;\">\u2022 Pr\u00e4zise Behandlung<\/span><br \/>\n<span style=\"font-size: 14pt;\">\u2022 Keine Flap-Komplikationen<\/span><\/p>\n<\/div>\n<p>&nbsp;<\/p>\n<div class=\"overflow-hid position-static position-lg-relative pb-40\">\n<h1 class=\"font__family-montserrat font__size-28 line__height-32 text-uppercase mb-35\"><span class=\"font__weight-bold\">SMILE\u00a0<\/span><span class=\"font__weight-light\">TECHNOLOGIE<\/span><\/h1>\n<p class=\"brk-dark-font-color font__size-16 font__weight-normal line__height-26 mb-20\"><span style=\"font-size: 14pt;\">Die Entfernung von Lenticule durch einen kleinen Schnitt bietet viele Vorteile. Mit SMILE wurde erstmals eine minimal invasive, flapfreie Operation m\u00f6glich. Das klinische Verfahren basiert auf der Technik zur Entfernung eines linsenf\u00f6rmigen St\u00fccks der hornhautf\u00f6rmigen Stroma durch einen kleinen Schnitt. Dank SMILE, das 80 % kleinere seitliche Schnitte und 30 % kleinere Klappenschnitte im Vergleich zu LASIK erfordert, werden F\u00e4lle von trockenem Auge, Infektionen und epithelialem Einwachsen seltener vorkommen. Zur Verbesserung des biomechanischen Schutzes und der Stabilit\u00e4t wird die Hornhaut nahezu unber\u00fchrt gelassen.<\/span><\/p>\n<\/div>\n<div class=\"overflow-hid position-static position-lg-relative pb-40\">\n<\/br><\/br><\/p>\n<h1 class=\"font__family-montserrat font__size-28 line__height-32 text-uppercase mb-35\"><span class=\"font__weight-bold\">RELEX SMILE\u00a0<\/span><span class=\"font__weight-light\">BY ZEISS<\/span><\/h1>\n<p class=\"brk-dark-font-color font__size-16 font__weight-normal line__height-26 mb-20\"><span style=\"font-size: 14pt;\">Die erste minimal invasive, flapfreie SMILE-L\u00f6sung\nMit ReLEx\u00ae SMILE ist ZEISS das erste Unternehmen, das die Methode zur Behandlung von Patienten mit minimal invasiven, flapfreien SMILE-Verfahren entwickelt hat. Die Entwicklung von SMILE zeigt, dass die Zukunft der refraktiven Chirurgie minimal invasiv ist. Jetzt ist es an der Zeit, auf die 3. Generation der laserbasierten Sehkorrektur umzusteigen.<\/span><\/p>\n<p class=\"brk-dark-font-color font__size-16 font__weight-normal line__height-26 mb-20\"><span style=\"font-size: 14pt;\">F\u00fcr hervorragende Leistung entwickelt. ReLEx SMILE wird mit dem ZEISS VisuMax\u00ae, einem hochpr\u00e4zisen, bahnbrechenden Femtosekundenlaser, angewendet, der auch bei hohen Korrekturen ein hohes Ma\u00df an Reproduzierbarkeit und Vorhersagbarkeit bietet. Die herausragende Schnittgenauigkeit, die au\u00dfergew\u00f6hnliche Geschwindigkeit und der pr\u00e4zise Behandlungsansatz machen es zu einer idealen Plattform f\u00fcr fortgeschrittene korneale Anwendungen wie SMILE.<\/span><\/p>\n<\/div>\n<p>&nbsp;<\/br><\/br><\/br><\/p>","protected":false},"excerpt":{"rendered":"<p>SMILE\u00a0BY ZEISS LAZERLE G\u00d6RME D\u00dcZELTMEN\u0130N KISA B\u0130R TAR\u0130H\u00c7ES\u0130 : Korneal refraksiyon lazer ameliyat\u0131, otuz y\u0131l gibi k\u0131sa bir s\u00fcrede h\u0131zla geli\u015fmi\u015f olan ve g\u00f6rme bozuklu\u011funu tedavi etmek i\u00e7in kullan\u0131lan en yayg\u0131n y\u00f6ntemlerden biri. Hayat\u0131n di\u011fer alanlar\u0131nda oldu\u011fu gibi, bu alandaki ilerlemeler de s\u00fcrekli geli\u015fim iste\u011fiyle meydana geldi. Sekt\u00f6r, \u00fc\u00e7 nesil teknolojiyle \u015fekillendi: PRK, LASIK ve [&hellip;]<\/p>","protected":false},"author":2,"featured_media":0,"parent":1290,"menu_order":0,"comment_status":"closed","ping_status":"closed","template":"","meta":{"footnotes":""},"class_list":["post-1289","page","type-page","status-publish","hentry"],"acf":[],"_links":{"self":[{"href":"https:\/\/healthtourismcenterturkey.com\/de\/wp-json\/wp\/v2\/pages\/1289"}],"collection":[{"href":"https:\/\/healthtourismcenterturkey.com\/de\/wp-json\/wp\/v2\/pages"}],"about":[{"href":"https:\/\/healthtourismcenterturkey.com\/de\/wp-json\/wp\/v2\/types\/page"}],"author":[{"embeddable":true,"href":"https:\/\/healthtourismcenterturkey.com\/de\/wp-json\/wp\/v2\/users\/2"}],"replies":[{"embeddable":true,"href":"https:\/\/healthtourismcenterturkey.com\/de\/wp-json\/wp\/v2\/comments?post=1289"}],"version-history":[{"count":5,"href":"https:\/\/healthtourismcenterturkey.com\/de\/wp-json\/wp\/v2\/pages\/1289\/revisions"}],"predecessor-version":[{"id":1646,"href":"https:\/\/healthtourismcenterturkey.com\/de\/wp-json\/wp\/v2\/pages\/1289\/revisions\/1646"}],"up":[{"embeddable":true,"href":"https:\/\/healthtourismcenterturkey.com\/de\/wp-json\/wp\/v2\/pages\/1290"}],"wp:attachment":[{"href":"https:\/\/healthtourismcenterturkey.com\/de\/wp-json\/wp\/v2\/media?parent=1289"}],"curies":[{"name":"wp","href":"https:\/\/api.w.org\/{rel}","templated":true}]}}