{"id":1171,"date":"2020-08-02T12:29:15","date_gmt":"2020-08-02T12:29:15","guid":{"rendered":"http:\/\/healthtourismcenterturkey.com\/?page_id=1171"},"modified":"2022-03-24T18:36:26","modified_gmt":"2022-03-24T18:36:26","slug":"lazer-epilasyon","status":"publish","type":"page","link":"https:\/\/healthtourismcenterturkey.com\/de\/plastik-cerrahi\/medikal-estetik\/lazer-epilasyon\/","title":{"rendered":"Laser-Haarentfernung"},"content":{"rendered":"<h1 class=\"vc_custom_heading font-weight-bold letter-spacing-1 vc_custom_1545674208600\">Was ist Laser-Haarentfernung und wie wird sie durchgef\u00fchrt?<\/h1>\n<p class=\"vc_custom_heading vc_custom_1545674233904\"><span style=\"font-size: 14pt;\">Kurz gesagt ist es eine kosmetische Anwendung, die eine dauerhafte L\u00f6sung bietet, um unerw\u00fcnschte Haare am K\u00f6rper loszuwerden. In Sch\u00f6nheits- und \u00c4sthetikzentren wird diese Methode durchgef\u00fchrt, bei der die Haarwurzeln mit Laserlicht verbrannt werden, um ein Nachwachsen zu verhindern. Jeder, der seine k\u00f6rperliche Entwicklung abgeschlossen hat, kann sich einer Laser-Haarentfernung unterziehen. Von den verschiedenen Laserger\u00e4ten sind die Alexandrit- und Diodenlaser die am h\u00e4ufigsten verwendeten und effektivsten.<\/span><br \/>\n<span style=\"font-size: 14pt;\">Laser-Haarentfernung ist eine dauerhafte Methode, die von Frauen und M\u00e4nnern bevorzugt wird, um unerw\u00fcnschte Haare zu entfernen. Rasieren, chemische Mittel, Waxing, Pinzetten und Epilierer bieten keine dauerhafte L\u00f6sung. Die Laser-Haarentfernung zielt darauf ab, durch eine Technik, die die Haarwurzeln mit W\u00e4rme zerst\u00f6rt, das Nachwachsen der Haare zu verhindern, ohne die Haut zu sch\u00e4digen.<\/span><br \/>\n<span style=\"font-size: 14pt;\">Laser-Haarentfernung ist ein seri\u00f6ser Eingriff, der Fachwissen erfordert. Bei der Wahl des Laser-Haarentfernungszentrums sollte darauf geachtet werden, dass die Klinik oder das Krankenhaus \u00fcber die richtige Ausr\u00fcstung und Ger\u00e4te verf\u00fcgt, um verschiedene Laserarten anbieten zu k\u00f6nnen.<\/span><br \/>\n<span style=\"font-size: 14pt;\">Laser-Haarentfernung zeigt bei dunklem Haar bessere Ergebnisse als bei hellem Haar. Gute Ergebnisse bei hellen Haaren und Flaum sind jedoch mit den richtigen Ger\u00e4ten und einer fachgerechten Anwendung m\u00f6glich.<\/span><br \/>\n<span style=\"font-size: 14pt;\">Vor Beginn einer Laser-Haarentfernung sollte auch die Ursache f\u00fcr das Haarwachstum untersucht werden. Bei hormonell bedingtem Haarwuchs sollte zun\u00e4chst die zugrunde liegende Ursache behandelt werden.<\/span><\/p>\n<div class=\"wpb_single_image wpb_content_element vc_align_left vc_custom_1545674299940\">\n<figure class=\"wpb_wrapper vc_figure\">\n<div class=\"vc_single_image-wrapper vc_box_border_grey\"><\/div>\n<\/figure>\n<\/div>\n<p>&nbsp;<\/p>\n<p><img loading=\"lazy\" decoding=\"async\" class=\"size-full wp-image-2167\" src=\"https:\/\/healthtourismcenterturkey.com\/wp-content\/uploads\/2022\/03\/lazer-epilasyon-estethica-2.jpg\" alt=\"\" width=\"1008\" height=\"672\" srcset=\"https:\/\/healthtourismcenterturkey.com\/wp-content\/uploads\/2022\/03\/lazer-epilasyon-estethica-2.jpg 1008w, https:\/\/healthtourismcenterturkey.com\/wp-content\/uploads\/2022\/03\/lazer-epilasyon-estethica-2-300x200.jpg 300w, https:\/\/healthtourismcenterturkey.com\/wp-content\/uploads\/2022\/03\/lazer-epilasyon-estethica-2-768x512.jpg 768w\" sizes=\"(max-width: 1008px) 100vw, 1008px\" \/><\/p>\n<p class=\"vc_custom_heading vc_custom_1545674333911\"><span style=\"font-size: 14pt;\"><b>Alexandrit-Laser-Haarentfernung<\/b><\/span><br \/>\n<span style=\"font-size: 14pt;\">Durch die Wirkung auf die Haarwurzeln unter der Haut im behandelten Bereich verhindert Alexandrit-Laser das Haarwachstum.<\/span><\/p>\n<p class=\"vc_custom_heading vc_custom_1545674364376\"><span style=\"font-size: 14pt;\"><b>Diodenlaser-Haarentfernung<\/b><\/span><br \/>\n<span style=\"font-size: 14pt;\">Obwohl sie nach einem \u00e4hnlichen Prinzip arbeitet, ist der Diodenlaser aufgrund der Verwendung von Laserenergie mit l\u00e4ngerer Wellenl\u00e4nge f\u00fcr Personen mit dunkler Hautfarbe vorteilhafter. Die Anwendungen werden in 4 bis 9 Sitzungen unterteilt. Wer ein dauerhaftes Ergebnis w\u00fcnscht, sollte alle Sitzungen abschlie\u00dfen.<\/span><\/p>\n<div class=\"rt-separator element-one\" data-separator-width=\"100%\" data-separator-color=\"#000000\" data-separator-background=\"#ffffff\" data-separator-direction=\"center\">\n<div class=\"block\">\n<div class=\"gap\"><\/div>\n<div class=\"bar\"><\/div>\n<\/div>\n<\/div>\n<div class=\"vc_row wpb_row vc_inner vc_row-fluid vc_custom_1545478509233\">\n<div class=\"wpb_column vc_column_container vc_col-sm-12 vc_col-has-fill\">\n<div class=\"vc_column-inner vc_custom_1545478117371\">\n<div class=\"wpb_wrapper\">\n<h1 class=\"vc_custom_heading vc_custom_1545674589730\">Welche Bereiche k\u00f6nnen mit Laser-Haarentfernung behandelt werden?<\/h1>\n<p class=\"vc_custom_heading vc_custom_1545674448653\"><span style=\"font-size: 14pt;\">\u2022 Achselh\u00f6hlen<br \/>\n<\/span><span style=\"font-size: 14pt;\">\u2022 Genitalbereich, Bikinizone und Ges\u00e4\u00df<br \/>\n<\/span><span style=\"font-size: 14pt;\">\u2022 Ganze Beine<br \/>\n<\/span><span style=\"font-size: 14pt;\">\u2022 Ganze Arme<br \/>\n<\/span><span style=\"font-size: 14pt;\">\u2022 Gesicht, Oberlippe und Koteletten<\/span><\/p>\n<\/div>\n<\/div>\n<\/div>\n<\/div>\n<p>&nbsp;<\/p>","protected":false},"excerpt":{"rendered":"<p>Lazer Epilasyon Nedir? Nas\u0131l Yap\u0131l\u0131r? En k\u0131sa anlat\u0131m\u0131 ile v\u00fccudunuzdaki istenmeyen t\u00fcylerden kurtulman\u0131z i\u00e7in kal\u0131c\u0131 bir yol sa\u011flayan bir g\u00fczellik uygulamas\u0131d\u0131r. G\u00fczellik ve estetik merkezlerinde yap\u0131lan bu uygulamada k\u0131l k\u00f6kleri lazer \u0131\u015f\u0131\u011f\u0131 ile yak\u0131lmas\u0131 ve i\u015flem sonunda bir daha \u00e7\u0131kmamas\u0131 hedeflenir. Lazer epilasyona geli\u015fimini tamamlam\u0131\u015f herkes gidebilir. \u00c7e\u015fitli cinsleri olan lazer makinelerinden en yayg\u0131n ve [&hellip;]<\/p>","protected":false},"author":2,"featured_media":0,"parent":1112,"menu_order":0,"comment_status":"closed","ping_status":"closed","template":"","meta":{"footnotes":""},"class_list":["post-1171","page","type-page","status-publish","hentry"],"acf":[],"_links":{"self":[{"href":"https:\/\/healthtourismcenterturkey.com\/de\/wp-json\/wp\/v2\/pages\/1171"}],"collection":[{"href":"https:\/\/healthtourismcenterturkey.com\/de\/wp-json\/wp\/v2\/pages"}],"about":[{"href":"https:\/\/healthtourismcenterturkey.com\/de\/wp-json\/wp\/v2\/types\/page"}],"author":[{"embeddable":true,"href":"https:\/\/healthtourismcenterturkey.com\/de\/wp-json\/wp\/v2\/users\/2"}],"replies":[{"embeddable":true,"href":"https:\/\/healthtourismcenterturkey.com\/de\/wp-json\/wp\/v2\/comments?post=1171"}],"version-history":[{"count":5,"href":"https:\/\/healthtourismcenterturkey.com\/de\/wp-json\/wp\/v2\/pages\/1171\/revisions"}],"predecessor-version":[{"id":2168,"href":"https:\/\/healthtourismcenterturkey.com\/de\/wp-json\/wp\/v2\/pages\/1171\/revisions\/2168"}],"up":[{"embeddable":true,"href":"https:\/\/healthtourismcenterturkey.com\/de\/wp-json\/wp\/v2\/pages\/1112"}],"wp:attachment":[{"href":"https:\/\/healthtourismcenterturkey.com\/de\/wp-json\/wp\/v2\/media?parent=1171"}],"curies":[{"name":"wp","href":"https:\/\/api.w.org\/{rel}","templated":true}]}}