{"id":1169,"date":"2020-08-02T12:27:35","date_gmt":"2020-08-02T12:27:35","guid":{"rendered":"http:\/\/healthtourismcenterturkey.com\/?page_id=1169"},"modified":"2020-08-12T10:00:30","modified_gmt":"2020-08-12T10:00:30","slug":"kalici-makyaj","status":"publish","type":"page","link":"https:\/\/healthtourismcenterturkey.com\/de\/plastik-cerrahi\/medikal-estetik\/kalici-makyaj\/","title":{"rendered":"Permanent Make-up"},"content":{"rendered":"<h1 class=\"vc_custom_heading font-weight-bold letter-spacing-1 vc_custom_1545741799505\">Permanent Make-up Warum ist permanentes Make-up notwendig?<\/h1>\n<p class=\"vc_custom_heading vc_custom_1545741823104\"><span style=\"font-size: 14pt;\">Permanentes Make-up ist die Kunst, \u201eMikropigmentierungsanwendungen\u201c mit Mikro-Nadeln durchzuf\u00fchren, um gesundheitlich unbedenkliche Pigmente in die Haut einzubringen, die auf die individuelle Person abgestimmt sind.<\/span><\/p>\n<div class=\"wpb_single_image wpb_content_element vc_align_left vc_custom_1545742399471\">\n<figure class=\"wpb_wrapper vc_figure\">\n<div class=\"vc_single_image-wrapper vc_box_border_grey\"><img loading=\"lazy\" decoding=\"async\" class=\"vc_single_image-img attachment-full\" src=\"https:\/\/www.estecapa.com\/wp-content\/uploads\/shutterstock_531825529.jpg\" sizes=\"(max-width: 1080px) 100vw, 1080px\" srcset=\"https:\/\/www.estecapa.com\/wp-content\/uploads\/shutterstock_531825529.jpg 1080w, https:\/\/www.estecapa.com\/wp-content\/uploads\/shutterstock_531825529-300x200.jpg 300w, https:\/\/www.estecapa.com\/wp-content\/uploads\/shutterstock_531825529-768x512.jpg 768w, https:\/\/www.estecapa.com\/wp-content\/uploads\/shutterstock_531825529-1024x683.jpg 1024w\" alt=\"\" width=\"1080\" height=\"720\" data-no-retina=\"\" \/><\/div>\n<\/figure>\n<\/div>\n<p class=\"vc_custom_heading vc_custom_1545741833214\"><span style=\"font-size: 14pt;\">Die Mikropigmentierung wird neben der Haarpigmentierung mit der Haartechnik und der Pudertechnik auch f\u00fcr permanente Dip-Liner, permanente Eyeliner, permanente Rouge und dreidimensionale Lippenarbeiten angewendet. Au\u00dferdem wird sie zur Wiederherstellung von Areolen bei Verlusten der Brustwarze und zur Verbesserung von Operationsnarben eingesetzt. Bei der als \u201eAlopezie\u201c bekannten Krankheit, die Haarausfall verursacht, sowie nach Brustwarzenkrebs wird eine Areolaanwendung durchgef\u00fchrt.<\/span><\/p>\n<div class=\"rt-separator element-one\" data-separator-width=\"100%\" data-separator-color=\"#000000\" data-separator-background=\"#ffffff\" data-separator-direction=\"center\">\n<div class=\"block\">\n<div class=\"gap\"><\/div>\n<div class=\"bar\"><\/div>\n<\/div>\n<\/div>\n<p><\/br><\/br><\/p>\n<h1 class=\"vc_custom_heading font-weight-semibold vc_custom_1545741897307\">Was sollten wir beachten, wenn wir dauerhafte Makeup-Anwendungen durchf\u00fchren lassen?<\/h1>\n<p class=\"vc_custom_heading vc_custom_1545741915252\"><span style=\"font-size: 14pt;\">\u2022 Welche Marke von Farbe wird verwendet?<\/span><br \/>\n<span style=\"font-size: 14pt;\">\u2022 Haben Sie Allergien gegen die Chemikalien im verwendeten Produkt?<\/span><br \/>\n<span style=\"font-size: 14pt;\">\u2022 Unter welchen hygienischen Bedingungen arbeiten sie?<\/span><br \/>\n<span style=\"font-size: 14pt;\">\u2022 Achten Sie darauf, dass die Person, die die Anwendung durchf\u00fchrt, ein Experte ist.<\/span><\/p>\n<div class=\"vc_row wpb_row vc_inner vc_row-fluid vc_custom_1545478509233\">\n<div class=\"wpb_column vc_column_container vc_col-sm-12 vc_col-has-fill\">\n<div class=\"vc_column-inner vc_custom_1545478117371\">\n<div class=\"wpb_wrapper\"><\/br><\/br><\/p>\n<h1 class=\"vc_custom_heading vc_custom_1545742142060\">Was sollten wir nach einer dauerhaften Makeup-Anwendung beachten?<\/h1>\n<p class=\"vc_custom_heading vc_custom_1545742131055\"><span style=\"font-size: 14pt;\">Nach der Anwendung von dauerhaftem Makeup gibt es bestimmte Pflegehinweise und Faktoren, die die Haltbarkeit des Makeups beeinflussen. Nach der Anwendung k\u00f6nnen R\u00f6tungen und Schwellungen auf der Haut auftreten, aber keine Sorge, mit Kompressen aus Eis wird sich die Haut sehr schnell wieder normalisieren. Der behandelten Region sollte f\u00fcr eine Weile kein Kontakt gew\u00e4hrt werden. Sonnenbaden und \u00e4hnliche Aktivit\u00e4ten, die die Haut beeintr\u00e4chtigen k\u00f6nnen, sollten vermieden werden. Au\u00dferdem sollten Sonnenschutzmittel verwendet werden, und falls es ein Lippenherpesproblem gibt, sollte zur Sicherheit eine Lippenherpescreme angewendet werden. Nach der dauerhaften Lippenmakeup-Anwendung sollte man m\u00f6glichst salzige Speisen meiden, und es sollten keine kosmetischen Produkte auf die Haut aufgetragen werden. Die Krusten, die an den behandelten Stellen entstehen, d\u00fcrfen auf keinen Fall abgerissen oder gekratzt werden. Zudem k\u00f6nnen die Krusten St\u00fcck f\u00fcr St\u00fcck abfallen, und die abfallenden Bereiche sollten ebenfalls nicht ber\u00fchrt werden. F\u00fcr die krustenden Bereiche kann Kamillentee nach einer kurzen Wartezeit in den K\u00fchlschrank gelegt und gek\u00fchlt werden, danach wird er mit einer Gazekompressen auf die Stellen mit dem dauerhaften Makeup aufgetragen.<\/span><\/p>\n<\/div>\n<\/div>\n<\/div>\n<\/div>\n<div class=\"rt-separator element-one\" data-separator-width=\"100%\" data-separator-color=\"#000000\" data-separator-background=\"#ffffff\" data-separator-direction=\"center\">\n<div class=\"block\">\n<div class=\"gap\"><\/div>\n<div class=\"bar\"><\/div>\n<\/div>\n<\/div>\n<p><\/br><\/br><\/p>\n<h1 class=\"vc_custom_heading font-weight-semibold vc_custom_1545741975111\">Wer darf kein Permanent Make-up bekommen?<\/h1>\n<p class=\"vc_custom_heading vc_custom_1545741986568\"><span style=\"font-size: 14pt;\">Es gibt F\u00e4lle, in denen Permanent Make-up auf keinen Fall angewendet werden darf. Es wird nicht bei Personen unter 18 Jahren angewendet, da sich ihr K\u00f6rper noch in der Entwicklung befindet. Auch Diabetiker, Schwangere, stillende M\u00fctter, Frauen, die sich in der Chemotherapie befinden oder Roaccutan verwenden, sollten darauf verzichten. Personen mit Augeninfektionen, Entz\u00fcndungen, Pilzerkrankungen, Warzen oder Ekzemen auf der Haut, sowie Menschen mit psychischen Erkrankungen wie Schizophrenie sollten ebenfalls kein Permanent Make-up erhalten. Personen mit Allergien gegen Pigmente, geplatzten Kapillaren oder Muttermalen sind ebenfalls von dieser Behandlung ausgeschlossen.<\/span><\/p>\n<p><\/br><\/br><\/p>","protected":false},"excerpt":{"rendered":"<p>Kal\u0131c\u0131 Makyaj Neden Gerekli Kal\u0131c\u0131 makyaj &#8220;Mikropigmentasyon uygulamas\u0131 mikro i\u011fnelerle ki\u015fiye,uygun onun sa\u011fl\u0131\u011f\u0131na hi\u00e7 zarar vermeyen pigmentleri deriye yerle\u015ftirme sanat\u0131d\u0131r&#8221;. Mikropigmetasyon uygulamas\u0131n\u0131 k\u0131l tekni\u011fi ve tozz tekni\u011fi ka\u015f, scalp pigmentasyon y\u00f6ntemi ile sa\u00e7, kal\u0131c\u0131 dip-liner, kal\u0131c\u0131 eyeliner, kal\u0131c\u0131 all\u0131k, \u00fc\u00e7 b\u00f6yutlu dudak \u00e7al\u0131\u015fmas\u0131 uygulamalar\u0131n\u0131n yan\u0131 s\u0131ra meme ucu kay\u0131plar\u0131nda areola onar\u0131m\u0131 ve amelyat izlerini iyle\u015ftirmede [&hellip;]<\/p>","protected":false},"author":2,"featured_media":0,"parent":1112,"menu_order":0,"comment_status":"closed","ping_status":"closed","template":"","meta":{"footnotes":""},"class_list":["post-1169","page","type-page","status-publish","hentry"],"acf":[],"_links":{"self":[{"href":"https:\/\/healthtourismcenterturkey.com\/de\/wp-json\/wp\/v2\/pages\/1169"}],"collection":[{"href":"https:\/\/healthtourismcenterturkey.com\/de\/wp-json\/wp\/v2\/pages"}],"about":[{"href":"https:\/\/healthtourismcenterturkey.com\/de\/wp-json\/wp\/v2\/types\/page"}],"author":[{"embeddable":true,"href":"https:\/\/healthtourismcenterturkey.com\/de\/wp-json\/wp\/v2\/users\/2"}],"replies":[{"embeddable":true,"href":"https:\/\/healthtourismcenterturkey.com\/de\/wp-json\/wp\/v2\/comments?post=1169"}],"version-history":[{"count":3,"href":"https:\/\/healthtourismcenterturkey.com\/de\/wp-json\/wp\/v2\/pages\/1169\/revisions"}],"predecessor-version":[{"id":1279,"href":"https:\/\/healthtourismcenterturkey.com\/de\/wp-json\/wp\/v2\/pages\/1169\/revisions\/1279"}],"up":[{"embeddable":true,"href":"https:\/\/healthtourismcenterturkey.com\/de\/wp-json\/wp\/v2\/pages\/1112"}],"wp:attachment":[{"href":"https:\/\/healthtourismcenterturkey.com\/de\/wp-json\/wp\/v2\/media?parent=1169"}],"curies":[{"name":"wp","href":"https:\/\/api.w.org\/{rel}","templated":true}]}}