{"id":1167,"date":"2020-08-02T12:27:05","date_gmt":"2020-08-02T12:27:05","guid":{"rendered":"http:\/\/healthtourismcenterturkey.com\/?page_id=1167"},"modified":"2020-08-12T09:58:33","modified_gmt":"2020-08-12T09:58:33","slug":"dolgu","status":"publish","type":"page","link":"https:\/\/healthtourismcenterturkey.com\/de\/plastik-cerrahi\/medikal-estetik\/dolgu\/","title":{"rendered":"Filler"},"content":{"rendered":"<h1 class=\"vc_custom_heading font-weight-bold letter-spacing-1 vc_custom_1545742547555\">Filler-Anwendungen<\/h1>\n<p class=\"vc_custom_heading vc_custom_1545742575274\"><span style=\"font-size: 14pt;\">Filler-Anwendungen geh\u00f6ren zu den am h\u00e4ufigsten verwendeten Methoden im Bereich der medizinischen \u00c4sthetik. Hyalurons\u00e4ure ist das am h\u00e4ufigsten verwendete F\u00fcllmaterial bei Filler-Anwendungen. Mit zunehmendem Alter nimmt die Menge an Kollagen, elastischem Gewebe und Hyalurons\u00e4ure in unserer Haut ab.<\/span><\/p>\n<div class=\"wpb_single_image wpb_content_element vc_align_left vc_custom_1545742892031\">\n<figure class=\"wpb_wrapper vc_figure\">\n<div class=\"vc_single_image-wrapper vc_box_border_grey\"><img loading=\"lazy\" decoding=\"async\" class=\"vc_single_image-img attachment-full\" src=\"https:\/\/www.estecapa.com\/wp-content\/uploads\/dolgu-uygulamas.jpg\" sizes=\"(max-width: 886px) 100vw, 886px\" srcset=\"\" alt=\"\" width=\"886\" height=\"720\" data-no-retina=\"\" data-srcset=\"\" \/><\/div>\n<\/figure>\n<\/div>\n<p class=\"vc_custom_heading vc_custom_1545742586931\"><span style=\"font-size: 14pt;\">Bei Filler-Anwendungen wird die abnehmende Hyalurons\u00e4ure mithilfe von kleinen Nadeln in die problematischen Bereiche unter der Haut injiziert. Die gelartige Hyalurons\u00e4ure erh\u00f6ht die Wasserhaltekapazit\u00e4t der Haut und sorgt f\u00fcr F\u00fclle.<\/span><\/p>\n<div class=\"rt-separator element-one\" data-separator-width=\"100%\" data-separator-color=\"#000000\" data-separator-background=\"#ffffff\" data-separator-direction=\"center\">\n<div class=\"block\">\n<div class=\"gap\"><\/div>\n<div class=\"bar\"><\/div>\n<\/div>\n<\/div>\n<p>&nbsp;<\/p>\n<h1 class=\"vc_custom_heading font-weight-semibold vc_custom_1545742756164\">F\u00fcllmaterial kann f\u00fcr folgende Zwecke verwendet werden:<\/h1>\n<p class=\"vc_custom_heading vc_custom_1545742767900\"><span style=\"font-size: 14pt;\">\u2022 Tiefe und feine Falten im Gesicht auff\u00fcllen,<\/span><br \/>\n<span style=\"font-size: 14pt;\">\u2022 Die Lippen und deren Kontur volumin\u00f6ser gestalten,<\/span><br \/>\n<span style=\"font-size: 14pt;\">\u2022 Wangen, Kinn, Augenpartie und Schl\u00e4fen Volumen verleihen,<\/span><br \/>\n<span style=\"font-size: 14pt;\">\u2022 Tiefe Narben, die durch Akne oder andere Ursachen entstanden sind, beseitigen.<\/span><\/p>\n<div class=\"rt-separator element-one\" data-separator-width=\"100%\" data-separator-color=\"#000000\" data-separator-background=\"#ffffff\" data-separator-direction=\"center\">\n<div class=\"block\">\n<div class=\"gap\"><\/div>\n<div class=\"bar\"><\/div>\n<\/div>\n<\/div>\n<div class=\"vc_row wpb_row vc_inner vc_row-fluid vc_custom_1545478509233\">\n<div class=\"wpb_column vc_column_container vc_col-sm-12 vc_col-has-fill\">\n<div class=\"vc_column-inner vc_custom_1545478117371\">\n<div class=\"wpb_wrapper\"><\/br><\/br><\/p>\n<h1 class=\"vc_custom_heading vc_custom_1545742919499\">Was sind die Vorteile von Hyalurons\u00e4ure?<\/h1>\n<p class=\"vc_custom_heading vc_custom_1545742723237\"><span style=\"font-size: 14pt;\">\u2022 Hilft, die Haut glatt und elastisch zu halten.<\/span><br \/>\n<span style=\"font-size: 14pt;\">\u2022 Unterst\u00fctzt die Vermeidung von Aknenarben.<\/span><br \/>\n<span style=\"font-size: 14pt;\">\u2022 F\u00f6rdert die Reparatur der Lippen und erh\u00e4lt deren Elastizit\u00e4t. Durch diese Eigenschaft hilft es, die Hautalterung zu verlangsamen.<\/span><br \/>\n<span style=\"font-size: 14pt;\">\u2022 Hilft bei der Bildung und Pflege von Kollagenfasern. Ein R\u00fcckgang von Kollagen f\u00fchrt zum Verlust der Elastizit\u00e4t der Haut.<\/span><br \/>\n<span style=\"font-size: 14pt;\">\u2022 Unterst\u00fctzt ebenfalls den Kampf gegen Hautentz\u00fcndungen und -reizungen.<\/span><br \/>\n<span style=\"font-size: 14pt;\">\u2022 Mit zunehmendem Alter nimmt die Mitosegeschwindigkeit der Zellen ab, wodurch der Prozess der zellul\u00e4ren Erneuerung und Reparatur langsamer wird. Die Anwesenheit von Hyalurons\u00e4ure kann diesen Zustand umkehren.<\/span><\/p>\n<\/div>\n<\/div>\n<\/div>\n<\/div>\n<div class=\"rt-separator element-one\" data-separator-width=\"100%\" data-separator-color=\"#000000\" data-separator-background=\"#ffffff\" data-separator-direction=\"center\">\n<div class=\"block\">\n<div class=\"gap\"><\/div>\n<div class=\"bar\"><\/div>\n<\/div>\n<\/div>\n<p>&nbsp;<\/p>\n<h1 class=\"vc_custom_heading font-weight-semibold vc_custom_1545742657488\">Lichtf\u00fcllung<\/h1>\n<p class=\"vc_custom_heading vc_custom_1545742670290\"><span style=\"font-size: 14pt;\">Die Lichtf\u00fcllung ist eine neue Behandlungsmethode zwischen Mesotherapie und F\u00fclltechniken, die darauf abzielt, der Haut ihre F\u00e4higkeit zur\u00fcckzugeben, Licht zu reflektieren.<\/span><\/p>\n<p class=\"vc_custom_heading vc_custom_1545742682273\"><span style=\"font-size: 14pt;\">Es handelt sich um eine effektive und einfache Anwendung, die in drei Sitzungen mit einem Abstand von 3-4 Wochen durchgef\u00fchrt wird. Durch die erste Injektion und die fortlaufenden Sitzungen k\u00f6nnen sichtbare Ergebnisse erzielt werden.<\/span><\/p>\n<div class=\"rt-separator element-one\" data-separator-width=\"100%\" data-separator-color=\"#000000\" data-separator-background=\"#ffffff\" data-separator-direction=\"center\">\n<div class=\"block\">\n<div class=\"gap\"><\/div>\n<div class=\"bar\"><\/div>\n<\/div>\n<\/div>\n<p>&nbsp;<\/p>\n<h1 class=\"vc_custom_heading font-weight-semibold vc_custom_1545742796624\">Wo werden F\u00fcllungen angewendet?<\/h1>\n<p class=\"vc_custom_heading vc_custom_1545742808528\"><span style=\"font-size: 14pt;\">\u2022 Zwischen den Augenbrauen,<\/span><br \/>\n<span style=\"font-size: 14pt;\">\u2022 Nasolabialregion,<\/span><br \/>\n<span style=\"font-size: 14pt;\">\u2022 Die vertikalen Linien \u00fcber den Lippen sind die h\u00e4ufigsten Anwendungsbereiche.<\/span><br \/>\n<span style=\"font-size: 14pt;\">\u2022 Auch am Hals und auf dem Handr\u00fccken werden niedermolekulare F\u00fcllstoffe verwendet. F\u00fcllungen werden auch zur Begradigung von H\u00f6ckernasen oder zum Anheben der Nasenspitze eingesetzt.<\/span><\/p>\n<p>&nbsp;<\/p>","protected":false},"excerpt":{"rendered":"<p>Dolgu Uygulamalar\u0131 Dolgu uygulamalar\u0131, Medikal Estetik alan\u0131nda en \u00e7ok kulan\u0131lan y\u00f6ntemlerden biridir. Hyal\u00fcronik asit ise dolgu uygulamalar\u0131nda en \u00e7ok ba\u015fvurulan dolgu maddesidir. Cildimiz ya\u015fland\u0131kca kolajen, elastin doku ve hyaluron\u0131k asit miktar\u0131nda azalma meydana gelir. Dolgu uygulamalar\u0131nda azalmakta olan hyaluronik asit, k\u00fc\u00e7\u00fck i\u011fneler yard\u0131m\u0131yla cilt alt\u0131ndaki problemli olan yerlere anjekte edilir.Jel k\u0131vam\u0131ndaki hyaluronik asit cildin su [&hellip;]<\/p>","protected":false},"author":2,"featured_media":0,"parent":1112,"menu_order":0,"comment_status":"closed","ping_status":"closed","template":"","meta":{"footnotes":""},"class_list":["post-1167","page","type-page","status-publish","hentry"],"acf":[],"_links":{"self":[{"href":"https:\/\/healthtourismcenterturkey.com\/de\/wp-json\/wp\/v2\/pages\/1167"}],"collection":[{"href":"https:\/\/healthtourismcenterturkey.com\/de\/wp-json\/wp\/v2\/pages"}],"about":[{"href":"https:\/\/healthtourismcenterturkey.com\/de\/wp-json\/wp\/v2\/types\/page"}],"author":[{"embeddable":true,"href":"https:\/\/healthtourismcenterturkey.com\/de\/wp-json\/wp\/v2\/users\/2"}],"replies":[{"embeddable":true,"href":"https:\/\/healthtourismcenterturkey.com\/de\/wp-json\/wp\/v2\/comments?post=1167"}],"version-history":[{"count":5,"href":"https:\/\/healthtourismcenterturkey.com\/de\/wp-json\/wp\/v2\/pages\/1167\/revisions"}],"predecessor-version":[{"id":1277,"href":"https:\/\/healthtourismcenterturkey.com\/de\/wp-json\/wp\/v2\/pages\/1167\/revisions\/1277"}],"up":[{"embeddable":true,"href":"https:\/\/healthtourismcenterturkey.com\/de\/wp-json\/wp\/v2\/pages\/1112"}],"wp:attachment":[{"href":"https:\/\/healthtourismcenterturkey.com\/de\/wp-json\/wp\/v2\/media?parent=1167"}],"curies":[{"name":"wp","href":"https:\/\/api.w.org\/{rel}","templated":true}]}}