{"id":1165,"date":"2020-08-02T12:26:22","date_gmt":"2020-08-02T12:26:22","guid":{"rendered":"http:\/\/healthtourismcenterturkey.com\/?page_id=1165"},"modified":"2022-03-24T18:41:31","modified_gmt":"2022-03-24T18:41:31","slug":"cilt-bakimi","status":"publish","type":"page","link":"https:\/\/healthtourismcenterturkey.com\/de\/plastik-cerrahi\/medikal-estetik\/cilt-bakimi\/","title":{"rendered":"Hautpflege"},"content":{"rendered":"<h1 class=\"vc_custom_heading font-weight-bold letter-spacing-1 vc_custom_1545678184875\">Wie wird Hautpflege durchgef\u00fchrt?<\/h1>\n<p class=\"vc_custom_heading vc_custom_1545678199204\"><span style=\"font-size: 14pt;\">Bei der Hautpflege sind Methode und Material zwei Hauptfaktoren. Denn die Produkte, die auf die Haut aufgetragen oder irgendwie mit der Haut in Kontakt kommen, sollten aus den besten und qualitativ hochwertigsten Optionen ausgew\u00e4hlt werden. Au\u00dferdem ist es wichtig, dass diese Produkte von den richtigen Marken bezogen werden, dass die chemischen Inhaltsstoffe beachtet werden und dass die Anwendungstipps ber\u00fccksichtigt werden. So k\u00f6nnen die positiven oder negativen Auswirkungen von Produkten wie Cremes, Lotionen oder \u00d6len w\u00e4hrend des Hautkontakts kontrolliert werden. Diese Marken entwickeln ihre Produkte so, dass sie die ges\u00fcndesten Effekte hinterlassen.<\/span><\/p>\n<div class=\"wpb_single_image wpb_content_element vc_align_left vc_custom_1545678344147\">\n<figure class=\"wpb_wrapper vc_figure\">\n<div class=\"vc_single_image-wrapper vc_box_border_grey\"><\/div>\n<\/figure>\n<\/div>\n<p><span style=\"font-size: 14pt;\">Nicht nur die Materialauswahl, sondern auch die Anwendungsmethoden sind f\u00fcr die Hautpflege von gro\u00dfer Bedeutung. Denn es ist wichtig, wie die verwendeten Materialien in die Haut eingearbeitet werden und in welcher Region und f\u00fcr wie lange die Anwendung durchgef\u00fchrt werden kann, um die besten Ergebnisse zu erzielen.<\/span><\/p>\n<p>&nbsp;<\/p>\n<div class=\"rt-separator element-one\" data-separator-width=\"100%\" data-separator-color=\"#000000\" data-separator-background=\"#ffffff\" data-separator-direction=\"center\">\n<div class=\"block\">\n<div class=\"gap\"><img loading=\"lazy\" decoding=\"async\" class=\"alignnone size-full wp-image-2171\" src=\"https:\/\/healthtourismcenterturkey.com\/wp-content\/uploads\/2022\/03\/medikal-cilt-bakimi-1170x700-1.jpg\" alt=\"\" width=\"1170\" height=\"700\" srcset=\"https:\/\/healthtourismcenterturkey.com\/wp-content\/uploads\/2022\/03\/medikal-cilt-bakimi-1170x700-1.jpg 1170w, https:\/\/healthtourismcenterturkey.com\/wp-content\/uploads\/2022\/03\/medikal-cilt-bakimi-1170x700-1-300x179.jpg 300w, https:\/\/healthtourismcenterturkey.com\/wp-content\/uploads\/2022\/03\/medikal-cilt-bakimi-1170x700-1-1024x613.jpg 1024w, https:\/\/healthtourismcenterturkey.com\/wp-content\/uploads\/2022\/03\/medikal-cilt-bakimi-1170x700-1-768x459.jpg 768w\" sizes=\"(max-width: 1170px) 100vw, 1170px\" \/><\/div>\n<\/div>\n<\/div>\n<div class=\"vc_row wpb_row vc_inner vc_row-fluid vc_custom_1545478509233\">\n<div class=\"wpb_column vc_column_container vc_col-sm-12 vc_col-has-fill\">\n<div class=\"vc_column-inner vc_custom_1545478117371\">\n<div class=\"wpb_wrapper\">\n<h1 class=\"vc_custom_heading vc_custom_1545678544597\">Verschiedene Tipps zur Hautpflege<\/h1>\n<p class=\"vc_custom_heading vc_custom_1545668422584\"><span style=\"font-size: 14pt;\">Es ist wichtig, dass sich eine Person gut um sich selbst k\u00fcmmert, gesund ern\u00e4hrt und gut aussieht, weshalb insbesondere Frauen eine sensible Herangehensweise an die Hautpflege zeigen. Ein Beispiel f\u00fcr die erste Aktivit\u00e4t, die zur Offenhaltung der Poren und zur Schaffung einer gesunden Hautstruktur beitr\u00e4gt, ist nat\u00fcrlich die Reinigung. Durch eine gr\u00fcndliche Reinigung kann die gesunde Struktur der Haut erhalten werden, und es wird auch sichergestellt, dass die Haut durch die offenen Poren richtig atmen kann.<\/span><\/p>\n<p class=\"vc_custom_heading vc_custom_1545668703876\"><span style=\"font-size: 14pt;\">Ein weiterer Punkt, der erw\u00e4hnt werden sollte, ist die Ern\u00e4hrung der Haut mit nat\u00fcrlichen Kuren und Masken. Einige verwenden Kaffee, andere pflegen ihre Haut mit Oliven\u00f6l; auf diese Weise reflektiert die Haut mit den nat\u00fcrlichsten Kuren und Masken ein \u00e4u\u00dferst sch\u00f6nes Erscheinungsbild.<\/span><\/p>\n<\/div>\n<h1 class=\"vc_custom_heading vc_custom_1545668502051\">Die Bedeutung der Hautpflege<\/h1>\n<\/div>\n<p class=\"vc_custom_heading vc_custom_1545668523779\"><span style=\"font-size: 14pt;\">Jeder Mensch m\u00f6chte in seinem sozialen Leben in der sch\u00f6nsten und angenehmsten Form erscheinen, und dabei steht die gesunde, starke und gleichm\u00e4\u00dfige Ausstrahlung im Vordergrund, die von anderen gesch\u00e4tzt wird. In diesem Zusammenhang sind Gesundheit und \u00c4sthetik von gro\u00dfer Bedeutung. Besonders hervorzuheben ist, dass die Haut jung, straff und sch\u00f6n aussieht. Um dies zu erreichen, ist es notwendig, unter gesunden Bedingungen zu leben, den K\u00f6rper und die Haut bestm\u00f6glich zu pflegen, Stress zu vermeiden und die Natur sowie die Sch\u00f6nheit zu verinnerlichen.<\/span><\/p>\n<p class=\"vc_custom_heading vc_custom_1545668574639\"><span style=\"font-size: 14pt;\">Dar\u00fcber hinaus ist es wichtig, sich von chemischen Substanzen fernzuhalten und kosmetische Produkte zu vermeiden, die sch\u00e4dlich sind oder negative Auswirkungen auf die Haut haben k\u00f6nnen. Daher ist es f\u00fcr alle vorteilhaft, auf nat\u00fcrlichere und ges\u00fcndere Produkte zur\u00fcckzugreifen.<\/span><\/p>\n<p>&nbsp;<\/p>\n<\/div>\n<\/div>\n<p><span style=\"font-size: 14pt;\">Sport zu treiben und an der frischen Luft zu sein, ist ebenfalls von entscheidender Bedeutung f\u00fcr die Sch\u00f6nheit und Pflege der Haut. Die Haut, die mit viel Sauerstoff versorgt wird, kann durch Schwitzen von ihren Giftstoffen befreit werden. So kann man eine viel j\u00fcngere und sch\u00f6nere Haut erhalten.<\/span><\/p>\n<div class=\"rt-separator element-one\" data-separator-width=\"100%\" data-separator-color=\"#000000\" data-separator-background=\"#ffffff\" data-separator-direction=\"center\">\n<div class=\"block\"><\/div>\n<\/div>\n<p><img loading=\"lazy\" decoding=\"async\" class=\"alignnone size-full wp-image-1970\" src=\"https:\/\/healthtourismcenterturkey.com\/wp-content\/uploads\/2020\/09\/cilt-bakimi.jpg\" alt=\"\" width=\"500\" height=\"500\" srcset=\"https:\/\/healthtourismcenterturkey.com\/wp-content\/uploads\/2020\/09\/cilt-bakimi.jpg 500w, https:\/\/healthtourismcenterturkey.com\/wp-content\/uploads\/2020\/09\/cilt-bakimi-300x300.jpg 300w, https:\/\/healthtourismcenterturkey.com\/wp-content\/uploads\/2020\/09\/cilt-bakimi-150x150.jpg 150w\" sizes=\"(max-width: 500px) 100vw, 500px\" \/><\/p>\n<h1 class=\"vc_custom_heading font-weight-semibold vc_custom_1545476042201\">Verschiedene Tipps zur Hautpflege<\/h1>\n<div class=\"rt-separator element-one\" data-separator-width=\"100%\" data-separator-color=\"#000000\" data-separator-background=\"#ffffff\" data-separator-direction=\"center\">\n<div class=\"block\"><span style=\"font-size: 14pt;\">Jeder sollte sich bestm\u00f6glich um sich selbst k\u00fcmmern, gesund ern\u00e4hren und gut aussehen. Besonders die Sensibilit\u00e4t der Frauen gegen\u00fcber der Hautpflege unterstreicht die Bedeutung dieses Themas. Ein Beispiel hierf\u00fcr ist, die Poren offen zu halten und eine gesunde Hautstruktur zu schaffen; die erste Ma\u00dfnahme, die in den Sinn kommt, ist nat\u00fcrlich die Reinigung. Durch eine gute Reinigung kann die gesunde Struktur der Haut bewahrt werden, und es wird auch sichergestellt, dass die Poren atmen k\u00f6nnen.<\/span><\/div>\n<\/div>\n<p>&nbsp;<\/p>","protected":false},"excerpt":{"rendered":"<p>Cilt Bak\u0131m\u0131 Nas\u0131l Yap\u0131l\u0131r? Cilt bak\u0131m\u0131n\u0131n yap\u0131lmas\u0131 esnas\u0131nda y\u00f6ntem ve malzeme, iki ana unsur olarak \u00f6n plana \u00e7\u0131kar. \u00c7\u00fcnk\u00fc cilde s\u00fcr\u00fclecek olan ya da bir \u015fekilde deri ile temas edecek olan \u00fcr\u00fcnlerin en iyi ve en kaliteli se\u00e7enekler aras\u0131ndan tercih edilmeleri gerekir. Bununla beraber bu \u00fcr\u00fcnlerin do\u011fru markalardan tedarik edilmesi, kimyasal i\u00e7erik bile\u015fenleri ve uygulama [&hellip;]<\/p>","protected":false},"author":2,"featured_media":0,"parent":1112,"menu_order":0,"comment_status":"closed","ping_status":"closed","template":"","meta":{"footnotes":""},"class_list":["post-1165","page","type-page","status-publish","hentry"],"acf":[],"_links":{"self":[{"href":"https:\/\/healthtourismcenterturkey.com\/de\/wp-json\/wp\/v2\/pages\/1165"}],"collection":[{"href":"https:\/\/healthtourismcenterturkey.com\/de\/wp-json\/wp\/v2\/pages"}],"about":[{"href":"https:\/\/healthtourismcenterturkey.com\/de\/wp-json\/wp\/v2\/types\/page"}],"author":[{"embeddable":true,"href":"https:\/\/healthtourismcenterturkey.com\/de\/wp-json\/wp\/v2\/users\/2"}],"replies":[{"embeddable":true,"href":"https:\/\/healthtourismcenterturkey.com\/de\/wp-json\/wp\/v2\/comments?post=1165"}],"version-history":[{"count":11,"href":"https:\/\/healthtourismcenterturkey.com\/de\/wp-json\/wp\/v2\/pages\/1165\/revisions"}],"predecessor-version":[{"id":2173,"href":"https:\/\/healthtourismcenterturkey.com\/de\/wp-json\/wp\/v2\/pages\/1165\/revisions\/2173"}],"up":[{"embeddable":true,"href":"https:\/\/healthtourismcenterturkey.com\/de\/wp-json\/wp\/v2\/pages\/1112"}],"wp:attachment":[{"href":"https:\/\/healthtourismcenterturkey.com\/de\/wp-json\/wp\/v2\/media?parent=1165"}],"curies":[{"name":"wp","href":"https:\/\/api.w.org\/{rel}","templated":true}]}}