{"id":1030,"date":"2020-07-30T19:07:00","date_gmt":"2020-07-30T19:07:00","guid":{"rendered":"http:\/\/healthtourismcenterturkey.com\/?page_id=1030"},"modified":"2021-01-25T18:39:49","modified_gmt":"2021-01-25T18:39:49","slug":"goz-ameliyatlari","status":"publish","type":"page","link":"https:\/\/healthtourismcenterturkey.com\/de\/goz-ameliyatlari\/","title":{"rendered":"Augenoperationen"},"content":{"rendered":"<p><section class=\"fw-main-row\"   >\n\t<div class=\"fw-container-fluid no-padding\">\n\t\t<div class=\"fw-row\">\n\t\n<div class=\"fw-col-xs-12\" style=\"\">\n\t<section class=\"banner-block banner-block-69f5442ce052a fw-main-row\" style=\"height:450px;\">\n\t\t<div class=\"item\"  style=\"height:450px;background-image: url(\/\/healthtourismcenterturkey.com\/wp-content\/uploads\/2020\/09\/GOZ_ESNETIGI-scaled.jpg);\">\n\t\t<div class=\"fw-container centered-container tac\">\n\t\t\t\t\t<\/div>\n\t<\/div>\n\t<\/section><\/div>\n<\/div>\n\n\t<\/div>\n<\/section><section class=\"fw-main-row\"  style=\"padding-top:40px;\" >\n\t<div class=\"fw-container\">\n\t\t<div class=\"fw-row\">\n\t\n<div class=\"fw-col-xs-12\" style=\"\">\n\t<h2 class='fw-special-title heading-decor tac' style='margin-bottom:55px;'>\n\t<span>Unsere Dienstleistungen<\/span>\n\t<\/h2><\/div>\n<\/div>\n\n<div class=\"fw-row\">\n\t\n<div class=\"fw-col-xs-12\" style=\"\">\n\t<div class=\"fw-row\">\n\t\t<div class=\"fw-col-sm-4\">\n\t\t<!-- Category item -->\n\t\t<div class=\"category-item\" style=\"background-image: url(\/\/healthtourismcenterturkey.com\/wp-content\/uploads\/2020\/07\/lazer-tedavisi-main.png)\">\n\t\t\t<div class=\"centered-container\">\n\t\t\t\t<a href=\"\/de\/goz-ameliyatlari\/lazer-tedavileri\/\" class=\"button-style2 white big\"><span>LAZER TEDAV\u0130LER\u0130<\/span><\/a>\n\t\t\t<\/div>\n\t\t<\/div>\n\t\t<!-- END Category item -->\n\t<\/div>\n\t\t<div class=\"fw-col-sm-4\">\n\t\t<!-- Category item -->\n\t\t<div class=\"category-item\" style=\"background-image: url(\/\/healthtourismcenterturkey.com\/wp-content\/uploads\/2020\/09\/Premature-Retinopati.jpg)\">\n\t\t\t<div class=\"centered-container\">\n\t\t\t\t<a href=\"\/de\/goz-ameliyatlari\/goz-hastaliklari\/\" class=\"button-style2 white big\"><span>G\u00d6Z HASTALIKLARI<\/span><\/a>\n\t\t\t<\/div>\n\t\t<\/div>\n\t\t<!-- END Category item -->\n\t<\/div>\n\t\t<div class=\"fw-col-sm-4\">\n\t\t<!-- Category item -->\n\t\t<div class=\"category-item\" style=\"background-image: url(\/\/healthtourismcenterturkey.com\/wp-content\/uploads\/2020\/09\/burun-estetigi-1.jpg)\">\n\t\t\t<div class=\"centered-container\">\n\t\t\t\t<a href=\"\/de\/goz-ameliyatlari\/goz-cevresi-estetigi\/\" class=\"button-style2 white big\"><span>G\u00d6Z \u00c7EVRES\u0130 ESTET\u0130\u011e\u0130<\/span><\/a>\n\t\t\t<\/div>\n\t\t<\/div>\n\t\t<!-- END Category item -->\n\t<\/div>\n\t\t<div class=\"fw-col-sm-4\">\n\t\t<!-- Category item -->\n\t\t<div class=\"category-item\" style=\"background-image: url(\/\/healthtourismcenterturkey.com\/wp-content\/uploads\/2020\/09\/6-1.jpg)\">\n\t\t\t<div class=\"centered-container\">\n\t\t\t\t<a href=\"\/de\/goz-ameliyatlari\/goz-tetkikleri\/\" class=\"button-style2 white big\"><span>G\u00d6Z TETK\u0130KLER\u0130<\/span><\/a>\n\t\t\t<\/div>\n\t\t<\/div>\n\t\t<!-- END Category item -->\n\t<\/div>\n\t<\/div><\/div>\n<\/div>\n\n\t<\/div>\n<\/section><\/p>","protected":false},"excerpt":{"rendered":"<p>Hizmetlerimiz LAZER TEDAV\u0130LER\u0130 G\u00d6Z HASTALIKLARI G\u00d6Z \u00c7EVRES\u0130 ESTET\u0130\u011e\u0130 G\u00d6Z TETK\u0130KLER\u0130<\/p>","protected":false},"author":2,"featured_media":0,"parent":0,"menu_order":0,"comment_status":"closed","ping_status":"closed","template":"","meta":{"footnotes":""},"class_list":["post-1030","page","type-page","status-publish","hentry"],"acf":[],"_links":{"self":[{"href":"https:\/\/healthtourismcenterturkey.com\/de\/wp-json\/wp\/v2\/pages\/1030"}],"collection":[{"href":"https:\/\/healthtourismcenterturkey.com\/de\/wp-json\/wp\/v2\/pages"}],"about":[{"href":"https:\/\/healthtourismcenterturkey.com\/de\/wp-json\/wp\/v2\/types\/page"}],"author":[{"embeddable":true,"href":"https:\/\/healthtourismcenterturkey.com\/de\/wp-json\/wp\/v2\/users\/2"}],"replies":[{"embeddable":true,"href":"https:\/\/healthtourismcenterturkey.com\/de\/wp-json\/wp\/v2\/comments?post=1030"}],"version-history":[{"count":10,"href":"https:\/\/healthtourismcenterturkey.com\/de\/wp-json\/wp\/v2\/pages\/1030\/revisions"}],"predecessor-version":[{"id":2102,"href":"https:\/\/healthtourismcenterturkey.com\/de\/wp-json\/wp\/v2\/pages\/1030\/revisions\/2102"}],"wp:attachment":[{"href":"https:\/\/healthtourismcenterturkey.com\/de\/wp-json\/wp\/v2\/media?parent=1030"}],"curies":[{"name":"wp","href":"https:\/\/api.w.org\/{rel}","templated":true}]}}