{"id":1024,"date":"2020-07-30T18:20:07","date_gmt":"2020-07-30T18:20:07","guid":{"rendered":"http:\/\/healthtourismcenterturkey.com\/?page_id=1024"},"modified":"2022-03-24T19:04:29","modified_gmt":"2022-03-24T19:04:29","slug":"kas-ekimi","status":"publish","type":"page","link":"https:\/\/healthtourismcenterturkey.com\/de\/sac-ekimi\/kas-ekimi\/","title":{"rendered":"Brow-Transplantation"},"content":{"rendered":"<h1 class=\"vc_custom_heading font-weight-bold letter-spacing-1 vc_custom_1545747716935\">Augenbrauen-Transplantation<\/h1>\n<p class=\"vc_custom_heading vc_custom_1545747733750\"><span style=\"font-size: 14pt;\">Die Augenbrauen-Transplantation ist eines der \u00e4sthetisch anspruchsvollsten Verfahren, kann jedoch bei Durchf\u00fchrung durch Fachleute beeindruckende Ergebnisse liefern. Bei der Augenbrauen-Transplantation wird Haar von einem anderen Teil des K\u00f6rpers entnommen und in den Bereich der Augenbrauen transplantiert. Gesunde Follikel werden typischerweise aus dem Hinterkopf entnommen und transferiert, um die gew\u00fcnschte Form der Augenbrauen zu erzeugen. Da Augenbrauen das Gesicht formen, sind sie von gro\u00dfer Bedeutung. Der Verlust der Augenbrauen kann durch viele Faktoren verursacht werden, darunter \u00fcberm\u00e4\u00dfige Blutungen, Krankheiten, Traumata, Narbenbildung und genetische Veranlagungen.<\/span><\/p>\n<div class=\"wpb_single_image wpb_content_element vc_align_left vc_custom_1545748419467\">\n<figure class=\"wpb_wrapper vc_figure\">\n<div class=\"vc_single_image-wrapper vc_box_border_grey\"><img loading=\"lazy\" decoding=\"async\" class=\"alignnone size-full wp-image-2195\" src=\"https:\/\/healthtourismcenterturkey.com\/wp-content\/uploads\/2022\/03\/kas-ekimi-sonrasi-min.png\" alt=\"\" width=\"818\" height=\"400\" srcset=\"https:\/\/healthtourismcenterturkey.com\/wp-content\/uploads\/2022\/03\/kas-ekimi-sonrasi-min.png 818w, https:\/\/healthtourismcenterturkey.com\/wp-content\/uploads\/2022\/03\/kas-ekimi-sonrasi-min-300x147.png 300w, https:\/\/healthtourismcenterturkey.com\/wp-content\/uploads\/2022\/03\/kas-ekimi-sonrasi-min-768x376.png 768w\" sizes=\"(max-width: 818px) 100vw, 818px\" \/><\/div>\n<\/figure>\n<\/div>\n<p class=\"vc_custom_heading vc_custom_1545747747215\"><span style=\"font-size: 14pt;\">Die Augenbrauen-Transplantation ist eines der \u00e4sthetisch anspruchsvollsten Verfahren, kann jedoch bei Durchf\u00fchrung durch Fachleute beeindruckende Ergebnisse liefern. Bei der Augenbrauen-Transplantation wird Haar von einem anderen Teil des K\u00f6rpers entnommen und in den Bereich der Augenbrauen transplantiert. Gesunde Follikel werden typischerweise aus dem Hinterkopf entnommen und transferiert, um die gew\u00fcnschte Form der Augenbrauen zu erzeugen. Da Augenbrauen das Gesicht formen, sind sie von gro\u00dfer Bedeutung. Der Verlust der Augenbrauen kann durch viele Faktoren verursacht werden, darunter \u00fcberm\u00e4\u00dfige Blutungen, Krankheiten, Traumata, Narbenbildung und genetische Veranlagungen.<\/span><\/p>\n<div class=\"rt-separator element-one\" data-separator-width=\"100%\" data-separator-color=\"#000000\" data-separator-background=\"#ffffff\" data-separator-direction=\"center\">\n<div class=\"block\">\n<div class=\"gap\"><\/div>\n<div class=\"bar\"><\/div>\n<\/div>\n<\/div>\n<p>&nbsp;<\/p>\n<h1 class=\"vc_custom_heading font-weight-semibold vc_custom_1545747767499\">Die FUE-Methode bei der Augenbrauen-Transplantation<\/h1>\n<p class=\"vc_custom_heading vc_custom_1545747778763\"><span style=\"font-size: 14pt;\">Die FUE-Methode, die h\u00e4ufig bei Haartransplantationen verwendet wird, kann im Allgemeinen f\u00fcr viele verschiedene Haarfollikel-Transplantationen in Betracht gezogen werden. Insbesondere wird diese Methode bei Augenbrauen-Transplantationen h\u00e4ufig bevorzugt, da sie sehr praktisch und ebenso erfolgreich ist. Dank der von Experten empfohlenen FUE-Methode werden dauerhafte Ergebnisse auf die beeindruckendste Weise sichtbar.<\/span><\/p>\n<div class=\"vc_row wpb_row vc_inner vc_row-fluid vc_custom_1545478509233\">\n<div class=\"wpb_column vc_column_container vc_col-sm-12 vc_col-has-fill\">\n<div class=\"vc_column-inner vc_custom_1545478117371\">\n<div class=\"wpb_wrapper\">\n<p>&nbsp;<\/p>\n<h1 class=\"vc_custom_heading vc_custom_1545749335907\">Heilungsphase nach der Operation<\/h1>\n<p class=\"vc_custom_heading vc_custom_1545747817115\"><span style=\"font-size: 14pt;\">Die Pflegezeit nach der Augenbrauen-Transplantation ist sehr kritisch. In dieser Phase k\u00f6nnen die gew\u00fcnschten Ergebnisse erzielt werden, wenn die richtigen Schritte unternommen werden, w\u00e4hrend es auch entscheidend ist, in der Pflege sorgf\u00e4ltig zu sein. Die Operation dauert in der Regel zwischen 2 und 4 Stunden, und es wird empfohlen, das Waschen langsam zu beginnen, nachdem die ersten 24 Stunden vergangen sind. Da w\u00e4hrend des Eingriffs keine schwierigen Eingriffe wie Schnitt- oder Schnittverletzungen vorgenommen werden, gibt es nach der Operation keine Einschr\u00e4nkungen im sozialen Leben. Gew\u00f6hnliche Aktivit\u00e4ten k\u00f6nnen fortgesetzt werden, w\u00e4hrend darauf geachtet werden muss, dass der transplantierte Bereich nicht belastet wird und kein Druck oder Kontakt auf diese Region ausge\u00fcbt wird. Dar\u00fcber hinaus ist es wichtig, die Ratschl\u00e4ge der Experten zu befolgen, um eine schnellere und vollst\u00e4ndige Heilung zu gew\u00e4hrleisten.<\/span><\/p>\n<\/div>\n<\/div>\n<\/div>\n<\/div>\n<p class=\"vc_custom_heading vc_custom_1545747831403\"><span style=\"font-size: 14pt;\">Bei der Augenbrauen-Transplantation ist die g\u00e4ngige Methode die FUE-Technik. W\u00e4hrend dieser Technik wird eine Nadel mit einem Durchmesser von 0,7 mm verwendet. Diese Nadel wird in die Haut eingef\u00fchrt, um ein Loch zu \u00f6ffnen, in das der Haarfollikel eingesetzt wird. Der einzige schmerzhafte Aspekt ist m\u00f6glicherweise das Einf\u00fchren der Nadel in die Haut; jedoch wird zu Beginn des Eingriffs eine lokale An\u00e4sthesie durchgef\u00fchrt, sodass w\u00e4hrend der Verfahren keine Schmerzen oder Beschwerden versp\u00fcrt werden.<\/span><\/p>\n<div class=\"rt-separator element-one\" data-separator-width=\"100%\" data-separator-color=\"#000000\" data-separator-background=\"#ffffff\" data-separator-direction=\"center\">\n<div class=\"block\">\n<div class=\"gap\"><\/div>\n<div class=\"bar\"><\/div>\n<\/div>\n<\/div>\n<p>&nbsp;<\/p>\n<h1 class=\"vc_custom_heading font-weight-semibold vc_custom_1545747853291\">Ist eine Ver\u00e4nderung nach den Augenbrauen-Transplantationen m\u00f6glich?<\/h1>\n<p class=\"vc_custom_heading vc_custom_1545747870851\"><span style=\"font-size: 14pt;\">Ja, Patienten k\u00f6nnen innerhalb der ersten 12 Tage verschiedene \u00c4nderungen bei den Spezialisten anfordern. Wenn an bestimmten Stellen der Augenbrauen zu viele Haare transplantiert wurden oder im Gegenteil, wenn aufgrund von zu wenigen und unzureichend transplantierten Haaren das gew\u00fcnschte Erscheinungsbild nicht erreicht wurde, k\u00f6nnen innerhalb von 12 Tagen \u00c4nderungen von den Experten vorgenommen werden. Diese Frist ist auf die Auswirkungen der Operation zur\u00fcckzuf\u00fchren und nicht willk\u00fcrlich. Das bedeutet, dass es bei manchen Patienten am 12. Tag schwierig sein kann, \u00c4nderungen vorzunehmen, w\u00e4hrend es bei anderen sogar am 15. Tag noch m\u00f6glich sein k\u00f6nnte. Dieser Prozess h\u00e4ngt vollst\u00e4ndig von den Heilungsphasen des Individuums und der Geschwindigkeit ab, mit der der K\u00f6rper die Augenbrauen-Transplantation akzeptiert.<\/span><\/p>\n<div class=\"rt-separator element-one\" data-separator-width=\"100%\" data-separator-color=\"#000000\" data-separator-background=\"#ffffff\" data-separator-direction=\"center\">\n<div class=\"block\">\n<div class=\"gap\"><\/div>\n<div class=\"bar\"><\/div>\n<\/div>\n<\/div>\n<p>&nbsp;<\/p>\n<h1 class=\"vc_custom_heading font-weight-semibold vc_custom_1545747907199\">Der Haarausfall der transplantierten Augenbrauen, der Schockausfallprozess<\/h1>\n<p class=\"vc_custom_heading vc_custom_1545747915999\"><span style=\"font-size: 14pt;\">Bei jeder Haarfollikeltransplantation tritt ein Schockausfallprozess auf. Dieser Prozess gilt auch f\u00fcr die Augenbrauen-Transplantation. Nach der Transplantation werden pl\u00f6tzliche Haarausf\u00e4lle auftreten, die zwischen der 2. und 6. Woche stattfinden k\u00f6nnen. Die Patienten sollten sich keine Sorgen machen und nicht verzweifeln. In dieser Phase des Schockausfalls k\u00f6nnen sogar alle transplantierten Haare ausfallen. Nach etwa 3 Monaten werden die Haarfollikel jedoch wieder wachsen, und die Augenbrauen werden zu wachsen beginnen. Ein weiterer Punkt, der beachtet werden sollte, ist, dass bei manchen Patienten das Nachwachsen der Augenbrauen zwischen 3 und 8 Monaten beobachtet werden kann. Das bedeutet, dass es zwar nicht genau nach 3 Monaten gesagt werden kann, aber dieser Prozess sich bis zum 8. Monat hinziehen kann. Im Laufe des 1-j\u00e4hrigen Prozesses nach der Operation werden die Augenbrauen wieder normal aussehen und die Probleme werden verschwinden.<\/span><\/p>\n<p>&nbsp;<\/p>","protected":false},"excerpt":{"rendered":"<p>Ka\u015f Ekimi Nedir? Nas\u0131l Yap\u0131l\u0131r? Ka\u015f Ekimi, estetik a\u00e7\u0131dan en zorlu prosed\u00fcrlerden biridir, ancak uzmanlar taraf\u0131ndan yap\u0131ld\u0131\u011f\u0131nda etkileyici bir sonu\u00e7 verebilir. Ka\u015f nakli cerrahisi, v\u00fccudun ba\u015fka bir k\u0131sm\u0131ndan sa\u00e7 almay\u0131 ve onu ka\u015f b\u00f6lgesine nakledilmesini i\u00e7erir. Sa\u011fl\u0131kl\u0131 folik\u00fcller don\u00f6r alan\u0131ndan, tipik olarak ba\u015f\u0131n arkas\u0131ndan toplan\u0131r ve istenen ka\u015f \u015feklini olu\u015fturmak \u00fczere transfer edilir. Ka\u015flar y\u00fcz\u00fc [&hellip;]<\/p>","protected":false},"author":2,"featured_media":0,"parent":1013,"menu_order":0,"comment_status":"closed","ping_status":"closed","template":"","meta":{"footnotes":""},"class_list":["post-1024","page","type-page","status-publish","hentry"],"acf":[],"_links":{"self":[{"href":"https:\/\/healthtourismcenterturkey.com\/de\/wp-json\/wp\/v2\/pages\/1024"}],"collection":[{"href":"https:\/\/healthtourismcenterturkey.com\/de\/wp-json\/wp\/v2\/pages"}],"about":[{"href":"https:\/\/healthtourismcenterturkey.com\/de\/wp-json\/wp\/v2\/types\/page"}],"author":[{"embeddable":true,"href":"https:\/\/healthtourismcenterturkey.com\/de\/wp-json\/wp\/v2\/users\/2"}],"replies":[{"embeddable":true,"href":"https:\/\/healthtourismcenterturkey.com\/de\/wp-json\/wp\/v2\/comments?post=1024"}],"version-history":[{"count":8,"href":"https:\/\/healthtourismcenterturkey.com\/de\/wp-json\/wp\/v2\/pages\/1024\/revisions"}],"predecessor-version":[{"id":2202,"href":"https:\/\/healthtourismcenterturkey.com\/de\/wp-json\/wp\/v2\/pages\/1024\/revisions\/2202"}],"up":[{"embeddable":true,"href":"https:\/\/healthtourismcenterturkey.com\/de\/wp-json\/wp\/v2\/pages\/1013"}],"wp:attachment":[{"href":"https:\/\/healthtourismcenterturkey.com\/de\/wp-json\/wp\/v2\/media?parent=1024"}],"curies":[{"name":"wp","href":"https:\/\/api.w.org\/{rel}","templated":true}]}}