{"id":1018,"date":"2020-07-30T18:19:08","date_gmt":"2020-07-30T18:19:08","guid":{"rendered":"http:\/\/healthtourismcenterturkey.com\/?page_id=1018"},"modified":"2022-03-24T19:03:55","modified_gmt":"2022-03-24T19:03:55","slug":"fue-sac-ekimi","status":"publish","type":"page","link":"https:\/\/healthtourismcenterturkey.com\/de\/sac-ekimi\/fue-sac-ekimi\/","title":{"rendered":"FUE Haartransplantation"},"content":{"rendered":"<h1 class=\"vc_custom_heading font-weight-bold letter-spacing-1 vc_custom_1545745661978\"><\/h1>\n<p class=\"vc_custom_heading vc_custom_1545744646914\"><span style=\"font-size: 14pt;\">Dies sind Verfahren, die darauf abzielen, Personen, die aus bestimmten Gr\u00fcnden Haarausfall erlitten haben, nat\u00fcrliche, dauerhafte und gesunde neue Haare zu geben. Bei der Haartransplantation werden die gesunden und nat\u00fcrlichen Haare der Person in den kahlen Bereich transplantiert. Die entnommenen Haare stammen von Bereichen, die keinen Haarausfall erlitten haben. Die Haartransplantation verleiht der Person ein nat\u00fcrliches, dauerhaftes und urspr\u00fcngliches Aussehen, als ob kein Haarausfall stattgefunden h\u00e4tte.<\/span><\/p>\n<div class=\"wpb_single_image wpb_content_element vc_align_left vc_custom_1545744700976\">\n<figure class=\"wpb_wrapper vc_figure\">\n<div class=\"vc_single_image-wrapper vc_box_border_grey\"><img loading=\"lazy\" decoding=\"async\" class=\"alignnone size-full wp-image-2197\" src=\"https:\/\/healthtourismcenterturkey.com\/wp-content\/uploads\/2022\/03\/dhi-son-1200x675-1.png\" alt=\"\" width=\"1200\" height=\"675\" srcset=\"https:\/\/healthtourismcenterturkey.com\/wp-content\/uploads\/2022\/03\/dhi-son-1200x675-1.png 1200w, https:\/\/healthtourismcenterturkey.com\/wp-content\/uploads\/2022\/03\/dhi-son-1200x675-1-300x169.png 300w, https:\/\/healthtourismcenterturkey.com\/wp-content\/uploads\/2022\/03\/dhi-son-1200x675-1-1024x576.png 1024w, https:\/\/healthtourismcenterturkey.com\/wp-content\/uploads\/2022\/03\/dhi-son-1200x675-1-768x432.png 768w\" sizes=\"(max-width: 1200px) 100vw, 1200px\" \/><\/div>\n<\/figure>\n<\/div>\n<p class=\"vc_custom_heading vc_custom_1545744932174\"><span style=\"font-size: 14pt;\">In vielen Teilen der Welt, insbesondere in den letzten Jahren, wird die FUE-Methode bevorzugt. Der Hauptgrund daf\u00fcr ist nat\u00fcrlich die Praktikabilit\u00e4t in der Anwendung und das Verh\u00e4ltnis der positiven Ergebnisse im Allgemeinen. W\u00e4hrend es bei anderen Methoden schwierig ist, derart erfolgreich zu sein, k\u00f6nnen mit der FUE-Methode aufgrund technologischer Ans\u00e4tze und effektiver Verfahren direkt nat\u00fcrliche und kr\u00e4ftige Haare erzielt werden. Aus diesem Grund wird die FUE-Methode von vielen Menschen bevorzugt. Experten empfehlen diese Methode ebenfalls, jedoch unter der Voraussetzung, dass die erforderliche technologische und technische Infrastruktur vorhanden ist.<\/span><\/p>\n<div class=\"rt-separator element-one\" data-separator-width=\"100%\" data-separator-color=\"#000000\" data-separator-background=\"#ffffff\" data-separator-direction=\"center\">\n<div class=\"block\">\n<div class=\"gap\"><\/div>\n<div class=\"bar\"><\/div>\n<\/div>\n<\/div>\n<p>&nbsp;<\/p>\n<h1 class=\"vc_custom_heading font-weight-semibold vc_custom_1545744952101\">Der Prozess nach der Behandlung<\/h1>\n<p class=\"vc_custom_heading vc_custom_1545744966325\"><span style=\"font-size: 14pt;\">Die zuerst transplantierten Haare fallen am Ende des ersten Monats aus. Im 2. oder 3. Monat nach der Haartransplantation beginnen die Haare nachzuwachsen. Daher ist es wichtig, bei den ersten Haarausf\u00e4llen die Pflege fortzusetzen, ohne die Moral zu verlieren oder frustriert zu werden. Dies ist vielleicht die kritischste Phase in diesem Prozess. Wenn die Person aufgrund der ausgefallenen Haare glaubt, dass die Behandlung nicht funktioniert, und sowohl mental als auch motiviert zur\u00fcckf\u00e4llt, wird der Prozess erschwert. Tats\u00e4chlich sollte die Person wissen, dass die anf\u00e4nglichen Haarausf\u00e4lle eine v\u00f6llig normale Folge der Behandlung sind, und entsprechend Ma\u00dfnahmen ergreifen.\nWenn alle Verfahren erfolgreich durchgef\u00fchrt werden, wird nach dem \u00dcberstehen der ersten Haarausf\u00e4lle, etwa 6 Monate nach der Behandlung, erkennbar, dass das Haar volumin\u00f6ser und f\u00fclliger wird. Es dauert 1 bis 1,5 Jahre, bis das Haar seine endg\u00fcltige Form erreicht und vollst\u00e4ndig gesund aussieht. Da die Haarwurzeln der eigenen Person entnommen wurden, gibt es keinen Unterschied in Farbe oder Stil. Somit wird es von au\u00dfen nicht erkennbar sein, dass eine Haartransplantation durchgef\u00fchrt wurde.<\/span><br \/>\n<span style=\"font-size: 14pt;\">T\u00fcm i\u015flemler ba\u015far\u0131 ile y\u00f6netildi\u011fi takdirde, ilk d\u00f6k\u00fclmelerin de atlat\u0131lmas\u0131 ile beraber, tedavinin \u00fczerinden 6 ay ge\u00e7tikten sonra sa\u00e7lar\u0131n dolgun ve hacimli olmaya ba\u015flamas\u0131 fark edilir. Sa\u00e7\u0131n kendini bulmas\u0131 ve tamamen iyi bir hal almas\u0131 ise 1 ila 1,5 y\u0131l aras\u0131nda olacakt\u0131r. Sa\u00e7 k\u00f6kleri, ki\u015finin kendisine ait oldu\u011fu i\u00e7in renk ya da tarz olarak farkl\u0131l\u0131k g\u00f6zlemlenmez. B\u00f6ylelikle de d\u0131\u015far\u0131dan bak\u0131ld\u0131\u011f\u0131nda sa\u00e7 ekiminin yap\u0131ld\u0131\u011f\u0131 bile belli olmayacakt\u0131r.<\/span><\/p>\n<div class=\"vc_row wpb_row vc_inner vc_row-fluid vc_custom_1545478509233\">\n<div class=\"wpb_column vc_column_container vc_col-sm-12 vc_col-has-fill\">\n<div class=\"vc_column-inner vc_custom_1545478117371\">\n<div class=\"wpb_wrapper\">\n<p>&nbsp;<\/p>\n<h1 class=\"vc_custom_heading vc_custom_1545745002198\">Was ist die FUE-Methode?<\/h1>\n<p class=\"vc_custom_heading vc_custom_1545745012265\"><span style=\"font-size: 14pt;\">Die FUE-Methode ist weltweit eine g\u00e4ngige und effektive Methode zur Haartransplantation. Bei dieser Methode, bei der Haarfollikel einzeln in kahle Bereiche transplantiert werden, werden vor der Follikelentnahme die Haare im Spenderbereich geschnitten. Die auf etwa 1 mm gek\u00fcrzten Haare werden mithilfe von lokal bet\u00e4ubenden Medikamenten entnommen. Die Entnahme der Haarfollikel und das Einsetzen in den geeigneten Bereich erfolgen in harmonischer Weise.<\/span><\/p>\n<p class=\"vc_custom_heading vc_custom_1545745022930\"><span style=\"font-size: 14pt;\">Die Spitze des Mikromotors wird zentriert an das Haar herangef\u00fchrt und in die Haut eingestochen, wobei der Austrittswinkel des Haares ber\u00fccksichtigt wird. Das Haar wird zusammen mit dem Follikel und dem umgebenden Gewebe herausgeschnitten. Dieser Schnitt erfolgt in zylindrischer Form. Anschlie\u00dfend wird das Haar mit einer feinen Mikropinzette vorsichtig herausgezogen, ohne es zu besch\u00e4digen.<\/span><\/p>\n<p class=\"vc_custom_heading vc_custom_1545745048788\"><span style=\"font-size: 14pt;\">Das System wird durch automatische Prozesse gesteuert, was auch Zeit spart. Das schonende Sammeln der follikul\u00e4ren Einheiten und das Einpflanzen in den kahlen Bereich wird durch sehr kleine Einschnitte erm\u00f6glicht. Jede Einheit enth\u00e4lt 2 oder 3 Follikel.<\/span><\/p>\n<\/div>\n<\/div>\n<\/div>\n<\/div>\n<div class=\"rt-separator element-one\" data-separator-width=\"100%\" data-separator-color=\"#000000\" data-separator-background=\"#ffffff\" data-separator-direction=\"center\">\n<div class=\"block\">\n<div class=\"gap\"><\/div>\n<div class=\"bar\"><\/div>\n<\/div>\n<\/div>\n<p>&nbsp;<\/p>\n<h1 class=\"vc_custom_heading font-weight-semibold vc_custom_1545745239925\">Technische Eigenschaften der FUE-Methode<\/h1>\n<p class=\"vc_custom_heading vc_custom_1545745250765\"><span style=\"font-size: 14pt;\">Die Durchf\u00fchrung von Haartransplantationen mit dieser Methode weist einige Besonderheiten auf:<\/span><\/p>\n<p class=\"vc_custom_heading vc_custom_1549532865260\"><span style=\"font-size: 14pt;\">\u2022 In dem Bereich, aus dem die Grafts entnommen werden, wird direkt an der betreffenden Stammzelle gearbeitet, ohne eine Gewebeprobe zu entnehmen.<\/span><br \/>\n<span style=\"font-size: 14pt;\">\u2022 Im Bereich, aus dem das Haar entnommen wird, gibt es keine N\u00e4hte oder Schnitte. Es entstehen jedoch sehr kleine Sch\u00fcrfwunden, die nach einigen Wochen abheilen und keine Narben hinterlassen.<\/span><br \/>\n<span style=\"font-size: 14pt;\">\u2022 W\u00e4hrend Grafts, die aus dem Nackenbereich entnommen werden, f\u00fcr die Haartransplantation verwendet werden, k\u00f6nnen diese Grafts auch f\u00fcr die Transplantation von Augenbrauen, Schnurrbart oder Bart verwendet werden.<\/span><br \/>\n<span style=\"font-size: 14pt;\">\u2022 In einer Sitzung k\u00f6nnen je nach Zustand des Spenderbereichs und der Anzahl der zu transplantierenden Grafts etwa 4000 bis 6000 Grafts entnommen werden.<\/span><br \/>\n<span style=\"font-size: 14pt;\">\u2022 In einem Graft befinden sich 1 bis 3 Haare. Ein Graft enth\u00e4lt also im Durchschnitt etwa 2 Haare.<\/span><br \/>\n<span style=\"font-size: 14pt;\">\u2022 Je nach Anzahl der gewonnenen Follikel und der kahlen Fl\u00e4che k\u00f6nnen 50 bis 60 Haarfollikel pro Quadratzentimeter transplantiert werden.<\/span><br \/>\n<span style=\"font-size: 14pt;\">\u2022 Nach der Operation treten nur geringe Schmerzen auf, und die Heilungszeit ist kurz, was diese Methode besonders attraktiv macht.<\/span><\/p>\n<div class=\"rt-separator element-one\" data-separator-width=\"100%\" data-separator-color=\"#000000\" data-separator-background=\"#ffffff\" data-separator-direction=\"center\">\n<div class=\"block\">\n<div class=\"gap\"><\/div>\n<div class=\"bar\"><\/div>\n<\/div>\n<\/div>\n<p>&nbsp;<\/p>\n<h1 class=\"vc_custom_heading font-weight-semibold vc_custom_1545745310576\">Worauf sollte man nach einer Haartransplantation achten?<\/h1>\n<p class=\"vc_custom_heading vc_custom_1545745326681\"><span style=\"font-size: 14pt;\">\u2022 Bei einer Haartransplantation sollte wie bei anderen chirurgischen Eingriffen sorgf\u00e4ltig und gewissenhaft vorgegangen werden.<\/span><br \/>\n<span style=\"font-size: 14pt;\">\u2022 Der transplantierte Bereich ist empfindlich. Es sollte darauf geachtet werden, dass kein Gegenstand den Bereich ber\u00fchrt.<\/span><br \/>\n<span style=\"font-size: 14pt;\">\u2022 Es sollten f\u00fcr 1,5\u20132 Wochen keine sportlichen Aktivit\u00e4ten, Sauna oder Dampfb\u00e4der besucht werden, es sei denn, der Arzt empfiehlt etwas anderes.<\/span><br \/>\n<span style=\"font-size: 14pt;\">\u2022 Es sollten f\u00fcr 1,5\u20132 Wochen keine sportlichen Aktivit\u00e4ten, Sauna oder Dampfb\u00e4der besucht werden, es sei denn, der Arzt empfiehlt etwas anderes.<\/span><br \/>\n<span style=\"font-size: 14pt;\">\u2022 In den ersten 2 Tagen nach der Haartransplantation sollten die Haare nicht gewaschen werden. In den folgenden 2 Wochen sollten die Haare nach dem Waschen mit einem F\u00f6hn getrocknet werden; Handt\u00fccher oder T\u00fccher sollten nicht verwendet werden.<\/span><br \/>\n<span style=\"font-size: 14pt;\">\u2022 Der Konsum von Zigaretten und Alkohol sollte vor und nach der Haartransplantation vermieden werden.<\/span><br \/>\n<span style=\"font-size: 14pt;\">\u2022 Sehr hei\u00dfe und sehr kalte Umgebungen sollten gemieden werden.<\/span><\/p>\n<p>&nbsp;<\/p>","protected":false},"excerpt":{"rendered":"<p>Belirli sebeplerden dolay\u0131 sa\u00e7 kayb\u0131na u\u011fram\u0131\u015f ki\u015filere, do\u011fal g\u00f6r\u00fcn\u00fcml\u00fc, kal\u0131c\u0131 ve sa\u011fl\u0131kl\u0131 yeni sa\u00e7lar kazand\u0131rmak i\u00e7in yap\u0131lan i\u015flemlerdir. Sa\u00e7 ekiminde, d\u00f6k\u00fck olan b\u00f6lgeye ki\u015finin kendi sa\u011fl\u0131kl\u0131 ve do\u011fal sa\u00e7lar\u0131 ekilir. Sa\u00e7 ekimi yap\u0131lacak ki\u015fiden al\u0131nan sa\u00e7lar, d\u00f6k\u00fclme ya\u015fanmayan yerlerden al\u0131n\u0131r. Sa\u00e7 ekimi ki\u015fiye, do\u011fal ve hi\u00e7 d\u00f6k\u00fclmemi\u015f gibi kal\u0131c\u0131 ve orjinal bir g\u00f6r\u00fcnt\u00fc sa\u011flar. D\u00fcnyan\u0131n [&hellip;]<\/p>","protected":false},"author":2,"featured_media":0,"parent":1013,"menu_order":0,"comment_status":"closed","ping_status":"closed","template":"","meta":{"footnotes":""},"class_list":["post-1018","page","type-page","status-publish","hentry"],"acf":[],"_links":{"self":[{"href":"https:\/\/healthtourismcenterturkey.com\/de\/wp-json\/wp\/v2\/pages\/1018"}],"collection":[{"href":"https:\/\/healthtourismcenterturkey.com\/de\/wp-json\/wp\/v2\/pages"}],"about":[{"href":"https:\/\/healthtourismcenterturkey.com\/de\/wp-json\/wp\/v2\/types\/page"}],"author":[{"embeddable":true,"href":"https:\/\/healthtourismcenterturkey.com\/de\/wp-json\/wp\/v2\/users\/2"}],"replies":[{"embeddable":true,"href":"https:\/\/healthtourismcenterturkey.com\/de\/wp-json\/wp\/v2\/comments?post=1018"}],"version-history":[{"count":8,"href":"https:\/\/healthtourismcenterturkey.com\/de\/wp-json\/wp\/v2\/pages\/1018\/revisions"}],"predecessor-version":[{"id":2200,"href":"https:\/\/healthtourismcenterturkey.com\/de\/wp-json\/wp\/v2\/pages\/1018\/revisions\/2200"}],"up":[{"embeddable":true,"href":"https:\/\/healthtourismcenterturkey.com\/de\/wp-json\/wp\/v2\/pages\/1013"}],"wp:attachment":[{"href":"https:\/\/healthtourismcenterturkey.com\/de\/wp-json\/wp\/v2\/media?parent=1018"}],"curies":[{"name":"wp","href":"https:\/\/api.w.org\/{rel}","templated":true}]}}